{"id":8314,"date":"2023-10-20T10:23:26","date_gmt":"2023-10-20T07:23:26","guid":{"rendered":"https:\/\/birimler.atauni.edu.tr\/turizm-fakultesi\/?page_id=8314"},"modified":"2025-10-07T10:52:23","modified_gmt":"2025-10-07T07:52:23","slug":"komisyonlar-2","status":"publish","type":"page","link":"https:\/\/atauni.edu.tr\/turizm-fakultesi\/komisyonlar-2\/","title":{"rendered":"Komisyonlar"},"content":{"rendered":"\t\t<div data-elementor-type=\"wp-page\" data-elementor-id=\"8314\" class=\"elementor elementor-8314\" data-elementor-post-type=\"page\">\n\t\t\t\t\t\t<section class=\"elementor-section elementor-top-section elementor-element elementor-element-644daeb elementor-section-boxed elementor-section-height-default elementor-section-height-default\" data-id=\"644daeb\" data-element_type=\"section\">\n\t\t\t\t\t\t<div class=\"elementor-container elementor-column-gap-default\">\n\t\t\t\t\t<div class=\"elementor-column elementor-col-100 elementor-top-column elementor-element elementor-element-893c710\" data-id=\"893c710\" data-element_type=\"column\">\n\t\t\t<div class=\"elementor-widget-wrap elementor-element-populated\">\n\t\t\t\t\t\t<div class=\"elementor-element elementor-element-76fa158 elementor-widget elementor-widget-button\" data-id=\"76fa158\" data-element_type=\"widget\" data-widget_type=\"button.default\">\n\t\t\t\t<div class=\"elementor-widget-container\">\n\t\t\t\t\t\t\t\t\t<div class=\"elementor-button-wrapper\">\n\t\t\t\t\t<a class=\"elementor-button elementor-button-link elementor-size-sm\" href=\"http:\/\/birimler.atauni.edu.tr\/turizm-fakultesi\/wp-content\/uploads\/sites\/74\/2025\/07\/2025-03-Fakulte-Komisyonlari.pdf\">\n\t\t\t\t\t\t<span class=\"elementor-button-content-wrapper\">\n\t\t\t\t\t\t<span class=\"elementor-button-icon\">\n\t\t\t\t<i aria-hidden=\"true\" class=\"far fa-check-circle\"><\/i>\t\t\t<\/span>\n\t\t\t\t\t\t\t\t\t<span class=\"elementor-button-text\">Fak\u00fclte Komisyonlar\u0131<\/span>\n\t\t\t\t\t<\/span>\n\t\t\t\t\t<\/a>\n\t\t\t\t<\/div>\n\t\t\t\t\t\t\t\t<\/div>\n\t\t\t\t<\/div>\n\t\t\t\t<div class=\"elementor-element elementor-element-2da0235 elementor-widget elementor-widget-button\" data-id=\"2da0235\" data-element_type=\"widget\" data-widget_type=\"button.default\">\n\t\t\t\t<div class=\"elementor-widget-container\">\n\t\t\t\t\t\t\t\t\t<div class=\"elementor-button-wrapper\">\n\t\t\t\t\t<a class=\"elementor-button elementor-button-link elementor-size-sm\" href=\"http:\/\/birimler.atauni.edu.tr\/turizm-fakultesi\/wp-content\/uploads\/sites\/74\/2025\/10\/Uluslararasilasma-ve-Arastirma.pdf\">\n\t\t\t\t\t\t<span class=\"elementor-button-content-wrapper\">\n\t\t\t\t\t\t\t\t\t<span class=\"elementor-button-text\">Uluslararas\u0131la\u015fma ve Ara\u015ft\u0131rma \u0130\u015f Birli\u011fi\u00a0Komisyonu<\/span>\n\t\t\t\t\t<\/span>\n\t\t\t\t\t<\/a>\n\t\t\t\t<\/div>\n\t\t\t\t\t\t\t\t<\/div>\n\t\t\t\t<\/div>\n\t\t\t\t\t<\/div>\n\t\t<\/div>\n\t\t\t\t\t<\/div>\n\t\t<\/section>\n\t\t\t\t<\/div>\n\t\t","protected":false},"excerpt":{"rendered":"<p>Fak\u00fclte Komisyonlar\u0131 Uluslararas\u0131la\u015fma ve Ara\u015ft\u0131rma \u0130\u015f Birli\u011fi\u00a0Komisyonu<\/p>\n","protected":false},"author":63,"featured_media":0,"parent":0,"menu_order":0,"comment_status":"closed","ping_status":"closed","template":"","meta":{"footnotes":""},"class_list":["post-8314","page","type-page","status-publish","hentry"],"_links":{"self":[{"href":"https:\/\/atauni.edu.tr\/turizm-fakultesi\/wp-json\/wp\/v2\/pages\/8314","targetHints":{"allow":["GET"]}}],"collection":[{"href":"https:\/\/atauni.edu.tr\/turizm-fakultesi\/wp-json\/wp\/v2\/pages"}],"about":[{"href":"https:\/\/atauni.edu.tr\/turizm-fakultesi\/wp-json\/wp\/v2\/types\/page"}],"author":[{"embeddable":true,"href":"https:\/\/atauni.edu.tr\/turizm-fakultesi\/wp-json\/wp\/v2\/users\/63"}],"replies":[{"embeddable":true,"href":"https:\/\/atauni.edu.tr\/turizm-fakultesi\/wp-json\/wp\/v2\/comments?post=8314"}],"version-history":[{"count":22,"href":"https:\/\/atauni.edu.tr\/turizm-fakultesi\/wp-json\/wp\/v2\/pages\/8314\/revisions"}],"predecessor-version":[{"id":10274,"href":"https:\/\/atauni.edu.tr\/turizm-fakultesi\/wp-json\/wp\/v2\/pages\/8314\/revisions\/10274"}],"wp:attachment":[{"href":"https:\/\/atauni.edu.tr\/turizm-fakultesi\/wp-json\/wp\/v2\/media?parent=8314"}],"curies":[{"name":"wp","href":"https:\/\/api.w.org\/{rel}","templated":true}]}}