{"id":8693,"date":"2024-06-14T11:36:10","date_gmt":"2024-06-14T08:36:10","guid":{"rendered":"https:\/\/birimler.atauni.edu.tr\/turizm-fakultesi\/?page_id=8693"},"modified":"2024-06-14T11:36:11","modified_gmt":"2024-06-14T08:36:11","slug":"ataturk-universitesi-turizm-fakultesi-ve-meslek-yuksek-okullari-isbirligi-ile-erzurum-gastronomi-envanteri-calistaylari-duzenlendi","status":"publish","type":"page","link":"https:\/\/atauni.edu.tr\/turizm-fakultesi\/ataturk-universitesi-turizm-fakultesi-ve-meslek-yuksek-okullari-isbirligi-ile-erzurum-gastronomi-envanteri-calistaylari-duzenlendi\/","title":{"rendered":"Atat\u00fcrk \u00dcniversitesi Turizm Fak\u00fcltesi ve Meslek Y\u00fcksek Okullar\u0131 \u0130\u015fbirli\u011fi ile Erzurum Gastronomi Envanteri \u00c7al\u0131\u015ftaylar\u0131 D\u00fczenlendi"},"content":{"rendered":"\n<p>Atat\u00fcrk \u00dcniversitesi Turizm Fak\u00fcltesi \u00f6\u011fretim \u00fcyelerinden Prof. Dr. G\u00f6kalp Nuri SEL\u00c7UK ve Do\u00e7. Dr. Neslihan SER\u00c7EO\u011eLU\u2019nun ba\u015fkanl\u0131\u011f\u0131 ile Erzurum\u2019un alt\u0131 il\u00e7esinde <em>\u201cGastronomi Envanteri \u00c7al\u0131\u015ftaylar\u0131\u201d<\/em> d\u00fczenlenmi\u015ftir. Bu \u00e7al\u0131\u015ftaylar <em>\u201cErzurum \u0130line Ait Gastronomi Rotalar\u0131n\u0131n Belirlenerek B\u00f6lgenin Ak\u0131ll\u0131 Turizm Destinasyonu Haline Getirilmesi ve Gerekli Yaz\u0131l\u0131m Modelinin Geli\u015ftirilmesi: Karma Y\u00f6ntem Ara\u015ft\u0131rmas\u0131\u201d<\/em> isimli doktora tezi i\u00e7in verilen Bilimsel Ara\u015ft\u0131rma Projesi&nbsp; (Lisans\u00fcst\u00fc Tez Projesi) kapsam\u0131nda gastronomi envanterinin ortaya \u00e7\u0131kar\u0131lmas\u0131 amac\u0131yla yap\u0131lm\u0131\u015ft\u0131r.<\/p>\n\n\n\n<p>Turizm Fak\u00fcltesi ve Meslek Y\u00fcksekokullar\u0131 i\u015fbirli\u011fi ile d\u00fczenlenen \u0130l\u00e7eler Gastronomi Envanteri \u00c7al\u0131\u015ftaylar\u0131 tamamlanm\u0131\u015ft\u0131r. \u0130lk \u00e7al\u0131\u015ftay 25 Nisan\u2019da Tortum Meslek Y\u00fcksekokulunda, ikinci \u00e7al\u0131\u015ftay 2 May\u0131s\u2019ta Oltu Meslek Y\u00fcksekokulunda, \u00fc\u00e7\u00fcnc\u00fc \u00e7al\u0131\u015ftay 7 May\u0131s\u2019ta \u0130spir Hamza Polat Meslek Y\u00fcksekokulunda, d\u00f6rd\u00fcnc\u00fc \u00e7al\u0131\u015ftay 10 May\u0131s\u2019ta A\u015fkale Meslek Y\u00fcksekokulunda, be\u015finci \u00e7al\u0131\u015ftay 14 May\u0131s\u2019ta H\u0131n\u0131s Meslek Y\u00fcksekokulunda, alt\u0131nc\u0131 \u00e7al\u0131\u015ftay ise 21 May\u0131s\u2019ta Horasan Meslek Y\u00fcksekokulunda d\u00fczenlenmi\u015ftir. Yo\u011fun bir kat\u0131l\u0131m ile ger\u00e7ekle\u015ftirilen \u00e7al\u0131\u015ftaylarda ilgili il\u00e7elerde yer alan y\u00f6resel yemekler, y\u00f6resel \u00fcr\u00fcnler, yenilebilir yabani bitkiler ve yenilebilir mantarlar, yerel \u00fcreticiler, \u00e7iftlikler, kad\u0131n \u00fcreticiler ve emekleri, il\u00e7elerde \u00fcretilen tar\u0131m ve g\u0131da \u00fcr\u00fcnleri, il\u00e7elere \u00f6zg\u00fc unutulmu\u015f \u00fcr\u00fcnler, kaybolan de\u011ferler ve pazarlanabilir \u00fcr\u00fcnler hakk\u0131nda bilgiler al\u0131narak davetlilerin g\u00f6r\u00fc\u015f ve \u00f6nerileri ile \u00e7al\u0131\u015ftaylar tamamlanm\u0131\u015ft\u0131r. Elde edilen bilgiler do\u011frultusunda Erzurum\u2019un il\u00e7elerinin sahip oldu\u011fu gastronomik miras ortaya koyularak il merkezi ve il\u00e7eleri kapsayacak bir gastronomi rotas\u0131n\u0131n geli\u015ftirilmesi planlanmaktad\u0131r.<\/p>\n\n\n\n<figure class=\"wp-block-gallery has-nested-images columns-default is-cropped wp-block-gallery-1 is-layout-flex wp-block-gallery-is-layout-flex\">\n<figure class=\"wp-block-image size-large\"><img fetchpriority=\"high\" decoding=\"async\" width=\"721\" height=\"1024\" data-id=\"8667\" src=\"https:\/\/birimler.atauni.edu.tr\/turizm-fakultesi\/wp-content\/uploads\/sites\/74\/2020\/07\/IMG-20240524-WA0009-721x1024.jpg\" alt=\"\" class=\"wp-image-8667\" srcset=\"https:\/\/atauni.edu.tr\/turizm-fakultesi\/wp-content\/uploads\/sites\/74\/2020\/07\/IMG-20240524-WA0009-721x1024.jpg 721w, https:\/\/atauni.edu.tr\/turizm-fakultesi\/wp-content\/uploads\/sites\/74\/2020\/07\/IMG-20240524-WA0009-211x300.jpg 211w, https:\/\/atauni.edu.tr\/turizm-fakultesi\/wp-content\/uploads\/sites\/74\/2020\/07\/IMG-20240524-WA0009-768x1090.jpg 768w, https:\/\/atauni.edu.tr\/turizm-fakultesi\/wp-content\/uploads\/sites\/74\/2020\/07\/IMG-20240524-WA0009-1082x1536.jpg 1082w, https:\/\/atauni.edu.tr\/turizm-fakultesi\/wp-content\/uploads\/sites\/74\/2020\/07\/IMG-20240524-WA0009-423x600.jpg 423w, https:\/\/atauni.edu.tr\/turizm-fakultesi\/wp-content\/uploads\/sites\/74\/2020\/07\/IMG-20240524-WA0009-394x560.jpg 394w, https:\/\/atauni.edu.tr\/turizm-fakultesi\/wp-content\/uploads\/sites\/74\/2020\/07\/IMG-20240524-WA0009.jpg 1127w\" sizes=\"(max-width: 721px) 100vw, 721px\" \/><\/figure>\n\n\n\n<figure class=\"wp-block-image size-large\"><img decoding=\"async\" width=\"1024\" height=\"768\" data-id=\"8670\" src=\"https:\/\/birimler.atauni.edu.tr\/turizm-fakultesi\/wp-content\/uploads\/sites\/74\/2020\/07\/IMG-20240524-WA0012-1024x768.jpg\" alt=\"\" class=\"wp-image-8670\" srcset=\"https:\/\/atauni.edu.tr\/turizm-fakultesi\/wp-content\/uploads\/sites\/74\/2020\/07\/IMG-20240524-WA0012-1024x768.jpg 1024w, https:\/\/atauni.edu.tr\/turizm-fakultesi\/wp-content\/uploads\/sites\/74\/2020\/07\/IMG-20240524-WA0012-300x225.jpg 300w, https:\/\/atauni.edu.tr\/turizm-fakultesi\/wp-content\/uploads\/sites\/74\/2020\/07\/IMG-20240524-WA0012-768x576.jpg 768w, https:\/\/atauni.edu.tr\/turizm-fakultesi\/wp-content\/uploads\/sites\/74\/2020\/07\/IMG-20240524-WA0012-1536x1152.jpg 1536w, https:\/\/atauni.edu.tr\/turizm-fakultesi\/wp-content\/uploads\/sites\/74\/2020\/07\/IMG-20240524-WA0012-600x450.jpg 600w, https:\/\/atauni.edu.tr\/turizm-fakultesi\/wp-content\/uploads\/sites\/74\/2020\/07\/IMG-20240524-WA0012-560x420.jpg 560w, https:\/\/atauni.edu.tr\/turizm-fakultesi\/wp-content\/uploads\/sites\/74\/2020\/07\/IMG-20240524-WA0012.jpg 1600w\" sizes=\"(max-width: 1024px) 100vw, 1024px\" \/><\/figure>\n\n\n\n<figure class=\"wp-block-image size-large\"><img decoding=\"async\" width=\"1024\" height=\"577\" data-id=\"8671\" src=\"https:\/\/birimler.atauni.edu.tr\/turizm-fakultesi\/wp-content\/uploads\/sites\/74\/2020\/07\/IMG-20240524-WA0013-1024x577.jpg\" alt=\"\" class=\"wp-image-8671\" srcset=\"https:\/\/atauni.edu.tr\/turizm-fakultesi\/wp-content\/uploads\/sites\/74\/2020\/07\/IMG-20240524-WA0013-1024x577.jpg 1024w, https:\/\/atauni.edu.tr\/turizm-fakultesi\/wp-content\/uploads\/sites\/74\/2020\/07\/IMG-20240524-WA0013-300x169.jpg 300w, https:\/\/atauni.edu.tr\/turizm-fakultesi\/wp-content\/uploads\/sites\/74\/2020\/07\/IMG-20240524-WA0013-768x432.jpg 768w, https:\/\/atauni.edu.tr\/turizm-fakultesi\/wp-content\/uploads\/sites\/74\/2020\/07\/IMG-20240524-WA0013-1536x865.jpg 1536w, https:\/\/atauni.edu.tr\/turizm-fakultesi\/wp-content\/uploads\/sites\/74\/2020\/07\/IMG-20240524-WA0013-600x338.jpg 600w, https:\/\/atauni.edu.tr\/turizm-fakultesi\/wp-content\/uploads\/sites\/74\/2020\/07\/IMG-20240524-WA0013-560x315.jpg 560w, https:\/\/atauni.edu.tr\/turizm-fakultesi\/wp-content\/uploads\/sites\/74\/2020\/07\/IMG-20240524-WA0013.jpg 1600w\" sizes=\"(max-width: 1024px) 100vw, 1024px\" \/><\/figure>\n\n\n\n<figure class=\"wp-block-image size-large\"><img loading=\"lazy\" decoding=\"async\" width=\"1024\" height=\"768\" data-id=\"8684\" src=\"https:\/\/birimler.atauni.edu.tr\/turizm-fakultesi\/wp-content\/uploads\/sites\/74\/2020\/07\/IMG-20240524-WA0026-1024x768.jpg\" alt=\"\" class=\"wp-image-8684\" srcset=\"https:\/\/atauni.edu.tr\/turizm-fakultesi\/wp-content\/uploads\/sites\/74\/2020\/07\/IMG-20240524-WA0026-1024x768.jpg 1024w, https:\/\/atauni.edu.tr\/turizm-fakultesi\/wp-content\/uploads\/sites\/74\/2020\/07\/IMG-20240524-WA0026-300x225.jpg 300w, https:\/\/atauni.edu.tr\/turizm-fakultesi\/wp-content\/uploads\/sites\/74\/2020\/07\/IMG-20240524-WA0026-768x576.jpg 768w, https:\/\/atauni.edu.tr\/turizm-fakultesi\/wp-content\/uploads\/sites\/74\/2020\/07\/IMG-20240524-WA0026-1536x1152.jpg 1536w, https:\/\/atauni.edu.tr\/turizm-fakultesi\/wp-content\/uploads\/sites\/74\/2020\/07\/IMG-20240524-WA0026-600x450.jpg 600w, https:\/\/atauni.edu.tr\/turizm-fakultesi\/wp-content\/uploads\/sites\/74\/2020\/07\/IMG-20240524-WA0026-560x420.jpg 560w, https:\/\/atauni.edu.tr\/turizm-fakultesi\/wp-content\/uploads\/sites\/74\/2020\/07\/IMG-20240524-WA0026.jpg 1600w\" sizes=\"(max-width: 1024px) 100vw, 1024px\" \/><\/figure>\n\n\n\n<figure class=\"wp-block-image size-large\"><img loading=\"lazy\" decoding=\"async\" width=\"1024\" height=\"768\" data-id=\"8675\" src=\"https:\/\/birimler.atauni.edu.tr\/turizm-fakultesi\/wp-content\/uploads\/sites\/74\/2020\/07\/IMG-20240524-WA0017-1024x768.jpg\" alt=\"\" class=\"wp-image-8675\" srcset=\"https:\/\/atauni.edu.tr\/turizm-fakultesi\/wp-content\/uploads\/sites\/74\/2020\/07\/IMG-20240524-WA0017-1024x768.jpg 1024w, https:\/\/atauni.edu.tr\/turizm-fakultesi\/wp-content\/uploads\/sites\/74\/2020\/07\/IMG-20240524-WA0017-300x225.jpg 300w, https:\/\/atauni.edu.tr\/turizm-fakultesi\/wp-content\/uploads\/sites\/74\/2020\/07\/IMG-20240524-WA0017-768x576.jpg 768w, https:\/\/atauni.edu.tr\/turizm-fakultesi\/wp-content\/uploads\/sites\/74\/2020\/07\/IMG-20240524-WA0017-1536x1152.jpg 1536w, https:\/\/atauni.edu.tr\/turizm-fakultesi\/wp-content\/uploads\/sites\/74\/2020\/07\/IMG-20240524-WA0017-600x450.jpg 600w, https:\/\/atauni.edu.tr\/turizm-fakultesi\/wp-content\/uploads\/sites\/74\/2020\/07\/IMG-20240524-WA0017-560x420.jpg 560w, https:\/\/atauni.edu.tr\/turizm-fakultesi\/wp-content\/uploads\/sites\/74\/2020\/07\/IMG-20240524-WA0017.jpg 1600w\" sizes=\"(max-width: 1024px) 100vw, 1024px\" \/><\/figure>\n\n\n\n<figure class=\"wp-block-image size-large\"><img loading=\"lazy\" decoding=\"async\" width=\"768\" height=\"1024\" data-id=\"8679\" src=\"https:\/\/birimler.atauni.edu.tr\/turizm-fakultesi\/wp-content\/uploads\/sites\/74\/2020\/07\/IMG-20240524-WA0021-768x1024.jpg\" alt=\"\" class=\"wp-image-8679\" srcset=\"https:\/\/atauni.edu.tr\/turizm-fakultesi\/wp-content\/uploads\/sites\/74\/2020\/07\/IMG-20240524-WA0021-768x1024.jpg 768w, https:\/\/atauni.edu.tr\/turizm-fakultesi\/wp-content\/uploads\/sites\/74\/2020\/07\/IMG-20240524-WA0021-225x300.jpg 225w, https:\/\/atauni.edu.tr\/turizm-fakultesi\/wp-content\/uploads\/sites\/74\/2020\/07\/IMG-20240524-WA0021-1152x1536.jpg 1152w, https:\/\/atauni.edu.tr\/turizm-fakultesi\/wp-content\/uploads\/sites\/74\/2020\/07\/IMG-20240524-WA0021-450x600.jpg 450w, https:\/\/atauni.edu.tr\/turizm-fakultesi\/wp-content\/uploads\/sites\/74\/2020\/07\/IMG-20240524-WA0021-420x560.jpg 420w, https:\/\/atauni.edu.tr\/turizm-fakultesi\/wp-content\/uploads\/sites\/74\/2020\/07\/IMG-20240524-WA0021.jpg 1200w\" sizes=\"(max-width: 768px) 100vw, 768px\" \/><\/figure>\n\n\n\n<figure class=\"wp-block-image size-large\"><img loading=\"lazy\" decoding=\"async\" width=\"768\" height=\"1024\" data-id=\"8688\" src=\"https:\/\/birimler.atauni.edu.tr\/turizm-fakultesi\/wp-content\/uploads\/sites\/74\/2020\/07\/IMG-20240524-WA0030-768x1024.jpg\" alt=\"\" class=\"wp-image-8688\" srcset=\"https:\/\/atauni.edu.tr\/turizm-fakultesi\/wp-content\/uploads\/sites\/74\/2020\/07\/IMG-20240524-WA0030-768x1024.jpg 768w, https:\/\/atauni.edu.tr\/turizm-fakultesi\/wp-content\/uploads\/sites\/74\/2020\/07\/IMG-20240524-WA0030-225x300.jpg 225w, https:\/\/atauni.edu.tr\/turizm-fakultesi\/wp-content\/uploads\/sites\/74\/2020\/07\/IMG-20240524-WA0030-1152x1536.jpg 1152w, https:\/\/atauni.edu.tr\/turizm-fakultesi\/wp-content\/uploads\/sites\/74\/2020\/07\/IMG-20240524-WA0030-450x600.jpg 450w, https:\/\/atauni.edu.tr\/turizm-fakultesi\/wp-content\/uploads\/sites\/74\/2020\/07\/IMG-20240524-WA0030-420x560.jpg 420w, https:\/\/atauni.edu.tr\/turizm-fakultesi\/wp-content\/uploads\/sites\/74\/2020\/07\/IMG-20240524-WA0030.jpg 1200w\" sizes=\"(max-width: 768px) 100vw, 768px\" \/><\/figure>\n\n\n\n<figure class=\"wp-block-image size-large\"><img loading=\"lazy\" decoding=\"async\" width=\"768\" height=\"1024\" data-id=\"8690\" src=\"https:\/\/birimler.atauni.edu.tr\/turizm-fakultesi\/wp-content\/uploads\/sites\/74\/2020\/07\/IMG-20240524-WA0032-768x1024.jpg\" alt=\"\" class=\"wp-image-8690\" srcset=\"https:\/\/atauni.edu.tr\/turizm-fakultesi\/wp-content\/uploads\/sites\/74\/2020\/07\/IMG-20240524-WA0032-768x1024.jpg 768w, https:\/\/atauni.edu.tr\/turizm-fakultesi\/wp-content\/uploads\/sites\/74\/2020\/07\/IMG-20240524-WA0032-225x300.jpg 225w, https:\/\/atauni.edu.tr\/turizm-fakultesi\/wp-content\/uploads\/sites\/74\/2020\/07\/IMG-20240524-WA0032-1152x1536.jpg 1152w, https:\/\/atauni.edu.tr\/turizm-fakultesi\/wp-content\/uploads\/sites\/74\/2020\/07\/IMG-20240524-WA0032-450x600.jpg 450w, https:\/\/atauni.edu.tr\/turizm-fakultesi\/wp-content\/uploads\/sites\/74\/2020\/07\/IMG-20240524-WA0032-420x560.jpg 420w, https:\/\/atauni.edu.tr\/turizm-fakultesi\/wp-content\/uploads\/sites\/74\/2020\/07\/IMG-20240524-WA0032.jpg 1200w\" sizes=\"(max-width: 768px) 100vw, 768px\" \/><\/figure>\n\n\n\n<figure class=\"wp-block-image size-large\"><img loading=\"lazy\" decoding=\"async\" width=\"1024\" height=\"768\" data-id=\"8692\" src=\"https:\/\/birimler.atauni.edu.tr\/turizm-fakultesi\/wp-content\/uploads\/sites\/74\/2020\/07\/IMG-20240524-WA0034-1024x768.jpg\" alt=\"\" class=\"wp-image-8692\" srcset=\"https:\/\/atauni.edu.tr\/turizm-fakultesi\/wp-content\/uploads\/sites\/74\/2020\/07\/IMG-20240524-WA0034-1024x768.jpg 1024w, https:\/\/atauni.edu.tr\/turizm-fakultesi\/wp-content\/uploads\/sites\/74\/2020\/07\/IMG-20240524-WA0034-300x225.jpg 300w, https:\/\/atauni.edu.tr\/turizm-fakultesi\/wp-content\/uploads\/sites\/74\/2020\/07\/IMG-20240524-WA0034-768x576.jpg 768w, https:\/\/atauni.edu.tr\/turizm-fakultesi\/wp-content\/uploads\/sites\/74\/2020\/07\/IMG-20240524-WA0034-1536x1152.jpg 1536w, https:\/\/atauni.edu.tr\/turizm-fakultesi\/wp-content\/uploads\/sites\/74\/2020\/07\/IMG-20240524-WA0034-600x450.jpg 600w, https:\/\/atauni.edu.tr\/turizm-fakultesi\/wp-content\/uploads\/sites\/74\/2020\/07\/IMG-20240524-WA0034-560x420.jpg 560w, https:\/\/atauni.edu.tr\/turizm-fakultesi\/wp-content\/uploads\/sites\/74\/2020\/07\/IMG-20240524-WA0034.jpg 1600w\" sizes=\"(max-width: 1024px) 100vw, 1024px\" \/><\/figure>\n\n\n\n<figure class=\"wp-block-image size-large\"><img loading=\"lazy\" decoding=\"async\" width=\"1024\" height=\"768\" data-id=\"8686\" src=\"https:\/\/birimler.atauni.edu.tr\/turizm-fakultesi\/wp-content\/uploads\/sites\/74\/2020\/07\/IMG-20240524-WA0028-1024x768.jpg\" alt=\"\" class=\"wp-image-8686\" srcset=\"https:\/\/atauni.edu.tr\/turizm-fakultesi\/wp-content\/uploads\/sites\/74\/2020\/07\/IMG-20240524-WA0028-1024x768.jpg 1024w, https:\/\/atauni.edu.tr\/turizm-fakultesi\/wp-content\/uploads\/sites\/74\/2020\/07\/IMG-20240524-WA0028-300x225.jpg 300w, https:\/\/atauni.edu.tr\/turizm-fakultesi\/wp-content\/uploads\/sites\/74\/2020\/07\/IMG-20240524-WA0028-768x576.jpg 768w, https:\/\/atauni.edu.tr\/turizm-fakultesi\/wp-content\/uploads\/sites\/74\/2020\/07\/IMG-20240524-WA0028-1536x1152.jpg 1536w, https:\/\/atauni.edu.tr\/turizm-fakultesi\/wp-content\/uploads\/sites\/74\/2020\/07\/IMG-20240524-WA0028-600x450.jpg 600w, https:\/\/atauni.edu.tr\/turizm-fakultesi\/wp-content\/uploads\/sites\/74\/2020\/07\/IMG-20240524-WA0028-560x420.jpg 560w, https:\/\/atauni.edu.tr\/turizm-fakultesi\/wp-content\/uploads\/sites\/74\/2020\/07\/IMG-20240524-WA0028.jpg 1600w\" sizes=\"(max-width: 1024px) 100vw, 1024px\" \/><\/figure>\n\n\n\n<figure class=\"wp-block-image size-large\"><img loading=\"lazy\" decoding=\"async\" width=\"1024\" height=\"577\" data-id=\"8673\" src=\"https:\/\/birimler.atauni.edu.tr\/turizm-fakultesi\/wp-content\/uploads\/sites\/74\/2020\/07\/IMG-20240524-WA0015-1024x577.jpg\" alt=\"\" class=\"wp-image-8673\" srcset=\"https:\/\/atauni.edu.tr\/turizm-fakultesi\/wp-content\/uploads\/sites\/74\/2020\/07\/IMG-20240524-WA0015-1024x577.jpg 1024w, https:\/\/atauni.edu.tr\/turizm-fakultesi\/wp-content\/uploads\/sites\/74\/2020\/07\/IMG-20240524-WA0015-300x169.jpg 300w, https:\/\/atauni.edu.tr\/turizm-fakultesi\/wp-content\/uploads\/sites\/74\/2020\/07\/IMG-20240524-WA0015-768x433.jpg 768w, https:\/\/atauni.edu.tr\/turizm-fakultesi\/wp-content\/uploads\/sites\/74\/2020\/07\/IMG-20240524-WA0015-1536x866.jpg 1536w, https:\/\/atauni.edu.tr\/turizm-fakultesi\/wp-content\/uploads\/sites\/74\/2020\/07\/IMG-20240524-WA0015-600x338.jpg 600w, https:\/\/atauni.edu.tr\/turizm-fakultesi\/wp-content\/uploads\/sites\/74\/2020\/07\/IMG-20240524-WA0015-560x316.jpg 560w, https:\/\/atauni.edu.tr\/turizm-fakultesi\/wp-content\/uploads\/sites\/74\/2020\/07\/IMG-20240524-WA0015.jpg 1600w\" sizes=\"(max-width: 1024px) 100vw, 1024px\" \/><\/figure>\n\n\n\n<figure class=\"wp-block-image size-large\"><img loading=\"lazy\" decoding=\"async\" width=\"768\" height=\"1024\" data-id=\"8683\" src=\"https:\/\/birimler.atauni.edu.tr\/turizm-fakultesi\/wp-content\/uploads\/sites\/74\/2020\/07\/IMG-20240524-WA0025-768x1024.jpg\" alt=\"\" class=\"wp-image-8683\" srcset=\"https:\/\/atauni.edu.tr\/turizm-fakultesi\/wp-content\/uploads\/sites\/74\/2020\/07\/IMG-20240524-WA0025-768x1024.jpg 768w, https:\/\/atauni.edu.tr\/turizm-fakultesi\/wp-content\/uploads\/sites\/74\/2020\/07\/IMG-20240524-WA0025-225x300.jpg 225w, https:\/\/atauni.edu.tr\/turizm-fakultesi\/wp-content\/uploads\/sites\/74\/2020\/07\/IMG-20240524-WA0025-1152x1536.jpg 1152w, https:\/\/atauni.edu.tr\/turizm-fakultesi\/wp-content\/uploads\/sites\/74\/2020\/07\/IMG-20240524-WA0025-450x600.jpg 450w, https:\/\/atauni.edu.tr\/turizm-fakultesi\/wp-content\/uploads\/sites\/74\/2020\/07\/IMG-20240524-WA0025-420x560.jpg 420w, https:\/\/atauni.edu.tr\/turizm-fakultesi\/wp-content\/uploads\/sites\/74\/2020\/07\/IMG-20240524-WA0025.jpg 1200w\" sizes=\"(max-width: 768px) 100vw, 768px\" \/><\/figure>\n<\/figure>\n","protected":false},"excerpt":{"rendered":"<p>Atat\u00fcrk \u00dcniversitesi Turizm Fak\u00fcltesi \u00f6\u011fretim \u00fcyelerinden Prof. Dr. G\u00f6kalp Nuri SEL\u00c7UK ve Do\u00e7. Dr. Neslihan SER\u00c7EO\u011eLU\u2019nun ba\u015fkanl\u0131\u011f\u0131 ile Erzurum\u2019un alt\u0131 il\u00e7esinde \u201cGastronomi Envanteri \u00c7al\u0131\u015ftaylar\u0131\u201d d\u00fczenlenmi\u015ftir. Bu \u00e7al\u0131\u015ftaylar \u201cErzurum \u0130line Ait Gastronomi Rotalar\u0131n\u0131n Belirlenerek B\u00f6lgenin Ak\u0131ll\u0131 Turizm Destinasyonu Haline Getirilmesi ve Gerekli Yaz\u0131l\u0131m Modelinin Geli\u015ftirilmesi: Karma Y\u00f6ntem Ara\u015ft\u0131rmas\u0131\u201d isimli doktora tezi i\u00e7in verilen Bilimsel Ara\u015ft\u0131rma Projesi&nbsp; [&hellip;]<\/p>\n","protected":false},"author":581,"featured_media":0,"parent":0,"menu_order":0,"comment_status":"closed","ping_status":"closed","template":"","meta":{"footnotes":""},"class_list":["post-8693","page","type-page","status-publish","hentry"],"_links":{"self":[{"href":"https:\/\/atauni.edu.tr\/turizm-fakultesi\/wp-json\/wp\/v2\/pages\/8693","targetHints":{"allow":["GET"]}}],"collection":[{"href":"https:\/\/atauni.edu.tr\/turizm-fakultesi\/wp-json\/wp\/v2\/pages"}],"about":[{"href":"https:\/\/atauni.edu.tr\/turizm-fakultesi\/wp-json\/wp\/v2\/types\/page"}],"author":[{"embeddable":true,"href":"https:\/\/atauni.edu.tr\/turizm-fakultesi\/wp-json\/wp\/v2\/users\/581"}],"replies":[{"embeddable":true,"href":"https:\/\/atauni.edu.tr\/turizm-fakultesi\/wp-json\/wp\/v2\/comments?post=8693"}],"version-history":[{"count":1,"href":"https:\/\/atauni.edu.tr\/turizm-fakultesi\/wp-json\/wp\/v2\/pages\/8693\/revisions"}],"predecessor-version":[{"id":8694,"href":"https:\/\/atauni.edu.tr\/turizm-fakultesi\/wp-json\/wp\/v2\/pages\/8693\/revisions\/8694"}],"wp:attachment":[{"href":"https:\/\/atauni.edu.tr\/turizm-fakultesi\/wp-json\/wp\/v2\/media?parent=8693"}],"curies":[{"name":"wp","href":"https:\/\/api.w.org\/{rel}","templated":true}]}}