{"id":5682,"date":"2021-07-13T10:10:01","date_gmt":"2021-07-13T07:10:01","guid":{"rendered":"https:\/\/portaltest.atauni.edu.tr\/bilgisayar-muhendisligi\/?page_id=5682"},"modified":"2023-10-27T10:55:32","modified_gmt":"2023-10-27T07:55:32","slug":"misyon-vizyon-ve-temel-degerler","status":"publish","type":"page","link":"https:\/\/atauni.edu.tr\/turizm-isletmeciligi\/misyon-vizyon-ve-temel-degerler\/","title":{"rendered":"Misyon, Vizyon ve Temel De\u011ferler"},"content":{"rendered":"\t\t<div data-elementor-type=\"wp-page\" data-elementor-id=\"5682\" class=\"elementor elementor-5682\" data-elementor-post-type=\"page\">\n\t\t\t\t\t\t<section class=\"elementor-section elementor-top-section elementor-element elementor-element-681db8b elementor-section-boxed elementor-section-height-default elementor-section-height-default\" data-id=\"681db8b\" data-element_type=\"section\">\n\t\t\t\t\t\t<div class=\"elementor-container elementor-column-gap-default\">\n\t\t\t\t\t<div class=\"elementor-column elementor-col-100 elementor-top-column elementor-element elementor-element-ad4dac5\" data-id=\"ad4dac5\" data-element_type=\"column\">\n\t\t\t<div class=\"elementor-widget-wrap elementor-element-populated\">\n\t\t\t\t\t\t<div class=\"elementor-element elementor-element-4ce0d07f elementor-widget elementor-widget-heading\" data-id=\"4ce0d07f\" data-element_type=\"widget\" data-widget_type=\"heading.default\">\n\t\t\t\t<div class=\"elementor-widget-container\">\n\t\t\t\t\t<h2 class=\"elementor-heading-title elementor-size-default\"><span style=\"font-size: 21px;letter-spacing: 0px\">Misyon, Vizyon ve Temel De\u011ferler<\/span><\/h2>\t\t\t\t<\/div>\n\t\t\t\t<\/div>\n\t\t\t\t<div class=\"elementor-element elementor-element-96011d9 elementor-widget-divider--view-line elementor-widget elementor-widget-divider\" data-id=\"96011d9\" data-element_type=\"widget\" data-widget_type=\"divider.default\">\n\t\t\t\t<div class=\"elementor-widget-container\">\n\t\t\t\t\t\t\t<div class=\"elementor-divider\">\n\t\t\t<span class=\"elementor-divider-separator\">\n\t\t\t\t\t\t<\/span>\n\t\t<\/div>\n\t\t\t\t\t\t<\/div>\n\t\t\t\t<\/div>\n\t\t\t\t<div class=\"elementor-element elementor-element-2f96b3d elementor-widget elementor-widget-text-editor\" data-id=\"2f96b3d\" data-element_type=\"widget\" data-widget_type=\"text-editor.default\">\n\t\t\t\t<div class=\"elementor-widget-container\">\n\t\t\t\t\t\t\t\t\t<p><strong style=\"font-weight: bold;color: #7a7a7a;font-family: Ubuntu;text-align: left;font-size: 14px\"><span style=\"font-size: 18px\">\u00d6z G\u00f6rev (Misyon)<\/span><\/strong><br style=\"color: #7a7a7a;font-family: Ubuntu;text-align: left;font-size: 14px\"><em style=\"color: #7a7a7a;font-family: Ubuntu;text-align: left;font-size: 14px\">\u201cHayat\u0131n Hizmetinde\u201d<\/em><br style=\"color: #7a7a7a;font-family: Ubuntu;text-align: left;font-size: 14px\"><span style=\"color: #7a7a7a;font-family: Ubuntu;text-align: left;font-size: 14px\">Turizmde B\u00f6lgesel, Ulusal ve Evrensel D\u00fczeyde, E\u011fitim, Ara\u015ft\u0131rma ve Topluma Katk\u0131 Alanlar\u0131nda Sekt\u00f6r\u00fcn \u0130htiya\u00e7lar\u0131na Cevap Veren Nitelikli ve Giri\u015fimci \u0130nsan Kayna\u011f\u0131 Yeti\u015ftirmektir.<\/span><br style=\"color: #7a7a7a;font-family: Ubuntu;text-align: left;font-size: 14px\"><br style=\"color: #7a7a7a;font-family: Ubuntu;text-align: left;font-size: 14px\"><strong style=\"font-weight: bold;color: #7a7a7a;font-family: Ubuntu;text-align: left;font-size: 14px\"><span style=\"font-size: 18px\">\u00d6z \u00dclk\u00fc (Vizyon)<\/span><\/strong><br style=\"color: #7a7a7a;font-family: Ubuntu;text-align: left;font-size: 14px\"><span style=\"color: #7a7a7a;font-family: Ubuntu;text-align: left;font-size: 14px\"><em>\u201cHep \u0130leriye\u201d<\/em><\/span><br style=\"color: #7a7a7a;font-family: Ubuntu;text-align: left;font-size: 14px\"><span style=\"color: #7a7a7a;font-family: Ubuntu;text-align: left;font-size: 14px\">Evrensel Niteliklere Sahip, Kendisini S\u00fcrekli Geli\u015ftiren, Turizm i\u015fletmecili\u011fi Alan\u0131nda \u00d6nc\u00fc Bir B\u00f6l\u00fcm Olmak.<\/span><br style=\"color: #7a7a7a;font-family: Ubuntu;text-align: left;font-size: 14px\"><br style=\"color: #7a7a7a;font-family: Ubuntu;text-align: left;font-size: 14px\"><strong style=\"font-weight: bold;color: #7a7a7a;font-family: Ubuntu;text-align: left;font-size: 14px\"><span style=\"font-size: 18px\">Temel De\u011ferler<\/span><\/strong><br style=\"color: #7a7a7a;font-family: Ubuntu;text-align: left;font-size: 14px\"><br style=\"color: #7a7a7a;font-family: Ubuntu;text-align: left;font-size: 14px\"><strong style=\"font-weight: bold;color: #7a7a7a;font-family: Ubuntu;text-align: left;font-size: 14px\">Bilimsellik:<\/strong><span style=\"color: #7a7a7a;font-family: Ubuntu;text-align: left;font-size: 14px\">&nbsp;Ald\u0131\u011f\u0131 karar ve uygulamalarda bilimsel kriter ve do\u011frular\u0131 temel al\u0131r.<\/span><br style=\"color: #7a7a7a;font-family: Ubuntu;text-align: left;font-size: 14px\"><strong style=\"font-weight: bold;color: #7a7a7a;font-family: Ubuntu;text-align: left;font-size: 14px\">Yenilik\u00e7ilik ve Giri\u015fimcilik:<\/strong><span style=\"color: #7a7a7a;font-family: Ubuntu;text-align: left;font-size: 14px\">&nbsp;Etkinli\u011fini art\u0131racak alanlarda yeni ve farkl\u0131 uygulamalar\u0131 hayata ge\u00e7irir.<\/span><br style=\"color: #7a7a7a;font-family: Ubuntu;text-align: left;font-size: 14px\"><strong style=\"font-weight: bold;color: #7a7a7a;font-family: Ubuntu;text-align: left;font-size: 14px\">Kat\u0131l\u0131mc\u0131l\u0131k ve Payla\u015f\u0131mc\u0131l\u0131k:<\/strong><span style=\"color: #7a7a7a;font-family: Ubuntu;text-align: left;font-size: 14px\">&nbsp;Kararlar kat\u0131l\u0131ml\u0131 \u015fekilde al\u0131n\u0131r, bilgiler \u015feffaf \u015fekilde payla\u015f\u0131l\u0131r.<\/span><br style=\"color: #7a7a7a;font-family: Ubuntu;text-align: left;font-size: 14px\"><strong style=\"font-weight: bold;color: #7a7a7a;font-family: Ubuntu;text-align: left;font-size: 14px\">\u00d6\u011frenme Odakl\u0131l\u0131k:<\/strong><span style=\"color: #7a7a7a;font-family: Ubuntu;text-align: left;font-size: 14px\">&nbsp;T\u00fcm bireylerin \u00f6\u011frenme deneyimlerini kolayla\u015ft\u0131r\u0131r ve geli\u015ftirir.<\/span><br style=\"color: #7a7a7a;font-family: Ubuntu;text-align: left;font-size: 14px\"><strong style=\"font-weight: bold;color: #7a7a7a;font-family: Ubuntu;text-align: left;font-size: 14px\">Eme\u011fe sayg\u0131 g\u00f6sterme ve ba\u015far\u0131y\u0131 takdir etme:<\/strong><span style=\"color: #7a7a7a;font-family: Ubuntu;text-align: left;font-size: 14px\">&nbsp;G\u00f6sterilen \u00e7abalara sayg\u0131 g\u00f6sterilir ve ba\u015far\u0131lar tan\u0131n\u0131r.<\/span><br style=\"color: #7a7a7a;font-family: Ubuntu;text-align: left;font-size: 14px\"><strong style=\"font-weight: bold;color: #7a7a7a;font-family: Ubuntu;text-align: left;font-size: 14px\">Ulusal ve evrensel de\u011ferlere ba\u011fl\u0131l\u0131k:<\/strong><span style=\"color: #7a7a7a;font-family: Ubuntu;text-align: left;font-size: 14px\">&nbsp;\u00dclkemizin de\u011ferlerine ba\u011fl\u0131l\u0131\u011f\u0131n yan\u0131nda evrensel de\u011ferlere de sahip \u00e7\u0131k\u0131l\u0131r.<\/span><br style=\"color: #7a7a7a;font-family: Ubuntu;text-align: left;font-size: 14px\"><strong style=\"font-weight: bold;color: #7a7a7a;font-family: Ubuntu;text-align: left;font-size: 14px\">Toplumsal, k\u00fclt\u00fcrel, \u00e7evresel ve sanatsal duyarl\u0131l\u0131k:&nbsp;<\/strong><span style=\"color: #7a7a7a;font-family: Ubuntu;text-align: left;font-size: 14px\">Toplumsal alanlardaki sorun ve ihtiya\u00e7lara kar\u015f\u0131 duyarl\u0131 davran\u0131l\u0131r<\/span><\/p>\t\t\t\t\t\t\t\t<\/div>\n\t\t\t\t<\/div>\n\t\t\t\t\t<\/div>\n\t\t<\/div>\n\t\t\t\t\t<\/div>\n\t\t<\/section>\n\t\t\t\t<\/div>\n\t\t","protected":false},"excerpt":{"rendered":"<p>Misyon, Vizyon ve Temel De\u011ferler \u00d6z G\u00f6rev (Misyon)\u201cHayat\u0131n Hizmetinde\u201dTurizmde B\u00f6lgesel, Ulusal ve Evrensel D\u00fczeyde, E\u011fitim, Ara\u015ft\u0131rma ve Topluma Katk\u0131 Alanlar\u0131nda Sekt\u00f6r\u00fcn \u0130htiya\u00e7lar\u0131na Cevap Veren Nitelikli ve Giri\u015fimci \u0130nsan Kayna\u011f\u0131 Yeti\u015ftirmektir.\u00d6z \u00dclk\u00fc (Vizyon)\u201cHep \u0130leriye\u201dEvrensel Niteliklere Sahip, Kendisini S\u00fcrekli Geli\u015ftiren, Turizm i\u015fletmecili\u011fi Alan\u0131nda \u00d6nc\u00fc Bir B\u00f6l\u00fcm Olmak.Temel De\u011ferlerBilimsellik:&nbsp;Ald\u0131\u011f\u0131 karar ve uygulamalarda bilimsel kriter ve do\u011frular\u0131 temel al\u0131r.Yenilik\u00e7ilik [&hellip;]<\/p>\n","protected":false},"author":1,"featured_media":0,"parent":0,"menu_order":0,"comment_status":"closed","ping_status":"closed","template":"elementor_header_footer","meta":{"footnotes":""},"class_list":["post-5682","page","type-page","status-publish","hentry"],"_links":{"self":[{"href":"https:\/\/atauni.edu.tr\/turizm-isletmeciligi\/wp-json\/wp\/v2\/pages\/5682","targetHints":{"allow":["GET"]}}],"collection":[{"href":"https:\/\/atauni.edu.tr\/turizm-isletmeciligi\/wp-json\/wp\/v2\/pages"}],"about":[{"href":"https:\/\/atauni.edu.tr\/turizm-isletmeciligi\/wp-json\/wp\/v2\/types\/page"}],"author":[{"embeddable":true,"href":"https:\/\/atauni.edu.tr\/turizm-isletmeciligi\/wp-json\/wp\/v2\/users\/1"}],"replies":[{"embeddable":true,"href":"https:\/\/atauni.edu.tr\/turizm-isletmeciligi\/wp-json\/wp\/v2\/comments?post=5682"}],"version-history":[{"count":51,"href":"https:\/\/atauni.edu.tr\/turizm-isletmeciligi\/wp-json\/wp\/v2\/pages\/5682\/revisions"}],"predecessor-version":[{"id":6441,"href":"https:\/\/atauni.edu.tr\/turizm-isletmeciligi\/wp-json\/wp\/v2\/pages\/5682\/revisions\/6441"}],"wp:attachment":[{"href":"https:\/\/atauni.edu.tr\/turizm-isletmeciligi\/wp-json\/wp\/v2\/media?parent=5682"}],"curies":[{"name":"wp","href":"https:\/\/api.w.org\/{rel}","templated":true}]}}