{"id":5728,"date":"2021-07-13T11:33:38","date_gmt":"2021-07-13T08:33:38","guid":{"rendered":"https:\/\/portaltest.atauni.edu.tr\/bilgisayar-muhendisligi\/?page_id=5728"},"modified":"2023-09-30T14:58:26","modified_gmt":"2023-09-30T11:58:26","slug":"bolum-tanitimi","status":"publish","type":"page","link":"https:\/\/atauni.edu.tr\/turizm-isletmeciligi\/bolum-tanitimi\/","title":{"rendered":"B\u00f6l\u00fcm Tan\u0131t\u0131m\u0131"},"content":{"rendered":"\t\t<div data-elementor-type=\"wp-page\" data-elementor-id=\"5728\" class=\"elementor elementor-5728\" data-elementor-post-type=\"page\">\n\t\t\t\t\t\t<section class=\"elementor-section elementor-top-section elementor-element elementor-element-9be811a elementor-section-boxed elementor-section-height-default elementor-section-height-default\" data-id=\"9be811a\" data-element_type=\"section\">\n\t\t\t\t\t\t<div class=\"elementor-container elementor-column-gap-default\">\n\t\t\t\t\t<div class=\"elementor-column elementor-col-100 elementor-top-column elementor-element elementor-element-1ed847b7\" data-id=\"1ed847b7\" data-element_type=\"column\">\n\t\t\t<div class=\"elementor-widget-wrap elementor-element-populated\">\n\t\t\t\t\t\t<div class=\"elementor-element elementor-element-4ce0d07f elementor-widget elementor-widget-heading\" data-id=\"4ce0d07f\" data-element_type=\"widget\" data-widget_type=\"heading.default\">\n\t\t\t\t<div class=\"elementor-widget-container\">\n\t\t\t\t\t<h2 class=\"elementor-heading-title elementor-size-default\">B\u00f6l\u00fcm Tan\u0131t\u0131m\u0131<\/h2>\t\t\t\t<\/div>\n\t\t\t\t<\/div>\n\t\t\t\t<div class=\"elementor-element elementor-element-63260862 elementor-widget-divider--view-line elementor-widget elementor-widget-divider\" data-id=\"63260862\" data-element_type=\"widget\" data-widget_type=\"divider.default\">\n\t\t\t\t<div class=\"elementor-widget-container\">\n\t\t\t\t\t\t\t<div class=\"elementor-divider\">\n\t\t\t<span class=\"elementor-divider-separator\">\n\t\t\t\t\t\t<\/span>\n\t\t<\/div>\n\t\t\t\t\t\t<\/div>\n\t\t\t\t<\/div>\n\t\t\t\t\t<\/div>\n\t\t<\/div>\n\t\t\t\t\t<\/div>\n\t\t<\/section>\n\t\t\t\t<section class=\"elementor-section elementor-top-section elementor-element elementor-element-681db8b elementor-section-boxed elementor-section-height-default elementor-section-height-default\" data-id=\"681db8b\" data-element_type=\"section\">\n\t\t\t\t\t\t<div class=\"elementor-container elementor-column-gap-default\">\n\t\t\t\t\t<div class=\"elementor-column elementor-col-100 elementor-top-column elementor-element elementor-element-ad4dac5\" data-id=\"ad4dac5\" data-element_type=\"column\">\n\t\t\t<div class=\"elementor-widget-wrap elementor-element-populated\">\n\t\t\t\t\t\t<div class=\"elementor-element elementor-element-2f96b3d elementor-widget elementor-widget-text-editor\" data-id=\"2f96b3d\" data-element_type=\"widget\" data-widget_type=\"text-editor.default\">\n\t\t\t\t<div class=\"elementor-widget-container\">\n\t\t\t\t\t\t\t\t\t<p><strong>Kazan\u0131lan Derece<\/strong><\/p><p>Program\u0131 ba\u015far\u0131yla tamamlayan \u00f6\u011frenciler, Turizm \u0130\u015fletmecili\u011fi b\u00f6l\u00fcm\u00fcnden Lisans derecesi (Bachelor&#8217;s Degree) almaya hak kazan\u0131rlar.<\/p><p><strong>Derece Seviyesi<\/strong><\/p><p>Lisans<\/p><h4>Kabul ve Kay\u0131t Ko\u015fullar\u0131<\/h4><p>T\u00fcrk ve yabanc\u0131 \u00f6\u011frenciler i\u00e7in genel kabul \u015fartlar\u0131 programa ba\u015flamak i\u00e7in ge\u00e7erlidir.<\/p><h4>\u00d6nceki \u00d6\u011frenimin Tan\u0131nmas\u0131<\/h4><p>\u00d6\u011frenciler, daha \u00f6nce \u00f6\u011frenim g\u00f6rd\u00fckleri yurt i\u00e7i veya yurt d\u0131\u015f\u0131ndaki di\u011fer Y\u00fcksek\u00f6\u011fretim \u00dcniversitesi\u2019ne kesin kay\u0131t yapt\u0131ran \u00f6\u011frenciler ilk hafta i\u00e7inde ba\u015fvurduklar\u0131 takdirde kredi ve not transfer talepleri ilgili \u00f6\u011fretim birimi y\u00f6netim kurulu taraf\u0131ndan de\u011ferlendirilerek b\u00fct\u00fcn \u00f6\u011frenimini kapsayacak \u015fekilde ve bir defaya mahsus olmak \u00fczere karara ba\u011flan\u0131r.<\/p><h4>Yeterlilik Ko\u015fullar\u0131 ve Kurallar\u0131<\/h4><div class=\"panel panel-default\"><div id=\"akd_5\" class=\"panel-collapse in\"><div id=\"akd_5_div\" class=\"panel-body\">\u00d6\u011frencinin programdaki t\u00fcm derslerini ba\u015farm\u0131\u015f olmas\u0131 olmamas\u0131 gerekir. Bu programda \u00f6\u011frencinin asgari 240 AKTS kredisini sa\u011flamas\u0131 ve genel not ortalamas\u0131n\u0131n 4,00 \u00fczerinden en az 2,00 olmas\u0131 gerekmektedir.<\/div><\/div><\/div><h4>Program Profili<\/h4><p>Turizm pek \u00e7ok \u00fclke ekonomisi i\u00e7in hizmet sekt\u00f6r\u00fc i\u00e7erisinde kritik \u00f6neme sahiptir. Turizm i\u015fletmecili\u011fi e\u011fitimi, \u00f6\u011frencilere rekabet\u00e7i bir \u00e7evrede faaliyet g\u00f6stermeye \u00e7al\u0131\u015fan turizm i\u015fletmelerinin etkin ve verimli bir \u015fekilde y\u00f6netilebilmesini sa\u011flayan bilgi ve becerilerin kazand\u0131r\u0131lmas\u0131n\u0131 i\u00e7ermektedir. Bu ba\u011flamda, turizm i\u015fletmecili\u011fi e\u011fitimi; y\u00f6netim, pazarlama, finansman, muhasebe gibi i\u015fletmecilik s\u00fcre\u00e7leri ile birlikte uygulamaya dayal\u0131 konular\u0131 da kapsamaktad\u0131r.<\/p><h4>\u00d6rnekleriyle Mezunlar\u0131n Mesleki Profilleri<\/h4><p>Turizm \u0130\u015fletmecili\u011fi mezunlarlar\u0131, kamu ve \u00f6zel sekt\u00f6rde g\u00f6rev yapmaktad\u0131rlar. Mezunlar, staj d\u00f6neminde elde ettikleri deneyimleri ile ulusal ve\/veya uluslararas\u0131 turizm kurum ve kurulu\u015flar\u0131nda (\u00f6rne\u011fin; zincir oteller, seyahat acentalar\u0131, havayolu firmalar\u0131, yiyecek-i\u00e7ecek i\u015fletmeleri, kongre acentalar\u0131, K\u00fclt\u00fcr ve Turizm Bakanl\u0131\u011f\u0131 vd.) istihdam edilerek y\u00f6netici aday\u0131 olarak \u00e7al\u0131\u015fmaktad\u0131rlar.<\/p><h4>\u00dcst Derece Programlar\u0131na Ge\u00e7i\u015f<\/h4><p>Lisans e\u011fitimini ba\u015far\u0131 ile tamamlayan adaylar ALES s\u0131nav\u0131ndan ge\u00e7erli not almalar\u0131 ve yeterli d\u00fczeyde \u0130ngilizce dil bilgisine sahip olmalar\u0131 ko\u015fuluyla lisans\u00fcst\u00fc programlarda \u00f6\u011frenim g\u00f6rebilirler.<\/p><h4>S\u0131nav Y\u00f6netmeli\u011fi, \u00d6l\u00e7me ve De\u011ferlendirme<\/h4><p>B\u00f6l\u00fcmde verilen her bir ders i\u00e7in bir ara s\u0131nav\u0131, k\u0131sa s\u0131nav, \u00f6dev ve d\u00f6nem sonu s\u0131nav\u0131 yap\u0131l\u0131r. Ba\u015far\u0131 notuna ara s\u0131nav, k\u0131sa s\u00fcreli s\u0131nav ve \u00f6devlerin etkisi %40, d\u00f6nem sonu s\u0131nav\u0131n\u0131n ise %60 oran\u0131ndad\u0131r. D\u00f6nem s\u0131nav\u0131na girebilmesi i\u00e7in \u00f6\u011frencinin y\u00f6netmeliklerde yaz\u0131l\u0131 devam \u015fartlar\u0131n\u0131 yerine getirmi\u015f olmas\u0131 gerekmektedir. T\u00fcm s\u0131navlar 100 puan \u00fczerinden de\u011ferlendirilir ve \u00f6\u011frencilerin ba\u015far\u0131 notunun hesaplanmas\u0131nda, ba\u011f\u0131l de\u011ferlendirme sistemi uygulan\u0131r. Bu de\u011ferlendirmede; dersin \u00f6\u011fretim eleman\u0131, dersi alan \u00f6\u011frencilerin yar\u0131y\u0131l\/y\u0131l i\u00e7i ve yar\u0131y\u0131l\/y\u0131l sonu s\u0131navlar\u0131ndan ald\u0131klar\u0131 puanlar\u0131n istatistiksel sonu\u00e7lar\u0131n\u0131 dikkate al\u0131r ve al\u0131nan notlar y\u00f6netmelikte belirlenen esaslar \u00e7er\u00e7evesinde 4\u2019l\u00fc harf sistemine d\u00f6n\u00fc\u015ft\u00fcr\u00fcl\u00fcr. \u00d6\u011frencinin ald\u0131\u011f\u0131 notlardan olu\u015fturulan A\u011f\u0131rl\u0131kl\u0131 Genel Not Ortalamas\u0131 (AGNO) \u00fcst \u00fcste 2 d\u00f6nem 2.00\u2019\u0131n alt\u0131nda olanlar bir sonraki d\u00f6nemden ders alamazlar. Bir dersten AA, BA, BB, CB ve CC notlar\u0131ndan birini alan \u00f6\u011frenci o dersi ba\u015farm\u0131\u015f say\u0131l\u0131r. Bir dersten al\u0131nan DC ve DD notlar\u0131, \u00f6\u011frencinin mezuniyet AGNO\u2019suna ba\u011fl\u0131 olarak de\u011ferlendirilir. \u00d6\u011frencinin AGNO\u2019su ba\u015far\u0131 baraj notunun \u00fczerinde ise bu dersler ba\u015far\u0131l\u0131 olarak tan\u0131mlan\u0131r. FF notu, ilgili dersten ba\u015far\u0131s\u0131z olan \u00f6\u011frencilere verilir. FF notu alan \u00f6\u011frenci, bu dersi verildi\u011fi ilk yar\u0131y\u0131lda\/y\u0131lda alarak devam ve s\u0131nav \u015fartlar\u0131n\u0131 yerine getirmek zorundad\u0131r. Ba\u015far\u0131 notu M ve G ile takdir edilen dersler, AGNO hesaplanmas\u0131nda de\u011ferlendirmeye kat\u0131lmaz.<\/p><h4>Mezuniyet Ko\u015fullar\u0131<\/h4><p>Atat\u00fcrk \u00dcniversitesi Turizm \u0130\u015fletmecili\u011fi ve Otelcilik Y\u00fcksekokulu lisans e\u011fitim \u00f6\u011fretim program\u0131nda almak zorunda olduklar\u0131 b\u00fct\u00fcn dersleri ba\u015far\u0131yla tamamlayan ve AGNO\u2019su en az 2.00 olan \u00f6\u011frencilere Lisans diplomas\u0131 verilmektedir.<\/p><h4>\u00c7al\u0131\u015fma \u015eekli<\/h4><p>Turizm \u0130\u015fletmecili\u011fi b\u00f6l\u00fcm\u00fcnde e\u011fitim tam zamanl\u0131d\u0131r.<\/p>\t\t\t\t\t\t\t\t<\/div>\n\t\t\t\t<\/div>\n\t\t\t\t\t<\/div>\n\t\t<\/div>\n\t\t\t\t\t<\/div>\n\t\t<\/section>\n\t\t\t\t<\/div>\n\t\t","protected":false},"excerpt":{"rendered":"<p>B\u00f6l\u00fcm Tan\u0131t\u0131m\u0131 Kazan\u0131lan Derece Program\u0131 ba\u015far\u0131yla tamamlayan \u00f6\u011frenciler, Turizm \u0130\u015fletmecili\u011fi b\u00f6l\u00fcm\u00fcnden Lisans derecesi (Bachelor&#8217;s Degree) almaya hak kazan\u0131rlar. Derece Seviyesi Lisans Kabul ve Kay\u0131t Ko\u015fullar\u0131 T\u00fcrk ve yabanc\u0131 \u00f6\u011frenciler i\u00e7in genel kabul \u015fartlar\u0131 programa ba\u015flamak i\u00e7in ge\u00e7erlidir. \u00d6nceki \u00d6\u011frenimin Tan\u0131nmas\u0131 \u00d6\u011frenciler, daha \u00f6nce \u00f6\u011frenim g\u00f6rd\u00fckleri yurt i\u00e7i veya yurt d\u0131\u015f\u0131ndaki di\u011fer Y\u00fcksek\u00f6\u011fretim \u00dcniversitesi\u2019ne kesin kay\u0131t [&hellip;]<\/p>\n","protected":false},"author":1,"featured_media":0,"parent":0,"menu_order":0,"comment_status":"closed","ping_status":"closed","template":"elementor_header_footer","meta":{"footnotes":""},"class_list":["post-5728","page","type-page","status-publish","hentry"],"_links":{"self":[{"href":"https:\/\/atauni.edu.tr\/turizm-isletmeciligi\/wp-json\/wp\/v2\/pages\/5728","targetHints":{"allow":["GET"]}}],"collection":[{"href":"https:\/\/atauni.edu.tr\/turizm-isletmeciligi\/wp-json\/wp\/v2\/pages"}],"about":[{"href":"https:\/\/atauni.edu.tr\/turizm-isletmeciligi\/wp-json\/wp\/v2\/types\/page"}],"author":[{"embeddable":true,"href":"https:\/\/atauni.edu.tr\/turizm-isletmeciligi\/wp-json\/wp\/v2\/users\/1"}],"replies":[{"embeddable":true,"href":"https:\/\/atauni.edu.tr\/turizm-isletmeciligi\/wp-json\/wp\/v2\/comments?post=5728"}],"version-history":[{"count":14,"href":"https:\/\/atauni.edu.tr\/turizm-isletmeciligi\/wp-json\/wp\/v2\/pages\/5728\/revisions"}],"predecessor-version":[{"id":6400,"href":"https:\/\/atauni.edu.tr\/turizm-isletmeciligi\/wp-json\/wp\/v2\/pages\/5728\/revisions\/6400"}],"wp:attachment":[{"href":"https:\/\/atauni.edu.tr\/turizm-isletmeciligi\/wp-json\/wp\/v2\/media?parent=5728"}],"curies":[{"name":"wp","href":"https:\/\/api.w.org\/{rel}","templated":true}]}}