{"id":6126,"date":"2021-12-20T16:00:35","date_gmt":"2021-12-20T13:00:35","guid":{"rendered":"https:\/\/birimler.atauni.edu.tr\/turizm-isletmeciligi\/?page_id=6126"},"modified":"2026-01-05T10:21:12","modified_gmt":"2026-01-05T07:21:12","slug":"turizm-isletmeciligi-bolumu-komisyonlari","status":"publish","type":"page","link":"https:\/\/atauni.edu.tr\/turizm-isletmeciligi\/turizm-isletmeciligi-bolumu-komisyonlari\/","title":{"rendered":"Turizm \u0130\u015fletmecili\u011fi B\u00f6l\u00fcm Komisyonlar\u0131"},"content":{"rendered":"\n<p><strong>STAJ KOM\u0130SYONU<\/strong><\/p>\n\n\n\n<figure class=\"wp-block-table\"><table><tbody><tr><td><strong>\u00dcnvan\u0131<\/strong><\/td><td><strong>Ad\u0131-Soyad\u0131<\/strong><\/td><td><strong>Komisyondaki G\u00f6revi<\/strong><\/td><\/tr><tr><td>Dr. \u00d6\u011fr. \u00dcyesi  <\/td><td>Serhan ORAL<\/td><td>Ba\u015fkan<\/td><\/tr><tr><td>Ar\u015f. G\u00f6r. Dr.<\/td><td>Osman \u00c7APAN<\/td><td>\u00dcye<\/td><\/tr><tr><td>Ar\u015f. G\u00f6r. Dr.<\/td><td>Ay\u015fe Nur AKAN<\/td><td>\u00dcye<\/td><\/tr><\/tbody><\/table><\/figure>\n\n\n\n<p><strong>MUAF\u0130YET ve MAZERET KOM\u0130SYONU<\/strong><\/p>\n\n\n\n<figure class=\"wp-block-table\"><table><tbody><tr><td><strong>\u00dcnvan\u0131<\/strong><\/td><td><strong>Ad\u0131 Soyad\u0131<\/strong><\/td><td><strong>Komisyondaki G\u00f6revi<\/strong><\/td><\/tr><tr><td>Dr. \u00d6\u011fr. \u00dcyesi<\/td><td>Fatma G\u00fcl YAZICILAR SOLA<\/td><td>Ba\u015fkan&nbsp;<\/td><\/tr><tr><td>Ar\u015f. G\u00f6r. Dr.<\/td><td>Osman \u00c7APAN<\/td><td>\u00dcye<\/td><\/tr><tr><td>Ar\u015f. G\u00f6r. Dr.<\/td><td>Ay\u015fe Nur AKAN<\/td><td>\u00dcye<\/td><\/tr><\/tbody><\/table><\/figure>\n\n\n\n<p><strong>DE\u011e\u0130\u015e\u0130M PROGRAMLARI( Erasmus, Mevlana, Farabi, Orhun) KOM\u0130SYONU<\/strong><\/p>\n\n\n\n<figure class=\"wp-block-table\"><table><tbody><tr><td><strong>\u00dcnvan\u0131<\/strong><\/td><td><strong>Ad\u0131 Soyad\u0131<\/strong><\/td><td><strong>Komisyondaki G\u00f6revi<\/strong><\/td><\/tr><tr><td>Prof. Dr.<\/td><td>G\u00f6kalp Nuri SEL\u00c7UK<\/td><td>Ba\u015fkan<\/td><\/tr><tr><td>\u00d6\u011fr. G\u00f6r.<\/td><td>M. Hasan YEN\u0130CE<\/td><td>\u00dcye<\/td><\/tr><tr><td>Ar\u015f. G\u00f6r. Dr.<\/td><td>Ay\u015fe Nur AKAN<\/td><td>\u00dcye<\/td><\/tr><\/tbody><\/table><\/figure>\n\n\n\n<p><strong>DERS PROGRAMI KOM\u0130SYONU<\/strong><\/p>\n\n\n\n<figure class=\"wp-block-table\"><table><tbody><tr><td><strong>\u00dcnvan\u0131<\/strong><\/td><td><strong>Ad\u0131 Soyad\u0131<\/strong><\/td><td><strong>Komisyondaki G\u00f6revi<\/strong><\/td><\/tr><tr><td>Dr. \u00d6\u011fr. \u00dcyesi <\/td><td>Fatma G\u00fcl YAZICILAR SOLA<\/td><td>Ba\u015fkan<\/td><\/tr><tr><td>Dr. \u00d6\u011fr. \u00dcyesi<\/td><td>Serhan ORAL<\/td><td>\u00dcye<\/td><\/tr><tr><td>Ar\u015f. G\u00f6r.<\/td><td>Ay\u015fenur AKAN<\/td><td>\u00dcye<\/td><\/tr><\/tbody><\/table><\/figure>\n\n\n\n<p><strong>SINAV PROGRAMI KOM\u0130SYONU<\/strong><\/p>\n\n\n\n<figure class=\"wp-block-table\"><table><tbody><tr><td><strong>\u00dcnvan\u0131<\/strong><\/td><td><strong>Ad\u0131 Soyad\u0131<\/strong><\/td><td><strong>Komisyondaki G\u00f6revi<\/strong><\/td><\/tr><tr><td>Dr. \u00d6\u011fr. \u00dcyesi<\/td><td>Serhan ORAL<\/td><td>Ba\u015fkan<\/td><\/tr><tr><td>Dr. \u00d6\u011fr. \u00dcyesi<\/td><td>Fatma BA\u015eAR<\/td><td>\u00dcye<\/td><\/tr><tr><td>Ar\u015f. G\u00f6r. Dr.<\/td><td>Osman \u00c7APAN<\/td><td>\u00dcye<\/td><\/tr><\/tbody><\/table><\/figure>\n\n\n\n<p><strong>SIFIR ATIK KOM\u0130SYONU<\/strong><\/p>\n\n\n\n<figure class=\"wp-block-table\"><table><tbody><tr><td><strong>\u00dcnvan\u0131<\/strong><\/td><td><strong>Ad\u0131 Soyad\u0131<\/strong><\/td><td><strong>Komisyondaki G\u00f6revi<\/strong><\/td><\/tr><tr><td>Dr. \u00d6\u011fr. \u00dcyesi<\/td><td>Fatma BA\u015eAR<\/td><td>Ba\u015fkan<\/td><\/tr><tr><td>Dr. \u00d6\u011fr. \u00dcyesi<\/td><td>G\u00fcven G\u00dcNEY<\/td><td>\u00dcye<\/td><\/tr><tr><td>Ar\u015f. G\u00f6r. Dr.<\/td><td>Ay\u015fenur AKAN<\/td><td>\u00dcye<\/td><\/tr><\/tbody><\/table><\/figure>\n\n\n\n<p><strong>SOSYAL FAAL\u0130YET KOM\u0130SYONU<\/strong><\/p>\n\n\n\n<figure class=\"wp-block-table\"><table><tbody><tr><td><strong>\u00dcnvan\u0131<\/strong><\/td><td><strong>Ad\u0131 Soyad\u0131<\/strong><\/td><td><strong>Komisyondaki G\u00f6revi<\/strong><\/td><\/tr><tr><td>Dr. \u00d6\u011fr. \u00dcyesi<\/td><td>Fatma G\u00fcl YAZICILAR SOLA<\/td><td>Ba\u015fkan<\/td><\/tr><tr><td>Ar\u015f. G\u00f6r.<\/td><td>Ay\u015fenur AKAN<\/td><td>\u00dcye<\/td><\/tr><tr><td>Ar\u015f. G\u00f6r. <\/td><td>Osman \u00c7APAN<\/td><td>\u00dcye<\/td><\/tr><\/tbody><\/table><\/figure>\n\n\n\n<p><strong>E\u011e\u0130T\u0130M-ORYANTASYON-KAR\u0130YER PLANLAMA KOM\u0130SYONU<\/strong><\/p>\n\n\n\n<figure class=\"wp-block-table\"><table><tbody><tr><td><strong>\u00dcnvan\u0131<\/strong><\/td><td><strong>Ad\u0131 Soyad\u0131<\/strong><\/td><td><strong>Komisyondaki G\u00f6revi<\/strong><\/td><\/tr><tr><td>Prof. Dr.<\/td><td>G\u00f6kalp Nuri SEL\u00c7UK<\/td><td>Ba\u015fkan<\/td><\/tr><tr><td>Dr. \u00d6\u011fr. \u00dcyesi<\/td><td>Fatmag\u00fcl YAZICILAR SOLA<\/td><td>\u00dcye<\/td><\/tr><tr><td>Ar\u015f. G\u00f6r. <\/td><td>Osman \u00c7APAN<\/td><td>\u00dcye<\/td><\/tr><\/tbody><\/table><\/figure>\n\n\n\n<div class=\"wp-block-columns is-layout-flex wp-container-core-columns-is-layout-9d6595d7 wp-block-columns-is-layout-flex\">\n<div class=\"wp-block-column is-layout-flow wp-block-column-is-layout-flow\" style=\"flex-basis:100%\">\n<div class=\"wp-block-group\"><div class=\"wp-block-group__inner-container is-layout-flow wp-block-group-is-layout-flow\">\n<p><strong>BOLOGNA VE DERS \u0130\u00c7ER\u0130K KOM\u0130SYONU<\/strong><\/p>\n<\/div><\/div>\n<\/div>\n<\/div>\n\n\n\n<figure class=\"wp-block-table\"><table><tbody><tr><td><strong>\u00dcnvan\u0131<\/strong><\/td><td><strong>Ad\u0131 Soyad\u0131<\/strong><\/td><td><strong>Komisyondaki G\u00f6revi<\/strong><\/td><\/tr><tr><td>Prof. Dr.<\/td><td>G\u00f6kalp Nuri SEL\u00c7UK<\/td><td>Ba\u015fkan<\/td><\/tr><tr><td>Dr. \u00d6\u011fr. \u00dcyesi<\/td><td>Fatma BA\u015eAR<\/td><td>\u00dcye<\/td><\/tr><tr><td>Ar\u015f. G\u00f6r. Dr.<\/td><td>Ay\u015fenur AKAN<\/td><td>\u00dcye<\/td><\/tr><\/tbody><\/table><\/figure>\n\n\n\n<p><strong>D\u0130S\u0130PL\u0130N SU\u00c7LARI KOM\u0130SYONU<\/strong><\/p>\n\n\n\n<figure class=\"wp-block-table\"><table><tbody><tr><td><strong>\u00dcnvan\u0131<\/strong><\/td><td><strong>Ad\u0131 Soyad\u0131<\/strong><\/td><td><strong>Komisyondaki G\u00f6revi<\/strong><\/td><\/tr><tr><td>Prof. Dr.<\/td><td>G\u00f6kalp Nuri SEL\u00c7UK<\/td><td>Ba\u015fkan<\/td><\/tr><tr><td>Dr. \u00d6\u011fr. \u00dcyesi<\/td><td>G\u00fcven G\u00dcNEY<\/td><td>\u00dcye<\/td><\/tr><tr><td>Ar\u015f. G\u00f6r.<\/td><td>Osman \u00c7APAN<\/td><td>\u00dcye<\/td><\/tr><\/tbody><\/table><\/figure>\n\n\n\n<p><strong>B\u00d6L\u00dcM KURUMSAL \u0130LET\u0130\u015e\u0130M KOORD\u0130NAT\u00d6RL\u00dc\u011e\u00dc<\/strong><\/p>\n\n\n\n<figure class=\"wp-block-table\"><table><tbody><tr><td><strong>\u00dcnvan\u0131<\/strong><\/td><td><strong>Ad\u0131 Soyad\u0131<\/strong><\/td><td><strong>Komisyondaki G\u00f6revi<\/strong><\/td><\/tr><tr><td>Dr. \u00d6\u011fr. \u00dcyesi<\/td><td>Yusuf BAYRAKTAR<\/td><td>Ba\u015fkan<\/td><\/tr><tr><td>Dr. \u00d6\u011fr. \u00dcyesi<\/td><td>Serhan ORAL<\/td><td>\u00dcye<\/td><\/tr><tr><td>Ar\u015f. G\u00f6r. Dr.<\/td><td>Osman \u00c7APAN<\/td><td>\u00dcye<\/td><\/tr><\/tbody><\/table><\/figure>\n\n\n\n<p><strong>\u00d6Z DE\u011eERLEND\u0130RME VE AKRED\u0130TASYON KOORD\u0130NAT\u00d6RL\u00dc\u011e\u00dc<\/strong><\/p>\n\n\n\n<figure class=\"wp-block-table\"><table><tbody><tr><td><strong>\u00dcnvan\u0131<\/strong><\/td><td><strong>Ad\u0131 Soyad\u0131<\/strong><\/td><td><strong>Komisyondaki G\u00f6revi<\/strong><\/td><\/tr><tr><td>Prof. Dr<\/td><td>G\u00f6kalp Nuri SEL\u00c7UK<\/td><td>Ba\u015fkan<\/td><\/tr><tr><td>Dr. \u00d6\u011fr. \u00dcyesi<\/td><td>Fatma G\u00fcl YAZICILAR SOLA<\/td><td>\u00dcye<\/td><\/tr><tr><td>Dr. \u00d6\u011fr. \u00dcyesi<\/td><td>Fatma BA\u015eAR<\/td><td>\u00dcye<\/td><\/tr><tr><td>Dr. \u00d6\u011fr. \u00dcyesi<\/td><td>G\u00fcven G\u00dcNEY<\/td><td>\u00dcye<\/td><\/tr><tr><td>Dr. \u00d6\u011fr. \u00dcyesi<\/td><td>Serhan ORAL<\/td><td>\u00dcye<\/td><\/tr><tr><td>Dr. \u00d6\u011fr. \u00dcyesi<\/td><td>Yusuf BAYRAKTAR<\/td><td>\u00dcye<\/td><\/tr><tr><td>Ar\u015f. G\u00f6r. Dr.<\/td><td>Ay\u015fe Nur AKAN<\/td><td>\u00dcye<\/td><\/tr><\/tbody><\/table><\/figure>\n","protected":false},"excerpt":{"rendered":"<p>STAJ KOM\u0130SYONU \u00dcnvan\u0131 Ad\u0131-Soyad\u0131 Komisyondaki G\u00f6revi Dr. \u00d6\u011fr. \u00dcyesi Serhan ORAL Ba\u015fkan Ar\u015f. G\u00f6r. Dr. Osman \u00c7APAN \u00dcye Ar\u015f. G\u00f6r. Dr. Ay\u015fe Nur AKAN \u00dcye MUAF\u0130YET ve MAZERET KOM\u0130SYONU \u00dcnvan\u0131 Ad\u0131 Soyad\u0131 Komisyondaki G\u00f6revi Dr. \u00d6\u011fr. \u00dcyesi Fatma G\u00fcl YAZICILAR SOLA Ba\u015fkan&nbsp; Ar\u015f. G\u00f6r. Dr. Osman \u00c7APAN \u00dcye Ar\u015f. G\u00f6r. Dr. Ay\u015fe Nur AKAN \u00dcye [&hellip;]<\/p>\n","protected":false},"author":424,"featured_media":0,"parent":0,"menu_order":0,"comment_status":"closed","ping_status":"closed","template":"","meta":{"footnotes":""},"class_list":["post-6126","page","type-page","status-publish","hentry"],"_links":{"self":[{"href":"https:\/\/atauni.edu.tr\/turizm-isletmeciligi\/wp-json\/wp\/v2\/pages\/6126","targetHints":{"allow":["GET"]}}],"collection":[{"href":"https:\/\/atauni.edu.tr\/turizm-isletmeciligi\/wp-json\/wp\/v2\/pages"}],"about":[{"href":"https:\/\/atauni.edu.tr\/turizm-isletmeciligi\/wp-json\/wp\/v2\/types\/page"}],"author":[{"embeddable":true,"href":"https:\/\/atauni.edu.tr\/turizm-isletmeciligi\/wp-json\/wp\/v2\/users\/424"}],"replies":[{"embeddable":true,"href":"https:\/\/atauni.edu.tr\/turizm-isletmeciligi\/wp-json\/wp\/v2\/comments?post=6126"}],"version-history":[{"count":8,"href":"https:\/\/atauni.edu.tr\/turizm-isletmeciligi\/wp-json\/wp\/v2\/pages\/6126\/revisions"}],"predecessor-version":[{"id":6539,"href":"https:\/\/atauni.edu.tr\/turizm-isletmeciligi\/wp-json\/wp\/v2\/pages\/6126\/revisions\/6539"}],"wp:attachment":[{"href":"https:\/\/atauni.edu.tr\/turizm-isletmeciligi\/wp-json\/wp\/v2\/media?parent=6126"}],"curies":[{"name":"wp","href":"https:\/\/api.w.org\/{rel}","templated":true}]}}