{"id":6307,"date":"2023-09-29T17:39:53","date_gmt":"2023-09-29T14:39:53","guid":{"rendered":"https:\/\/birimler.atauni.edu.tr\/turizm-isletmeciligi\/?page_id=6307"},"modified":"2025-12-01T16:25:12","modified_gmt":"2025-12-01T13:25:12","slug":"danismanliklar","status":"publish","type":"page","link":"https:\/\/atauni.edu.tr\/turizm-isletmeciligi\/danismanliklar\/","title":{"rendered":"Dan\u0131\u015fmanl\u0131klar"},"content":{"rendered":"\t\t<div data-elementor-type=\"wp-page\" data-elementor-id=\"6307\" class=\"elementor elementor-6307\" data-elementor-post-type=\"page\">\n\t\t\t\t\t\t<section class=\"elementor-section elementor-top-section elementor-element elementor-element-3ffd69d9 elementor-section-boxed elementor-section-height-default elementor-section-height-default\" data-id=\"3ffd69d9\" data-element_type=\"section\">\n\t\t\t\t\t\t<div class=\"elementor-container elementor-column-gap-default\">\n\t\t\t\t\t<div class=\"elementor-column elementor-col-100 elementor-top-column elementor-element elementor-element-227f25df\" data-id=\"227f25df\" data-element_type=\"column\">\n\t\t\t<div class=\"elementor-widget-wrap elementor-element-populated\">\n\t\t\t\t\t\t<div class=\"elementor-element elementor-element-4d16ad1 elementor-widget-divider--view-line elementor-widget elementor-widget-divider\" data-id=\"4d16ad1\" data-element_type=\"widget\" data-widget_type=\"divider.default\">\n\t\t\t\t<div class=\"elementor-widget-container\">\n\t\t\t\t\t\t\t<div class=\"elementor-divider\">\n\t\t\t<span class=\"elementor-divider-separator\">\n\t\t\t\t\t\t<\/span>\n\t\t<\/div>\n\t\t\t\t\t\t<\/div>\n\t\t\t\t<\/div>\n\t\t\t\t<div class=\"elementor-element elementor-element-36be68bd elementor-widget elementor-widget-text-editor\" data-id=\"36be68bd\" data-element_type=\"widget\" data-widget_type=\"text-editor.default\">\n\t\t\t\t<div class=\"elementor-widget-container\">\n\t\t\t\t\t\t\t\t\t<p><\/p>\n<p><strong>1. S\u0131n\u0131f Dan\u0131\u015fmanlar\u0131:&nbsp;<\/strong><span style=\"font-weight: 700\">Ar\u015f. G\u00f6r. Dr. Fatma G\u00fcl YAZICILAR SOLA&nbsp;<\/span><br><strong>2. S\u0131n\u0131f Dan\u0131\u015fmanlar\u0131: Dr. \u00d6\u011fr. \u00dcyesi Serhan ORAL<\/strong><br><strong>3. S\u0131n\u0131f Dan\u0131\u015fmanlar\u0131:&nbsp;<\/strong><span style=\"font-weight: bolder\">Ar\u015f. G\u00f6r. Dr. Ay\u015fe Nur AKAN<\/span><br><strong>4. S\u0131n\u0131f Dan\u0131\u015fmanlar\u0131:&nbsp;<\/strong><span style=\"font-weight: bolder;font-size: 1rem;letter-spacing: 0px\">Ar\u015f. G\u00f6r. Dr. Osman \u00c7apan<\/span><\/p>\n<p><\/p>\t\t\t\t\t\t\t\t<\/div>\n\t\t\t\t<\/div>\n\t\t\t\t\t<\/div>\n\t\t<\/div>\n\t\t\t\t\t<\/div>\n\t\t<\/section>\n\t\t\t\t<\/div>\n\t\t","protected":false},"excerpt":{"rendered":"<p>1. S\u0131n\u0131f Dan\u0131\u015fmanlar\u0131:&nbsp;Ar\u015f. G\u00f6r. Dr. Fatma G\u00fcl YAZICILAR SOLA&nbsp;2. S\u0131n\u0131f Dan\u0131\u015fmanlar\u0131: Dr. \u00d6\u011fr. \u00dcyesi Serhan ORAL3. S\u0131n\u0131f Dan\u0131\u015fmanlar\u0131:&nbsp;Ar\u015f. G\u00f6r. Dr. Ay\u015fe Nur AKAN4. S\u0131n\u0131f Dan\u0131\u015fmanlar\u0131:&nbsp;Ar\u015f. G\u00f6r. Dr. Osman \u00c7apan<\/p>\n","protected":false},"author":556,"featured_media":0,"parent":0,"menu_order":0,"comment_status":"closed","ping_status":"closed","template":"","meta":{"footnotes":""},"class_list":["post-6307","page","type-page","status-publish","hentry"],"_links":{"self":[{"href":"https:\/\/atauni.edu.tr\/turizm-isletmeciligi\/wp-json\/wp\/v2\/pages\/6307","targetHints":{"allow":["GET"]}}],"collection":[{"href":"https:\/\/atauni.edu.tr\/turizm-isletmeciligi\/wp-json\/wp\/v2\/pages"}],"about":[{"href":"https:\/\/atauni.edu.tr\/turizm-isletmeciligi\/wp-json\/wp\/v2\/types\/page"}],"author":[{"embeddable":true,"href":"https:\/\/atauni.edu.tr\/turizm-isletmeciligi\/wp-json\/wp\/v2\/users\/556"}],"replies":[{"embeddable":true,"href":"https:\/\/atauni.edu.tr\/turizm-isletmeciligi\/wp-json\/wp\/v2\/comments?post=6307"}],"version-history":[{"count":16,"href":"https:\/\/atauni.edu.tr\/turizm-isletmeciligi\/wp-json\/wp\/v2\/pages\/6307\/revisions"}],"predecessor-version":[{"id":6536,"href":"https:\/\/atauni.edu.tr\/turizm-isletmeciligi\/wp-json\/wp\/v2\/pages\/6307\/revisions\/6536"}],"wp:attachment":[{"href":"https:\/\/atauni.edu.tr\/turizm-isletmeciligi\/wp-json\/wp\/v2\/media?parent=6307"}],"curies":[{"name":"wp","href":"https:\/\/api.w.org\/{rel}","templated":true}]}}