{"id":6338,"date":"2023-09-30T14:12:58","date_gmt":"2023-09-30T11:12:58","guid":{"rendered":"https:\/\/birimler.atauni.edu.tr\/turizm-isletmeciligi\/?page_id=6338"},"modified":"2023-09-30T14:56:48","modified_gmt":"2023-09-30T11:56:48","slug":"bolum-baskaninin-mesaji","status":"publish","type":"page","link":"https:\/\/atauni.edu.tr\/turizm-isletmeciligi\/bolum-baskaninin-mesaji\/","title":{"rendered":"B\u00f6l\u00fcm Ba\u015fkan\u0131n\u0131n Mesaj\u0131"},"content":{"rendered":"\t\t<div data-elementor-type=\"wp-page\" data-elementor-id=\"6338\" class=\"elementor elementor-6338\" data-elementor-post-type=\"page\">\n\t\t\t\t\t\t<section class=\"elementor-section elementor-top-section elementor-element elementor-element-46178066 elementor-section-boxed elementor-section-height-default elementor-section-height-default\" data-id=\"46178066\" data-element_type=\"section\">\n\t\t\t\t\t\t<div class=\"elementor-container elementor-column-gap-default\">\n\t\t\t\t\t<div class=\"elementor-column elementor-col-100 elementor-top-column elementor-element elementor-element-faeead7\" data-id=\"faeead7\" data-element_type=\"column\">\n\t\t\t<div class=\"elementor-widget-wrap elementor-element-populated\">\n\t\t\t\t\t\t<div class=\"elementor-element elementor-element-b82b031 elementor-widget-divider--view-line elementor-widget elementor-widget-divider\" data-id=\"b82b031\" data-element_type=\"widget\" data-widget_type=\"divider.default\">\n\t\t\t\t<div class=\"elementor-widget-container\">\n\t\t\t\t\t\t\t<div class=\"elementor-divider\">\n\t\t\t<span class=\"elementor-divider-separator\">\n\t\t\t\t\t\t<\/span>\n\t\t<\/div>\n\t\t\t\t\t\t<\/div>\n\t\t\t\t<\/div>\n\t\t\t\t<div class=\"elementor-element elementor-element-21ca5d00 elementor-widget elementor-widget-text-editor\" data-id=\"21ca5d00\" data-element_type=\"widget\" data-widget_type=\"text-editor.default\">\n\t\t\t\t<div class=\"elementor-widget-container\">\n\t\t\t\t\t\t\t\t\t\n<p>\u0130yi \u00f6\u011frenim g\u00f6rm\u00fc\u015f turizm i\u015fletmecilerine duyulan ihtiya\u00e7 san\u0131ld\u0131\u011f\u0131 gibi sadece otelcilik veya seyahat sekt\u00f6r\u00fc ile s\u0131n\u0131rl\u0131 de\u011fildir. Bir\u00e7ok farkl\u0131 alanda turizm i\u015fletmecili\u011fi mezunlar\u0131na ihtiya\u00e7 duyuldu\u011fu g\u00f6zlemlenmektedir. Mezunlar\u0131m\u0131z\u0131n turizm sekt\u00f6r\u00fcnde y\u00f6netici pozisyonunda g\u00f6revde olmalar\u0131 \u00f6nemli yer tutmaktad\u0131r. \u00d6zellikle Do\u011fu Anadolu B\u00f6lgesinde turizm i\u015fletmeleriyle kurmu\u015f oldu\u011fumuz yak\u0131n i\u015fbirli\u011fi, kar\u015f\u0131l\u0131kl\u0131 bilgi payla\u015f\u0131m\u0131 ve \u00f6\u011frencilere staj ve mezunlara istihdam imkanlar\u0131 sa\u011flam\u0131\u015ft\u0131r.<\/p>\n\n<p>Prof. Dr. G\u00f6kalp Nuri SEL\u00c7UK<\/p>\n\n<p>B\u00f6l\u00fcm Ba\u015fkan\u0131<\/p>\n\t\t\t\t\t\t\t\t<\/div>\n\t\t\t\t<\/div>\n\t\t\t\t\t<\/div>\n\t\t<\/div>\n\t\t\t\t\t<\/div>\n\t\t<\/section>\n\t\t\t\t<section class=\"elementor-section elementor-top-section elementor-element elementor-element-c986ef7 elementor-section-boxed elementor-section-height-default elementor-section-height-default\" data-id=\"c986ef7\" data-element_type=\"section\">\n\t\t\t\t\t\t<div class=\"elementor-container elementor-column-gap-default\">\n\t\t\t\t\t<div class=\"elementor-column elementor-col-100 elementor-top-column elementor-element elementor-element-f7a7395\" data-id=\"f7a7395\" data-element_type=\"column\">\n\t\t\t<div class=\"elementor-widget-wrap\">\n\t\t\t\t\t\t\t<\/div>\n\t\t<\/div>\n\t\t\t\t\t<\/div>\n\t\t<\/section>\n\t\t\t\t<\/div>\n\t\t","protected":false},"excerpt":{"rendered":"<p>\u0130yi \u00f6\u011frenim g\u00f6rm\u00fc\u015f turizm i\u015fletmecilerine duyulan ihtiya\u00e7 san\u0131ld\u0131\u011f\u0131 gibi sadece otelcilik veya seyahat sekt\u00f6r\u00fc ile s\u0131n\u0131rl\u0131 de\u011fildir. Bir\u00e7ok farkl\u0131 alanda turizm i\u015fletmecili\u011fi mezunlar\u0131na ihtiya\u00e7 duyuldu\u011fu g\u00f6zlemlenmektedir. Mezunlar\u0131m\u0131z\u0131n turizm sekt\u00f6r\u00fcnde y\u00f6netici pozisyonunda g\u00f6revde olmalar\u0131 \u00f6nemli yer tutmaktad\u0131r. \u00d6zellikle Do\u011fu Anadolu B\u00f6lgesinde turizm i\u015fletmeleriyle kurmu\u015f oldu\u011fumuz yak\u0131n i\u015fbirli\u011fi, kar\u015f\u0131l\u0131kl\u0131 bilgi payla\u015f\u0131m\u0131 ve \u00f6\u011frencilere staj ve mezunlara istihdam [&hellip;]<\/p>\n","protected":false},"author":556,"featured_media":0,"parent":0,"menu_order":0,"comment_status":"closed","ping_status":"closed","template":"","meta":{"footnotes":""},"class_list":["post-6338","page","type-page","status-publish","hentry"],"_links":{"self":[{"href":"https:\/\/atauni.edu.tr\/turizm-isletmeciligi\/wp-json\/wp\/v2\/pages\/6338","targetHints":{"allow":["GET"]}}],"collection":[{"href":"https:\/\/atauni.edu.tr\/turizm-isletmeciligi\/wp-json\/wp\/v2\/pages"}],"about":[{"href":"https:\/\/atauni.edu.tr\/turizm-isletmeciligi\/wp-json\/wp\/v2\/types\/page"}],"author":[{"embeddable":true,"href":"https:\/\/atauni.edu.tr\/turizm-isletmeciligi\/wp-json\/wp\/v2\/users\/556"}],"replies":[{"embeddable":true,"href":"https:\/\/atauni.edu.tr\/turizm-isletmeciligi\/wp-json\/wp\/v2\/comments?post=6338"}],"version-history":[{"count":17,"href":"https:\/\/atauni.edu.tr\/turizm-isletmeciligi\/wp-json\/wp\/v2\/pages\/6338\/revisions"}],"predecessor-version":[{"id":6397,"href":"https:\/\/atauni.edu.tr\/turizm-isletmeciligi\/wp-json\/wp\/v2\/pages\/6338\/revisions\/6397"}],"wp:attachment":[{"href":"https:\/\/atauni.edu.tr\/turizm-isletmeciligi\/wp-json\/wp\/v2\/media?parent=6338"}],"curies":[{"name":"wp","href":"https:\/\/api.w.org\/{rel}","templated":true}]}}