{"id":6456,"date":"2025-06-24T14:31:34","date_gmt":"2025-06-24T11:31:34","guid":{"rendered":"https:\/\/birimler.atauni.edu.tr\/turizm-isletmeciligi\/?page_id=6456"},"modified":"2025-06-24T14:32:28","modified_gmt":"2025-06-24T11:32:28","slug":"program-ogrenim-amaclari","status":"publish","type":"page","link":"https:\/\/atauni.edu.tr\/turizm-isletmeciligi\/program-ogrenim-amaclari\/","title":{"rendered":"Program \u00d6\u011frenim Ama\u00e7lar\u0131"},"content":{"rendered":"\t\t<div data-elementor-type=\"wp-page\" data-elementor-id=\"6456\" class=\"elementor elementor-6456\" data-elementor-post-type=\"page\">\n\t\t\t\t\t\t<section class=\"elementor-section elementor-top-section elementor-element elementor-element-63d130d elementor-section-boxed elementor-section-height-default elementor-section-height-default\" data-id=\"63d130d\" data-element_type=\"section\">\n\t\t\t\t\t\t<div class=\"elementor-container elementor-column-gap-default\">\n\t\t\t\t\t<div class=\"elementor-column elementor-col-100 elementor-top-column elementor-element elementor-element-6659a45\" data-id=\"6659a45\" data-element_type=\"column\">\n\t\t\t<div class=\"elementor-widget-wrap elementor-element-populated\">\n\t\t\t\t\t\t<div class=\"elementor-element elementor-element-0310b3f elementor-widget elementor-widget-text-editor\" data-id=\"0310b3f\" data-element_type=\"widget\" data-widget_type=\"text-editor.default\">\n\t\t\t\t<div class=\"elementor-widget-container\">\n\t\t\t\t\t\t\t\t\t<p>P\u00d6A-1: Program, turizm i\u015fletmelerinde istihdam edilmek \u00fczere yabanc\u0131 dil bilen, mesleki ve etik ilkelere ba\u011fl\u0131 orta ve \u00fcst d\u00fczey y\u00f6netici adaylar\u0131 yeti\u015ftirir.<\/p><p>P\u00d6A-2: Turizm i\u015fletmelerinde hizmet verme s\u00fcre\u00e7lerini bilen ve misafir memnuniyeti sa\u011flayacak \u015fekilde yerine getiren \u00e7al\u0131\u015fanlar yeti\u015ftirmek.<\/p><p>P\u00d6A-3: Turizm i\u015fletmelerini (otel i\u015fletmesi, seyahat i\u015fletmesi, yiyecek i\u00e7ecek i\u015fletmesi vb) etkin bir \u015fekilde y\u00f6netebilecek y\u00f6netim teorilerini ve uygulamalar\u0131n\u0131 bilir ve uygular.<\/p><p>P\u00d6A-4: Bilimsel \u00e7al\u0131\u015fmalar yapmak, turizm i\u015fletmecili\u011fi alan\u0131nda faaliyette bulunan i\u015fletmelere, i\u00e7 ve d\u0131\u015f payda\u015flara uygulamal\u0131 veya teorik e\u011fitimlerle katk\u0131 sa\u011flamak.<\/p><p>P\u00d6A-5: Turizm sekt\u00f6r\u00fcnde dijital d\u00f6n\u00fc\u015f\u00fcm, s\u00fcrd\u00fcr\u00fclebilirlik ve yenilik\u00e7ilik gibi g\u00fcncel e\u011filimleri takip eden, bu alanlarda strateji geli\u015ftirme ve uygulama becerisine sahip bireyler yeti\u015ftirmek.<\/p><p>P\u00d6A-6: K\u00fclt\u00fcrel farkl\u0131l\u0131klara duyarl\u0131, ulusal ve uluslararas\u0131 d\u00fczeyde etkili ileti\u015fim kurabilen, tak\u0131m \u00e7al\u0131\u015fmas\u0131na yatk\u0131n ve liderlik vas\u0131flar\u0131 geli\u015fmi\u015f profesyoneller yeti\u015ftirmek.<\/p><p>P\u00d6A-7: Turizm alan\u0131nda kar\u015f\u0131la\u015f\u0131lan sorunlara ele\u015ftirel bak\u0131\u015f a\u00e7\u0131s\u0131yla yakla\u015fan, analitik d\u00fc\u015f\u00fcnme yetene\u011fine sahip, \u00e7\u00f6z\u00fcm odakl\u0131 ve giri\u015fimci bireyler yeti\u015ftirmek.<\/p>\t\t\t\t\t\t\t\t<\/div>\n\t\t\t\t<\/div>\n\t\t\t\t\t<\/div>\n\t\t<\/div>\n\t\t\t\t\t<\/div>\n\t\t<\/section>\n\t\t\t\t<\/div>\n\t\t","protected":false},"excerpt":{"rendered":"<p>P\u00d6A-1: Program, turizm i\u015fletmelerinde istihdam edilmek \u00fczere yabanc\u0131 dil bilen, mesleki ve etik ilkelere ba\u011fl\u0131 orta ve \u00fcst d\u00fczey y\u00f6netici adaylar\u0131 yeti\u015ftirir. P\u00d6A-2: Turizm i\u015fletmelerinde hizmet verme s\u00fcre\u00e7lerini bilen ve misafir memnuniyeti sa\u011flayacak \u015fekilde yerine getiren \u00e7al\u0131\u015fanlar yeti\u015ftirmek. P\u00d6A-3: Turizm i\u015fletmelerini (otel i\u015fletmesi, seyahat i\u015fletmesi, yiyecek i\u00e7ecek i\u015fletmesi vb) etkin bir \u015fekilde y\u00f6netebilecek y\u00f6netim teorilerini [&hellip;]<\/p>\n","protected":false},"author":556,"featured_media":0,"parent":0,"menu_order":0,"comment_status":"closed","ping_status":"closed","template":"","meta":{"footnotes":""},"class_list":["post-6456","page","type-page","status-publish","hentry"],"_links":{"self":[{"href":"https:\/\/atauni.edu.tr\/turizm-isletmeciligi\/wp-json\/wp\/v2\/pages\/6456","targetHints":{"allow":["GET"]}}],"collection":[{"href":"https:\/\/atauni.edu.tr\/turizm-isletmeciligi\/wp-json\/wp\/v2\/pages"}],"about":[{"href":"https:\/\/atauni.edu.tr\/turizm-isletmeciligi\/wp-json\/wp\/v2\/types\/page"}],"author":[{"embeddable":true,"href":"https:\/\/atauni.edu.tr\/turizm-isletmeciligi\/wp-json\/wp\/v2\/users\/556"}],"replies":[{"embeddable":true,"href":"https:\/\/atauni.edu.tr\/turizm-isletmeciligi\/wp-json\/wp\/v2\/comments?post=6456"}],"version-history":[{"count":4,"href":"https:\/\/atauni.edu.tr\/turizm-isletmeciligi\/wp-json\/wp\/v2\/pages\/6456\/revisions"}],"predecessor-version":[{"id":6460,"href":"https:\/\/atauni.edu.tr\/turizm-isletmeciligi\/wp-json\/wp\/v2\/pages\/6456\/revisions\/6460"}],"wp:attachment":[{"href":"https:\/\/atauni.edu.tr\/turizm-isletmeciligi\/wp-json\/wp\/v2\/media?parent=6456"}],"curies":[{"name":"wp","href":"https:\/\/api.w.org\/{rel}","templated":true}]}}