{"id":6139,"date":"2021-12-09T18:22:50","date_gmt":"2021-12-09T15:22:50","guid":{"rendered":"http:\/\/birimler.atauni.edu.tr\/turizm-rehberligi\/?page_id=6139"},"modified":"2024-09-20T13:25:16","modified_gmt":"2024-09-20T10:25:16","slug":"program-profili","status":"publish","type":"page","link":"https:\/\/atauni.edu.tr\/turizm-rehberligi\/program-profili\/","title":{"rendered":"Program Profili"},"content":{"rendered":"\t\t<div data-elementor-type=\"wp-page\" data-elementor-id=\"6139\" class=\"elementor elementor-6139\" data-elementor-post-type=\"page\">\n\t\t\t\t\t\t<section class=\"elementor-section elementor-top-section elementor-element elementor-element-0bcec42 elementor-section-boxed elementor-section-height-default elementor-section-height-default\" data-id=\"0bcec42\" data-element_type=\"section\">\n\t\t\t\t\t\t<div class=\"elementor-container elementor-column-gap-default\">\n\t\t\t\t\t<div class=\"elementor-column elementor-col-100 elementor-top-column elementor-element elementor-element-382a1eb\" data-id=\"382a1eb\" data-element_type=\"column\">\n\t\t\t<div class=\"elementor-widget-wrap elementor-element-populated\">\n\t\t\t\t\t\t<div class=\"elementor-element elementor-element-498dc94 elementor-widget elementor-widget-text-editor\" data-id=\"498dc94\" data-element_type=\"widget\" data-widget_type=\"text-editor.default\">\n\t\t\t\t<div class=\"elementor-widget-container\">\n\t\t\t\t\t\t\t\t\t<p>Turizm Rehberli\u011fi program\u0131nda \u00f6\u011frencilere, h\u0131zla geli\u015fmekte olan Turizm sekt\u00f6r\u00fcn\u00fcn, \u00e7a\u011fda\u015f ve e\u011fitimli eleman ihtiyac\u0131 dikkate al\u0131narak, e\u011fitim verilmektedir. Program\u0131n amac\u0131, turizm sekt\u00f6r\u00fcnde faaliyet g\u00f6steren seyahat acentelerinde ya da ba\u011f\u0131ms\u0131z \u00e7al\u0131\u015fmak \u00fczere turist rehberi yeti\u015ftirmek, bu ama\u00e7la \u00f6\u011frencileri ilgili sekt\u00f6re ait t\u00fcm alt yap\u0131 bilgi ve becerileri ile donatmak ve bu bilgi beceriler ile e\u011fitim sonras\u0131 i\u015f hayat\u0131na at\u0131lmalar\u0131n\u0131 sa\u011flamakt\u0131r. Bu ama\u00e7 do\u011frultusunda iyi derecede yabanc\u0131 dil bilen, T\u00fcrkiye ve D\u00fcnyay\u0131 tarihi ve co\u011frafyas\u0131yla en iyi \u015fekilde tan\u0131yan, farkl\u0131 k\u00fclt\u00fcrleri iyi tan\u0131yan ve ba\u015fkalar\u0131na aktarabilen, etkili ileti\u015fim becerisine sahip, analitik d\u00fc\u015f\u00fcnebilen, sorun \u00e7\u00f6zme, y\u00f6netim ve organizasyon bilgisi ve yetene\u011fi geli\u015fmi\u015f, ho\u015fg\u00f6r\u00fc, nezaket, sayg\u0131, d\u00fcr\u00fcstl\u00fck gibi temel sosyal de\u011ferlere sahip, \u00fclke imaj\u0131n\u0131 turistlere olumlu bir \u015fekilde aktarabilecek meslek ahlak\u0131na sahip, liderlik ve temsil yetene\u011fi olan nitelikli turist rehberleri adaylar\u0131 yeti\u015ftirilmesi hedeflenmektedir.<\/p>\t\t\t\t\t\t\t\t<\/div>\n\t\t\t\t<\/div>\n\t\t\t\t\t<\/div>\n\t\t<\/div>\n\t\t\t\t\t<\/div>\n\t\t<\/section>\n\t\t\t\t<\/div>\n\t\t","protected":false},"excerpt":{"rendered":"<p>Turizm Rehberli\u011fi program\u0131nda \u00f6\u011frencilere, h\u0131zla geli\u015fmekte olan Turizm sekt\u00f6r\u00fcn\u00fcn, \u00e7a\u011fda\u015f ve e\u011fitimli eleman ihtiyac\u0131 dikkate al\u0131narak, e\u011fitim verilmektedir. Program\u0131n amac\u0131, turizm sekt\u00f6r\u00fcnde faaliyet g\u00f6steren seyahat acentelerinde ya da ba\u011f\u0131ms\u0131z \u00e7al\u0131\u015fmak \u00fczere turist rehberi yeti\u015ftirmek, bu ama\u00e7la \u00f6\u011frencileri ilgili sekt\u00f6re ait t\u00fcm alt yap\u0131 bilgi ve becerileri ile donatmak ve bu bilgi beceriler ile e\u011fitim sonras\u0131 [&hellip;]<\/p>\n","protected":false},"author":425,"featured_media":0,"parent":0,"menu_order":0,"comment_status":"closed","ping_status":"closed","template":"","meta":{"footnotes":""},"class_list":["post-6139","page","type-page","status-publish","hentry"],"_links":{"self":[{"href":"https:\/\/atauni.edu.tr\/turizm-rehberligi\/wp-json\/wp\/v2\/pages\/6139","targetHints":{"allow":["GET"]}}],"collection":[{"href":"https:\/\/atauni.edu.tr\/turizm-rehberligi\/wp-json\/wp\/v2\/pages"}],"about":[{"href":"https:\/\/atauni.edu.tr\/turizm-rehberligi\/wp-json\/wp\/v2\/types\/page"}],"author":[{"embeddable":true,"href":"https:\/\/atauni.edu.tr\/turizm-rehberligi\/wp-json\/wp\/v2\/users\/425"}],"replies":[{"embeddable":true,"href":"https:\/\/atauni.edu.tr\/turizm-rehberligi\/wp-json\/wp\/v2\/comments?post=6139"}],"version-history":[{"count":16,"href":"https:\/\/atauni.edu.tr\/turizm-rehberligi\/wp-json\/wp\/v2\/pages\/6139\/revisions"}],"predecessor-version":[{"id":6333,"href":"https:\/\/atauni.edu.tr\/turizm-rehberligi\/wp-json\/wp\/v2\/pages\/6139\/revisions\/6333"}],"wp:attachment":[{"href":"https:\/\/atauni.edu.tr\/turizm-rehberligi\/wp-json\/wp\/v2\/media?parent=6139"}],"curies":[{"name":"wp","href":"https:\/\/api.w.org\/{rel}","templated":true}]}}