{"id":6182,"date":"2021-12-09T19:05:46","date_gmt":"2021-12-09T16:05:46","guid":{"rendered":"http:\/\/birimler.atauni.edu.tr\/turizm-rehberligi\/?page_id=6182"},"modified":"2021-12-10T12:47:16","modified_gmt":"2021-12-10T09:47:16","slug":"mezuniyet-kosullari","status":"publish","type":"page","link":"https:\/\/atauni.edu.tr\/turizm-rehberligi\/mezuniyet-kosullari\/","title":{"rendered":"Mezuniyet Ko\u015fullar\u0131"},"content":{"rendered":"\t\t<div data-elementor-type=\"wp-page\" data-elementor-id=\"6182\" class=\"elementor elementor-6182\" data-elementor-post-type=\"page\">\n\t\t\t\t\t\t<section class=\"elementor-section elementor-top-section elementor-element elementor-element-3827d68 elementor-section-boxed elementor-section-height-default elementor-section-height-default\" data-id=\"3827d68\" data-element_type=\"section\">\n\t\t\t\t\t\t<div class=\"elementor-container elementor-column-gap-default\">\n\t\t\t\t\t<div class=\"elementor-column elementor-col-100 elementor-top-column elementor-element elementor-element-aa18aea\" data-id=\"aa18aea\" data-element_type=\"column\">\n\t\t\t<div class=\"elementor-widget-wrap elementor-element-populated\">\n\t\t\t\t\t\t<div class=\"elementor-element elementor-element-b73f2af elementor-widget elementor-widget-text-editor\" data-id=\"b73f2af\" data-element_type=\"widget\" data-widget_type=\"text-editor.default\">\n\t\t\t\t<div class=\"elementor-widget-container\">\n\t\t\t\t\t\t\t\t\t<p>Program\u0131 ba\u015far\u0131yla tamamlamak i\u00e7in programda mevcut olan derslerin t\u00fcm\u00fcn\u00fc (240 AKTS kar\u015f\u0131l\u0131\u011f\u0131) ge\u00e7mek, 4.00 \u00fczerinden en az 2.0 a\u011f\u0131rl\u0131kl\u0131 not ortalamas\u0131 elde etmek, bitirme tezini ba\u015far\u0131yla tamamlamak ve turizm i\u015fletmelerinde 90 i\u015fg\u00fcn\u00fc staj yapmak gerekmektedir.\u200b<\/p>\t\t\t\t\t\t\t\t<\/div>\n\t\t\t\t<\/div>\n\t\t\t\t\t<\/div>\n\t\t<\/div>\n\t\t\t\t\t<\/div>\n\t\t<\/section>\n\t\t\t\t<\/div>\n\t\t","protected":false},"excerpt":{"rendered":"<p>Program\u0131 ba\u015far\u0131yla tamamlamak i\u00e7in programda mevcut olan derslerin t\u00fcm\u00fcn\u00fc (240 AKTS kar\u015f\u0131l\u0131\u011f\u0131) ge\u00e7mek, 4.00 \u00fczerinden en az 2.0 a\u011f\u0131rl\u0131kl\u0131 not ortalamas\u0131 elde etmek, bitirme tezini ba\u015far\u0131yla tamamlamak ve turizm i\u015fletmelerinde 90 i\u015fg\u00fcn\u00fc staj yapmak gerekmektedir.\u200b<\/p>\n","protected":false},"author":425,"featured_media":0,"parent":0,"menu_order":0,"comment_status":"closed","ping_status":"closed","template":"","meta":{"footnotes":""},"class_list":["post-6182","page","type-page","status-publish","hentry"],"_links":{"self":[{"href":"https:\/\/atauni.edu.tr\/turizm-rehberligi\/wp-json\/wp\/v2\/pages\/6182","targetHints":{"allow":["GET"]}}],"collection":[{"href":"https:\/\/atauni.edu.tr\/turizm-rehberligi\/wp-json\/wp\/v2\/pages"}],"about":[{"href":"https:\/\/atauni.edu.tr\/turizm-rehberligi\/wp-json\/wp\/v2\/types\/page"}],"author":[{"embeddable":true,"href":"https:\/\/atauni.edu.tr\/turizm-rehberligi\/wp-json\/wp\/v2\/users\/425"}],"replies":[{"embeddable":true,"href":"https:\/\/atauni.edu.tr\/turizm-rehberligi\/wp-json\/wp\/v2\/comments?post=6182"}],"version-history":[{"count":13,"href":"https:\/\/atauni.edu.tr\/turizm-rehberligi\/wp-json\/wp\/v2\/pages\/6182\/revisions"}],"predecessor-version":[{"id":6339,"href":"https:\/\/atauni.edu.tr\/turizm-rehberligi\/wp-json\/wp\/v2\/pages\/6182\/revisions\/6339"}],"wp:attachment":[{"href":"https:\/\/atauni.edu.tr\/turizm-rehberligi\/wp-json\/wp\/v2\/media?parent=6182"}],"curies":[{"name":"wp","href":"https:\/\/api.w.org\/{rel}","templated":true}]}}