{"id":6190,"date":"2021-12-09T19:08:46","date_gmt":"2021-12-09T16:08:46","guid":{"rendered":"http:\/\/birimler.atauni.edu.tr\/turizm-rehberligi\/?page_id=6190"},"modified":"2025-07-09T09:37:45","modified_gmt":"2025-07-09T06:37:45","slug":"mezunlarin-mesleki-profilleri-ve-kariyer-olanaklari","status":"publish","type":"page","link":"https:\/\/atauni.edu.tr\/turizm-rehberligi\/mezunlarin-mesleki-profilleri-ve-kariyer-olanaklari\/","title":{"rendered":"Mezunlar\u0131n Mesleki Profilleri ve Kariyer Olanaklar\u0131"},"content":{"rendered":"\t\t<div data-elementor-type=\"wp-page\" data-elementor-id=\"6190\" class=\"elementor elementor-6190\" data-elementor-post-type=\"page\">\n\t\t\t\t\t\t<section class=\"elementor-section elementor-top-section elementor-element elementor-element-d0eb43a elementor-section-boxed elementor-section-height-default elementor-section-height-default\" data-id=\"d0eb43a\" data-element_type=\"section\">\n\t\t\t\t\t\t<div class=\"elementor-container elementor-column-gap-default\">\n\t\t\t\t\t<div class=\"elementor-column elementor-col-100 elementor-top-column elementor-element elementor-element-70f1436\" data-id=\"70f1436\" data-element_type=\"column\">\n\t\t\t<div class=\"elementor-widget-wrap elementor-element-populated\">\n\t\t\t\t\t\t<div class=\"elementor-element elementor-element-ef24618 elementor-widget elementor-widget-text-editor\" data-id=\"ef24618\" data-element_type=\"widget\" data-widget_type=\"text-editor.default\">\n\t\t\t\t<div class=\"elementor-widget-container\">\n\t\t\t\t\t\t\t\t\t<ul><li data-start=\"328\" data-end=\"578\"><p data-start=\"331\" data-end=\"578\"><strong data-start=\"331\" data-end=\"365\">Profesyonel Turist Rehberli\u011fi:<\/strong><br data-start=\"365\" data-end=\"368\" \/>Mezunlar, gerekli ko\u015fullar\u0131 sa\u011flad\u0131klar\u0131 takdirde <b><em data-start=\"421\" data-end=\"449\">Profesyonel Turist Rehberi<\/em> <\/b>olarak \u00e7al\u0131\u015fabilirler. Bu meslek, hem \u00fclke i\u00e7inde hem de yurt d\u0131\u015f\u0131nda yo\u011fun talep g\u00f6ren, sayg\u0131n ve dinamik bir kariyer alan\u0131d\u0131r.<\/p><\/li><li data-start=\"328\" data-end=\"578\"><p data-start=\"331\" data-end=\"578\"><strong data-start=\"583\" data-end=\"632\">Yurt D\u0131\u015f\u0131 ve Yurt \u0130\u00e7i Turlarda Tur Liderli\u011fi:<\/strong><br data-start=\"632\" data-end=\"635\" \/>Mezunlar, ulusal ve uluslararas\u0131 seyahatlerde <em data-start=\"684\" data-end=\"696\">tur lideri<\/em> olarak g\u00f6rev alabilirler. Bu pozisyon, k\u00fclt\u00fcrel bilgi ve ileti\u015fim becerilerini aktif bi\u00e7imde kullanma f\u0131rsat\u0131 sunar.<\/p><\/li><li data-start=\"815\" data-end=\"1015\"><p data-start=\"818\" data-end=\"1015\"><strong data-start=\"818\" data-end=\"855\">Seyahat Acentelerinde G\u00f6rev Alma:<\/strong><br data-start=\"855\" data-end=\"858\" \/>Mezunlar, yerli ve yabanc\u0131 turistlere hizmet veren seyahat acentelerinde planlama, rezervasyon, sat\u0131\u015f ve operasyon gibi birimlerde istihdam edilebilirler.<\/p><\/li><li data-start=\"1017\" data-end=\"1226\"><p data-start=\"1020\" data-end=\"1226\"><strong data-start=\"1020\" data-end=\"1065\">Serbest (Freelance) Rehberlik Olanaklar\u0131:<\/strong><br data-start=\"1065\" data-end=\"1068\" \/>Bireysel \u00e7al\u0131\u015fma yetkinli\u011fi kazanan mezunlar, ba\u011f\u0131ms\u0131z rehber olarak kendi tur programlar\u0131n\u0131 d\u00fczenleyebilir ve serbest meslek erbab\u0131 olarak \u00e7al\u0131\u015fabilirler.<\/p><\/li><li data-start=\"1228\" data-end=\"1473\"><p data-start=\"1231\" data-end=\"1473\"><strong data-start=\"1231\" data-end=\"1287\">K\u00fclt\u00fcr ve Turizm Bakanl\u0131\u011f\u0131 \u0130l M\u00fcd\u00fcrl\u00fcklerinde G\u00f6rev:<\/strong><br data-start=\"1287\" data-end=\"1290\" \/>Mezunlar, K\u00fclt\u00fcr ve Turizm Bakanl\u0131\u011f\u0131&#8217;na ba\u011fl\u0131 il m\u00fcd\u00fcrl\u00fcklerinde kamu g\u00f6revlisi olarak \u00e7al\u0131\u015fabilir; tan\u0131t\u0131m, envanterleme, organizasyon ve denetim gibi alanlarda g\u00f6rev alabilirler.<\/p><\/li><li data-start=\"1714\" data-end=\"1909\"><p data-start=\"1717\" data-end=\"1909\"><strong data-start=\"1717\" data-end=\"1777\">Turizmle \u0130lgili Akademik ve E\u011fitim Kurumlar\u0131nda Kariyer:<\/strong><br data-start=\"1777\" data-end=\"1780\" \/>Lisans\u00fcst\u00fc e\u011fitimle birlikte \u00fcniversitelerde veya meslek okullar\u0131nda \u00f6\u011fretim g\u00f6revlisi ya da e\u011fitmen olarak g\u00f6rev alabilirler.<\/p><\/li><li data-start=\"1914\" data-end=\"2113\"><strong data-start=\"1914\" data-end=\"1960\">Rehberlik D\u0131\u015f\u0131 Alternatif Turizm Alanlar\u0131:<\/strong><br data-start=\"1960\" data-end=\"1963\" \/>Eko-turizm, k\u00fclt\u00fcr turizmi, sa\u011fl\u0131k turizmi gibi \u00f6zel alanlarda proje y\u00fcr\u00fct\u00fcc\u00fcs\u00fc, dan\u0131\u015fman veya giri\u015fimci olarak da kariyer f\u0131rsatlar\u0131 bulabilirler.<\/li><li><strong data-start=\"1478\" data-end=\"1525\">Turizm \u0130\u015fletmelerinde Y\u00f6netsel Pozisyonlar:<\/strong><br data-start=\"1525\" data-end=\"1528\" \/>Edindikleri bilgi ve donan\u0131mla oteller, tatil k\u00f6yleri ve turizm tesislerinde y\u00f6netici asistan\u0131, etkinlik sorumlusu veya halkla ili\u015fkiler uzman\u0131 gibi pozisyonlarda g\u00f6rev alabilirler.<\/li><\/ul>\t\t\t\t\t\t\t\t<\/div>\n\t\t\t\t<\/div>\n\t\t\t\t\t<\/div>\n\t\t<\/div>\n\t\t\t\t\t<\/div>\n\t\t<\/section>\n\t\t\t\t<\/div>\n\t\t","protected":false},"excerpt":{"rendered":"<p>Profesyonel Turist Rehberli\u011fi:Mezunlar, gerekli ko\u015fullar\u0131 sa\u011flad\u0131klar\u0131 takdirde Profesyonel Turist Rehberi olarak \u00e7al\u0131\u015fabilirler. Bu meslek, hem \u00fclke i\u00e7inde hem de yurt d\u0131\u015f\u0131nda yo\u011fun talep g\u00f6ren, sayg\u0131n ve dinamik bir kariyer alan\u0131d\u0131r. Yurt D\u0131\u015f\u0131 ve Yurt \u0130\u00e7i Turlarda Tur Liderli\u011fi:Mezunlar, ulusal ve uluslararas\u0131 seyahatlerde tur lideri olarak g\u00f6rev alabilirler. Bu pozisyon, k\u00fclt\u00fcrel bilgi ve ileti\u015fim becerilerini aktif [&hellip;]<\/p>\n","protected":false},"author":425,"featured_media":0,"parent":0,"menu_order":0,"comment_status":"closed","ping_status":"closed","template":"","meta":{"footnotes":""},"class_list":["post-6190","page","type-page","status-publish","hentry"],"_links":{"self":[{"href":"https:\/\/atauni.edu.tr\/turizm-rehberligi\/wp-json\/wp\/v2\/pages\/6190","targetHints":{"allow":["GET"]}}],"collection":[{"href":"https:\/\/atauni.edu.tr\/turizm-rehberligi\/wp-json\/wp\/v2\/pages"}],"about":[{"href":"https:\/\/atauni.edu.tr\/turizm-rehberligi\/wp-json\/wp\/v2\/types\/page"}],"author":[{"embeddable":true,"href":"https:\/\/atauni.edu.tr\/turizm-rehberligi\/wp-json\/wp\/v2\/users\/425"}],"replies":[{"embeddable":true,"href":"https:\/\/atauni.edu.tr\/turizm-rehberligi\/wp-json\/wp\/v2\/comments?post=6190"}],"version-history":[{"count":17,"href":"https:\/\/atauni.edu.tr\/turizm-rehberligi\/wp-json\/wp\/v2\/pages\/6190\/revisions"}],"predecessor-version":[{"id":7726,"href":"https:\/\/atauni.edu.tr\/turizm-rehberligi\/wp-json\/wp\/v2\/pages\/6190\/revisions\/7726"}],"wp:attachment":[{"href":"https:\/\/atauni.edu.tr\/turizm-rehberligi\/wp-json\/wp\/v2\/media?parent=6190"}],"curies":[{"name":"wp","href":"https:\/\/api.w.org\/{rel}","templated":true}]}}