{"id":6262,"date":"2021-12-09T20:53:16","date_gmt":"2021-12-09T17:53:16","guid":{"rendered":"http:\/\/birimler.atauni.edu.tr\/turizm-rehberligi\/?page_id=6262"},"modified":"2025-10-31T09:15:18","modified_gmt":"2025-10-31T06:15:18","slug":"mevzuat","status":"publish","type":"page","link":"https:\/\/atauni.edu.tr\/turizm-rehberligi\/mevzuat\/","title":{"rendered":"Mevzuat"},"content":{"rendered":"\t\t<div data-elementor-type=\"wp-page\" data-elementor-id=\"6262\" class=\"elementor elementor-6262\" data-elementor-post-type=\"page\">\n\t\t\t\t\t\t<section class=\"elementor-section elementor-top-section elementor-element elementor-element-5eb2b5a elementor-section-boxed elementor-section-height-default elementor-section-height-default\" data-id=\"5eb2b5a\" data-element_type=\"section\">\n\t\t\t\t\t\t<div class=\"elementor-container elementor-column-gap-default\">\n\t\t\t\t\t<div class=\"elementor-column elementor-col-100 elementor-top-column elementor-element elementor-element-8353d17\" data-id=\"8353d17\" data-element_type=\"column\">\n\t\t\t<div class=\"elementor-widget-wrap elementor-element-populated\">\n\t\t\t\t\t\t<div class=\"elementor-element elementor-element-46847f7 elementor-widget elementor-widget-button\" data-id=\"46847f7\" data-element_type=\"widget\" data-widget_type=\"button.default\">\n\t\t\t\t<div class=\"elementor-widget-container\">\n\t\t\t\t\t\t\t\t\t<div class=\"elementor-button-wrapper\">\n\t\t\t\t\t<a class=\"elementor-button elementor-button-link elementor-size-sm\" href=\"https:\/\/www.resmigazete.gov.tr\/eskiler\/2024\/11\/20241107-4.htm\">\n\t\t\t\t\t\t<span class=\"elementor-button-content-wrapper\">\n\t\t\t\t\t\t<span class=\"elementor-button-icon\">\n\t\t\t\t<i aria-hidden=\"true\" class=\"far fa-check-circle\"><\/i>\t\t\t<\/span>\n\t\t\t\t\t\t\t\t\t<span class=\"elementor-button-text\">Turist Rehberli\u011fi Meslek Y\u00f6netmeli\u011fi<\/span>\n\t\t\t\t\t<\/span>\n\t\t\t\t\t<\/a>\n\t\t\t\t<\/div>\n\t\t\t\t\t\t\t\t<\/div>\n\t\t\t\t<\/div>\n\t\t\t\t\t<\/div>\n\t\t<\/div>\n\t\t\t\t\t<\/div>\n\t\t<\/section>\n\t\t\t\t<section class=\"elementor-section elementor-top-section elementor-element elementor-element-78bf24d elementor-section-boxed elementor-section-height-default elementor-section-height-default\" data-id=\"78bf24d\" data-element_type=\"section\">\n\t\t\t\t\t\t<div class=\"elementor-container elementor-column-gap-default\">\n\t\t\t\t\t<div class=\"elementor-column elementor-col-100 elementor-top-column elementor-element elementor-element-e6a9d0d\" data-id=\"e6a9d0d\" data-element_type=\"column\">\n\t\t\t<div class=\"elementor-widget-wrap elementor-element-populated\">\n\t\t\t\t\t\t<div class=\"elementor-element elementor-element-35c2f36 elementor-widget elementor-widget-button\" data-id=\"35c2f36\" data-element_type=\"widget\" data-widget_type=\"button.default\">\n\t\t\t\t<div class=\"elementor-widget-container\">\n\t\t\t\t\t\t\t\t\t<div class=\"elementor-button-wrapper\">\n\t\t\t\t\t<a class=\"elementor-button elementor-button-link elementor-size-sm\" href=\"https:\/\/birimler.atauni.edu.tr\/turizm-fakultesi\/staj-yonergeleri\/\">\n\t\t\t\t\t\t<span class=\"elementor-button-content-wrapper\">\n\t\t\t\t\t\t<span class=\"elementor-button-icon\">\n\t\t\t\t<i aria-hidden=\"true\" class=\"far fa-check-circle\"><\/i>\t\t\t<\/span>\n\t\t\t\t\t\t\t\t\t<span class=\"elementor-button-text\">Turizm Fak\u00fcltesi Staj-Uygulama-Esaslar\u0131<\/span>\n\t\t\t\t\t<\/span>\n\t\t\t\t\t<\/a>\n\t\t\t\t<\/div>\n\t\t\t\t\t\t\t\t<\/div>\n\t\t\t\t<\/div>\n\t\t\t\t<div class=\"elementor-element elementor-element-62f3dee elementor-widget elementor-widget-button\" data-id=\"62f3dee\" data-element_type=\"widget\" data-widget_type=\"button.default\">\n\t\t\t\t<div class=\"elementor-widget-container\">\n\t\t\t\t\t\t\t\t\t<div class=\"elementor-button-wrapper\">\n\t\t\t\t\t<a class=\"elementor-button elementor-button-link elementor-size-sm\" href=\"https:\/\/obs.atauni.edu.tr\/moduller\/dbp\/eobs\/birimDetay\/3715\/Turizm%20Rehberli%C4%9Fi%20Program%C4%B1%20(3715)?\">\n\t\t\t\t\t\t<span class=\"elementor-button-content-wrapper\">\n\t\t\t\t\t\t<span class=\"elementor-button-icon\">\n\t\t\t\t<i aria-hidden=\"true\" class=\"far fa-check-circle\"><\/i>\t\t\t<\/span>\n\t\t\t\t\t\t\t\t\t<span class=\"elementor-button-text\">Turizm Rehberli\u011fi B\u00f6l\u00fcm\u00fc M\u00fcfredat\u0131<\/span>\n\t\t\t\t\t<\/span>\n\t\t\t\t\t<\/a>\n\t\t\t\t<\/div>\n\t\t\t\t\t\t\t\t<\/div>\n\t\t\t\t<\/div>\n\t\t\t\t\t<\/div>\n\t\t<\/div>\n\t\t\t\t\t<\/div>\n\t\t<\/section>\n\t\t\t\t<\/div>\n\t\t","protected":false},"excerpt":{"rendered":"<p>Turist Rehberli\u011fi Meslek Y\u00f6netmeli\u011fi Turizm Fak\u00fcltesi Staj-Uygulama-Esaslar\u0131 Turizm Rehberli\u011fi B\u00f6l\u00fcm\u00fc M\u00fcfredat\u0131<\/p>\n","protected":false},"author":425,"featured_media":0,"parent":0,"menu_order":0,"comment_status":"closed","ping_status":"closed","template":"","meta":{"footnotes":""},"class_list":["post-6262","page","type-page","status-publish","hentry"],"_links":{"self":[{"href":"https:\/\/atauni.edu.tr\/turizm-rehberligi\/wp-json\/wp\/v2\/pages\/6262","targetHints":{"allow":["GET"]}}],"collection":[{"href":"https:\/\/atauni.edu.tr\/turizm-rehberligi\/wp-json\/wp\/v2\/pages"}],"about":[{"href":"https:\/\/atauni.edu.tr\/turizm-rehberligi\/wp-json\/wp\/v2\/types\/page"}],"author":[{"embeddable":true,"href":"https:\/\/atauni.edu.tr\/turizm-rehberligi\/wp-json\/wp\/v2\/users\/425"}],"replies":[{"embeddable":true,"href":"https:\/\/atauni.edu.tr\/turizm-rehberligi\/wp-json\/wp\/v2\/comments?post=6262"}],"version-history":[{"count":28,"href":"https:\/\/atauni.edu.tr\/turizm-rehberligi\/wp-json\/wp\/v2\/pages\/6262\/revisions"}],"predecessor-version":[{"id":8016,"href":"https:\/\/atauni.edu.tr\/turizm-rehberligi\/wp-json\/wp\/v2\/pages\/6262\/revisions\/8016"}],"wp:attachment":[{"href":"https:\/\/atauni.edu.tr\/turizm-rehberligi\/wp-json\/wp\/v2\/media?parent=6262"}],"curies":[{"name":"wp","href":"https:\/\/api.w.org\/{rel}","templated":true}]}}