{"id":6306,"date":"2021-12-09T21:28:38","date_gmt":"2021-12-09T18:28:38","guid":{"rendered":"http:\/\/birimler.atauni.edu.tr\/turizm-rehberligi\/?page_id=6306"},"modified":"2025-10-31T09:12:06","modified_gmt":"2025-10-31T06:12:06","slug":"danismanlar","status":"publish","type":"page","link":"https:\/\/atauni.edu.tr\/turizm-rehberligi\/danismanlar\/","title":{"rendered":"Dan\u0131\u015fmanl\u0131k"},"content":{"rendered":"\t\t<div data-elementor-type=\"wp-page\" data-elementor-id=\"6306\" class=\"elementor elementor-6306\" data-elementor-post-type=\"page\">\n\t\t\t\t\t\t<section class=\"elementor-section elementor-top-section elementor-element elementor-element-0eeed66 elementor-section-boxed elementor-section-height-default elementor-section-height-default\" data-id=\"0eeed66\" data-element_type=\"section\">\n\t\t\t\t\t\t<div class=\"elementor-container elementor-column-gap-default\">\n\t\t\t\t\t<div class=\"elementor-column elementor-col-100 elementor-top-column elementor-element elementor-element-e392361\" data-id=\"e392361\" data-element_type=\"column\">\n\t\t\t<div class=\"elementor-widget-wrap elementor-element-populated\">\n\t\t\t\t\t\t<div class=\"elementor-element elementor-element-a45bcda elementor-widget elementor-widget-text-editor\" data-id=\"a45bcda\" data-element_type=\"widget\" data-widget_type=\"text-editor.default\">\n\t\t\t\t<div class=\"elementor-widget-container\">\n\t\t\t\t\t\t\t\t\t<h5>1.S\u0131n\u0131f Dan\u0131\u015fman\u0131:\u00a0\u00a0\u00a0\u00a0\u00a0\u00a0\u00a0\u00a0\u00a0\u00a0\u00a0 Leyla TOKG\u00d6Z\u00a0 \u00a0 \u00a0 \u00a0 \u00a0 \u00a0 Dan\u0131\u015fmanl\u0131k Saati: Sal\u0131 ve Per\u015fembe g\u00fcnleri saat 13.00-15.00 saatleri aras\u0131<\/h5><h5>2.S\u0131n\u0131f Dan\u0131\u015fman\u0131:\u00a0 \u00a0\u00a0\u00a0\u00a0\u00a0\u00a0\u00a0\u00a0 Furkan CANBAY\u00a0 \u00a0 \u00a0 \u00a0 \u00a0Dan\u0131\u015fmanl\u0131k Saati: Pazartesi 14:00-15:00 ve Per\u015fembe 10:00-11:00 saatleri aras\u0131<\/h5><h5>3.S\u0131n\u0131f Dan\u0131\u015fman\u0131: \u00a0\u00a0\u00a0\u00a0\u00a0\u00a0\u00a0\u00a0\u00a0 Zafer T\u00dcRKMENDA\u011e Dan\u0131\u015fmanl\u0131k Saati: Pazartesi 15-16 ve Sal\u0131 15-16 saatleri aras\u0131<\/h5><h5>4.S\u0131n\u0131f Dan\u0131\u015fman\u0131:\u00a0\u00a0\u00a0\u00a0\u00a0\u00a0\u00a0\u00a0\u00a0\u00a0\u00a0 Ali \u0130SKENDER\u00a0 \u00a0 \u00a0 \u00a0 \u00a0 \u00a0 \u00a0Dan\u0131\u015fmanl\u0131k Saati: Sal\u0131 ve \u00c7ar\u015famba g\u00fcnler saat 13:30 ila 14:30 saatleri aras\u0131<\/h5><h5>\u00a0<\/h5>\t\t\t\t\t\t\t\t<\/div>\n\t\t\t\t<\/div>\n\t\t\t\t\t<\/div>\n\t\t<\/div>\n\t\t\t\t\t<\/div>\n\t\t<\/section>\n\t\t\t\t<section class=\"elementor-section elementor-top-section elementor-element elementor-element-03fd2d7 elementor-section-boxed elementor-section-height-default elementor-section-height-default\" data-id=\"03fd2d7\" data-element_type=\"section\">\n\t\t\t\t\t\t<div class=\"elementor-container elementor-column-gap-default\">\n\t\t\t\t\t<div class=\"elementor-column elementor-col-100 elementor-top-column elementor-element elementor-element-fdfff19\" data-id=\"fdfff19\" data-element_type=\"column\">\n\t\t\t<div class=\"elementor-widget-wrap elementor-element-populated\">\n\t\t\t\t\t\t<div class=\"elementor-element elementor-element-ad30c45 elementor-widget elementor-widget-spacer\" data-id=\"ad30c45\" data-element_type=\"widget\" data-widget_type=\"spacer.default\">\n\t\t\t\t<div class=\"elementor-widget-container\">\n\t\t\t\t\t\t\t<div class=\"elementor-spacer\">\n\t\t\t<div class=\"elementor-spacer-inner\"><\/div>\n\t\t<\/div>\n\t\t\t\t\t\t<\/div>\n\t\t\t\t<\/div>\n\t\t\t\t<div class=\"elementor-element elementor-element-af5d4ba elementor-widget elementor-widget-heading\" data-id=\"af5d4ba\" data-element_type=\"widget\" data-widget_type=\"heading.default\">\n\t\t\t\t<div class=\"elementor-widget-container\">\n\t\t\t\t\t<h2 class=\"elementor-heading-title elementor-size-default\">Dan\u0131\u015fmanl\u0131k Toplant\u0131lar\u0131nda Dikkat Edilen Hususlar<\/h2>\t\t\t\t<\/div>\n\t\t\t\t<\/div>\n\t\t\t\t\t<\/div>\n\t\t<\/div>\n\t\t\t\t\t<\/div>\n\t\t<\/section>\n\t\t\t\t<section class=\"elementor-section elementor-top-section elementor-element elementor-element-b274c13 elementor-section-boxed elementor-section-height-default elementor-section-height-default\" data-id=\"b274c13\" data-element_type=\"section\">\n\t\t\t\t\t\t<div class=\"elementor-container elementor-column-gap-default\">\n\t\t\t\t\t<div class=\"elementor-column elementor-col-100 elementor-top-column elementor-element elementor-element-091c4c2\" data-id=\"091c4c2\" data-element_type=\"column\">\n\t\t\t<div class=\"elementor-widget-wrap elementor-element-populated\">\n\t\t\t\t\t\t<div class=\"elementor-element elementor-element-13653a3 elementor-widget elementor-widget-spacer\" data-id=\"13653a3\" data-element_type=\"widget\" data-widget_type=\"spacer.default\">\n\t\t\t\t<div class=\"elementor-widget-container\">\n\t\t\t\t\t\t\t<div class=\"elementor-spacer\">\n\t\t\t<div class=\"elementor-spacer-inner\"><\/div>\n\t\t<\/div>\n\t\t\t\t\t\t<\/div>\n\t\t\t\t<\/div>\n\t\t\t\t<div class=\"elementor-element elementor-element-5016c40 elementor-widget elementor-widget-text-editor\" data-id=\"5016c40\" data-element_type=\"widget\" data-widget_type=\"text-editor.default\">\n\t\t\t\t<div class=\"elementor-widget-container\">\n\t\t\t\t\t\t\t\t\t<h5>1- Her s\u0131n\u0131f d\u00fczeyinde dan\u0131\u015fman taraf\u0131ndan toplant\u0131n\u0131n organize edilmesi,<\/h5><h5><br \/>2-\u00d6\u011frencilere en az 3 g\u00fcn \u00f6nce toplant\u0131 tarihi ve saatinin duyurulmas\u0131 ve \u00f6\u011frenci<br \/>kat\u0131l\u0131m\u0131n\u0131n sa\u011flanmas\u0131,<\/h5><h5><br \/>3-Dan\u0131\u015fmanl\u0131k toplant\u0131s\u0131nda \u00f6\u011frencilere fak\u00fclte\/\u00fcniversite ile onlar\u0131n akademik ya\u015fam\u0131n\u0131 destekleyecek payla\u015f\u0131mlar yap\u0131lmas\u0131,<\/h5><h5><br \/>4-Haftal\u0131k dan\u0131\u015fmanl\u0131k saatiyle ilgili \u00f6\u011frencilere bilgi verilmesi,<\/h5><h5><br \/>5-\u00d6\u011frenci sorunlar\u0131n\u0131n, taleplerinin, \u00f6nerilerinin dinlenilmesi ve raporla\u015ft\u0131r\u0131lmas\u0131,<\/h5><h5><br \/>6-Birinci s\u0131n\u0131f dan\u0131\u015fmanlar\u0131n\u0131n DBS\u2019deki Rekt\u00f6rl\u00fck Oryantasyon dersi kapsam\u0131nda, her ay yap\u0131lacak toplant\u0131da bir konu belirleyerek \u00f6\u011frencilerle payla\u015fmas\u0131,<\/h5><h5><br \/>7-Fak\u00fclte uygulama esaslar\u0131n\u0131n \u00f6\u011frencilere aktar\u0131lmas\u0131,<\/h5><h5>8-\u00d6\u011frencilerin taleplerinin ve sorunlar\u0131n\u0131n de\u011ferlendirilmesi<\/h5>\t\t\t\t\t\t\t\t<\/div>\n\t\t\t\t<\/div>\n\t\t\t\t\t<\/div>\n\t\t<\/div>\n\t\t\t\t\t<\/div>\n\t\t<\/section>\n\t\t\t\t<\/div>\n\t\t","protected":false},"excerpt":{"rendered":"<p>1.S\u0131n\u0131f Dan\u0131\u015fman\u0131:\u00a0\u00a0\u00a0\u00a0\u00a0\u00a0\u00a0\u00a0\u00a0\u00a0\u00a0 Leyla TOKG\u00d6Z\u00a0 \u00a0 \u00a0 \u00a0 \u00a0 \u00a0 Dan\u0131\u015fmanl\u0131k Saati: Sal\u0131 ve Per\u015fembe g\u00fcnleri saat 13.00-15.00 saatleri aras\u0131 2.S\u0131n\u0131f Dan\u0131\u015fman\u0131:\u00a0 \u00a0\u00a0\u00a0\u00a0\u00a0\u00a0\u00a0\u00a0 Furkan CANBAY\u00a0 \u00a0 \u00a0 \u00a0 \u00a0Dan\u0131\u015fmanl\u0131k Saati: Pazartesi 14:00-15:00 ve Per\u015fembe 10:00-11:00 saatleri aras\u0131 3.S\u0131n\u0131f Dan\u0131\u015fman\u0131: \u00a0\u00a0\u00a0\u00a0\u00a0\u00a0\u00a0\u00a0\u00a0 Zafer T\u00dcRKMENDA\u011e Dan\u0131\u015fmanl\u0131k Saati: Pazartesi 15-16 ve Sal\u0131 15-16 saatleri aras\u0131 4.S\u0131n\u0131f Dan\u0131\u015fman\u0131:\u00a0\u00a0\u00a0\u00a0\u00a0\u00a0\u00a0\u00a0\u00a0\u00a0\u00a0 Ali \u0130SKENDER\u00a0 \u00a0 [&hellip;]<\/p>\n","protected":false},"author":425,"featured_media":0,"parent":0,"menu_order":0,"comment_status":"closed","ping_status":"closed","template":"","meta":{"footnotes":""},"class_list":["post-6306","page","type-page","status-publish","hentry"],"_links":{"self":[{"href":"https:\/\/atauni.edu.tr\/turizm-rehberligi\/wp-json\/wp\/v2\/pages\/6306","targetHints":{"allow":["GET"]}}],"collection":[{"href":"https:\/\/atauni.edu.tr\/turizm-rehberligi\/wp-json\/wp\/v2\/pages"}],"about":[{"href":"https:\/\/atauni.edu.tr\/turizm-rehberligi\/wp-json\/wp\/v2\/types\/page"}],"author":[{"embeddable":true,"href":"https:\/\/atauni.edu.tr\/turizm-rehberligi\/wp-json\/wp\/v2\/users\/425"}],"replies":[{"embeddable":true,"href":"https:\/\/atauni.edu.tr\/turizm-rehberligi\/wp-json\/wp\/v2\/comments?post=6306"}],"version-history":[{"count":38,"href":"https:\/\/atauni.edu.tr\/turizm-rehberligi\/wp-json\/wp\/v2\/pages\/6306\/revisions"}],"predecessor-version":[{"id":8013,"href":"https:\/\/atauni.edu.tr\/turizm-rehberligi\/wp-json\/wp\/v2\/pages\/6306\/revisions\/8013"}],"wp:attachment":[{"href":"https:\/\/atauni.edu.tr\/turizm-rehberligi\/wp-json\/wp\/v2\/media?parent=6306"}],"curies":[{"name":"wp","href":"https:\/\/api.w.org\/{rel}","templated":true}]}}