{"id":6314,"date":"2021-12-10T12:30:20","date_gmt":"2021-12-10T09:30:20","guid":{"rendered":"http:\/\/birimler.atauni.edu.tr\/turizm-rehberligi\/?page_id=6314"},"modified":"2025-05-26T14:02:42","modified_gmt":"2025-05-26T11:02:42","slug":"stratejik-plan","status":"publish","type":"page","link":"https:\/\/atauni.edu.tr\/turizm-rehberligi\/stratejik-plan\/","title":{"rendered":"Stratejik Plan"},"content":{"rendered":"\n<p>Stratejik plan i\u00e7in t\u0131klay\u0131n\u0131z<\/p>\n\n\n\n<div data-wp-interactive=\"core\/file\" class=\"wp-block-file\"><object data-wp-bind--hidden=\"!state.hasPdfPreview\" hidden class=\"wp-block-file__embed\" data=\"https:\/\/birimler.atauni.edu.tr\/turizm-rehberligi\/wp-content\/uploads\/sites\/451\/2025\/05\/Stratejik-Plan-Gelecege-Bakis-2024-2028-Turizm-Rehberligi.pdf\" type=\"application\/pdf\" style=\"width:100%;height:600px\" aria-label=\"Stratejik Plan Gelecege Bakis 2024-2028 Turizm Rehberli\u011fi g\u00f6m\u00fcs\u00fc.\"><\/object><a id=\"wp-block-file--media-68f3c75a-b62b-4b86-8638-2c611b0dfe1c\" href=\"https:\/\/birimler.atauni.edu.tr\/turizm-rehberligi\/wp-content\/uploads\/sites\/451\/2025\/05\/Stratejik-Plan-Gelecege-Bakis-2024-2028-Turizm-Rehberligi.pdf\">Stratejik Plan Gelecege Bakis 2024-2028 Turizm Rehberli\u011fi<\/a><a href=\"https:\/\/birimler.atauni.edu.tr\/turizm-rehberligi\/wp-content\/uploads\/sites\/451\/2025\/05\/Stratejik-Plan-Gelecege-Bakis-2024-2028-Turizm-Rehberligi.pdf\" class=\"wp-block-file__button wp-element-button\" download aria-describedby=\"wp-block-file--media-68f3c75a-b62b-4b86-8638-2c611b0dfe1c\">\u0130ndir<\/a><\/div>\n\n\n\n<p><\/p>\n","protected":false},"excerpt":{"rendered":"<p>Stratejik plan i\u00e7in t\u0131klay\u0131n\u0131z<\/p>\n","protected":false},"author":425,"featured_media":0,"parent":0,"menu_order":0,"comment_status":"closed","ping_status":"closed","template":"","meta":{"footnotes":""},"class_list":["post-6314","page","type-page","status-publish","hentry"],"_links":{"self":[{"href":"https:\/\/atauni.edu.tr\/turizm-rehberligi\/wp-json\/wp\/v2\/pages\/6314","targetHints":{"allow":["GET"]}}],"collection":[{"href":"https:\/\/atauni.edu.tr\/turizm-rehberligi\/wp-json\/wp\/v2\/pages"}],"about":[{"href":"https:\/\/atauni.edu.tr\/turizm-rehberligi\/wp-json\/wp\/v2\/types\/page"}],"author":[{"embeddable":true,"href":"https:\/\/atauni.edu.tr\/turizm-rehberligi\/wp-json\/wp\/v2\/users\/425"}],"replies":[{"embeddable":true,"href":"https:\/\/atauni.edu.tr\/turizm-rehberligi\/wp-json\/wp\/v2\/comments?post=6314"}],"version-history":[{"count":3,"href":"https:\/\/atauni.edu.tr\/turizm-rehberligi\/wp-json\/wp\/v2\/pages\/6314\/revisions"}],"predecessor-version":[{"id":7365,"href":"https:\/\/atauni.edu.tr\/turizm-rehberligi\/wp-json\/wp\/v2\/pages\/6314\/revisions\/7365"}],"wp:attachment":[{"href":"https:\/\/atauni.edu.tr\/turizm-rehberligi\/wp-json\/wp\/v2\/media?parent=6314"}],"curies":[{"name":"wp","href":"https:\/\/api.w.org\/{rel}","templated":true}]}}