{"id":7674,"date":"2025-06-17T11:16:21","date_gmt":"2025-06-17T08:16:21","guid":{"rendered":"https:\/\/birimler.atauni.edu.tr\/turizm-rehberligi\/?page_id=7674"},"modified":"2025-06-17T11:17:34","modified_gmt":"2025-06-17T08:17:34","slug":"program-ogretim-amaclari","status":"publish","type":"page","link":"https:\/\/atauni.edu.tr\/turizm-rehberligi\/program-ogretim-amaclari\/","title":{"rendered":"Program \u00d6\u011fretim Ama\u00e7lar\u0131"},"content":{"rendered":"\t\t<div data-elementor-type=\"wp-page\" data-elementor-id=\"7674\" class=\"elementor elementor-7674\" data-elementor-post-type=\"page\">\n\t\t\t\t\t\t<section class=\"elementor-section elementor-top-section elementor-element elementor-element-9ef48b1 elementor-section-boxed elementor-section-height-default elementor-section-height-default\" data-id=\"9ef48b1\" data-element_type=\"section\">\n\t\t\t\t\t\t<div class=\"elementor-container elementor-column-gap-default\">\n\t\t\t\t\t<div class=\"elementor-column elementor-col-100 elementor-top-column elementor-element elementor-element-311f181\" data-id=\"311f181\" data-element_type=\"column\">\n\t\t\t<div class=\"elementor-widget-wrap elementor-element-populated\">\n\t\t\t\t\t\t<div class=\"elementor-element elementor-element-9972915 elementor-widget elementor-widget-text-editor\" data-id=\"9972915\" data-element_type=\"widget\" data-widget_type=\"text-editor.default\">\n\t\t\t\t<div class=\"elementor-widget-container\">\n\t\t\t\t\t\t\t\t\t<p data-start=\"200\" data-end=\"409\"><strong data-start=\"200\" data-end=\"223\">P\u00d6A-1 :<\/strong><br data-start=\"223\" data-end=\"226\" \/>Turizm rehberli\u011fi alan\u0131nda istihdam edilmek \u00fczere yabanc\u0131 dil bilen, mesleki ve etik ilkelere ba\u011fl\u0131, k\u00fclt\u00fcrel mirasa duyarl\u0131\u00a0 profesyonel rehber adaylar\u0131 yeti\u015ftirir.<\/p><p data-start=\"411\" data-end=\"612\"><strong data-start=\"411\" data-end=\"434\">P\u00d6A-2 :<\/strong><br data-start=\"434\" data-end=\"437\" \/>Turist rehberli\u011fi hizmet s\u00fcre\u00e7lerini bilen ve ziyaret\u00e7i memnuniyetini sa\u011flayacak \u015fekilde bu s\u00fcre\u00e7leri etkili ve kaliteli bi\u00e7imde yerine getirebilen profesyoneller yeti\u015ftirmek.<\/p><p data-start=\"614\" data-end=\"832\"><strong data-start=\"614\" data-end=\"637\">P\u00d6A-3 :<\/strong><br data-start=\"637\" data-end=\"640\" \/>Turist rehberli\u011fi hizmetlerinde kullan\u0131labilecek y\u00f6netim, ileti\u015fim ve organizasyon becerilerine sahip, seyahat planlamas\u0131 ve uygulamas\u0131 s\u00fcre\u00e7lerinde etkin g\u00f6rev alabilen rehberler yeti\u015ftirmek.<\/p><p data-start=\"834\" data-end=\"1057\"><strong data-start=\"834\" data-end=\"857\">P\u00d6A-4 :<\/strong><br data-start=\"857\" data-end=\"860\" \/>Turizm rehberli\u011fi alan\u0131nda bilimsel \u00e7al\u0131\u015fmalar yapmak, sekt\u00f6rdeki payda\u015flara y\u00f6nelik teorik ve uygulamal\u0131 e\u011fitimler yoluyla bilgi ve deneyim payla\u015f\u0131m\u0131nda bulunmak, sekt\u00f6rel geli\u015fime katk\u0131 sa\u011flamak.<\/p>\t\t\t\t\t\t\t\t<\/div>\n\t\t\t\t<\/div>\n\t\t\t\t\t<\/div>\n\t\t<\/div>\n\t\t\t\t\t<\/div>\n\t\t<\/section>\n\t\t\t\t<\/div>\n\t\t","protected":false},"excerpt":{"rendered":"<p>P\u00d6A-1 :Turizm rehberli\u011fi alan\u0131nda istihdam edilmek \u00fczere yabanc\u0131 dil bilen, mesleki ve etik ilkelere ba\u011fl\u0131, k\u00fclt\u00fcrel mirasa duyarl\u0131\u00a0 profesyonel rehber adaylar\u0131 yeti\u015ftirir. P\u00d6A-2 :Turist rehberli\u011fi hizmet s\u00fcre\u00e7lerini bilen ve ziyaret\u00e7i memnuniyetini sa\u011flayacak \u015fekilde bu s\u00fcre\u00e7leri etkili ve kaliteli bi\u00e7imde yerine getirebilen profesyoneller yeti\u015ftirmek. P\u00d6A-3 :Turist rehberli\u011fi hizmetlerinde kullan\u0131labilecek y\u00f6netim, ileti\u015fim ve organizasyon becerilerine sahip, seyahat [&hellip;]<\/p>\n","protected":false},"author":598,"featured_media":0,"parent":0,"menu_order":0,"comment_status":"closed","ping_status":"closed","template":"","meta":{"footnotes":""},"class_list":["post-7674","page","type-page","status-publish","hentry"],"_links":{"self":[{"href":"https:\/\/atauni.edu.tr\/turizm-rehberligi\/wp-json\/wp\/v2\/pages\/7674","targetHints":{"allow":["GET"]}}],"collection":[{"href":"https:\/\/atauni.edu.tr\/turizm-rehberligi\/wp-json\/wp\/v2\/pages"}],"about":[{"href":"https:\/\/atauni.edu.tr\/turizm-rehberligi\/wp-json\/wp\/v2\/types\/page"}],"author":[{"embeddable":true,"href":"https:\/\/atauni.edu.tr\/turizm-rehberligi\/wp-json\/wp\/v2\/users\/598"}],"replies":[{"embeddable":true,"href":"https:\/\/atauni.edu.tr\/turizm-rehberligi\/wp-json\/wp\/v2\/comments?post=7674"}],"version-history":[{"count":4,"href":"https:\/\/atauni.edu.tr\/turizm-rehberligi\/wp-json\/wp\/v2\/pages\/7674\/revisions"}],"predecessor-version":[{"id":7678,"href":"https:\/\/atauni.edu.tr\/turizm-rehberligi\/wp-json\/wp\/v2\/pages\/7674\/revisions\/7678"}],"wp:attachment":[{"href":"https:\/\/atauni.edu.tr\/turizm-rehberligi\/wp-json\/wp\/v2\/media?parent=7674"}],"curies":[{"name":"wp","href":"https:\/\/api.w.org\/{rel}","templated":true}]}}