{"id":7762,"date":"2025-07-09T10:33:41","date_gmt":"2025-07-09T07:33:41","guid":{"rendered":"https:\/\/birimler.atauni.edu.tr\/turizm-rehberligi\/?page_id=7762"},"modified":"2025-07-09T10:37:26","modified_gmt":"2025-07-09T07:37:26","slug":"egitim-politikasi","status":"publish","type":"page","link":"https:\/\/atauni.edu.tr\/turizm-rehberligi\/egitim-politikasi\/","title":{"rendered":"E\u011fitim Politikas\u0131"},"content":{"rendered":"\t\t<div data-elementor-type=\"wp-page\" data-elementor-id=\"7762\" class=\"elementor elementor-7762\" data-elementor-post-type=\"page\">\n\t\t\t\t\t\t<section class=\"elementor-section elementor-top-section elementor-element elementor-element-ebf04cf elementor-section-boxed elementor-section-height-default elementor-section-height-default\" data-id=\"ebf04cf\" data-element_type=\"section\">\n\t\t\t\t\t\t<div class=\"elementor-container elementor-column-gap-default\">\n\t\t\t\t\t<div class=\"elementor-column elementor-col-100 elementor-top-column elementor-element elementor-element-dd177fe\" data-id=\"dd177fe\" data-element_type=\"column\">\n\t\t\t<div class=\"elementor-widget-wrap elementor-element-populated\">\n\t\t\t\t\t\t<div class=\"elementor-element elementor-element-2cee658 elementor-widget elementor-widget-text-editor\" data-id=\"2cee658\" data-element_type=\"widget\" data-widget_type=\"text-editor.default\">\n\t\t\t\t<div class=\"elementor-widget-container\">\n\t\t\t\t\t\t\t\t\t<p data-start=\"151\" data-end=\"727\">Fak\u00fcltemiz Turizm Rehberli\u011fi alan\u0131nda en y\u00fcksek standartlarda e\u011fitim-\u00f6\u011fretim imk\u00e2n\u0131 sunmay\u0131 ama\u00e7lar. Fak\u00fcltemizin program yap\u0131s\u0131, \u00f6\u011frenci merkezli bir e\u011fitim anlay\u0131\u015f\u0131na dayan\u0131r ve \u00f6\u011frencilerin mesleki ve akademik yeterliliklerini geli\u015ftirmeyi hedefleyen ele\u015ftirel d\u00fc\u015f\u00fcnce ile uygulamal\u0131 \u00f6\u011frenmeye odakl\u0131 bir e\u011fitim felsefesini benimser. Alan gezileri, seminerler, konferanslar, disiplinler aras\u0131 \u00e7al\u0131\u015fmalar ve bitirme projeleri te\u015fvik edilir. E\u011fitim-\u00f6\u011fretim s\u00fcre\u00e7leri, sekt\u00f6r payda\u015flar\u0131n\u0131n ihtiya\u00e7 ve beklentileri do\u011frultusunda s\u00fcrekli olarak g\u00fcncellenir ve iyile\u015ftirilir.<\/p><p data-start=\"729\" data-end=\"849\">E\u011fitim ve \u00f6\u011fretime ait s\u00fcre\u00e7ler \u201cPlanlama-Uygulama-Kontrol etme-\u00d6nlem alma (PUK\u00d6)\u201d d\u00f6ng\u00fcs\u00fcne uygun olarak y\u00f6netilir.<\/p><p data-start=\"851\" data-end=\"903\"><strong data-start=\"851\" data-end=\"903\">E\u011fitim-\u00f6\u011fretim politikam\u0131z\u0131n ilkeleri \u015funlard\u0131r:<\/strong><\/p><ul data-start=\"905\" data-end=\"1363\"><li data-start=\"905\" data-end=\"1003\"><p data-start=\"907\" data-end=\"1003\">\u00d6\u011frencilerine Turizm Rehberli\u011fi alan\u0131nda en y\u00fcksek standartlarda e\u011fitim-\u00f6\u011fretim imk\u00e2n\u0131 sunmak,<\/p><\/li><li data-start=\"1004\" data-end=\"1098\"><p data-start=\"1006\" data-end=\"1098\">Mesleki bilgi ve uygulama becerileri g\u00fc\u00e7l\u00fc, akademik donan\u0131m\u0131 y\u00fcksek bireyler yeti\u015ftirmek,<\/p><\/li><li data-start=\"1099\" data-end=\"1153\"><p data-start=\"1101\" data-end=\"1153\">\u00d6\u011frenci merkezli e\u011fitimi geli\u015ftirmek ve s\u00fcrd\u00fcrmek,<\/p><\/li><li data-start=\"1154\" data-end=\"1255\"><p data-start=\"1156\" data-end=\"1255\">Disiplinler aras\u0131 bak\u0131\u015f a\u00e7\u0131s\u0131 ile ele\u015ftirel d\u00fc\u015f\u00fcnce ve ara\u015ft\u0131rma odakl\u0131 \u00e7al\u0131\u015fmalar\u0131 te\u015fvik etmek,<\/p><\/li><li data-start=\"1256\" data-end=\"1363\"><p data-start=\"1258\" data-end=\"1363\">E\u011fitim ve \u00f6\u011fretimi sekt\u00f6r ve payda\u015flar\u0131n ihtiya\u00e7lar\u0131 do\u011frultusunda s\u00fcrekli g\u00fcncellemek ve iyile\u015ftirmek.<\/p><\/li><\/ul>\t\t\t\t\t\t\t\t<\/div>\n\t\t\t\t<\/div>\n\t\t\t\t\t<\/div>\n\t\t<\/div>\n\t\t\t\t\t<\/div>\n\t\t<\/section>\n\t\t\t\t<\/div>\n\t\t","protected":false},"excerpt":{"rendered":"<p>Fak\u00fcltemiz Turizm Rehberli\u011fi alan\u0131nda en y\u00fcksek standartlarda e\u011fitim-\u00f6\u011fretim imk\u00e2n\u0131 sunmay\u0131 ama\u00e7lar. Fak\u00fcltemizin program yap\u0131s\u0131, \u00f6\u011frenci merkezli bir e\u011fitim anlay\u0131\u015f\u0131na dayan\u0131r ve \u00f6\u011frencilerin mesleki ve akademik yeterliliklerini geli\u015ftirmeyi hedefleyen ele\u015ftirel d\u00fc\u015f\u00fcnce ile uygulamal\u0131 \u00f6\u011frenmeye odakl\u0131 bir e\u011fitim felsefesini benimser. Alan gezileri, seminerler, konferanslar, disiplinler aras\u0131 \u00e7al\u0131\u015fmalar ve bitirme projeleri te\u015fvik edilir. E\u011fitim-\u00f6\u011fretim s\u00fcre\u00e7leri, sekt\u00f6r payda\u015flar\u0131n\u0131n ihtiya\u00e7 [&hellip;]<\/p>\n","protected":false},"author":598,"featured_media":0,"parent":0,"menu_order":0,"comment_status":"closed","ping_status":"closed","template":"","meta":{"footnotes":""},"class_list":["post-7762","page","type-page","status-publish","hentry"],"_links":{"self":[{"href":"https:\/\/atauni.edu.tr\/turizm-rehberligi\/wp-json\/wp\/v2\/pages\/7762","targetHints":{"allow":["GET"]}}],"collection":[{"href":"https:\/\/atauni.edu.tr\/turizm-rehberligi\/wp-json\/wp\/v2\/pages"}],"about":[{"href":"https:\/\/atauni.edu.tr\/turizm-rehberligi\/wp-json\/wp\/v2\/types\/page"}],"author":[{"embeddable":true,"href":"https:\/\/atauni.edu.tr\/turizm-rehberligi\/wp-json\/wp\/v2\/users\/598"}],"replies":[{"embeddable":true,"href":"https:\/\/atauni.edu.tr\/turizm-rehberligi\/wp-json\/wp\/v2\/comments?post=7762"}],"version-history":[{"count":4,"href":"https:\/\/atauni.edu.tr\/turizm-rehberligi\/wp-json\/wp\/v2\/pages\/7762\/revisions"}],"predecessor-version":[{"id":7767,"href":"https:\/\/atauni.edu.tr\/turizm-rehberligi\/wp-json\/wp\/v2\/pages\/7762\/revisions\/7767"}],"wp:attachment":[{"href":"https:\/\/atauni.edu.tr\/turizm-rehberligi\/wp-json\/wp\/v2\/media?parent=7762"}],"curies":[{"name":"wp","href":"https:\/\/api.w.org\/{rel}","templated":true}]}}