{"id":7768,"date":"2025-07-09T10:38:10","date_gmt":"2025-07-09T07:38:10","guid":{"rendered":"https:\/\/birimler.atauni.edu.tr\/turizm-rehberligi\/?page_id=7768"},"modified":"2025-07-09T10:40:19","modified_gmt":"2025-07-09T07:40:19","slug":"egitimde-kalite","status":"publish","type":"page","link":"https:\/\/atauni.edu.tr\/turizm-rehberligi\/egitimde-kalite\/","title":{"rendered":"E\u011fitimde Kalite"},"content":{"rendered":"\t\t<div data-elementor-type=\"wp-page\" data-elementor-id=\"7768\" class=\"elementor elementor-7768\" data-elementor-post-type=\"page\">\n\t\t\t\t\t\t<section class=\"elementor-section elementor-top-section elementor-element elementor-element-3dbbfb8 elementor-section-boxed elementor-section-height-default elementor-section-height-default\" data-id=\"3dbbfb8\" data-element_type=\"section\">\n\t\t\t\t\t\t<div class=\"elementor-container elementor-column-gap-default\">\n\t\t\t\t\t<div class=\"elementor-column elementor-col-100 elementor-top-column elementor-element elementor-element-e57db40\" data-id=\"e57db40\" data-element_type=\"column\">\n\t\t\t<div class=\"elementor-widget-wrap elementor-element-populated\">\n\t\t\t\t\t\t<div class=\"elementor-element elementor-element-8c116d1 elementor-widget elementor-widget-text-editor\" data-id=\"8c116d1\" data-element_type=\"widget\" data-widget_type=\"text-editor.default\">\n\t\t\t\t<div class=\"elementor-widget-container\">\n\t\t\t\t\t\t\t\t\t<p>Fak\u00fcltemiz, Turizm Rehberli\u011fi alan\u0131nda en y\u00fcksek standartlarda e\u011fitim-\u00f6\u011fretim imk\u00e2n\u0131 sunmay\u0131 ama\u00e7lamaktad\u0131r. Program yap\u0131m\u0131z, \u00f6\u011frenci merkezli bir e\u011fitim anlay\u0131\u015f\u0131na dayanmakta; \u00f6\u011frencilerin mesleki ve akademik yeterliklerini geli\u015ftirmeyi hedefleyen, ele\u015ftirel d\u00fc\u015f\u00fcnce ve ara\u015ft\u0131rma odakl\u0131 bir e\u011fitim felsefesini benimsemektedir. Alan gezileri, seminerler, konferanslar, disiplinler aras\u0131 \u00e7al\u0131\u015fmalar ve bitirme projeleri te\u015fvik edilmektedir. E\u011fitim-\u00f6\u011fretim s\u00fcre\u00e7leri, sekt\u00f6rel payda\u015flar\u0131n ihtiya\u00e7 ve beklentileri do\u011frultusunda s\u00fcrekli olarak g\u00fcncellenmekte ve iyile\u015ftirilmektedir. E\u011fitim ve \u00f6\u011fretime ili\u015fkin t\u00fcm s\u00fcre\u00e7ler, \u201cPlanlama-Uygulama-Kontrol etme-\u00d6nlem alma (PUK\u00d6)\u201d d\u00f6ng\u00fcs\u00fcne uygun olarak y\u00fcr\u00fct\u00fclmektedir.<\/p>\t\t\t\t\t\t\t\t<\/div>\n\t\t\t\t<\/div>\n\t\t\t\t\t<\/div>\n\t\t<\/div>\n\t\t\t\t\t<\/div>\n\t\t<\/section>\n\t\t\t\t<section class=\"elementor-section elementor-top-section elementor-element elementor-element-6daab80 elementor-section-boxed elementor-section-height-default elementor-section-height-default\" data-id=\"6daab80\" data-element_type=\"section\">\n\t\t\t\t\t\t<div class=\"elementor-container elementor-column-gap-default\">\n\t\t\t\t\t<div class=\"elementor-column elementor-col-100 elementor-top-column elementor-element elementor-element-9fecf8a\" data-id=\"9fecf8a\" data-element_type=\"column\">\n\t\t\t<div class=\"elementor-widget-wrap elementor-element-populated\">\n\t\t\t\t\t\t<div class=\"elementor-element elementor-element-15572a6 elementor-widget elementor-widget-image\" data-id=\"15572a6\" data-element_type=\"widget\" data-widget_type=\"image.default\">\n\t\t\t\t<div class=\"elementor-widget-container\">\n\t\t\t\t\t\t\t\t\t\t\t\t\t\t\t<img fetchpriority=\"high\" decoding=\"async\" width=\"400\" height=\"240\" src=\"https:\/\/atauni.edu.tr\/turizm-rehberligi\/wp-content\/uploads\/sites\/451\/2025\/07\/puko2.png\" class=\"attachment-large size-large wp-image-7771\" alt=\"\" srcset=\"https:\/\/atauni.edu.tr\/turizm-rehberligi\/wp-content\/uploads\/sites\/451\/2025\/07\/puko2.png 400w, https:\/\/atauni.edu.tr\/turizm-rehberligi\/wp-content\/uploads\/sites\/451\/2025\/07\/puko2-300x180.png 300w\" sizes=\"(max-width: 400px) 100vw, 400px\" \/>\t\t\t\t\t\t\t\t\t\t\t\t\t\t\t<\/div>\n\t\t\t\t<\/div>\n\t\t\t\t\t<\/div>\n\t\t<\/div>\n\t\t\t\t\t<\/div>\n\t\t<\/section>\n\t\t\t\t<\/div>\n\t\t","protected":false},"excerpt":{"rendered":"<p>Fak\u00fcltemiz, Turizm Rehberli\u011fi alan\u0131nda en y\u00fcksek standartlarda e\u011fitim-\u00f6\u011fretim imk\u00e2n\u0131 sunmay\u0131 ama\u00e7lamaktad\u0131r. Program yap\u0131m\u0131z, \u00f6\u011frenci merkezli bir e\u011fitim anlay\u0131\u015f\u0131na dayanmakta; \u00f6\u011frencilerin mesleki ve akademik yeterliklerini geli\u015ftirmeyi hedefleyen, ele\u015ftirel d\u00fc\u015f\u00fcnce ve ara\u015ft\u0131rma odakl\u0131 bir e\u011fitim felsefesini benimsemektedir. Alan gezileri, seminerler, konferanslar, disiplinler aras\u0131 \u00e7al\u0131\u015fmalar ve bitirme projeleri te\u015fvik edilmektedir. E\u011fitim-\u00f6\u011fretim s\u00fcre\u00e7leri, sekt\u00f6rel payda\u015flar\u0131n ihtiya\u00e7 ve beklentileri do\u011frultusunda [&hellip;]<\/p>\n","protected":false},"author":598,"featured_media":0,"parent":0,"menu_order":0,"comment_status":"closed","ping_status":"closed","template":"","meta":{"footnotes":""},"class_list":["post-7768","page","type-page","status-publish","hentry"],"_links":{"self":[{"href":"https:\/\/atauni.edu.tr\/turizm-rehberligi\/wp-json\/wp\/v2\/pages\/7768","targetHints":{"allow":["GET"]}}],"collection":[{"href":"https:\/\/atauni.edu.tr\/turizm-rehberligi\/wp-json\/wp\/v2\/pages"}],"about":[{"href":"https:\/\/atauni.edu.tr\/turizm-rehberligi\/wp-json\/wp\/v2\/types\/page"}],"author":[{"embeddable":true,"href":"https:\/\/atauni.edu.tr\/turizm-rehberligi\/wp-json\/wp\/v2\/users\/598"}],"replies":[{"embeddable":true,"href":"https:\/\/atauni.edu.tr\/turizm-rehberligi\/wp-json\/wp\/v2\/comments?post=7768"}],"version-history":[{"count":4,"href":"https:\/\/atauni.edu.tr\/turizm-rehberligi\/wp-json\/wp\/v2\/pages\/7768\/revisions"}],"predecessor-version":[{"id":7774,"href":"https:\/\/atauni.edu.tr\/turizm-rehberligi\/wp-json\/wp\/v2\/pages\/7768\/revisions\/7774"}],"wp:attachment":[{"href":"https:\/\/atauni.edu.tr\/turizm-rehberligi\/wp-json\/wp\/v2\/media?parent=7768"}],"curies":[{"name":"wp","href":"https:\/\/api.w.org\/{rel}","templated":true}]}}