{"id":7775,"date":"2025-07-09T10:41:58","date_gmt":"2025-07-09T07:41:58","guid":{"rendered":"https:\/\/birimler.atauni.edu.tr\/turizm-rehberligi\/?page_id=7775"},"modified":"2025-07-09T10:43:37","modified_gmt":"2025-07-09T07:43:37","slug":"uluslararasilasma-politikasi","status":"publish","type":"page","link":"https:\/\/atauni.edu.tr\/turizm-rehberligi\/uluslararasilasma-politikasi\/","title":{"rendered":"Uluslararas\u0131la\u015fma Politikas\u0131"},"content":{"rendered":"\t\t<div data-elementor-type=\"wp-page\" data-elementor-id=\"7775\" class=\"elementor elementor-7775\" data-elementor-post-type=\"page\">\n\t\t\t\t\t\t<section class=\"elementor-section elementor-top-section elementor-element elementor-element-e868103 elementor-section-boxed elementor-section-height-default elementor-section-height-default\" data-id=\"e868103\" data-element_type=\"section\">\n\t\t\t\t\t\t<div class=\"elementor-container elementor-column-gap-default\">\n\t\t\t\t\t<div class=\"elementor-column elementor-col-100 elementor-top-column elementor-element elementor-element-71609cf\" data-id=\"71609cf\" data-element_type=\"column\">\n\t\t\t<div class=\"elementor-widget-wrap elementor-element-populated\">\n\t\t\t\t\t\t<div class=\"elementor-element elementor-element-0322a6d elementor-widget elementor-widget-text-editor\" data-id=\"0322a6d\" data-element_type=\"widget\" data-widget_type=\"text-editor.default\">\n\t\t\t\t<div class=\"elementor-widget-container\">\n\t\t\t\t\t\t\t\t\t<p data-start=\"95\" data-end=\"424\">Stratejik Plan do\u011frultusunda, Turizm Rehberli\u011fi b\u00f6l\u00fcm\u00fc olarak bir\u00e7ok uluslararas\u0131 y\u00fcksek\u00f6\u011fretim kurumu ile de\u011fi\u015fim anla\u015fmalar\u0131n\u0131n yap\u0131lmas\u0131 hedeflenmi\u015ftir. B\u00f6l\u00fcm\u00fcm\u00fcz, kendini s\u00fcrekli geli\u015ftirerek, turizm alan\u0131nda d\u00fcnyan\u0131n \u00f6nde gelen \u00fcniversiteleri aras\u0131nda yer alma hedefini uluslararas\u0131la\u015fma politikas\u0131 olarak benimsemi\u015ftir.<\/p><p data-start=\"426\" data-end=\"499\"><strong data-start=\"426\" data-end=\"499\">B\u00f6l\u00fcm\u00fcm\u00fcz\u00fcn uluslararas\u0131la\u015fma politikas\u0131n\u0131n temel ilkeleri \u015funlard\u0131r:<\/strong><\/p><ul data-start=\"501\" data-end=\"1125\"><li data-start=\"501\" data-end=\"628\"><p data-start=\"503\" data-end=\"628\">Turizm e\u011fitimi alan\u0131nda uluslararas\u0131 d\u00fczeyde tan\u0131n\u0131rl\u0131\u011f\u0131 art\u0131rmak ve alan\u0131nda lider y\u00fcksek\u00f6\u011fretim kurumlar\u0131ndan biri olmak,<\/p><\/li><li data-start=\"629\" data-end=\"719\"><p data-start=\"631\" data-end=\"719\">E\u011fitim-\u00f6\u011fretim ve ara\u015ft\u0131rma faaliyetlerinde uluslararas\u0131 i\u015f birliklerini g\u00fc\u00e7lendirmek,<\/p><\/li><li data-start=\"720\" data-end=\"915\"><p data-start=\"722\" data-end=\"915\">De\u011fi\u015fim programlar\u0131 (\u00f6r. Erasmus, Mevlana, ikili anla\u015fmalar) yoluyla uluslararas\u0131 \u00f6\u011frenci, \u00f6\u011fretim eleman\u0131 ve idari personel hareketlili\u011fini art\u0131rmak ve k\u00fclt\u00fcrleraras\u0131 etkile\u015fimi desteklemek,<\/p><\/li><li data-start=\"916\" data-end=\"1033\"><p data-start=\"918\" data-end=\"1033\">\u00d6\u011fretim elemanlar\u0131n\u0131n yabanc\u0131 dil yeterliliklerini geli\u015ftirmeleri amac\u0131yla gerekli e\u011fitim ve kaynaklar\u0131 sa\u011flamak,<\/p><\/li><li data-start=\"1034\" data-end=\"1125\"><p data-start=\"1036\" data-end=\"1125\">Uluslararas\u0131la\u015fma s\u00fcrecinde kalite g\u00fcvencesi ve s\u00fcrekli iyile\u015ftirmeyi \u00f6n planda tutmak.<\/p><\/li><\/ul>\t\t\t\t\t\t\t\t<\/div>\n\t\t\t\t<\/div>\n\t\t\t\t\t<\/div>\n\t\t<\/div>\n\t\t\t\t\t<\/div>\n\t\t<\/section>\n\t\t\t\t<\/div>\n\t\t","protected":false},"excerpt":{"rendered":"<p>Stratejik Plan do\u011frultusunda, Turizm Rehberli\u011fi b\u00f6l\u00fcm\u00fc olarak bir\u00e7ok uluslararas\u0131 y\u00fcksek\u00f6\u011fretim kurumu ile de\u011fi\u015fim anla\u015fmalar\u0131n\u0131n yap\u0131lmas\u0131 hedeflenmi\u015ftir. B\u00f6l\u00fcm\u00fcm\u00fcz, kendini s\u00fcrekli geli\u015ftirerek, turizm alan\u0131nda d\u00fcnyan\u0131n \u00f6nde gelen \u00fcniversiteleri aras\u0131nda yer alma hedefini uluslararas\u0131la\u015fma politikas\u0131 olarak benimsemi\u015ftir. B\u00f6l\u00fcm\u00fcm\u00fcz\u00fcn uluslararas\u0131la\u015fma politikas\u0131n\u0131n temel ilkeleri \u015funlard\u0131r: Turizm e\u011fitimi alan\u0131nda uluslararas\u0131 d\u00fczeyde tan\u0131n\u0131rl\u0131\u011f\u0131 art\u0131rmak ve alan\u0131nda lider y\u00fcksek\u00f6\u011fretim kurumlar\u0131ndan biri olmak, E\u011fitim-\u00f6\u011fretim [&hellip;]<\/p>\n","protected":false},"author":598,"featured_media":0,"parent":0,"menu_order":0,"comment_status":"closed","ping_status":"closed","template":"","meta":{"footnotes":""},"class_list":["post-7775","page","type-page","status-publish","hentry"],"_links":{"self":[{"href":"https:\/\/atauni.edu.tr\/turizm-rehberligi\/wp-json\/wp\/v2\/pages\/7775","targetHints":{"allow":["GET"]}}],"collection":[{"href":"https:\/\/atauni.edu.tr\/turizm-rehberligi\/wp-json\/wp\/v2\/pages"}],"about":[{"href":"https:\/\/atauni.edu.tr\/turizm-rehberligi\/wp-json\/wp\/v2\/types\/page"}],"author":[{"embeddable":true,"href":"https:\/\/atauni.edu.tr\/turizm-rehberligi\/wp-json\/wp\/v2\/users\/598"}],"replies":[{"embeddable":true,"href":"https:\/\/atauni.edu.tr\/turizm-rehberligi\/wp-json\/wp\/v2\/comments?post=7775"}],"version-history":[{"count":4,"href":"https:\/\/atauni.edu.tr\/turizm-rehberligi\/wp-json\/wp\/v2\/pages\/7775\/revisions"}],"predecessor-version":[{"id":7780,"href":"https:\/\/atauni.edu.tr\/turizm-rehberligi\/wp-json\/wp\/v2\/pages\/7775\/revisions\/7780"}],"wp:attachment":[{"href":"https:\/\/atauni.edu.tr\/turizm-rehberligi\/wp-json\/wp\/v2\/media?parent=7775"}],"curies":[{"name":"wp","href":"https:\/\/api.w.org\/{rel}","templated":true}]}}