{"id":7821,"date":"2025-07-09T11:04:56","date_gmt":"2025-07-09T08:04:56","guid":{"rendered":"https:\/\/birimler.atauni.edu.tr\/turizm-rehberligi\/?page_id=7821"},"modified":"2025-07-09T11:05:57","modified_gmt":"2025-07-09T08:05:57","slug":"arastirma-politikamiz","status":"publish","type":"page","link":"https:\/\/atauni.edu.tr\/turizm-rehberligi\/arastirma-politikamiz\/","title":{"rendered":"Ara\u015ft\u0131rma Politikam\u0131z"},"content":{"rendered":"\t\t<div data-elementor-type=\"wp-page\" data-elementor-id=\"7821\" class=\"elementor elementor-7821\" data-elementor-post-type=\"page\">\n\t\t\t\t\t\t<section class=\"elementor-section elementor-top-section elementor-element elementor-element-d520c7a elementor-section-boxed elementor-section-height-default elementor-section-height-default\" data-id=\"d520c7a\" data-element_type=\"section\">\n\t\t\t\t\t\t<div class=\"elementor-container elementor-column-gap-default\">\n\t\t\t\t\t<div class=\"elementor-column elementor-col-100 elementor-top-column elementor-element elementor-element-3ba0eee\" data-id=\"3ba0eee\" data-element_type=\"column\">\n\t\t\t<div class=\"elementor-widget-wrap elementor-element-populated\">\n\t\t\t\t\t\t<div class=\"elementor-element elementor-element-aca1b88 elementor-widget elementor-widget-text-editor\" data-id=\"aca1b88\" data-element_type=\"widget\" data-widget_type=\"text-editor.default\">\n\t\t\t\t<div class=\"elementor-widget-container\">\n\t\t\t\t\t\t\t\t\t<p data-start=\"97\" data-end=\"616\">Fak\u00fcltemiz, vizyonu do\u011frultusunda e\u011fitim, ara\u015ft\u0131rma ve toplumsal katk\u0131 fonksiyonlar\u0131n\u0131n b\u00fct\u00fcnle\u015fmesini hedeflemektedir. Bu kapsamda, \u00fclkemizin ve b\u00f6lgemizin kalk\u0131nmas\u0131na katk\u0131 sa\u011flayacak, turizm sekt\u00f6r\u00fcn\u00fcn ihtiya\u00e7lar\u0131na do\u011frudan yan\u0131t verebilecek nitelikte ara\u015ft\u0131rmalar\u0131n ger\u00e7ekle\u015ftirilmesi \u00f6nceliklidir. Nitelikli akademik kadrosuyla ulusal ve uluslararas\u0131 bilgi \u00fcretimini te\u015fvik etmekte; ara\u015ft\u0131rma faaliyetlerinin etkinli\u011fini art\u0131rmak amac\u0131yla dinamik bir \u00f6l\u00e7me ve de\u011ferlendirme sistemi uygulamay\u0131 ama\u00e7lamaktad\u0131r.<\/p><p data-start=\"618\" data-end=\"708\"><strong data-start=\"618\" data-end=\"708\">Turizm Rehberli\u011fi b\u00f6l\u00fcm\u00fcn\u00fcn ara\u015ft\u0131rma-geli\u015ftirme politikas\u0131 \u015fu ilkelere dayanmaktad\u0131r:<\/strong><\/p><ul data-start=\"710\" data-end=\"1347\"><li data-start=\"710\" data-end=\"918\"><p data-start=\"712\" data-end=\"918\">Turizm alan\u0131ndaki geli\u015fmeleri ve yenilikleri takip ederek, giri\u015fimcilik ve yenilik\u00e7ili\u011fi destekleyen, evrensel bilime katk\u0131 sunan ara\u015ft\u0131rmalarla uluslararas\u0131 d\u00fczeyde tan\u0131nan bir fak\u00fclte olmay\u0131 hedeflemek,<\/p><\/li><li data-start=\"919\" data-end=\"1007\"><p data-start=\"921\" data-end=\"1007\">Nitelikli akademik personel ile ulusal ve uluslararas\u0131 bilgi \u00fcretimini te\u015fvik etmek,<\/p><\/li><li data-start=\"1008\" data-end=\"1090\"><p data-start=\"1010\" data-end=\"1090\">Modern teknolojik imk\u00e2nlar\u0131 ara\u015ft\u0131rma faaliyetlerinde etkin \u015fekilde kullanmak,<\/p><\/li><li data-start=\"1091\" data-end=\"1219\"><p data-start=\"1093\" data-end=\"1219\">\u00dclke ve b\u00f6lge turizmini geli\u015ftirmeye y\u00f6nelik, sekt\u00f6rel sorunlara \u00e7\u00f6z\u00fcm \u00fcretecek nitelikte \u00f6nc\u00fc ara\u015ft\u0131rmalar ger\u00e7ekle\u015ftirmek,<\/p><\/li><li data-start=\"1220\" data-end=\"1347\"><p data-start=\"1222\" data-end=\"1347\">Ara\u015ft\u0131rma performans\u0131n\u0131 izlemek i\u00e7in dinamik, \u00f6l\u00e7\u00fclebilir ve s\u00fcrekli iyile\u015ftirmeye a\u00e7\u0131k de\u011ferlendirme sistemleri uygulamak.<\/p><\/li><\/ul>\t\t\t\t\t\t\t\t<\/div>\n\t\t\t\t<\/div>\n\t\t\t\t\t<\/div>\n\t\t<\/div>\n\t\t\t\t\t<\/div>\n\t\t<\/section>\n\t\t\t\t<\/div>\n\t\t","protected":false},"excerpt":{"rendered":"<p>Fak\u00fcltemiz, vizyonu do\u011frultusunda e\u011fitim, ara\u015ft\u0131rma ve toplumsal katk\u0131 fonksiyonlar\u0131n\u0131n b\u00fct\u00fcnle\u015fmesini hedeflemektedir. Bu kapsamda, \u00fclkemizin ve b\u00f6lgemizin kalk\u0131nmas\u0131na katk\u0131 sa\u011flayacak, turizm sekt\u00f6r\u00fcn\u00fcn ihtiya\u00e7lar\u0131na do\u011frudan yan\u0131t verebilecek nitelikte ara\u015ft\u0131rmalar\u0131n ger\u00e7ekle\u015ftirilmesi \u00f6nceliklidir. Nitelikli akademik kadrosuyla ulusal ve uluslararas\u0131 bilgi \u00fcretimini te\u015fvik etmekte; ara\u015ft\u0131rma faaliyetlerinin etkinli\u011fini art\u0131rmak amac\u0131yla dinamik bir \u00f6l\u00e7me ve de\u011ferlendirme sistemi uygulamay\u0131 ama\u00e7lamaktad\u0131r. Turizm Rehberli\u011fi b\u00f6l\u00fcm\u00fcn\u00fcn [&hellip;]<\/p>\n","protected":false},"author":598,"featured_media":0,"parent":0,"menu_order":0,"comment_status":"closed","ping_status":"closed","template":"","meta":{"footnotes":""},"class_list":["post-7821","page","type-page","status-publish","hentry"],"_links":{"self":[{"href":"https:\/\/atauni.edu.tr\/turizm-rehberligi\/wp-json\/wp\/v2\/pages\/7821","targetHints":{"allow":["GET"]}}],"collection":[{"href":"https:\/\/atauni.edu.tr\/turizm-rehberligi\/wp-json\/wp\/v2\/pages"}],"about":[{"href":"https:\/\/atauni.edu.tr\/turizm-rehberligi\/wp-json\/wp\/v2\/types\/page"}],"author":[{"embeddable":true,"href":"https:\/\/atauni.edu.tr\/turizm-rehberligi\/wp-json\/wp\/v2\/users\/598"}],"replies":[{"embeddable":true,"href":"https:\/\/atauni.edu.tr\/turizm-rehberligi\/wp-json\/wp\/v2\/comments?post=7821"}],"version-history":[{"count":4,"href":"https:\/\/atauni.edu.tr\/turizm-rehberligi\/wp-json\/wp\/v2\/pages\/7821\/revisions"}],"predecessor-version":[{"id":7826,"href":"https:\/\/atauni.edu.tr\/turizm-rehberligi\/wp-json\/wp\/v2\/pages\/7821\/revisions\/7826"}],"wp:attachment":[{"href":"https:\/\/atauni.edu.tr\/turizm-rehberligi\/wp-json\/wp\/v2\/media?parent=7821"}],"curies":[{"name":"wp","href":"https:\/\/api.w.org\/{rel}","templated":true}]}}