{"id":7852,"date":"2025-07-09T11:28:08","date_gmt":"2025-07-09T08:28:08","guid":{"rendered":"https:\/\/birimler.atauni.edu.tr\/turizm-rehberligi\/?page_id=7852"},"modified":"2025-07-09T11:30:32","modified_gmt":"2025-07-09T08:30:32","slug":"topluma-katki","status":"publish","type":"page","link":"https:\/\/atauni.edu.tr\/turizm-rehberligi\/topluma-katki\/","title":{"rendered":"Topluma Katk\u0131"},"content":{"rendered":"\t\t<div data-elementor-type=\"wp-page\" data-elementor-id=\"7852\" class=\"elementor elementor-7852\" data-elementor-post-type=\"page\">\n\t\t\t\t\t\t<section class=\"elementor-section elementor-top-section elementor-element elementor-element-2bafac7 elementor-section-boxed elementor-section-height-default elementor-section-height-default\" data-id=\"2bafac7\" data-element_type=\"section\">\n\t\t\t\t\t\t<div class=\"elementor-container elementor-column-gap-default\">\n\t\t\t\t\t<div class=\"elementor-column elementor-col-100 elementor-top-column elementor-element elementor-element-20dffec\" data-id=\"20dffec\" data-element_type=\"column\">\n\t\t\t<div class=\"elementor-widget-wrap elementor-element-populated\">\n\t\t\t\t\t\t<div class=\"elementor-element elementor-element-28050d7 elementor-widget elementor-widget-text-editor\" data-id=\"28050d7\" data-element_type=\"widget\" data-widget_type=\"text-editor.default\">\n\t\t\t\t<div class=\"elementor-widget-container\">\n\t\t\t\t\t\t\t\t\t<p data-start=\"265\" data-end=\"606\">Turizm Rehberli\u011fi B\u00f6l\u00fcm\u00fc olarak, e\u011fitim-\u00f6\u011fretim ve ara\u015ft\u0131rma-geli\u015ftirme \u00e7\u0131kt\u0131lar\u0131m\u0131z\u0131 b\u00fct\u00fcnle\u015ftirerek toplumsal katk\u0131y\u0131 en \u00fcst d\u00fczeyde sunmay\u0131 hedefliyoruz. Turizm sekt\u00f6r\u00fcn\u00fcn toplumsal yap\u0131yla olan g\u00fc\u00e7l\u00fc etkile\u015fimini g\u00f6z \u00f6n\u00fcnde bulundurarak, hem yerel hem de ulusal d\u00fczeyde ihtiya\u00e7lara yan\u0131t verebilecek projeler geli\u015ftirmeye \u00f6nem veriyoruz.<\/p><p data-start=\"608\" data-end=\"885\">Toplumsal katk\u0131 faaliyetlerimizi payda\u015flar\u0131m\u0131zla i\u015f birli\u011fi i\u00e7inde y\u00fcr\u00fct\u00fcyor; kamu kurumlar\u0131, yerel y\u00f6netimler, turizm i\u015fletmeleri, STK\u2019lar ve di\u011fer sekt\u00f6r akt\u00f6rleriyle s\u00fcrd\u00fcr\u00fclebilir ili\u015fkiler kurarak, b\u00f6lgesel kalk\u0131nmaya katk\u0131 sa\u011flayacak organizasyonel yap\u0131lar olu\u015fturuyoruz.<\/p><h4 data-start=\"887\" data-end=\"940\"><strong data-start=\"892\" data-end=\"940\">Toplumsal Katk\u0131 Politikam\u0131z\u0131n Temel \u0130lkeleri<\/strong><\/h4><ul data-start=\"942\" data-end=\"1489\"><li data-start=\"942\" data-end=\"1072\"><p data-start=\"944\" data-end=\"1072\">E\u011fitim ve ara\u015ft\u0131rma faaliyetlerini toplumsal katk\u0131yla entegre ederek, elde edilen bilgi ve deneyimi toplumun hizmetine sunmak,<\/p><\/li><li data-start=\"1073\" data-end=\"1169\"><p data-start=\"1075\" data-end=\"1169\">Toplumsal sorunlara duyarl\u0131, k\u00fclt\u00fcrel mirasa sahip \u00e7\u0131kan, \u00e7\u00f6z\u00fcm odakl\u0131 bireyler yeti\u015ftirmek,<\/p><\/li><li data-start=\"1170\" data-end=\"1284\"><p data-start=\"1172\" data-end=\"1284\">Toplumsal katk\u0131 \u00e7al\u0131\u015fmalar\u0131n\u0131 sekt\u00f6r payda\u015flar\u0131yla birlikte etkin, verimli ve s\u00fcrd\u00fcr\u00fclebilir \u015fekilde y\u00fcr\u00fctmek,<\/p><\/li><li data-start=\"1285\" data-end=\"1385\"><p data-start=\"1287\" data-end=\"1385\">Sosyal sorumluluk ve topluma hizmet uygulamalar\u0131 kapsam\u0131nda projeler geli\u015ftirmek ve desteklemek,<\/p><\/li><li data-start=\"1386\" data-end=\"1489\"><p data-start=\"1388\" data-end=\"1489\">Toplumsal katk\u0131 s\u00fcre\u00e7lerinin y\u00f6netimini sa\u011flayacak, kal\u0131c\u0131 ve dinamik bir organizasyonel yap\u0131 kurmak.<\/p><\/li><\/ul><p data-start=\"1491\" data-end=\"1633\">Turizm Rehberli\u011fi B\u00f6l\u00fcm\u00fc olarak, akademik bilgi birikimimizi sadece s\u0131n\u0131flarda de\u011fil, toplumun her alan\u0131nda faydaya d\u00f6n\u00fc\u015ft\u00fcrmeyi s\u00fcrd\u00fcr\u00fcyoruz.<\/p>\t\t\t\t\t\t\t\t<\/div>\n\t\t\t\t<\/div>\n\t\t\t\t\t<\/div>\n\t\t<\/div>\n\t\t\t\t\t<\/div>\n\t\t<\/section>\n\t\t\t\t<\/div>\n\t\t","protected":false},"excerpt":{"rendered":"<p>Turizm Rehberli\u011fi B\u00f6l\u00fcm\u00fc olarak, e\u011fitim-\u00f6\u011fretim ve ara\u015ft\u0131rma-geli\u015ftirme \u00e7\u0131kt\u0131lar\u0131m\u0131z\u0131 b\u00fct\u00fcnle\u015ftirerek toplumsal katk\u0131y\u0131 en \u00fcst d\u00fczeyde sunmay\u0131 hedefliyoruz. Turizm sekt\u00f6r\u00fcn\u00fcn toplumsal yap\u0131yla olan g\u00fc\u00e7l\u00fc etkile\u015fimini g\u00f6z \u00f6n\u00fcnde bulundurarak, hem yerel hem de ulusal d\u00fczeyde ihtiya\u00e7lara yan\u0131t verebilecek projeler geli\u015ftirmeye \u00f6nem veriyoruz. Toplumsal katk\u0131 faaliyetlerimizi payda\u015flar\u0131m\u0131zla i\u015f birli\u011fi i\u00e7inde y\u00fcr\u00fct\u00fcyor; kamu kurumlar\u0131, yerel y\u00f6netimler, turizm i\u015fletmeleri, STK\u2019lar ve [&hellip;]<\/p>\n","protected":false},"author":598,"featured_media":0,"parent":0,"menu_order":0,"comment_status":"closed","ping_status":"closed","template":"","meta":{"footnotes":""},"class_list":["post-7852","page","type-page","status-publish","hentry"],"_links":{"self":[{"href":"https:\/\/atauni.edu.tr\/turizm-rehberligi\/wp-json\/wp\/v2\/pages\/7852","targetHints":{"allow":["GET"]}}],"collection":[{"href":"https:\/\/atauni.edu.tr\/turizm-rehberligi\/wp-json\/wp\/v2\/pages"}],"about":[{"href":"https:\/\/atauni.edu.tr\/turizm-rehberligi\/wp-json\/wp\/v2\/types\/page"}],"author":[{"embeddable":true,"href":"https:\/\/atauni.edu.tr\/turizm-rehberligi\/wp-json\/wp\/v2\/users\/598"}],"replies":[{"embeddable":true,"href":"https:\/\/atauni.edu.tr\/turizm-rehberligi\/wp-json\/wp\/v2\/comments?post=7852"}],"version-history":[{"count":4,"href":"https:\/\/atauni.edu.tr\/turizm-rehberligi\/wp-json\/wp\/v2\/pages\/7852\/revisions"}],"predecessor-version":[{"id":7858,"href":"https:\/\/atauni.edu.tr\/turizm-rehberligi\/wp-json\/wp\/v2\/pages\/7852\/revisions\/7858"}],"wp:attachment":[{"href":"https:\/\/atauni.edu.tr\/turizm-rehberligi\/wp-json\/wp\/v2\/media?parent=7852"}],"curies":[{"name":"wp","href":"https:\/\/api.w.org\/{rel}","templated":true}]}}