{"id":7905,"date":"2025-08-11T14:51:41","date_gmt":"2025-08-11T11:51:41","guid":{"rendered":"https:\/\/birimler.atauni.edu.tr\/turizm-rehberligi\/?page_id=7905"},"modified":"2025-08-11T14:51:41","modified_gmt":"2025-08-11T11:51:41","slug":"haberler","status":"publish","type":"page","link":"https:\/\/atauni.edu.tr\/turizm-rehberligi\/haberler\/","title":{"rendered":"Haberler"},"content":{"rendered":"<form method=\"get\" class=\"row g-3\" style=\"margin-bottom: 20px;\"><div class=\"col-md-3\"><input type=\"text\" name=\"haber_ara\" class=\"form-control\" placeholder=\"Haber ara...\" value=\"\"><\/div><div class=\"col-md-3\"><input type=\"date\" name=\"baslangic_tarihi\" class=\"form-control\" value=\"\"><\/div><div class=\"col-md-3\"><input type=\"date\" name=\"bitis_tarihi\" class=\"form-control\" value=\"\"><\/div><div class=\"col-md-3\"><button type=\"submit\" class=\"btn btn-secondary w-50\">Filtrele<\/button><\/div><\/form><ul class=\"kategori-yazilari-liste\"><li style=\"display: flex; margin-bottom: 10px; align-items: center;\"><div class=\"post-content\" style=\"flex-grow: 1;\"><span class=\"post-date habertarih\" style=\"display: block; font-weight: bold; margin-bottom: 5px;\">3 Nisan 2026<\/span><a class=\"haberbaslik\" href=\"https:\/\/atauni.edu.tr\/turizm-rehberligi\/2026\/04\/03\/turizm-rehberligi-bolumu-71-egitim-modeli-toplantisi-gerceklestirildi\/\">Turizm Rehberli\u011fi B\u00f6l\u00fcm\u00fc 7+1 E\u011fitim Modeli Toplant\u0131s\u0131 Ger\u00e7ekle\u015ftirildi<\/a><\/div><\/li><li style=\"display: flex; margin-bottom: 10px; align-items: center;\"><div class=\"post-content\" style=\"flex-grow: 1;\"><span class=\"post-date habertarih\" style=\"display: block; font-weight: bold; margin-bottom: 5px;\">6 Mart 2026<\/span><a class=\"haberbaslik\" href=\"https:\/\/atauni.edu.tr\/turizm-rehberligi\/2026\/03\/06\/turizm-rehberligi-bolumumuzden-buyuk-basari\/\">Turizm Rehberli\u011fi B\u00f6l\u00fcm\u00fcm\u00fczden B\u00fcy\u00fck Ba\u015far\u0131!<\/a><\/div><\/li><li style=\"display: flex; margin-bottom: 10px; align-items: center;\"><div class=\"post-content\" style=\"flex-grow: 1;\"><span class=\"post-date habertarih\" style=\"display: block; font-weight: bold; margin-bottom: 5px;\">6 Mart 2026<\/span><a class=\"haberbaslik\" href=\"https:\/\/atauni.edu.tr\/turizm-rehberligi\/2026\/03\/06\/ata-turizm-geleneksel-mezun-ogrenci-iftar-bulusmasi-gerceklesti\/\">Ata-Turizm Geleneksel Mezun \u00d6\u011frenci \u0130ftar Bulu\u015fmas\u0131 Ger\u00e7ekle\u015fti<\/a><\/div><\/li><li style=\"display: flex; margin-bottom: 10px; align-items: center;\"><div class=\"post-content\" style=\"flex-grow: 1;\"><span class=\"post-date habertarih\" style=\"display: block; font-weight: bold; margin-bottom: 5px;\">25 \u015eubat 2026<\/span><a class=\"haberbaslik\" href=\"https:\/\/atauni.edu.tr\/turizm-rehberligi\/2026\/02\/25\/ataturk-universitesi-turizm-rehberligi-ogrencileri-trt-muzikte-dogudan-sesler-programina-katildi\/\">Atat\u00fcrk \u00dcniversitesi Turizm Rehberli\u011fi \u00d6\u011frencileri TRT M\u00fczik\u2019te \u201cDo\u011fudan Sesler\u201d Program\u0131na Kat\u0131ld\u0131<\/a><\/div><\/li><li style=\"display: flex; margin-bottom: 10px; align-items: center;\"><div class=\"post-content\" style=\"flex-grow: 1;\"><span class=\"post-date habertarih\" style=\"display: block; font-weight: bold; margin-bottom: 5px;\">12 \u015eubat 2026<\/span><a class=\"haberbaslik\" href=\"https:\/\/atauni.edu.tr\/turizm-rehberligi\/2026\/02\/12\/tureb-baskani-tanridagli-erzurumda-turizm-fakultesi-ogrencileriyle-bulustu\/\">TUREB Ba\u015fkan\u0131 Tanr\u0131da\u011fl\u0131 Erzurum\u2019da Turizm Fak\u00fcltesi \u00d6\u011frencileriyle Bulu\u015ftu<\/a><\/div><\/li><li style=\"display: flex; margin-bottom: 10px; align-items: center;\"><div class=\"post-content\" style=\"flex-grow: 1;\"><span class=\"post-date habertarih\" style=\"display: block; font-weight: bold; margin-bottom: 5px;\">12 \u015eubat 2026<\/span><a class=\"haberbaslik\" href=\"https:\/\/atauni.edu.tr\/turizm-rehberligi\/2026\/02\/12\/tureb-baskani-abdukladir-tanridagli-ata-turizm-ogrencileri-ile-bulusuyor-etkinligi-kapsaminda-erzurumdaydi\/\">TUREB Ba\u015fkan\u0131 Tanr\u0131da\u011fl\u0131 Erzurum\u2019da<\/a><\/div><\/li><li style=\"display: flex; margin-bottom: 10px; align-items: center;\"><div class=\"post-content\" style=\"flex-grow: 1;\"><span class=\"post-date habertarih\" style=\"display: block; font-weight: bold; margin-bottom: 5px;\">10 \u015eubat 2026<\/span><a class=\"haberbaslik\" href=\"https:\/\/atauni.edu.tr\/turizm-rehberligi\/2026\/02\/10\/genisletilmis-akademik-kurul-toplantisi-gerceklestirildi\/\">Turizm Rehberli\u011fi B\u00f6l\u00fcm Ba\u015fkan\u0131 Prof. Dr. Ahmet \u00c7avu\u015f&#8217;a Akademik Performans \u00d6d\u00fcl\u00fc Takdim Edildi<\/a><\/div><\/li><li style=\"display: flex; margin-bottom: 10px; align-items: center;\"><div class=\"post-content\" style=\"flex-grow: 1;\"><span class=\"post-date habertarih\" style=\"display: block; font-weight: bold; margin-bottom: 5px;\">12 Aral\u0131k 2025<\/span><a class=\"haberbaslik\" href=\"https:\/\/atauni.edu.tr\/turizm-rehberligi\/2025\/12\/12\/turizm-rehberligi-bolumu-akreditasyon-surecini-basariyla-tamamlandi\/\">Turizm Rehberli\u011fi B\u00f6l\u00fcm\u00fc Akreditasyon S\u00fcrecini Ba\u015far\u0131yla Tamamland\u0131!<\/a><\/div><\/li><li style=\"display: flex; margin-bottom: 10px; align-items: center;\"><div class=\"post-content\" style=\"flex-grow: 1;\"><span class=\"post-date habertarih\" style=\"display: block; font-weight: bold; margin-bottom: 5px;\">12 Aral\u0131k 2025<\/span><a class=\"haberbaslik\" href=\"https:\/\/atauni.edu.tr\/turizm-rehberligi\/2025\/12\/12\/turizm-rehberligi-bolumu-akademisyenlerimiz-turak-gorevi-icin-batmanda\/\">Turizm Rehberli\u011fi B\u00f6l\u00fcm\u00fc Akademisyenlerimiz TURAK G\u00f6revi i\u00e7in Batman&#8217;da<\/a><\/div><\/li><li style=\"display: flex; margin-bottom: 10px; align-items: center;\"><div class=\"post-content\" style=\"flex-grow: 1;\"><span class=\"post-date habertarih\" style=\"display: block; font-weight: bold; margin-bottom: 5px;\">28 Kas\u0131m 2025<\/span><a class=\"haberbaslik\" href=\"https:\/\/atauni.edu.tr\/turizm-rehberligi\/2025\/11\/28\/ata-turizm-yeni-ogrencileri-universitemizi-ve-erzurumu-taniyor-2025\/\">Ata-Turizm Yeni \u00d6\u011frencileri \u00dcniversitemizi ve Erzurum&#8217;u Tan\u0131yor (2025)<\/a><\/div><\/li><\/ul><nav class=\"pagination\" style=\"margin-top: 20px;\"><ul class='page-numbers'>\n\t<li><span aria-current=\"page\" class=\"page-numbers current\">1<\/span><\/li>\n\t<li><a class=\"page-numbers\" href=\"https:\/\/atauni.edu.tr\/turizm-rehberligi\/wp-json\/wp\/v2\/pages\/7905\/page\/2\/\">2<\/a><\/li>\n\t<li><a class=\"page-numbers\" href=\"https:\/\/atauni.edu.tr\/turizm-rehberligi\/wp-json\/wp\/v2\/pages\/7905\/page\/3\/\">3<\/a><\/li>\n\t<li><span class=\"page-numbers dots\">&hellip;<\/span><\/li>\n\t<li><a class=\"page-numbers\" href=\"https:\/\/atauni.edu.tr\/turizm-rehberligi\/wp-json\/wp\/v2\/pages\/7905\/page\/5\/\">5<\/a><\/li>\n\t<li><a class=\"next page-numbers\" href=\"https:\/\/atauni.edu.tr\/turizm-rehberligi\/wp-json\/wp\/v2\/pages\/7905\/page\/2\/\">Sonraki &raquo;<\/a><\/li>\n<\/ul>\n<\/nav>\n\n\n\n<p><\/p>\n","protected":false},"excerpt":{"rendered":"","protected":false},"author":1,"featured_media":0,"parent":0,"menu_order":0,"comment_status":"closed","ping_status":"closed","template":"","meta":{"footnotes":""},"class_list":["post-7905","page","type-page","status-publish","hentry"],"_links":{"self":[{"href":"https:\/\/atauni.edu.tr\/turizm-rehberligi\/wp-json\/wp\/v2\/pages\/7905","targetHints":{"allow":["GET"]}}],"collection":[{"href":"https:\/\/atauni.edu.tr\/turizm-rehberligi\/wp-json\/wp\/v2\/pages"}],"about":[{"href":"https:\/\/atauni.edu.tr\/turizm-rehberligi\/wp-json\/wp\/v2\/types\/page"}],"author":[{"embeddable":true,"href":"https:\/\/atauni.edu.tr\/turizm-rehberligi\/wp-json\/wp\/v2\/users\/1"}],"replies":[{"embeddable":true,"href":"https:\/\/atauni.edu.tr\/turizm-rehberligi\/wp-json\/wp\/v2\/comments?post=7905"}],"version-history":[{"count":1,"href":"https:\/\/atauni.edu.tr\/turizm-rehberligi\/wp-json\/wp\/v2\/pages\/7905\/revisions"}],"predecessor-version":[{"id":7911,"href":"https:\/\/atauni.edu.tr\/turizm-rehberligi\/wp-json\/wp\/v2\/pages\/7905\/revisions\/7911"}],"wp:attachment":[{"href":"https:\/\/atauni.edu.tr\/turizm-rehberligi\/wp-json\/wp\/v2\/media?parent=7905"}],"curies":[{"name":"wp","href":"https:\/\/api.w.org\/{rel}","templated":true}]}}