{"id":7907,"date":"2025-08-11T14:51:29","date_gmt":"2025-08-11T11:51:29","guid":{"rendered":"https:\/\/birimler.atauni.edu.tr\/turizm-rehberligi\/?page_id=7907"},"modified":"2025-08-11T14:51:29","modified_gmt":"2025-08-11T11:51:29","slug":"etkinlikler","status":"publish","type":"page","link":"https:\/\/atauni.edu.tr\/turizm-rehberligi\/etkinlikler\/","title":{"rendered":"Etkinlikler"},"content":{"rendered":"<form method=\"get\" class=\"row g-3\" style=\"margin-bottom: 20px;\"><div class=\"col-md-3\"><input type=\"text\" name=\"etkinlik_ara\" class=\"form-control\" placeholder=\"Etkinlik ara...\" value=\"\"><\/div><div class=\"col-md-3\"><input type=\"date\" name=\"baslangic_tarihi\" class=\"form-control\" value=\"\"><\/div><div class=\"col-md-3\"><input type=\"date\" name=\"bitis_tarihi\" class=\"form-control\" value=\"\"><\/div><div class=\"col-md-3\"><button type=\"submit\" class=\"btn btn-secondary w-50\">Filtrele<\/button><\/div><\/form><div class=\"etkinlikler-grid-container\" style=\"display: grid; grid-template-columns: repeat(3, 1fr); gap: 20px;\"><div class=\"etkinlik-grid-item\"><div class=\"etkinlik-datee\"><span class=\"day\">06<\/span><span class=\"month\">Mart<\/span><span class=\"year\">2026<\/span><\/div><a href=\"https:\/\/atauni.edu.tr\/turizm-rehberligi\/2026\/03\/06\/turizm-rehberligi-bolumumuzden-buyuk-basari\/\" class=\"etkinlik-titlee\">Turizm Rehberli\u011fi B\u00f6l\u00fcm\u00fcm\u00fczden B\u00fcy\u00fck Ba\u015far\u0131!<\/a><\/div><div class=\"etkinlik-grid-item\"><div class=\"etkinlik-datee\"><span class=\"day\">06<\/span><span class=\"month\">Mart<\/span><span class=\"year\">2026<\/span><\/div><a href=\"https:\/\/atauni.edu.tr\/turizm-rehberligi\/2026\/03\/06\/ata-turizm-geleneksel-mezun-ogrenci-iftar-bulusmasi-gerceklesti\/\" class=\"etkinlik-titlee\">Ata-Turizm Geleneksel Mezun \u00d6\u011frenci \u0130ftar Bulu\u015fmas\u0131 Ger\u00e7ekle\u015fti<\/a><\/div><div class=\"etkinlik-grid-item\"><div class=\"etkinlik-datee\"><span class=\"day\">16<\/span><span class=\"month\">Eyl\u00fcl<\/span><span class=\"year\">2025<\/span><\/div><a href=\"https:\/\/atauni.edu.tr\/turizm-rehberligi\/2025\/09\/16\/turizm-fakultesi-ve-ataogem-isbirligi-ile-iki-egitimle-sizlerleyiz\/\" class=\"etkinlik-titlee\">Turizm Fak\u00fcltesi ve ATA\u00d6GEM i\u015fbirli\u011fi ile iki e\u011fitimle sizlerleyiz<\/a><\/div><\/div><div class=\"pagination\" style=\"margin-top: 20px;\"><\/div>\n\n\n\n<p><\/p>\n","protected":false},"excerpt":{"rendered":"","protected":false},"author":1,"featured_media":0,"parent":0,"menu_order":0,"comment_status":"closed","ping_status":"closed","template":"","meta":{"footnotes":""},"class_list":["post-7907","page","type-page","status-publish","hentry"],"_links":{"self":[{"href":"https:\/\/atauni.edu.tr\/turizm-rehberligi\/wp-json\/wp\/v2\/pages\/7907","targetHints":{"allow":["GET"]}}],"collection":[{"href":"https:\/\/atauni.edu.tr\/turizm-rehberligi\/wp-json\/wp\/v2\/pages"}],"about":[{"href":"https:\/\/atauni.edu.tr\/turizm-rehberligi\/wp-json\/wp\/v2\/types\/page"}],"author":[{"embeddable":true,"href":"https:\/\/atauni.edu.tr\/turizm-rehberligi\/wp-json\/wp\/v2\/users\/1"}],"replies":[{"embeddable":true,"href":"https:\/\/atauni.edu.tr\/turizm-rehberligi\/wp-json\/wp\/v2\/comments?post=7907"}],"version-history":[{"count":1,"href":"https:\/\/atauni.edu.tr\/turizm-rehberligi\/wp-json\/wp\/v2\/pages\/7907\/revisions"}],"predecessor-version":[{"id":7909,"href":"https:\/\/atauni.edu.tr\/turizm-rehberligi\/wp-json\/wp\/v2\/pages\/7907\/revisions\/7909"}],"wp:attachment":[{"href":"https:\/\/atauni.edu.tr\/turizm-rehberligi\/wp-json\/wp\/v2\/media?parent=7907"}],"curies":[{"name":"wp","href":"https:\/\/api.w.org\/{rel}","templated":true}]}}