{"id":5638,"date":"2021-07-13T09:49:25","date_gmt":"2021-07-13T06:49:25","guid":{"rendered":"https:\/\/portaltest.atauni.edu.tr\/bilgisayar-muhendisligi\/?page_id=5638"},"modified":"2021-12-14T14:39:23","modified_gmt":"2021-12-14T11:39:23","slug":"tarihce","status":"publish","type":"page","link":"https:\/\/atauni.edu.tr\/turk-dili-ve-edebiyati\/tarihce\/","title":{"rendered":"Tarih\u00e7e"},"content":{"rendered":"\t\t<div data-elementor-type=\"wp-page\" data-elementor-id=\"5638\" class=\"elementor elementor-5638\" data-elementor-post-type=\"page\">\n\t\t\t\t\t\t<section class=\"elementor-section elementor-top-section elementor-element elementor-element-730d320 elementor-section-boxed elementor-section-height-default elementor-section-height-default\" data-id=\"730d320\" data-element_type=\"section\">\n\t\t\t\t\t\t<div class=\"elementor-container elementor-column-gap-default\">\n\t\t\t\t\t<div class=\"elementor-column elementor-col-100 elementor-top-column elementor-element elementor-element-753d0860\" data-id=\"753d0860\" data-element_type=\"column\">\n\t\t\t<div class=\"elementor-widget-wrap\">\n\t\t\t\t\t\t\t<\/div>\n\t\t<\/div>\n\t\t\t\t\t<\/div>\n\t\t<\/section>\n\t\t\t\t<section class=\"elementor-section elementor-top-section elementor-element elementor-element-9be811a elementor-section-boxed elementor-section-height-default elementor-section-height-default\" data-id=\"9be811a\" data-element_type=\"section\">\n\t\t\t\t\t\t<div class=\"elementor-container elementor-column-gap-default\">\n\t\t\t\t\t<div class=\"elementor-column elementor-col-100 elementor-top-column elementor-element elementor-element-1ed847b7\" data-id=\"1ed847b7\" data-element_type=\"column\">\n\t\t\t<div class=\"elementor-widget-wrap elementor-element-populated\">\n\t\t\t\t\t\t<div class=\"elementor-element elementor-element-4ce0d07f elementor-widget elementor-widget-heading\" data-id=\"4ce0d07f\" data-element_type=\"widget\" data-widget_type=\"heading.default\">\n\t\t\t\t<div class=\"elementor-widget-container\">\n\t\t\t\t\t<h2 class=\"elementor-heading-title elementor-size-default\">Tarih\u00e7e<\/h2>\t\t\t\t<\/div>\n\t\t\t\t<\/div>\n\t\t\t\t<div class=\"elementor-element elementor-element-63260862 elementor-widget-divider--view-line elementor-widget elementor-widget-divider\" data-id=\"63260862\" data-element_type=\"widget\" data-widget_type=\"divider.default\">\n\t\t\t\t<div class=\"elementor-widget-container\">\n\t\t\t\t\t\t\t<div class=\"elementor-divider\">\n\t\t\t<span class=\"elementor-divider-separator\">\n\t\t\t\t\t\t<\/span>\n\t\t<\/div>\n\t\t\t\t\t\t<\/div>\n\t\t\t\t<\/div>\n\t\t\t\t\t<\/div>\n\t\t<\/div>\n\t\t\t\t\t<\/div>\n\t\t<\/section>\n\t\t\t\t<section class=\"elementor-section elementor-top-section elementor-element elementor-element-10aa591 elementor-section-boxed elementor-section-height-default elementor-section-height-default\" data-id=\"10aa591\" data-element_type=\"section\">\n\t\t\t\t\t\t<div class=\"elementor-container elementor-column-gap-default\">\n\t\t\t\t\t<div class=\"elementor-column elementor-col-100 elementor-top-column elementor-element elementor-element-67afba4\" data-id=\"67afba4\" data-element_type=\"column\">\n\t\t\t<div class=\"elementor-widget-wrap elementor-element-populated\">\n\t\t\t\t\t\t<div class=\"elementor-element elementor-element-81bdebe elementor-widget elementor-widget-text-editor\" data-id=\"81bdebe\" data-element_type=\"widget\" data-widget_type=\"text-editor.default\">\n\t\t\t\t<div class=\"elementor-widget-container\">\n\t\t\t\t\t\t\t\t\t<p>17 Kas\u0131m 1958 tarihinde \u00f6\u011fretime ba\u015flayan b\u00f6l\u00fcm\u00fcm\u00fcz; T\u00fcrk dili, edebiyat\u0131 ve folklorunu ulusal ve uluslararas\u0131 d\u00fczeyde geli\u015ftirmek ve yayg\u0131n h\u00e2le getirmek amac\u0131yla faaliyet g\u00f6stermektedir. Bu hususta T\u00fcrk k\u00fclt\u00fcr\u00fcn\u00fcn temelini olu\u015fturan T\u00fcrk dili ve edebiyat\u0131 alan\u0131nda ge\u00e7mi\u015ften bug\u00fcne kadar ortaya konulmu\u015f s\u00f6zl\u00fc ve yaz\u0131l\u0131 \u00fcr\u00fcnleri ara\u015ft\u0131rarak ge\u00e7mi\u015f ile yeni nesiller aras\u0131nda bir k\u00f6pr\u00fc vazifesi g\u00f6rmek, b\u00f6l\u00fcm\u00fcm\u00fcz\u00fcn temel misyonunu te\u015fkil etmektedir. Kuruldu\u011fu tarihten itibaren b\u00f6l\u00fcm\u00fcm\u00fczde g\u00f6rev yapm\u0131\u015f pek \u00e7ok \u00f6\u011fretim \u00fcyesi de bu misyonu kendilerine \u015fiar edinerek b\u00f6l\u00fcm\u00fcm\u00fcz\u00fcn akademik a\u00e7\u0131dan g\u00fc\u00e7l\u00fc ve yetkin olmas\u0131n\u0131 sa\u011flamaya \u00e7al\u0131\u015fm\u0131\u015ft\u0131r. Kuruculu\u011funu Prof. Dr. Mehmet KAPLAN\u2019\u0131n yapt\u0131\u011f\u0131 b\u00f6l\u00fcm\u00fcm\u00fcze ba\u015flang\u0131\u00e7tan itibaren Ali Nihat TARLAN, Ahmet CAFERO\u011eLU, \u015einasi TEK\u0130N, G\u00f6n\u00fcl ALPAY TEK\u0130N, G\u00fcler G\u00dcVEN, Kaya B\u0130LGEG\u0130L, Selahattin OLCAY, Haluk \u0130PEKTEN, Mehmet AKALIN, Mustafa \u0130SEN, \u015eerif AKTA\u015e, Orhan OKAY, Muhan BAL\u0130, Harun TOLASA, Umay G\u00dcNAY, Efrasiyap GEMALMAZ, Recep TOPARLI, Saim SAKAO\u011eLU, Bilge SEY\u0130DO\u011eLU, Celal TARAK\u00c7I, Turgut KARABEY, Ali Berat ALPTEK\u0130N, Abdulbaki \u00c7ET\u0130N, Orhan Kemal TAVUK\u00c7U, Metin AKKU\u015e ve Avni G\u00d6Z\u00dcTOK gibi pek \u00e7ok \u00f6\u011fretim \u00fcyesi emek vermi\u015ftir. Mezk\u00fbr akademisyenlerden bir\u00e7o\u011fu T\u00fcrkiye\u2019nin ve d\u00fcnyan\u0131n \u00e7e\u015fitli \u00fcniversitelerinde hem \u00f6\u011fretim \u00fcyesi olarak hem de y\u00f6netici olarak farkl\u0131 g\u00f6revlerde bulunmu\u015flar ve bulunmaya devam etmektedirler.<\/p>\t\t\t\t\t\t\t\t<\/div>\n\t\t\t\t<\/div>\n\t\t\t\t\t<\/div>\n\t\t<\/div>\n\t\t\t\t\t<\/div>\n\t\t<\/section>\n\t\t\t\t<\/div>\n\t\t","protected":false},"excerpt":{"rendered":"<p>Tarih\u00e7e 17 Kas\u0131m 1958 tarihinde \u00f6\u011fretime ba\u015flayan b\u00f6l\u00fcm\u00fcm\u00fcz; T\u00fcrk dili, edebiyat\u0131 ve folklorunu ulusal ve uluslararas\u0131 d\u00fczeyde geli\u015ftirmek ve yayg\u0131n h\u00e2le getirmek amac\u0131yla faaliyet g\u00f6stermektedir. Bu hususta T\u00fcrk k\u00fclt\u00fcr\u00fcn\u00fcn temelini olu\u015fturan T\u00fcrk dili ve edebiyat\u0131 alan\u0131nda ge\u00e7mi\u015ften bug\u00fcne kadar ortaya konulmu\u015f s\u00f6zl\u00fc ve yaz\u0131l\u0131 \u00fcr\u00fcnleri ara\u015ft\u0131rarak ge\u00e7mi\u015f ile yeni nesiller aras\u0131nda bir k\u00f6pr\u00fc vazifesi g\u00f6rmek, [&hellip;]<\/p>\n","protected":false},"author":1,"featured_media":0,"parent":0,"menu_order":0,"comment_status":"closed","ping_status":"closed","template":"","meta":{"footnotes":""},"class_list":["post-5638","page","type-page","status-publish","hentry"],"_links":{"self":[{"href":"https:\/\/atauni.edu.tr\/turk-dili-ve-edebiyati\/wp-json\/wp\/v2\/pages\/5638","targetHints":{"allow":["GET"]}}],"collection":[{"href":"https:\/\/atauni.edu.tr\/turk-dili-ve-edebiyati\/wp-json\/wp\/v2\/pages"}],"about":[{"href":"https:\/\/atauni.edu.tr\/turk-dili-ve-edebiyati\/wp-json\/wp\/v2\/types\/page"}],"author":[{"embeddable":true,"href":"https:\/\/atauni.edu.tr\/turk-dili-ve-edebiyati\/wp-json\/wp\/v2\/users\/1"}],"replies":[{"embeddable":true,"href":"https:\/\/atauni.edu.tr\/turk-dili-ve-edebiyati\/wp-json\/wp\/v2\/comments?post=5638"}],"version-history":[{"count":25,"href":"https:\/\/atauni.edu.tr\/turk-dili-ve-edebiyati\/wp-json\/wp\/v2\/pages\/5638\/revisions"}],"predecessor-version":[{"id":6180,"href":"https:\/\/atauni.edu.tr\/turk-dili-ve-edebiyati\/wp-json\/wp\/v2\/pages\/5638\/revisions\/6180"}],"wp:attachment":[{"href":"https:\/\/atauni.edu.tr\/turk-dili-ve-edebiyati\/wp-json\/wp\/v2\/media?parent=5638"}],"curies":[{"name":"wp","href":"https:\/\/api.w.org\/{rel}","templated":true}]}}