{"id":5682,"date":"2021-07-13T10:10:01","date_gmt":"2021-07-13T07:10:01","guid":{"rendered":"https:\/\/portaltest.atauni.edu.tr\/bilgisayar-muhendisligi\/?page_id=5682"},"modified":"2021-12-14T14:40:29","modified_gmt":"2021-12-14T11:40:29","slug":"misyon-vizyon-ve-temel-degerler","status":"publish","type":"page","link":"https:\/\/atauni.edu.tr\/turk-dili-ve-edebiyati\/misyon-vizyon-ve-temel-degerler\/","title":{"rendered":"Misyon, Vizyon ve Temel De\u011ferler"},"content":{"rendered":"\t\t<div data-elementor-type=\"wp-page\" data-elementor-id=\"5682\" class=\"elementor elementor-5682\" data-elementor-post-type=\"page\">\n\t\t\t\t\t\t<section class=\"elementor-section elementor-top-section elementor-element elementor-element-730d320 elementor-section-boxed elementor-section-height-default elementor-section-height-default\" data-id=\"730d320\" data-element_type=\"section\">\n\t\t\t\t\t\t<div class=\"elementor-container elementor-column-gap-default\">\n\t\t\t\t\t<div class=\"elementor-column elementor-col-100 elementor-top-column elementor-element elementor-element-753d0860\" data-id=\"753d0860\" data-element_type=\"column\">\n\t\t\t<div class=\"elementor-widget-wrap\">\n\t\t\t\t\t\t\t<\/div>\n\t\t<\/div>\n\t\t\t\t\t<\/div>\n\t\t<\/section>\n\t\t\t\t<section class=\"elementor-section elementor-top-section elementor-element elementor-element-9be811a elementor-section-boxed elementor-section-height-default elementor-section-height-default\" data-id=\"9be811a\" data-element_type=\"section\">\n\t\t\t\t\t\t<div class=\"elementor-container elementor-column-gap-default\">\n\t\t\t\t\t<div class=\"elementor-column elementor-col-100 elementor-top-column elementor-element elementor-element-1ed847b7\" data-id=\"1ed847b7\" data-element_type=\"column\">\n\t\t\t<div class=\"elementor-widget-wrap elementor-element-populated\">\n\t\t\t\t\t\t<div class=\"elementor-element elementor-element-4ce0d07f elementor-widget elementor-widget-heading\" data-id=\"4ce0d07f\" data-element_type=\"widget\" data-widget_type=\"heading.default\">\n\t\t\t\t<div class=\"elementor-widget-container\">\n\t\t\t\t\t<h2 class=\"elementor-heading-title elementor-size-default\">Misyon, Vizyon ve Temel De\u011ferler<\/h2>\t\t\t\t<\/div>\n\t\t\t\t<\/div>\n\t\t\t\t<div class=\"elementor-element elementor-element-63260862 elementor-widget-divider--view-line elementor-widget elementor-widget-divider\" data-id=\"63260862\" data-element_type=\"widget\" data-widget_type=\"divider.default\">\n\t\t\t\t<div class=\"elementor-widget-container\">\n\t\t\t\t\t\t\t<div class=\"elementor-divider\">\n\t\t\t<span class=\"elementor-divider-separator\">\n\t\t\t\t\t\t<\/span>\n\t\t<\/div>\n\t\t\t\t\t\t<\/div>\n\t\t\t\t<\/div>\n\t\t\t\t\t<\/div>\n\t\t<\/div>\n\t\t\t\t\t<\/div>\n\t\t<\/section>\n\t\t\t\t<section class=\"elementor-section elementor-top-section elementor-element elementor-element-681db8b elementor-section-boxed elementor-section-height-default elementor-section-height-default\" data-id=\"681db8b\" data-element_type=\"section\">\n\t\t\t\t\t\t<div class=\"elementor-container elementor-column-gap-default\">\n\t\t\t\t\t<div class=\"elementor-column elementor-col-100 elementor-top-column elementor-element elementor-element-ad4dac5\" data-id=\"ad4dac5\" data-element_type=\"column\">\n\t\t\t<div class=\"elementor-widget-wrap elementor-element-populated\">\n\t\t\t\t\t\t<div class=\"elementor-element elementor-element-2f96b3d elementor-widget elementor-widget-text-editor\" data-id=\"2f96b3d\" data-element_type=\"widget\" data-widget_type=\"text-editor.default\">\n\t\t\t\t<div class=\"elementor-widget-container\">\n\t\t\t\t\t\t\t\t\t<h2>Misyon T\u00fcrk Dili ve Edebiyat\u0131 B\u00f6l\u00fcm\u00fc, evrensel insanl\u0131k de\u011ferlerini ve anlay\u0131\u015flar\u0131n\u0131 benimsemi\u015f, donan\u0131ml\u0131, pozitif d\u00fc\u015f\u00fcnen, \u00fcretken, kat\u0131l\u0131mc\u0131, ara\u015ft\u0131rma ve problem \u00e7\u00f6zme yetene\u011fine sahip, kendisi ve \u00e7evresiyle uyumlu, Atat\u00fcrk \u0130lke ve \u0130nk\u0131l\u00e2plar\u0131na ba\u011fl\u0131, devleti, \u00fclkesi ve milletiyle b\u00f6l\u00fcnmez b\u00fct\u00fcnl\u00fc\u011f\u00fcn\u00fc her \u015feyin \u00fcst\u00fcnde tutan bir gen\u00e7li\u011fin yeti\u015fmesini \u00fcstlenen, nitelikli \u00f6\u011fretim elemanlar\u0131 ile bilim \u00fcreten, \u00fcretti\u011fi bilimi ve birikimi insanl\u0131k yarar\u0131na kullanan, uluslararas\u0131 standartlar\u0131 yakalama gayreti i\u00e7inde olan bir b\u00f6l\u00fcmd\u00fcr. Ayr\u0131ca milletimizin ba\u011f\u0131ms\u0131zl\u0131\u011f\u0131n\u0131n en \u00f6nemli g\u00f6stergelerinden biri olan dilimizin tarih\u00ee geli\u015fimini de dikkate alarak tekrar as\u0131l g\u00fcc\u00fcne kavu\u015fmas\u0131n\u0131 sa\u011flamak; bir milletin k\u00fclt\u00fcr\u00fcn\u00fc, hayat tecr\u00fcbesini, d\u00fcnya g\u00f6r\u00fc\u015f\u00fcn\u00fc ifade eden edebiyat \u00fcr\u00fcnlerini bilimsel \u00f6l\u00e7\u00fctler \u00e7er\u00e7evesinde incelemektir. Lisans\u00fcst\u00fc misyonumuz, doktora program\u0131na devam edebilecek nitelikte ve say\u0131da bilim uzman\u0131 \u00f6\u011frenciler yeti\u015ftirmektir. Buna ba\u011fl\u0131 olarak \u00e7a\u011fda\u015f bilgilerle donanm\u0131\u015f bireyleri dil ve edebiyat tarihi y\u00f6n\u00fcnden de ayd\u0131nlatmak; T\u00fcrk dili ve edebiyat\u0131na yapt\u0131\u011f\u0131 katk\u0131n\u0131n yan\u0131nda \u00e7al\u0131\u015fmalar\u0131n\u0131 uluslararas\u0131 sahada da tan\u0131tabilmek; bu sayede evrensel \u00e7al\u0131\u015fmalara katk\u0131da bulunabilmek. Bunu yaparken T\u00fcrk k\u00fclt\u00fcr\u00fcn\u00fcn kaynaklar\u0131n\u0131 ara\u015ft\u0131rmak; \u00fcr\u00fcnleri yazar, eser, devir ba\u011flant\u0131lar\u0131 i\u00e7inde ele alarak, bunlar\u0131n inceleme y\u00f6ntemlerini geli\u015ftirmek; yap\u0131lan inceleme sonu\u00e7lar\u0131n\u0131 dil ve edebiyat a\u00e7\u0131s\u0131ndan de\u011ferlendirebilmektir. \u00a0 Vizyon T\u00fcrk\u00e7enin g\u00fczel ve do\u011fru bir \u015fekilde kullan\u0131lmas\u0131n\u0131 sa\u011flayan; T\u00fcrk dilini ve edebiyat\u0131n\u0131, toplumu yans\u0131tan bir inceleme alan\u0131 olarak g\u00f6ren, bunun yan\u0131nda k\u00fcreselle\u015fen d\u00fcnyada T\u00fcrk k\u00fclt\u00fcr\u00fcn\u00fcn evrensel k\u00fclt\u00fcr i\u00e7indeki yerini belirleyen ve \u00f6n plana \u00e7\u0131kmas\u0131n\u0131 sa\u011flayan, bilgi \u00fcreten, akademik anlamda, tarihi bug\u00fcnle bulu\u015fturup toplumsal geli\u015fme s\u00fcrecini inceleyen; dinamik hedefleri olan, edebiyat ve dil a\u00e7\u0131s\u0131ndan misyonunu yerine getirmede t\u00fcm sosyal bilimlerden ve kaynaklardan yararlanabilen bir b\u00f6l\u00fcm olmakt\u0131r. Ayr\u0131ca T\u00fcrk Dili, T\u00fcrk Edebiyat\u0131 ve T\u00fcrk K\u00fclt\u00fcr\u00fc alanlar\u0131nda bilimsel ara\u015ft\u0131rma ve yay\u0131n yaparak T\u00fcrkl\u00fck bilimine katk\u0131da bulunmak ve bilimsel d\u00fc\u015f\u00fcnme yetene\u011fi kazanm\u0131\u015f, nesnel, ak\u0131lc\u0131, ara\u015ft\u0131r\u0131c\u0131, dal\u0131nda yetkin bireyler yeti\u015ftirmektir.<\/h2>\t\t\t\t\t\t\t\t<\/div>\n\t\t\t\t<\/div>\n\t\t\t\t\t<\/div>\n\t\t<\/div>\n\t\t\t\t\t<\/div>\n\t\t<\/section>\n\t\t\t\t<\/div>\n\t\t","protected":false},"excerpt":{"rendered":"<p>Misyon, Vizyon ve Temel De\u011ferler Misyon T\u00fcrk Dili ve Edebiyat\u0131 B\u00f6l\u00fcm\u00fc, evrensel insanl\u0131k de\u011ferlerini ve anlay\u0131\u015flar\u0131n\u0131 benimsemi\u015f, donan\u0131ml\u0131, pozitif d\u00fc\u015f\u00fcnen, \u00fcretken, kat\u0131l\u0131mc\u0131, ara\u015ft\u0131rma ve problem \u00e7\u00f6zme yetene\u011fine sahip, kendisi ve \u00e7evresiyle uyumlu, Atat\u00fcrk \u0130lke ve \u0130nk\u0131l\u00e2plar\u0131na ba\u011fl\u0131, devleti, \u00fclkesi ve milletiyle b\u00f6l\u00fcnmez b\u00fct\u00fcnl\u00fc\u011f\u00fcn\u00fc her \u015feyin \u00fcst\u00fcnde tutan bir gen\u00e7li\u011fin yeti\u015fmesini \u00fcstlenen, nitelikli \u00f6\u011fretim elemanlar\u0131 ile [&hellip;]<\/p>\n","protected":false},"author":1,"featured_media":0,"parent":0,"menu_order":0,"comment_status":"closed","ping_status":"closed","template":"elementor_header_footer","meta":{"footnotes":""},"class_list":["post-5682","page","type-page","status-publish","hentry"],"_links":{"self":[{"href":"https:\/\/atauni.edu.tr\/turk-dili-ve-edebiyati\/wp-json\/wp\/v2\/pages\/5682","targetHints":{"allow":["GET"]}}],"collection":[{"href":"https:\/\/atauni.edu.tr\/turk-dili-ve-edebiyati\/wp-json\/wp\/v2\/pages"}],"about":[{"href":"https:\/\/atauni.edu.tr\/turk-dili-ve-edebiyati\/wp-json\/wp\/v2\/types\/page"}],"author":[{"embeddable":true,"href":"https:\/\/atauni.edu.tr\/turk-dili-ve-edebiyati\/wp-json\/wp\/v2\/users\/1"}],"replies":[{"embeddable":true,"href":"https:\/\/atauni.edu.tr\/turk-dili-ve-edebiyati\/wp-json\/wp\/v2\/comments?post=5682"}],"version-history":[{"count":11,"href":"https:\/\/atauni.edu.tr\/turk-dili-ve-edebiyati\/wp-json\/wp\/v2\/pages\/5682\/revisions"}],"predecessor-version":[{"id":6183,"href":"https:\/\/atauni.edu.tr\/turk-dili-ve-edebiyati\/wp-json\/wp\/v2\/pages\/5682\/revisions\/6183"}],"wp:attachment":[{"href":"https:\/\/atauni.edu.tr\/turk-dili-ve-edebiyati\/wp-json\/wp\/v2\/media?parent=5682"}],"curies":[{"name":"wp","href":"https:\/\/api.w.org\/{rel}","templated":true}]}}