{"id":5728,"date":"2021-07-13T11:33:38","date_gmt":"2021-07-13T08:33:38","guid":{"rendered":"https:\/\/portaltest.atauni.edu.tr\/bilgisayar-muhendisligi\/?page_id=5728"},"modified":"2021-12-23T15:27:40","modified_gmt":"2021-12-23T12:27:40","slug":"bolum-tanitimi","status":"publish","type":"page","link":"https:\/\/atauni.edu.tr\/turk-dili-ve-edebiyati\/bolum-tanitimi\/","title":{"rendered":"B\u00f6l\u00fcm Tan\u0131t\u0131m\u0131"},"content":{"rendered":"\t\t<div data-elementor-type=\"wp-page\" data-elementor-id=\"5728\" class=\"elementor elementor-5728\" data-elementor-post-type=\"page\">\n\t\t\t\t\t\t<section class=\"elementor-section elementor-top-section elementor-element elementor-element-730d320 elementor-section-boxed elementor-section-height-default elementor-section-height-default\" data-id=\"730d320\" data-element_type=\"section\">\n\t\t\t\t\t\t<div class=\"elementor-container elementor-column-gap-default\">\n\t\t\t\t\t<div class=\"elementor-column elementor-col-100 elementor-top-column elementor-element elementor-element-753d0860\" data-id=\"753d0860\" data-element_type=\"column\">\n\t\t\t<div class=\"elementor-widget-wrap\">\n\t\t\t\t\t\t\t<\/div>\n\t\t<\/div>\n\t\t\t\t\t<\/div>\n\t\t<\/section>\n\t\t\t\t<section class=\"elementor-section elementor-top-section elementor-element elementor-element-9be811a elementor-section-boxed elementor-section-height-default elementor-section-height-default\" data-id=\"9be811a\" data-element_type=\"section\">\n\t\t\t\t\t\t<div class=\"elementor-container elementor-column-gap-default\">\n\t\t\t\t\t<div class=\"elementor-column elementor-col-100 elementor-top-column elementor-element elementor-element-1ed847b7\" data-id=\"1ed847b7\" data-element_type=\"column\">\n\t\t\t<div class=\"elementor-widget-wrap elementor-element-populated\">\n\t\t\t\t\t\t<div class=\"elementor-element elementor-element-4ce0d07f elementor-widget elementor-widget-heading\" data-id=\"4ce0d07f\" data-element_type=\"widget\" data-widget_type=\"heading.default\">\n\t\t\t\t<div class=\"elementor-widget-container\">\n\t\t\t\t\t<h2 class=\"elementor-heading-title elementor-size-default\">B\u00f6l\u00fcm Tan\u0131t\u0131m\u0131<\/h2>\t\t\t\t<\/div>\n\t\t\t\t<\/div>\n\t\t\t\t<div class=\"elementor-element elementor-element-63260862 elementor-widget-divider--view-line elementor-widget elementor-widget-divider\" data-id=\"63260862\" data-element_type=\"widget\" data-widget_type=\"divider.default\">\n\t\t\t\t<div class=\"elementor-widget-container\">\n\t\t\t\t\t\t\t<div class=\"elementor-divider\">\n\t\t\t<span class=\"elementor-divider-separator\">\n\t\t\t\t\t\t<\/span>\n\t\t<\/div>\n\t\t\t\t\t\t<\/div>\n\t\t\t\t<\/div>\n\t\t\t\t\t<\/div>\n\t\t<\/div>\n\t\t\t\t\t<\/div>\n\t\t<\/section>\n\t\t\t\t<section class=\"elementor-section elementor-top-section elementor-element elementor-element-681db8b elementor-section-boxed elementor-section-height-default elementor-section-height-default\" data-id=\"681db8b\" data-element_type=\"section\">\n\t\t\t\t\t\t<div class=\"elementor-container elementor-column-gap-default\">\n\t\t\t\t\t<div class=\"elementor-column elementor-col-100 elementor-top-column elementor-element elementor-element-ad4dac5\" data-id=\"ad4dac5\" data-element_type=\"column\">\n\t\t\t<div class=\"elementor-widget-wrap elementor-element-populated\">\n\t\t\t\t\t\t<div class=\"elementor-element elementor-element-2f96b3d elementor-widget elementor-widget-text-editor\" data-id=\"2f96b3d\" data-element_type=\"widget\" data-widget_type=\"text-editor.default\">\n\t\t\t\t<div class=\"elementor-widget-container\">\n\t\t\t\t\t\t\t\t\t<p>\u00a0\u00a0\u00a0\u00a0\u00a0\u00a0\u00a0\u00a0\u00a0\u00a0\u00a0 Atat\u00fcrk \u00dcniversitesi Edebiyat Fak\u00fcltesi T\u00fcrk Dili ve Edebiyat\u0131 B\u00f6l\u00fcm\u00fc 17 Kas\u0131m 1958 tarihinde \u00f6\u011fretime ba\u015flam\u0131\u015f olup T\u00fcrk dili, edebiyat\u0131 ve folklorunu ulusal ve uluslararas\u0131 d\u00fczeyde geli\u015ftirmek ve yayg\u0131n h\u00e2le getirmek amac\u0131yla faaliyet g\u00f6stermektedir. Bu hususta T\u00fcrk k\u00fclt\u00fcr\u00fcn\u00fcn temelini olu\u015fturan T\u00fcrk dili ve edebiyat\u0131 alan\u0131nda ge\u00e7mi\u015ften bug\u00fcne kadar ortaya konulmu\u015f s\u00f6zl\u00fc ve yaz\u0131l\u0131 \u00fcr\u00fcnleri ara\u015ft\u0131rarak ge\u00e7mi\u015f ile yeni nesiller aras\u0131nda bir k\u00f6pr\u00fc vazifesi g\u00f6rmek, b\u00f6l\u00fcm\u00fcm\u00fcz\u00fcn temel misyonunu te\u015fkil etmektedir.\u00a0Kuruldu\u011fu tarihten itibaren b\u00f6l\u00fcm\u00fcm\u00fczde g\u00f6rev yapm\u0131\u015f pek \u00e7ok \u00f6\u011fretim \u00fcyesi de bu misyonu kendilerine \u015fiar edinerek b\u00f6l\u00fcm\u00fcm\u00fcz\u00fcn akademik a\u00e7\u0131dan g\u00fc\u00e7l\u00fc ve yetkin olmas\u0131n\u0131 sa\u011flamaya \u00e7al\u0131\u015fm\u0131\u015ft\u0131r. Kuruculu\u011funu Prof. Dr. Mehmet KAPLAN\u2019\u0131n yapt\u0131\u011f\u0131 b\u00f6l\u00fcm\u00fcm\u00fcze ba\u015flang\u0131\u00e7tan itibaren Ali Nihat TARLAN, Ahmet CAFERO\u011eLU, \u015einasi TEK\u0130N, G\u00f6n\u00fcl ALPAY TEK\u0130N, G\u00fcler G\u00dcVEN, Kaya B\u0130LGEG\u0130L, Selahattin OLCAY, Haluk \u0130PEKTEN, Mehmet AKALIN, Mustafa \u0130SEN, \u015eerif AKTA\u015e, Orhan OKAY, Muhan BAL\u0130, Harun TOLASA, Umay G\u00dcNAY, Efrasiyap GEMALMAZ, Recep TOPARLI, Saim SAKAO\u011eLU, Bilge SEY\u0130DO\u011eLU, Celal TARAK\u00c7I, Turgut KARABEY, Ali Berat ALPTEK\u0130N, Abdulbaki \u00c7ET\u0130N, Orhan Kemal TAVUK\u00c7U, Metin AKKU\u015e ve Avni G\u00d6Z\u00dcTOK gibi pek \u00e7ok \u00f6\u011fretim \u00fcyesi emek vermi\u015ftir. Mezk\u00fbr akademisyenlerden bir\u00e7o\u011fu T\u00fcrkiye\u2019nin ve d\u00fcnyan\u0131n \u00e7e\u015fitli \u00fcniversitelerinde hem \u00f6\u011fretim \u00fcyesi olarak hem de y\u00f6netici olarak farkl\u0131 g\u00f6revlerde bulunmu\u015flar ve bulunmaya devam etmektedirler.<\/p><p>\u00a0\u00a0\u00a0\u00a0\u00a0\u00a0\u00a0\u00a0\u00a0\u00a0\u00a0 T\u00fcrk Dili ve Edebiyat\u0131 b\u00f6l\u00fcm\u00fc Eski T\u00fcrk Dili, Yeni T\u00fcrk Dili, Eski T\u00fcrk Edebiyat\u0131, Yeni T\u00fcrk Edebiyat\u0131 ve T\u00fcrk Halk Edebiyat\u0131 olmak \u00fczere be\u015f anabilim dal\u0131na ayr\u0131lm\u0131\u015ft\u0131r. \u00d6\u011frenciler YKS s\u0131nav sonu\u00e7lar\u0131na g\u00f6re programa yerle\u015ftirilirler. Her y\u0131l yakla\u015f\u0131k olarak 100 \u00f6\u011frenci b\u00f6l\u00fcme kabul edilmektedir. \u00d6\u011frencilerin lisans program\u0131ndan mezun olabilmeleri i\u00e7in 240 akts dersi ba\u015far\u0131yla bitirmesi ve genel not ortalamas\u0131n\u0131n 2,0 veya \u00fczerinde olmas\u0131 gerekmektedir. E\u011fitim s\u00fcresi 4 y\u0131ld\u0131r. B\u00f6l\u00fcm\u00fcm\u00fczden mezun olan \u00f6\u011frenciler \u201cT\u00fcrkolog\u201d unvan\u0131n\u0131 almaktad\u0131r.<\/p><p>2020-2021 e\u011fitim ve \u00f6\u011fretim y\u0131l\u0131nda T\u00fcrk Dili ve Edebiyat\u0131 B\u00f6l\u00fcm\u00fc\u2019n\u00fcn birinci ve ikinci \u00f6\u011fretim olmak \u00fczere 929 \u00f6\u011frenci ile e\u011fitim hayat\u0131na devam etmektedir. Lisans e\u011fitiminin yan\u0131nda lisans\u00fcst\u00fc e\u011fitimine y\u00fcksek lisans ve doktora d\u00fczeyinde programlarla devam etmektedir. Bu ba\u011flamda y\u00fcksek lisans program\u0131nda 51, doktora program\u0131nda 68 \u00f6\u011frenci \u00f6\u011frenimini s\u00fcrd\u00fcrmektedir. Ayr\u0131ca b\u00f6l\u00fcmde toplamda 20 yabanc\u0131 uyruklu \u00f6\u011frenci e\u011fitim g\u00f6rmektedir.<\/p><p>\u00a0\u00a0\u00a0\u00a0\u00a0\u00a0\u00a0\u00a0\u00a0\u00a0\u00a0 T\u00fcrk Dili ve Edebiyat\u0131 B\u00f6l\u00fcm\u00fc\u2019nde 8\u2019i profes\u00f6r, 5\u2019i do\u00e7ent, 2\u2019si doktor \u00f6\u011fretim \u00fcyesi, 1\u2019i ara\u015ft\u0131rma g\u00f6revlisi doktor, 8\u2019i ara\u015ft\u0131rma g\u00f6revlisi olmak \u00fczere toplamda 24 \u00f6\u011fretim eleman\u0131 g\u00f6rev yapmaktad\u0131r. B\u00f6l\u00fcmde T\u00fcrk dilinin yap\u0131s\u0131, geli\u015fmesi ve di\u011fer dillerle olan ba\u011flant\u0131s\u0131 ele al\u0131n\u0131r.\u00a0T\u00fcrk edebiyat\u0131n\u0131n tarihi ve bug\u00fcnk\u00fc durumu incelenir. T\u00fcrk dili ve edebiyat\u0131n\u0131n t\u00fcm evrelerine y\u00f6nelik ara\u015ft\u0131rma ve e\u011fitim yap\u0131l\u0131r. Bu programda en eski T\u00fcrk dillerinden bug\u00fcne kadar var olmu\u015f t\u00fcm T\u00fcrk dilleri, kl\u00e2sik T\u00fcrk edebiyat\u0131, Tanzimat\u2019tan bug\u00fcne \u00e7a\u011fda\u015f T\u00fcrk edebiyat\u0131, halk edebiyat\u0131 konular\u0131nda dersler okutulur.<\/p><p>T\u00fcrk Dili ve Edebiyat\u0131 B\u00f6l\u00fcm\u00fc \u00fclkemizde bulunan 114 ayn\u0131 adl\u0131 b\u00f6l\u00fcm i\u00e7erisinde, her y\u0131l birinci ve ikinci \u00f6\u011fretim olmak \u00fczere aktif olarak \u00f6\u011frenci alan bir b\u00f6l\u00fcmd\u00fcr. Kurulu\u015f tarihi bak\u0131m\u0131ndan ise di\u011fer \u00fcniversitelerdeki bu b\u00f6l\u00fcmler aras\u0131nda 5. s\u0131rada yer almas\u0131yla \u00fclkemizde kurulan en k\u00f6kl\u00fc T\u00fcrk Dili ve Edebiyat\u0131 b\u00f6l\u00fcmlerinden biri say\u0131lmaktad\u0131r. Atat\u00fcrk \u00dcniversitesi T\u00fcrk Dili ve Edebiyat\u0131 b\u00f6l\u00fcm\u00fcn\u00fc tercih eden \u00f6\u011frenciler i\u00e7in haz\u0131rl\u0131k program\u0131 uygulanmamaktad\u0131r. \u00d6\u011frencilerin b\u00f6l\u00fcm ad\u0131na kullanabilece\u011fi bir k\u00fct\u00fcphane bulunmamakla birlikte Edebiyat Fak\u00fcltesi \u00f6\u011frencilere k\u00fct\u00fcphane olana\u011f\u0131 sa\u011flamaktad\u0131r. B\u00f6l\u00fcm\u00fcn akredite \u00e7al\u0131\u015fmalar\u0131 devam etmektedir. B\u00f6l\u00fcmde ayr\u0131ca son s\u0131n\u0131fta bitirme tezi dersiyle \u00f6\u011frenciler tez \u00e7al\u0131\u015fmas\u0131 yapabilmektedirler. Yaz okulu uygulamas\u0131 b\u00f6l\u00fcmde mevcut olmakla birlikte \u00f6\u011frenciler ders akts\u2019sinin, i\u00e7eri\u011finin ayn\u0131 olmas\u0131 ko\u015fulu ve dekanl\u0131\u011f\u0131n onay\u0131yla farkl\u0131 \u00fcniversitelere ba\u015fvuru yapabilmektedirler.<\/p><p>T\u00fcrk Dili ve Edebiyat\u0131 B\u00f6l\u00fcm\u00fc mezunlar\u0131, k\u00fct\u00fcphanelerde, ar\u015fivlerde, K\u00fclt\u00fcr Bakanl\u0131\u011f\u0131\u2019nda, TRT kurulunda g\u00f6rev alabilirler. Y\u00fcksek\u00f6\u011fretim kurumlar\u0131nda okutman olarak \u00e7al\u0131\u015fabilirler. \u00d6\u011fretmenlik sertifikas\u0131 alanlar orta dereceli okullarda \u00f6\u011fretmenlik yapabilirler. \u00d6zel yetenekleri olanlar, gazete ve dergilerde yazarl\u0131k, edit\u00f6rl\u00fck yapabilirler.<\/p><p>T\u00fcrk Dili ve Edebiyat\u0131 B\u00f6l\u00fcm\u00fc b\u00fcnyesinde kurulan \u201cT\u00fcrkoloji Kul\u00fcb\u00fc\u201d adl\u0131 \u00f6\u011frenci kul\u00fcb\u00fc, \u00f6\u011frencilerin aktif kat\u0131l\u0131m\u0131yla faaliyette bulunmaktad\u0131r. T\u00fcrkoloji Kul\u00fcb\u00fc b\u00f6l\u00fcm \u00f6\u011frencilerinin ilgi alanlar\u0131na g\u00f6re ders d\u0131\u015f\u0131 zamanlar\u0131n\u0131 de\u011ferlendirmelerini, farkl\u0131 ilgi alanlar\u0131na y\u00f6nelmelerini, sosyal, k\u00fclt\u00fcrel, sanatsal ve sportif etkinliklere kat\u0131l\u0131mlar\u0131n\u0131\u00a0sa\u011flamay\u0131 ama\u00e7lamaktad\u0131r. Bu y\u00f6nerge kapsam\u0131nda, b\u00f6l\u00fcm \u00f6\u011frencilerinin mesleki, e\u011fitsel, bilimsel, sosyal, k\u00fclt\u00fcrel ve sanatsal ama\u00e7larla kurabilece\u011fi; lisans\u00fcst\u00fc programlar\u0131na kay\u0131tl\u0131 \u00f6\u011frencilerin de \u00fcye olabilece\u011fi bir kul\u00fcpt\u00fcr. Bu kitleyi sosyal sorumluluk projeleriyle ayn\u0131 \u00e7at\u0131 alt\u0131nda toplamak ve b\u00f6ylece ortak karar alma kabiliyetlerini peki\u015ftirmeleri de hedeflenmektedir.<\/p><p>T\u00fcrk Dili ve Edebiyat\u0131 b\u00f6l\u00fcm\u00fcnde Erasmus, \u00c7ift Anadal ve Yandal programlar\u0131 bulunmamaktad\u0131r. Bununla birlikte Farabi, Mevlana ve Orhun programlar\u0131 kapsam\u0131nda anla\u015fmalar bulunmakta olup her y\u0131l bu programlar dahilinde yurti\u00e7i ve yurtd\u0131\u015f\u0131 \u00fcniversiteleri aras\u0131nda b\u00f6l\u00fcmde \u00f6\u011frenci de\u011fi\u015fimi sa\u011flanmaktad\u0131r.<\/p><p>T\u00fcrk Dili ve Edebiyat\u0131 b\u00f6l\u00fcm\u00fcnde g\u00f6rev yapan akademik personel, \u00f6\u011frencilerden gelen proje ve ara\u015ft\u0131rma \u00f6nerilerine destek vermektedir. Bu ba\u011flamda T\u00dcB\u0130TAK ve BAP gibi bilimsel ara\u015ft\u0131rmalar\u0131 destekleyen kurulu\u015flarla i\u015fbirli\u011fi i\u00e7erisindedir. B\u00f6l\u00fcmde ge\u00e7mi\u015fte ve halihaz\u0131rda bu t\u00fcr kurulu\u015flar taraf\u0131ndan desteklenen projeler mevcuttur.<\/p>\t\t\t\t\t\t\t\t<\/div>\n\t\t\t\t<\/div>\n\t\t\t\t\t<\/div>\n\t\t<\/div>\n\t\t\t\t\t<\/div>\n\t\t<\/section>\n\t\t\t\t<\/div>\n\t\t","protected":false},"excerpt":{"rendered":"<p>B\u00f6l\u00fcm Tan\u0131t\u0131m\u0131 \u00a0\u00a0\u00a0\u00a0\u00a0\u00a0\u00a0\u00a0\u00a0\u00a0\u00a0 Atat\u00fcrk \u00dcniversitesi Edebiyat Fak\u00fcltesi T\u00fcrk Dili ve Edebiyat\u0131 B\u00f6l\u00fcm\u00fc 17 Kas\u0131m 1958 tarihinde \u00f6\u011fretime ba\u015flam\u0131\u015f olup T\u00fcrk dili, edebiyat\u0131 ve folklorunu ulusal ve uluslararas\u0131 d\u00fczeyde geli\u015ftirmek ve yayg\u0131n h\u00e2le getirmek amac\u0131yla faaliyet g\u00f6stermektedir. Bu hususta T\u00fcrk k\u00fclt\u00fcr\u00fcn\u00fcn temelini olu\u015fturan T\u00fcrk dili ve edebiyat\u0131 alan\u0131nda ge\u00e7mi\u015ften bug\u00fcne kadar ortaya konulmu\u015f s\u00f6zl\u00fc ve yaz\u0131l\u0131 [&hellip;]<\/p>\n","protected":false},"author":1,"featured_media":0,"parent":0,"menu_order":0,"comment_status":"closed","ping_status":"closed","template":"elementor_header_footer","meta":{"footnotes":""},"class_list":["post-5728","page","type-page","status-publish","hentry"],"_links":{"self":[{"href":"https:\/\/atauni.edu.tr\/turk-dili-ve-edebiyati\/wp-json\/wp\/v2\/pages\/5728","targetHints":{"allow":["GET"]}}],"collection":[{"href":"https:\/\/atauni.edu.tr\/turk-dili-ve-edebiyati\/wp-json\/wp\/v2\/pages"}],"about":[{"href":"https:\/\/atauni.edu.tr\/turk-dili-ve-edebiyati\/wp-json\/wp\/v2\/types\/page"}],"author":[{"embeddable":true,"href":"https:\/\/atauni.edu.tr\/turk-dili-ve-edebiyati\/wp-json\/wp\/v2\/users\/1"}],"replies":[{"embeddable":true,"href":"https:\/\/atauni.edu.tr\/turk-dili-ve-edebiyati\/wp-json\/wp\/v2\/comments?post=5728"}],"version-history":[{"count":11,"href":"https:\/\/atauni.edu.tr\/turk-dili-ve-edebiyati\/wp-json\/wp\/v2\/pages\/5728\/revisions"}],"predecessor-version":[{"id":6274,"href":"https:\/\/atauni.edu.tr\/turk-dili-ve-edebiyati\/wp-json\/wp\/v2\/pages\/5728\/revisions\/6274"}],"wp:attachment":[{"href":"https:\/\/atauni.edu.tr\/turk-dili-ve-edebiyati\/wp-json\/wp\/v2\/media?parent=5728"}],"curies":[{"name":"wp","href":"https:\/\/api.w.org\/{rel}","templated":true}]}}