{"id":8007,"date":"2023-06-12T14:24:29","date_gmt":"2023-06-12T11:24:29","guid":{"rendered":"https:\/\/birimler.atauni.edu.tr\/turk-dili-ve-edebiyati\/?page_id=8007"},"modified":"2023-06-13T15:45:06","modified_gmt":"2023-06-13T12:45:06","slug":"fedek","status":"publish","type":"page","link":"https:\/\/atauni.edu.tr\/turk-dili-ve-edebiyati\/fedek\/","title":{"rendered":"FEDEK"},"content":{"rendered":"\t\t<div data-elementor-type=\"wp-page\" data-elementor-id=\"8007\" class=\"elementor elementor-8007\" data-elementor-post-type=\"page\">\n\t\t\t\t\t\t<section class=\"elementor-section elementor-top-section elementor-element elementor-element-64f25d8 elementor-section-boxed elementor-section-height-default elementor-section-height-default\" data-id=\"64f25d8\" data-element_type=\"section\">\n\t\t\t\t\t\t<div class=\"elementor-container elementor-column-gap-default\">\n\t\t\t\t\t<div class=\"elementor-column elementor-col-100 elementor-top-column elementor-element elementor-element-9f724c7\" data-id=\"9f724c7\" data-element_type=\"column\">\n\t\t\t<div class=\"elementor-widget-wrap elementor-element-populated\">\n\t\t\t\t\t\t<div class=\"elementor-element elementor-element-c63dda6 elementor-widget elementor-widget-text-editor\" data-id=\"c63dda6\" data-element_type=\"widget\" data-widget_type=\"text-editor.default\">\n\t\t\t\t<div class=\"elementor-widget-container\">\n\t\t\t\t\t\t\t\t\t<p><strong>PROGRAM \u00d6\u011eRET\u0130M AMA\u00c7LARI<\/strong><\/p><p><strong>P\u00d6A1.<\/strong> T\u00fcrk Dili ve alan\u0131nda nitelikli,\u00a0 \u00fcretken ve sorumlulu\u011funun bilincinde, ele\u015ftirel ve \u00e7ok y\u00f6nl\u00fc bir bak\u0131\u015f a\u00e7\u0131s\u0131na sahip ve disiplinleraras\u0131 \u00e7al\u0131\u015fma yapabilen, giri\u015fimci ruha sahip, sorumluluk duygusu geli\u015fmi\u015f, yarat\u0131c\u0131, \u00f6zg\u00fcvenli, alanlar\u0131nda \u00f6zg\u00fcn d\u00fc\u015f\u00fcnceler \u00fcretebilen ve etik ilkelere ba\u011fl\u0131 \u201cT\u00fcrkolog\u201d yeti\u015ftirmektir.<\/p><p><strong>P\u00d6A2.<\/strong> Program mezunlar\u0131 yurt i\u00e7i ve yurt d\u0131\u015f\u0131nda lisans\u00fcst\u00fc e\u011fitim alarak akademik kariyer yapma imkan\u0131na sahiptirler.<\/p><p><strong>P\u00d6A3<\/strong>. Program mezunlar\u0131 yurt i\u00e7inde ve d\u0131\u015f\u0131nda k\u00fct\u00fcphaneler ve ar\u015fivlerde, reklam ajanslar\u0131nda (metin yazarl\u0131\u011f\u0131), gazete ve dergilerde (edit\u00f6rl\u00fck), T\u00fcrk Dil Kurumu gibi kurumlarda ve \u00a0ilgili \u00f6zel sekt\u00f6r ve kamu kurum ve \u00a0kurulu\u015flar\u0131nda istihdam imkan\u0131 bulabilmektedir.<\/p><p>\u00a0<\/p>\t\t\t\t\t\t\t\t<\/div>\n\t\t\t\t<\/div>\n\t\t\t\t\t<\/div>\n\t\t<\/div>\n\t\t\t\t\t<\/div>\n\t\t<\/section>\n\t\t\t\t<\/div>\n\t\t","protected":false},"excerpt":{"rendered":"<p>PROGRAM \u00d6\u011eRET\u0130M AMA\u00c7LARI P\u00d6A1. T\u00fcrk Dili ve alan\u0131nda nitelikli,\u00a0 \u00fcretken ve sorumlulu\u011funun bilincinde, ele\u015ftirel ve \u00e7ok y\u00f6nl\u00fc bir bak\u0131\u015f a\u00e7\u0131s\u0131na sahip ve disiplinleraras\u0131 \u00e7al\u0131\u015fma yapabilen, giri\u015fimci ruha sahip, sorumluluk duygusu geli\u015fmi\u015f, yarat\u0131c\u0131, \u00f6zg\u00fcvenli, alanlar\u0131nda \u00f6zg\u00fcn d\u00fc\u015f\u00fcnceler \u00fcretebilen ve etik ilkelere ba\u011fl\u0131 \u201cT\u00fcrkolog\u201d yeti\u015ftirmektir. P\u00d6A2. Program mezunlar\u0131 yurt i\u00e7i ve yurt d\u0131\u015f\u0131nda lisans\u00fcst\u00fc e\u011fitim alarak akademik [&hellip;]<\/p>\n","protected":false},"author":290,"featured_media":0,"parent":0,"menu_order":0,"comment_status":"closed","ping_status":"closed","template":"","meta":{"footnotes":""},"class_list":["post-8007","page","type-page","status-publish","hentry"],"_links":{"self":[{"href":"https:\/\/atauni.edu.tr\/turk-dili-ve-edebiyati\/wp-json\/wp\/v2\/pages\/8007","targetHints":{"allow":["GET"]}}],"collection":[{"href":"https:\/\/atauni.edu.tr\/turk-dili-ve-edebiyati\/wp-json\/wp\/v2\/pages"}],"about":[{"href":"https:\/\/atauni.edu.tr\/turk-dili-ve-edebiyati\/wp-json\/wp\/v2\/types\/page"}],"author":[{"embeddable":true,"href":"https:\/\/atauni.edu.tr\/turk-dili-ve-edebiyati\/wp-json\/wp\/v2\/users\/290"}],"replies":[{"embeddable":true,"href":"https:\/\/atauni.edu.tr\/turk-dili-ve-edebiyati\/wp-json\/wp\/v2\/comments?post=8007"}],"version-history":[{"count":7,"href":"https:\/\/atauni.edu.tr\/turk-dili-ve-edebiyati\/wp-json\/wp\/v2\/pages\/8007\/revisions"}],"predecessor-version":[{"id":8016,"href":"https:\/\/atauni.edu.tr\/turk-dili-ve-edebiyati\/wp-json\/wp\/v2\/pages\/8007\/revisions\/8016"}],"wp:attachment":[{"href":"https:\/\/atauni.edu.tr\/turk-dili-ve-edebiyati\/wp-json\/wp\/v2\/media?parent=8007"}],"curies":[{"name":"wp","href":"https:\/\/api.w.org\/{rel}","templated":true}]}}