{"id":9427,"date":"2025-06-26T14:31:56","date_gmt":"2025-06-26T11:31:56","guid":{"rendered":"https:\/\/birimler.atauni.edu.tr\/turk-dili-ve-edebiyati\/?page_id=9427"},"modified":"2025-08-03T14:52:13","modified_gmt":"2025-08-03T11:52:13","slug":"etkinlikler","status":"publish","type":"page","link":"https:\/\/atauni.edu.tr\/turk-dili-ve-edebiyati\/etkinlikler\/","title":{"rendered":"Etkinlikler"},"content":{"rendered":"<form method=\"get\" class=\"row g-3\" style=\"margin-bottom: 20px;\"><div class=\"col-md-3\"><input type=\"text\" name=\"etkinlik_ara\" class=\"form-control\" placeholder=\"Etkinlik ara...\" value=\"\"><\/div><div class=\"col-md-3\"><input type=\"date\" name=\"baslangic_tarihi\" class=\"form-control\" value=\"\"><\/div><div class=\"col-md-3\"><input type=\"date\" name=\"bitis_tarihi\" class=\"form-control\" value=\"\"><\/div><div class=\"col-md-3\"><button type=\"submit\" class=\"btn btn-secondary w-50\">Filtrele<\/button><\/div><\/form><div class=\"etkinlikler-grid-container\" style=\"display: grid; grid-template-columns: repeat(3, 1fr); gap: 20px;\"><div class=\"etkinlik-grid-item\"><div class=\"etkinlik-thumbnail\"><img fetchpriority=\"high\" decoding=\"async\" width=\"211\" height=\"300\" src=\"https:\/\/atauni.edu.tr\/turk-dili-ve-edebiyati\/wp-content\/uploads\/sites\/169\/2025\/10\/EK-1-211x300.jpg\" class=\"img-fluid wp-post-image\" alt=\"\" srcset=\"https:\/\/atauni.edu.tr\/turk-dili-ve-edebiyati\/wp-content\/uploads\/sites\/169\/2025\/10\/EK-1-211x300.jpg 211w, https:\/\/atauni.edu.tr\/turk-dili-ve-edebiyati\/wp-content\/uploads\/sites\/169\/2025\/10\/EK-1-721x1024.jpg 721w, https:\/\/atauni.edu.tr\/turk-dili-ve-edebiyati\/wp-content\/uploads\/sites\/169\/2025\/10\/EK-1-768x1091.jpg 768w, https:\/\/atauni.edu.tr\/turk-dili-ve-edebiyati\/wp-content\/uploads\/sites\/169\/2025\/10\/EK-1-1081x1536.jpg 1081w, https:\/\/atauni.edu.tr\/turk-dili-ve-edebiyati\/wp-content\/uploads\/sites\/169\/2025\/10\/EK-1-1442x2048.jpg 1442w, https:\/\/atauni.edu.tr\/turk-dili-ve-edebiyati\/wp-content\/uploads\/sites\/169\/2025\/10\/EK-1-422x600.jpg 422w, https:\/\/atauni.edu.tr\/turk-dili-ve-edebiyati\/wp-content\/uploads\/sites\/169\/2025\/10\/EK-1-394x560.jpg 394w, https:\/\/atauni.edu.tr\/turk-dili-ve-edebiyati\/wp-content\/uploads\/sites\/169\/2025\/10\/EK-1-scaled.jpg 1802w\" sizes=\"(max-width: 211px) 100vw, 211px\" \/><\/div><div class=\"etkinlik-datee\"><span class=\"day\">27<\/span><span class=\"month\">Ekim<\/span><span class=\"year\">2025<\/span><\/div><a href=\"https:\/\/atauni.edu.tr\/turk-dili-ve-edebiyati\/2025\/10\/27\/dile-emek-verenler-orhan-okay-belgeseli\/\" class=\"etkinlik-titlee\">Dile Emek Verenler Orhan OKAY Belgeseli<\/a><\/div><div class=\"etkinlik-grid-item\"><div class=\"etkinlik-thumbnail\"><img decoding=\"async\" width=\"300\" height=\"135\" src=\"https:\/\/atauni.edu.tr\/turk-dili-ve-edebiyati\/wp-content\/uploads\/sites\/169\/2025\/10\/8f391bfc-cd0f-494e-973f-70281ad39883-300x135.jpg\" class=\"img-fluid wp-post-image\" alt=\"\" srcset=\"https:\/\/atauni.edu.tr\/turk-dili-ve-edebiyati\/wp-content\/uploads\/sites\/169\/2025\/10\/8f391bfc-cd0f-494e-973f-70281ad39883-300x135.jpg 300w, https:\/\/atauni.edu.tr\/turk-dili-ve-edebiyati\/wp-content\/uploads\/sites\/169\/2025\/10\/8f391bfc-cd0f-494e-973f-70281ad39883-1024x461.jpg 1024w, https:\/\/atauni.edu.tr\/turk-dili-ve-edebiyati\/wp-content\/uploads\/sites\/169\/2025\/10\/8f391bfc-cd0f-494e-973f-70281ad39883-768x346.jpg 768w, https:\/\/atauni.edu.tr\/turk-dili-ve-edebiyati\/wp-content\/uploads\/sites\/169\/2025\/10\/8f391bfc-cd0f-494e-973f-70281ad39883-1536x691.jpg 1536w, https:\/\/atauni.edu.tr\/turk-dili-ve-edebiyati\/wp-content\/uploads\/sites\/169\/2025\/10\/8f391bfc-cd0f-494e-973f-70281ad39883-600x270.jpg 600w, https:\/\/atauni.edu.tr\/turk-dili-ve-edebiyati\/wp-content\/uploads\/sites\/169\/2025\/10\/8f391bfc-cd0f-494e-973f-70281ad39883-560x252.jpg 560w, https:\/\/atauni.edu.tr\/turk-dili-ve-edebiyati\/wp-content\/uploads\/sites\/169\/2025\/10\/8f391bfc-cd0f-494e-973f-70281ad39883.jpg 1600w\" sizes=\"(max-width: 300px) 100vw, 300px\" \/><\/div><div class=\"etkinlik-datee\"><span class=\"day\">03<\/span><span class=\"month\">Ekim<\/span><span class=\"year\">2025<\/span><\/div><a href=\"https:\/\/atauni.edu.tr\/turk-dili-ve-edebiyati\/2025\/10\/03\/turk-dili-ve-edebiyati-bolumu-2025-2026-egitim-ogretim-yili-icin-oryantasyon-programi-duzenledi\/\" class=\"etkinlik-titlee\">T\u00fcrk Dili ve Edebiyat\u0131 b\u00f6l\u00fcm\u00fc 2025-2026 E\u011fitim \u00d6\u011fretim y\u0131l\u0131 i\u00e7in Oryantasyon Program\u0131 d\u00fczenledi.<\/a><\/div><div class=\"etkinlik-grid-item\"><div class=\"etkinlik-thumbnail\"><img decoding=\"async\" width=\"217\" height=\"300\" src=\"https:\/\/atauni.edu.tr\/turk-dili-ve-edebiyati\/wp-content\/uploads\/sites\/169\/2024\/11\/WhatsApp-Image-2024-11-01-at-15.46.17-1-217x300.jpeg\" class=\"img-fluid wp-post-image\" alt=\"\" srcset=\"https:\/\/atauni.edu.tr\/turk-dili-ve-edebiyati\/wp-content\/uploads\/sites\/169\/2024\/11\/WhatsApp-Image-2024-11-01-at-15.46.17-1-217x300.jpeg 217w, https:\/\/atauni.edu.tr\/turk-dili-ve-edebiyati\/wp-content\/uploads\/sites\/169\/2024\/11\/WhatsApp-Image-2024-11-01-at-15.46.17-1-434x600.jpeg 434w, https:\/\/atauni.edu.tr\/turk-dili-ve-edebiyati\/wp-content\/uploads\/sites\/169\/2024\/11\/WhatsApp-Image-2024-11-01-at-15.46.17-1-405x560.jpeg 405w, https:\/\/atauni.edu.tr\/turk-dili-ve-edebiyati\/wp-content\/uploads\/sites\/169\/2024\/11\/WhatsApp-Image-2024-11-01-at-15.46.17-1.jpeg 714w\" sizes=\"(max-width: 217px) 100vw, 217px\" \/><\/div><div class=\"etkinlik-datee\"><span class=\"day\">01<\/span><span class=\"month\">Kas\u0131m<\/span><span class=\"year\">2024<\/span><\/div><a href=\"https:\/\/atauni.edu.tr\/turk-dili-ve-edebiyati\/2024\/11\/01\/etkinlik-duyurusu-9\/\" class=\"etkinlik-titlee\">Etkinlik Duyurusu<\/a><\/div><div class=\"etkinlik-grid-item\"><div class=\"etkinlik-thumbnail\"><img loading=\"lazy\" decoding=\"async\" width=\"212\" height=\"300\" src=\"https:\/\/atauni.edu.tr\/turk-dili-ve-edebiyati\/wp-content\/uploads\/sites\/169\/2024\/05\/WhatsApp-Image-2024-05-22-at-12.17.13-212x300.jpeg\" class=\"img-fluid wp-post-image\" alt=\"\" srcset=\"https:\/\/atauni.edu.tr\/turk-dili-ve-edebiyati\/wp-content\/uploads\/sites\/169\/2024\/05\/WhatsApp-Image-2024-05-22-at-12.17.13-212x300.jpeg 212w, https:\/\/atauni.edu.tr\/turk-dili-ve-edebiyati\/wp-content\/uploads\/sites\/169\/2024\/05\/WhatsApp-Image-2024-05-22-at-12.17.13-724x1024.jpeg 724w, https:\/\/atauni.edu.tr\/turk-dili-ve-edebiyati\/wp-content\/uploads\/sites\/169\/2024\/05\/WhatsApp-Image-2024-05-22-at-12.17.13-768x1086.jpeg 768w, https:\/\/atauni.edu.tr\/turk-dili-ve-edebiyati\/wp-content\/uploads\/sites\/169\/2024\/05\/WhatsApp-Image-2024-05-22-at-12.17.13-1086x1536.jpeg 1086w, https:\/\/atauni.edu.tr\/turk-dili-ve-edebiyati\/wp-content\/uploads\/sites\/169\/2024\/05\/WhatsApp-Image-2024-05-22-at-12.17.13-424x600.jpeg 424w, https:\/\/atauni.edu.tr\/turk-dili-ve-edebiyati\/wp-content\/uploads\/sites\/169\/2024\/05\/WhatsApp-Image-2024-05-22-at-12.17.13-396x560.jpeg 396w, https:\/\/atauni.edu.tr\/turk-dili-ve-edebiyati\/wp-content\/uploads\/sites\/169\/2024\/05\/WhatsApp-Image-2024-05-22-at-12.17.13.jpeg 1131w\" sizes=\"(max-width: 212px) 100vw, 212px\" \/><\/div><div class=\"etkinlik-datee\"><span class=\"day\">22<\/span><span class=\"month\">May\u0131s<\/span><span class=\"year\">2024<\/span><\/div><a href=\"https:\/\/atauni.edu.tr\/turk-dili-ve-edebiyati\/2024\/05\/22\/etkinlik-duyurusu-8\/\" class=\"etkinlik-titlee\">Etkinlik Duyurusu<\/a><\/div><div class=\"etkinlik-grid-item\"><div class=\"etkinlik-thumbnail\"><img loading=\"lazy\" decoding=\"async\" width=\"212\" height=\"300\" src=\"https:\/\/atauni.edu.tr\/turk-dili-ve-edebiyati\/wp-content\/uploads\/sites\/169\/2024\/05\/WhatsApp-Image-2024-05-22-at-12.17.04-212x300.jpeg\" class=\"img-fluid wp-post-image\" alt=\"\" srcset=\"https:\/\/atauni.edu.tr\/turk-dili-ve-edebiyati\/wp-content\/uploads\/sites\/169\/2024\/05\/WhatsApp-Image-2024-05-22-at-12.17.04-212x300.jpeg 212w, https:\/\/atauni.edu.tr\/turk-dili-ve-edebiyati\/wp-content\/uploads\/sites\/169\/2024\/05\/WhatsApp-Image-2024-05-22-at-12.17.04-724x1024.jpeg 724w, https:\/\/atauni.edu.tr\/turk-dili-ve-edebiyati\/wp-content\/uploads\/sites\/169\/2024\/05\/WhatsApp-Image-2024-05-22-at-12.17.04-768x1086.jpeg 768w, https:\/\/atauni.edu.tr\/turk-dili-ve-edebiyati\/wp-content\/uploads\/sites\/169\/2024\/05\/WhatsApp-Image-2024-05-22-at-12.17.04-1086x1536.jpeg 1086w, https:\/\/atauni.edu.tr\/turk-dili-ve-edebiyati\/wp-content\/uploads\/sites\/169\/2024\/05\/WhatsApp-Image-2024-05-22-at-12.17.04-424x600.jpeg 424w, https:\/\/atauni.edu.tr\/turk-dili-ve-edebiyati\/wp-content\/uploads\/sites\/169\/2024\/05\/WhatsApp-Image-2024-05-22-at-12.17.04-396x560.jpeg 396w, https:\/\/atauni.edu.tr\/turk-dili-ve-edebiyati\/wp-content\/uploads\/sites\/169\/2024\/05\/WhatsApp-Image-2024-05-22-at-12.17.04.jpeg 1131w\" sizes=\"(max-width: 212px) 100vw, 212px\" \/><\/div><div class=\"etkinlik-datee\"><span class=\"day\">22<\/span><span class=\"month\">May\u0131s<\/span><span class=\"year\">2024<\/span><\/div><a href=\"https:\/\/atauni.edu.tr\/turk-dili-ve-edebiyati\/2024\/05\/22\/etkinlik-duyurusu-7\/\" class=\"etkinlik-titlee\">Etkinlik Duyurusu<\/a><\/div><div class=\"etkinlik-grid-item\"><div class=\"etkinlik-thumbnail\"><img loading=\"lazy\" decoding=\"async\" width=\"214\" height=\"300\" src=\"https:\/\/atauni.edu.tr\/turk-dili-ve-edebiyati\/wp-content\/uploads\/sites\/169\/2024\/05\/WhatsApp-Image-2024-05-03-at-16.18.16-214x300.jpeg\" class=\"img-fluid wp-post-image\" alt=\"\" srcset=\"https:\/\/atauni.edu.tr\/turk-dili-ve-edebiyati\/wp-content\/uploads\/sites\/169\/2024\/05\/WhatsApp-Image-2024-05-03-at-16.18.16-214x300.jpeg 214w, https:\/\/atauni.edu.tr\/turk-dili-ve-edebiyati\/wp-content\/uploads\/sites\/169\/2024\/05\/WhatsApp-Image-2024-05-03-at-16.18.16-732x1024.jpeg 732w, https:\/\/atauni.edu.tr\/turk-dili-ve-edebiyati\/wp-content\/uploads\/sites\/169\/2024\/05\/WhatsApp-Image-2024-05-03-at-16.18.16-768x1075.jpeg 768w, https:\/\/atauni.edu.tr\/turk-dili-ve-edebiyati\/wp-content\/uploads\/sites\/169\/2024\/05\/WhatsApp-Image-2024-05-03-at-16.18.16-1097x1536.jpeg 1097w, https:\/\/atauni.edu.tr\/turk-dili-ve-edebiyati\/wp-content\/uploads\/sites\/169\/2024\/05\/WhatsApp-Image-2024-05-03-at-16.18.16-429x600.jpeg 429w, https:\/\/atauni.edu.tr\/turk-dili-ve-edebiyati\/wp-content\/uploads\/sites\/169\/2024\/05\/WhatsApp-Image-2024-05-03-at-16.18.16-400x560.jpeg 400w, https:\/\/atauni.edu.tr\/turk-dili-ve-edebiyati\/wp-content\/uploads\/sites\/169\/2024\/05\/WhatsApp-Image-2024-05-03-at-16.18.16.jpeg 1143w\" sizes=\"(max-width: 214px) 100vw, 214px\" \/><\/div><div class=\"etkinlik-datee\"><span class=\"day\">07<\/span><span class=\"month\">May\u0131s<\/span><span class=\"year\">2024<\/span><\/div><a href=\"https:\/\/atauni.edu.tr\/turk-dili-ve-edebiyati\/2024\/05\/07\/yeni-turk-dili-ana-bilim-dali-ogretim-uyeleri-kasgarlidan-ali-emiriye-ali-emiriden-gelecege-turkce-baslikli-bir-panel-duzenledi\/\" class=\"etkinlik-titlee\">Yeni T\u00fcrk Dili Ana Bilim Dal\u0131 \u00f6\u011fretim \u00fcyeleri &#8220;Ka\u015fgarl\u0131&#8217;dan Ali Emiri&#8217;ye, Ali Emiri&#8217;den Gelece\u011fe T\u00fcrk\u00e7e&#8221; ba\u015fl\u0131kl\u0131 bir panel d\u00fczenledi.<\/a><\/div><div class=\"etkinlik-grid-item\"><div class=\"etkinlik-thumbnail\"><img loading=\"lazy\" decoding=\"async\" width=\"225\" height=\"300\" src=\"https:\/\/atauni.edu.tr\/turk-dili-ve-edebiyati\/wp-content\/uploads\/sites\/169\/2024\/04\/WhatsApp-Image-2024-04-23-at-15.20.54-1-225x300.jpeg\" class=\"img-fluid wp-post-image\" alt=\"\" srcset=\"https:\/\/atauni.edu.tr\/turk-dili-ve-edebiyati\/wp-content\/uploads\/sites\/169\/2024\/04\/WhatsApp-Image-2024-04-23-at-15.20.54-1-225x300.jpeg 225w, https:\/\/atauni.edu.tr\/turk-dili-ve-edebiyati\/wp-content\/uploads\/sites\/169\/2024\/04\/WhatsApp-Image-2024-04-23-at-15.20.54-1-768x1024.jpeg 768w, https:\/\/atauni.edu.tr\/turk-dili-ve-edebiyati\/wp-content\/uploads\/sites\/169\/2024\/04\/WhatsApp-Image-2024-04-23-at-15.20.54-1-1152x1536.jpeg 1152w, https:\/\/atauni.edu.tr\/turk-dili-ve-edebiyati\/wp-content\/uploads\/sites\/169\/2024\/04\/WhatsApp-Image-2024-04-23-at-15.20.54-1-450x600.jpeg 450w, https:\/\/atauni.edu.tr\/turk-dili-ve-edebiyati\/wp-content\/uploads\/sites\/169\/2024\/04\/WhatsApp-Image-2024-04-23-at-15.20.54-1-420x560.jpeg 420w, https:\/\/atauni.edu.tr\/turk-dili-ve-edebiyati\/wp-content\/uploads\/sites\/169\/2024\/04\/WhatsApp-Image-2024-04-23-at-15.20.54-1.jpeg 1536w\" sizes=\"(max-width: 225px) 100vw, 225px\" \/><\/div><div class=\"etkinlik-datee\"><span class=\"day\">27<\/span><span class=\"month\">Mart<\/span><span class=\"year\">2024<\/span><\/div><a href=\"https:\/\/atauni.edu.tr\/turk-dili-ve-edebiyati\/2024\/03\/27\/bitirme-projesi-dersi-ogrencileri-nevruz-bayrami-etkinligi-duzenledi\/\" class=\"etkinlik-titlee\">Bitirme Projesi dersi \u00f6\u011frencileri &#8220;Nevruz Bayram\u0131&#8221; etkinli\u011fi d\u00fczenledi.<\/a><\/div><div class=\"etkinlik-grid-item\"><div class=\"etkinlik-thumbnail\"><img loading=\"lazy\" decoding=\"async\" width=\"225\" height=\"300\" src=\"https:\/\/atauni.edu.tr\/turk-dili-ve-edebiyati\/wp-content\/uploads\/sites\/169\/2024\/04\/WhatsApp-Image-2024-04-23-at-15.24.55-225x300.jpeg\" class=\"img-fluid wp-post-image\" alt=\"\" srcset=\"https:\/\/atauni.edu.tr\/turk-dili-ve-edebiyati\/wp-content\/uploads\/sites\/169\/2024\/04\/WhatsApp-Image-2024-04-23-at-15.24.55-225x300.jpeg 225w, https:\/\/atauni.edu.tr\/turk-dili-ve-edebiyati\/wp-content\/uploads\/sites\/169\/2024\/04\/WhatsApp-Image-2024-04-23-at-15.24.55-768x1024.jpeg 768w, https:\/\/atauni.edu.tr\/turk-dili-ve-edebiyati\/wp-content\/uploads\/sites\/169\/2024\/04\/WhatsApp-Image-2024-04-23-at-15.24.55-1152x1536.jpeg 1152w, https:\/\/atauni.edu.tr\/turk-dili-ve-edebiyati\/wp-content\/uploads\/sites\/169\/2024\/04\/WhatsApp-Image-2024-04-23-at-15.24.55-450x600.jpeg 450w, https:\/\/atauni.edu.tr\/turk-dili-ve-edebiyati\/wp-content\/uploads\/sites\/169\/2024\/04\/WhatsApp-Image-2024-04-23-at-15.24.55-420x560.jpeg 420w, https:\/\/atauni.edu.tr\/turk-dili-ve-edebiyati\/wp-content\/uploads\/sites\/169\/2024\/04\/WhatsApp-Image-2024-04-23-at-15.24.55.jpeg 1200w\" sizes=\"(max-width: 225px) 100vw, 225px\" \/><\/div><div class=\"etkinlik-datee\"><span class=\"day\">07<\/span><span class=\"month\">Mart<\/span><span class=\"year\">2024<\/span><\/div><a href=\"https:\/\/atauni.edu.tr\/turk-dili-ve-edebiyati\/2024\/03\/07\/bitirme-projesi-dersini-alan-ogrenciler-oyunlarla-masal-etkinligi-duzenledi\/\" class=\"etkinlik-titlee\">Bitirme Projesi dersini alan \u00f6\u011frenciler &#8220;Oyunlarla Masal&#8221; etkinli\u011fi d\u00fczenledi.<\/a><\/div><div class=\"etkinlik-grid-item\"><div class=\"etkinlik-thumbnail\"><img loading=\"lazy\" decoding=\"async\" width=\"300\" height=\"278\" src=\"https:\/\/atauni.edu.tr\/turk-dili-ve-edebiyati\/wp-content\/uploads\/sites\/169\/2024\/03\/WhatsApp-Image-2024-03-07-at-17.22.46b-300x278.jpg\" class=\"img-fluid wp-post-image\" alt=\"\" srcset=\"https:\/\/atauni.edu.tr\/turk-dili-ve-edebiyati\/wp-content\/uploads\/sites\/169\/2024\/03\/WhatsApp-Image-2024-03-07-at-17.22.46b-300x278.jpg 300w, https:\/\/atauni.edu.tr\/turk-dili-ve-edebiyati\/wp-content\/uploads\/sites\/169\/2024\/03\/WhatsApp-Image-2024-03-07-at-17.22.46b-1024x950.jpg 1024w, https:\/\/atauni.edu.tr\/turk-dili-ve-edebiyati\/wp-content\/uploads\/sites\/169\/2024\/03\/WhatsApp-Image-2024-03-07-at-17.22.46b-768x713.jpg 768w, https:\/\/atauni.edu.tr\/turk-dili-ve-edebiyati\/wp-content\/uploads\/sites\/169\/2024\/03\/WhatsApp-Image-2024-03-07-at-17.22.46b-600x557.jpg 600w, https:\/\/atauni.edu.tr\/turk-dili-ve-edebiyati\/wp-content\/uploads\/sites\/169\/2024\/03\/WhatsApp-Image-2024-03-07-at-17.22.46b-560x520.jpg 560w, https:\/\/atauni.edu.tr\/turk-dili-ve-edebiyati\/wp-content\/uploads\/sites\/169\/2024\/03\/WhatsApp-Image-2024-03-07-at-17.22.46b.jpg 1191w\" sizes=\"(max-width: 300px) 100vw, 300px\" \/><\/div><div class=\"etkinlik-datee\"><span class=\"day\">07<\/span><span class=\"month\">Mart<\/span><span class=\"year\">2024<\/span><\/div><a href=\"https:\/\/atauni.edu.tr\/turk-dili-ve-edebiyati\/2024\/03\/07\/toplumsal-duyarlilik-projesi-adi-altinda-ozel-yetenek-guzel-gelecek-adli-etkinlik-gerceklestirildi\/\" class=\"etkinlik-titlee\">Toplumsal Duyarl\u0131l\u0131k Projesi ad\u0131 alt\u0131nda &#8220;\u00d6zel Yetenek G\u00fczel Gelecek&#8221; adl\u0131 etkinlik ger\u00e7ekle\u015ftirildi.<\/a><\/div><\/div><div class=\"pagination\" style=\"margin-top: 20px;\"><span aria-current=\"page\" class=\"page-numbers current\">1<\/span>\n<a class=\"page-numbers\" href=\"https:\/\/atauni.edu.tr\/turk-dili-ve-edebiyati\/wp-json\/wp\/v2\/pages\/9427\/page\/2\/\">2<\/a>\n<a class=\"page-numbers\" href=\"https:\/\/atauni.edu.tr\/turk-dili-ve-edebiyati\/wp-json\/wp\/v2\/pages\/9427\/page\/3\/\">3<\/a>\n<span class=\"page-numbers dots\">&hellip;<\/span>\n<a class=\"page-numbers\" href=\"https:\/\/atauni.edu.tr\/turk-dili-ve-edebiyati\/wp-json\/wp\/v2\/pages\/9427\/page\/5\/\">5<\/a>\n<a class=\"next page-numbers\" href=\"https:\/\/atauni.edu.tr\/turk-dili-ve-edebiyati\/wp-json\/wp\/v2\/pages\/9427\/page\/2\/\">Sonraki &raquo;<\/a><\/div>\n\n\n\n<p><\/p>\n","protected":false},"excerpt":{"rendered":"","protected":false},"author":8,"featured_media":0,"parent":0,"menu_order":0,"comment_status":"closed","ping_status":"closed","template":"","meta":{"footnotes":""},"class_list":["post-9427","page","type-page","status-publish","hentry"],"_links":{"self":[{"href":"https:\/\/atauni.edu.tr\/turk-dili-ve-edebiyati\/wp-json\/wp\/v2\/pages\/9427","targetHints":{"allow":["GET"]}}],"collection":[{"href":"https:\/\/atauni.edu.tr\/turk-dili-ve-edebiyati\/wp-json\/wp\/v2\/pages"}],"about":[{"href":"https:\/\/atauni.edu.tr\/turk-dili-ve-edebiyati\/wp-json\/wp\/v2\/types\/page"}],"author":[{"embeddable":true,"href":"https:\/\/atauni.edu.tr\/turk-dili-ve-edebiyati\/wp-json\/wp\/v2\/users\/8"}],"replies":[{"embeddable":true,"href":"https:\/\/atauni.edu.tr\/turk-dili-ve-edebiyati\/wp-json\/wp\/v2\/comments?post=9427"}],"version-history":[{"count":2,"href":"https:\/\/atauni.edu.tr\/turk-dili-ve-edebiyati\/wp-json\/wp\/v2\/pages\/9427\/revisions"}],"predecessor-version":[{"id":9444,"href":"https:\/\/atauni.edu.tr\/turk-dili-ve-edebiyati\/wp-json\/wp\/v2\/pages\/9427\/revisions\/9444"}],"wp:attachment":[{"href":"https:\/\/atauni.edu.tr\/turk-dili-ve-edebiyati\/wp-json\/wp\/v2\/media?parent=9427"}],"curies":[{"name":"wp","href":"https:\/\/api.w.org\/{rel}","templated":true}]}}