{"id":9430,"date":"2025-06-26T14:32:19","date_gmt":"2025-06-26T11:32:19","guid":{"rendered":"https:\/\/birimler.atauni.edu.tr\/turk-dili-ve-edebiyati\/?page_id=9430"},"modified":"2025-08-03T14:52:05","modified_gmt":"2025-08-03T11:52:05","slug":"duyurular","status":"publish","type":"page","link":"https:\/\/atauni.edu.tr\/turk-dili-ve-edebiyati\/duyurular\/","title":{"rendered":"Duyurular"},"content":{"rendered":"<form method=\"get\" class=\"row g-3\" style=\"margin-bottom: 20px;\"><div class=\"col-md-3\"><input type=\"text\" name=\"Duyuru_ara\" class=\"form-control\" placeholder=\"Duyuru ara...\" value=\"\"><\/div><div class=\"col-md-3\"><input type=\"date\" name=\"baslangic_tarihi\" class=\"form-control\" value=\"\"><\/div><div class=\"col-md-3\"><input type=\"date\" name=\"bitis_tarihi\" class=\"form-control\" value=\"\"><\/div><div class=\"col-md-3\"><button type=\"submit\" class=\"btn btn-secondary w-50\">Filtrele<\/button><\/div><\/form><ul class=\"kategori-yazilari-liste\"><li style=\"display: flex; margin-bottom: 10px; align-items: center;\"><div class=\"post-content\" style=\"flex-grow: 1;\"><span class=\"post-date Duyurutarih\" style=\"display: block; font-weight: bold; margin-bottom: 5px;\">23 Mart 2026<\/span><a class=\"Duyurubaslik\" href=\"https:\/\/atauni.edu.tr\/turk-dili-ve-edebiyati\/2026\/03\/23\/2025-2026-egitim-ve-ogretim-bahar-yariyili-vize-programi-ii-ogretim\/\">2025-2026 E\u011fitim ve \u00d6\u011fretim Bahar Yar\u0131y\u0131l\u0131 Vize Program\u0131 (II. \u00d6\u011fretim)<\/a><\/div><\/li><li style=\"display: flex; margin-bottom: 10px; align-items: center;\"><div class=\"post-content\" style=\"flex-grow: 1;\"><span class=\"post-date Duyurutarih\" style=\"display: block; font-weight: bold; margin-bottom: 5px;\">23 Mart 2026<\/span><a class=\"Duyurubaslik\" href=\"https:\/\/atauni.edu.tr\/turk-dili-ve-edebiyati\/2026\/03\/23\/2025-2026-egitim-ve-ogretim-bahar-yariyili-vize-programi-i-ogretim\/\">2025-2026 E\u011fitim ve \u00d6\u011fretim Bahar Yar\u0131y\u0131l\u0131 Vize Program\u0131 (I. \u00d6\u011fretim)<\/a><\/div><\/li><li style=\"display: flex; margin-bottom: 10px; align-items: center;\"><div class=\"post-content\" style=\"flex-grow: 1;\"><span class=\"post-date Duyurutarih\" style=\"display: block; font-weight: bold; margin-bottom: 5px;\">4 \u015eubat 2026<\/span><a class=\"Duyurubaslik\" href=\"https:\/\/atauni.edu.tr\/turk-dili-ve-edebiyati\/2026\/02\/04\/2025-2026-egitim-ogretim-yili-bahar-yariyili-ders-programi\/\">2025-2026 E\u011fitim \u00d6\u011fretim Y\u0131l\u0131 Bahar Yar\u0131y\u0131l\u0131 Ders Program\u0131<\/a><\/div><\/li><li style=\"display: flex; margin-bottom: 10px; align-items: center;\"><div class=\"post-content\" style=\"flex-grow: 1;\"><span class=\"post-date Duyurutarih\" style=\"display: block; font-weight: bold; margin-bottom: 5px;\">13 Ocak 2026<\/span><a class=\"Duyurubaslik\" href=\"https:\/\/atauni.edu.tr\/turk-dili-ve-edebiyati\/2026\/01\/13\/butunlesik-yuksek-lisans-programi\/\">B\u00fct\u00fcnle\u015fik Y\u00fcksek Lisans Program\u0131<\/a><\/div><\/li><li style=\"display: flex; margin-bottom: 10px; align-items: center;\"><div class=\"post-content\" style=\"flex-grow: 1;\"><span class=\"post-date Duyurutarih\" style=\"display: block; font-weight: bold; margin-bottom: 5px;\">29 Aral\u0131k 2025<\/span><a class=\"Duyurubaslik\" href=\"https:\/\/atauni.edu.tr\/turk-dili-ve-edebiyati\/2025\/12\/29\/2025-2026-egitim-ogretim-yili-usd-vize-final-butunleme-sinav-tarih-ve-saatleri\/\">2025-2026 E\u011fitim \u00d6\u011fretim Y\u0131l\u0131 \u00dcSD (Vize, Final, B\u00fct\u00fcnleme) S\u0131nav Tarih ve Saatleri<\/a><\/div><\/li><li style=\"display: flex; margin-bottom: 10px; align-items: center;\"><div class=\"post-content\" style=\"flex-grow: 1;\"><span class=\"post-date Duyurutarih\" style=\"display: block; font-weight: bold; margin-bottom: 5px;\">29 Aral\u0131k 2025<\/span><a class=\"Duyurubaslik\" href=\"https:\/\/atauni.edu.tr\/turk-dili-ve-edebiyati\/2025\/12\/29\/2025-2026-egitim-ve-ogretim-guz-yariyili-butunleme-sinav-programi\/\">2025-2026 E\u011fitim ve \u00d6\u011fretim G\u00fcz Yar\u0131y\u0131l\u0131 B\u00fct\u00fcnleme S\u0131nav Program\u0131<\/a><\/div><\/li><li style=\"display: flex; margin-bottom: 10px; align-items: center;\"><div class=\"post-content\" style=\"flex-grow: 1;\"><span class=\"post-date Duyurutarih\" style=\"display: block; font-weight: bold; margin-bottom: 5px;\">29 Aral\u0131k 2025<\/span><a class=\"Duyurubaslik\" href=\"https:\/\/atauni.edu.tr\/turk-dili-ve-edebiyati\/2025\/12\/29\/2025-2026-egitim-ve-ogretim-guz-yariyili-final-programi-ikinci-ogretim\/\">2025-2026 E\u011fitim ve \u00d6\u011fretim G\u00fcz Yar\u0131y\u0131l\u0131 Final Program\u0131 (\u0130kinci \u00d6\u011fretim)<\/a><\/div><\/li><li style=\"display: flex; margin-bottom: 10px; align-items: center;\"><div class=\"post-content\" style=\"flex-grow: 1;\"><span class=\"post-date Duyurutarih\" style=\"display: block; font-weight: bold; margin-bottom: 5px;\">29 Aral\u0131k 2025<\/span><a class=\"Duyurubaslik\" href=\"https:\/\/atauni.edu.tr\/turk-dili-ve-edebiyati\/2025\/12\/29\/2025-2026-egitim-ve-ogretim-guz-yariyili-final-programi-birinci-ogretim\/\">2025-2026 E\u011fitim ve \u00d6\u011fretim G\u00fcz Yar\u0131y\u0131l\u0131 Final Program\u0131 (Birinci \u00d6\u011fretim)<\/a><\/div><\/li><li style=\"display: flex; margin-bottom: 10px; align-items: center;\"><div class=\"post-content\" style=\"flex-grow: 1;\"><span class=\"post-date Duyurutarih\" style=\"display: block; font-weight: bold; margin-bottom: 5px;\">7 Kas\u0131m 2025<\/span><a class=\"Duyurubaslik\" href=\"https:\/\/atauni.edu.tr\/turk-dili-ve-edebiyati\/2025\/11\/07\/2025-2026-egitim-ogretim-yili-usd-vize-final-butunleme-sinav-saatleri\/\">2025-2026 E\u011fitim \u00d6\u011fretim Y\u0131l\u0131 \u00dcSD (Vize, Final, B\u00fct\u00fcnleme) S\u0131nav\u0131 Tarih ve Saatleri<\/a><\/div><\/li><li style=\"display: flex; margin-bottom: 10px; align-items: center;\"><div class=\"post-content\" style=\"flex-grow: 1;\"><span class=\"post-date Duyurutarih\" style=\"display: block; font-weight: bold; margin-bottom: 5px;\">7 Kas\u0131m 2025<\/span><a class=\"Duyurubaslik\" href=\"https:\/\/atauni.edu.tr\/turk-dili-ve-edebiyati\/2025\/11\/07\/2025-2026-egitim-ogretim-yili-guz-yari-yili-turk-dili-ve-edebiyati-vize-programi-ikinci-ogretim\/\">2025-2026 E\u011fitim \u00d6\u011fretim Y\u0131l\u0131 G\u00fcz Yar\u0131 Y\u0131l\u0131 T\u00fcrk Dili ve Edebiyat\u0131 Vize Program\u0131 (\u0130kinci \u00d6\u011fretim)<\/a><\/div><\/li><\/ul><nav class=\"pagination\" style=\"margin-top: 20px;\"><ul class='page-numbers'>\n\t<li><span aria-current=\"page\" class=\"page-numbers current\">1<\/span><\/li>\n\t<li><a class=\"page-numbers\" href=\"https:\/\/atauni.edu.tr\/turk-dili-ve-edebiyati\/wp-json\/wp\/v2\/pages\/9430\/page\/2\/\">2<\/a><\/li>\n\t<li><a class=\"page-numbers\" href=\"https:\/\/atauni.edu.tr\/turk-dili-ve-edebiyati\/wp-json\/wp\/v2\/pages\/9430\/page\/3\/\">3<\/a><\/li>\n\t<li><span class=\"page-numbers dots\">&hellip;<\/span><\/li>\n\t<li><a class=\"page-numbers\" href=\"https:\/\/atauni.edu.tr\/turk-dili-ve-edebiyati\/wp-json\/wp\/v2\/pages\/9430\/page\/8\/\">8<\/a><\/li>\n\t<li><a class=\"next page-numbers\" href=\"https:\/\/atauni.edu.tr\/turk-dili-ve-edebiyati\/wp-json\/wp\/v2\/pages\/9430\/page\/2\/\">Sonraki &raquo;<\/a><\/li>\n<\/ul>\n<\/nav>\n\n\n\n<p><\/p>\n","protected":false},"excerpt":{"rendered":"","protected":false},"author":8,"featured_media":0,"parent":0,"menu_order":0,"comment_status":"closed","ping_status":"closed","template":"","meta":{"footnotes":""},"class_list":["post-9430","page","type-page","status-publish","hentry"],"_links":{"self":[{"href":"https:\/\/atauni.edu.tr\/turk-dili-ve-edebiyati\/wp-json\/wp\/v2\/pages\/9430","targetHints":{"allow":["GET"]}}],"collection":[{"href":"https:\/\/atauni.edu.tr\/turk-dili-ve-edebiyati\/wp-json\/wp\/v2\/pages"}],"about":[{"href":"https:\/\/atauni.edu.tr\/turk-dili-ve-edebiyati\/wp-json\/wp\/v2\/types\/page"}],"author":[{"embeddable":true,"href":"https:\/\/atauni.edu.tr\/turk-dili-ve-edebiyati\/wp-json\/wp\/v2\/users\/8"}],"replies":[{"embeddable":true,"href":"https:\/\/atauni.edu.tr\/turk-dili-ve-edebiyati\/wp-json\/wp\/v2\/comments?post=9430"}],"version-history":[{"count":2,"href":"https:\/\/atauni.edu.tr\/turk-dili-ve-edebiyati\/wp-json\/wp\/v2\/pages\/9430\/revisions"}],"predecessor-version":[{"id":9443,"href":"https:\/\/atauni.edu.tr\/turk-dili-ve-edebiyati\/wp-json\/wp\/v2\/pages\/9430\/revisions\/9443"}],"wp:attachment":[{"href":"https:\/\/atauni.edu.tr\/turk-dili-ve-edebiyati\/wp-json\/wp\/v2\/media?parent=9430"}],"curies":[{"name":"wp","href":"https:\/\/api.w.org\/{rel}","templated":true}]}}