{"id":5682,"date":"2021-07-13T10:10:01","date_gmt":"2021-07-13T07:10:01","guid":{"rendered":"https:\/\/portaltest.atauni.edu.tr\/bilgisayar-muhendisligi\/?page_id=5682"},"modified":"2023-08-25T14:34:17","modified_gmt":"2023-08-25T11:34:17","slug":"misyon-vizyon-ve-temel-degerler","status":"publish","type":"page","link":"https:\/\/atauni.edu.tr\/turk-ermeni-iliskileri-arastirma-merkezi\/misyon-vizyon-ve-temel-degerler\/","title":{"rendered":"Misyon, Vizyon ve Temel De\u011ferler"},"content":{"rendered":"\t\t<div data-elementor-type=\"wp-page\" data-elementor-id=\"5682\" class=\"elementor elementor-5682\" data-elementor-post-type=\"page\">\n\t\t\t\t\t\t<section class=\"elementor-section elementor-top-section elementor-element elementor-element-730d320 elementor-section-boxed elementor-section-height-default elementor-section-height-default\" data-id=\"730d320\" data-element_type=\"section\">\n\t\t\t\t\t\t<div class=\"elementor-container elementor-column-gap-default\">\n\t\t\t\t\t<div class=\"elementor-column elementor-col-100 elementor-top-column elementor-element elementor-element-753d0860\" data-id=\"753d0860\" data-element_type=\"column\">\n\t\t\t<div class=\"elementor-widget-wrap\">\n\t\t\t\t\t\t\t<\/div>\n\t\t<\/div>\n\t\t\t\t\t<\/div>\n\t\t<\/section>\n\t\t\t\t<section class=\"elementor-section elementor-top-section elementor-element elementor-element-9be811a elementor-section-boxed elementor-section-height-default elementor-section-height-default\" data-id=\"9be811a\" data-element_type=\"section\">\n\t\t\t\t\t\t<div class=\"elementor-container elementor-column-gap-default\">\n\t\t\t\t\t<div class=\"elementor-column elementor-col-100 elementor-top-column elementor-element elementor-element-1ed847b7\" data-id=\"1ed847b7\" data-element_type=\"column\">\n\t\t\t<div class=\"elementor-widget-wrap elementor-element-populated\">\n\t\t\t\t\t\t<div class=\"elementor-element elementor-element-4ce0d07f elementor-widget elementor-widget-heading\" data-id=\"4ce0d07f\" data-element_type=\"widget\" data-widget_type=\"heading.default\">\n\t\t\t\t<div class=\"elementor-widget-container\">\n\t\t\t\t\t<h2 class=\"elementor-heading-title elementor-size-default\">Misyon, Vizyon ve Temel De\u011ferler<\/h2>\t\t\t\t<\/div>\n\t\t\t\t<\/div>\n\t\t\t\t<div class=\"elementor-element elementor-element-63260862 elementor-widget-divider--view-line elementor-widget elementor-widget-divider\" data-id=\"63260862\" data-element_type=\"widget\" data-widget_type=\"divider.default\">\n\t\t\t\t<div class=\"elementor-widget-container\">\n\t\t\t\t\t\t\t<div class=\"elementor-divider\">\n\t\t\t<span class=\"elementor-divider-separator\">\n\t\t\t\t\t\t<\/span>\n\t\t<\/div>\n\t\t\t\t\t\t<\/div>\n\t\t\t\t<\/div>\n\t\t\t\t\t<\/div>\n\t\t<\/div>\n\t\t\t\t\t<\/div>\n\t\t<\/section>\n\t\t\t\t<section class=\"elementor-section elementor-top-section elementor-element elementor-element-681db8b elementor-section-boxed elementor-section-height-default elementor-section-height-default\" data-id=\"681db8b\" data-element_type=\"section\">\n\t\t\t\t\t\t<div class=\"elementor-container elementor-column-gap-default\">\n\t\t\t\t\t<div class=\"elementor-column elementor-col-100 elementor-top-column elementor-element elementor-element-ad4dac5\" data-id=\"ad4dac5\" data-element_type=\"column\">\n\t\t\t<div class=\"elementor-widget-wrap elementor-element-populated\">\n\t\t\t\t\t\t<div class=\"elementor-element elementor-element-2f96b3d elementor-widget elementor-widget-text-editor\" data-id=\"2f96b3d\" data-element_type=\"widget\" data-widget_type=\"text-editor.default\">\n\t\t\t\t<div class=\"elementor-widget-container\">\n\t\t\t\t\t\t\t\t\t<div><h2>Misyon<\/h2><p>Ara\u015ft\u0131rma merkezimiz, T\u00fcrk-Ermeni \u0130li\u015fkileri ile ilgili tarihi, siyasi, iktisadi ve k\u00fclt\u00fcrel alanlarda bilimsel \u00e7al\u0131\u015fmalar ve ara\u015ft\u0131rmalarda bulunmak bunun yan\u0131nda e\u011fitim ve yay\u0131n faaliyetlerinde bulunmak, Ermenilerin Do\u011fu Anadolu B\u00f6lgesi\u2019nde T\u00fcrklere y\u00f6nelik yapt\u0131klar\u0131 katliamlar\u0131 kaz\u0131 \u00e7al\u0131\u015fmalar\u0131 ile belgelemek, bu konuda yap\u0131lan bilimsel \u00e7al\u0131\u015fmalar\u0131 ulusal ve uluslararas\u0131 kamuoyunun bilgisine sunmakt\u0131r. Ayr\u0131ca Ermenilerin suni olarak Uluslararas\u0131 platformda g\u00fcndemde tutmaya \u00e7al\u0131\u015ft\u0131klar\u0131 s\u00f6zde soyk\u0131r\u0131m iddialar\u0131na tarihi belge ve bilgiler \u0131\u015f\u0131\u011f\u0131nda cevap vermektir.<\/p><\/div><div><h2>Vizyon<\/h2><p>T\u00fcrk-Ermeni \u0130li\u015fkilerini Ara\u015ft\u0131rma Merkezi, kurulu\u015f ve hedefleri do\u011frultusunda b\u00f6lgesel, ulusal ve uluslararas\u0131 alanlarda bir\u00e7ok \u00e7al\u0131\u015fmalar yapmay\u0131 ama\u00e7 edinmi\u015ftir. \u00d6zellikle ulusal \u00e7apta bir\u00e7ok konferans, sempozyum, panel ve benzeri bilimsel toplant\u0131lar d\u00fczenleyerek literat\u00fcre katk\u0131da bulunmay\u0131 hedeflemektedir. Bu do\u011frultuda bir \u00e7ok yerde g\u00f6rsel malzemeye dayal\u0131 olarak kamuoyunu bilgilendirmeye y\u00f6nelik bilimsel \u00e7al\u0131\u015fmalar yapmaktad\u0131r. Ara\u015ft\u0131rma merkez m\u00fcd\u00fcrl\u00fc\u011f\u00fc bu bilimsel \u00e7al\u0131\u015fmalar\u0131n\u0131n yan\u0131nda ama\u00e7 ve hedefleri d\u00e2hilindeki \u00f6nemli g\u00fcn ve tarihlerde anma toplant\u0131lar\u0131 ve kamuoyunu bilgilendirmeye y\u00f6nelik \u00e7al\u0131\u015fmalarda bulunmaktad\u0131r.<\/p><\/div>\t\t\t\t\t\t\t\t<\/div>\n\t\t\t\t<\/div>\n\t\t\t\t\t<\/div>\n\t\t<\/div>\n\t\t\t\t\t<\/div>\n\t\t<\/section>\n\t\t\t\t<\/div>\n\t\t","protected":false},"excerpt":{"rendered":"<p>Misyon, Vizyon ve Temel De\u011ferler Misyon Ara\u015ft\u0131rma merkezimiz, T\u00fcrk-Ermeni \u0130li\u015fkileri ile ilgili tarihi, siyasi, iktisadi ve k\u00fclt\u00fcrel alanlarda bilimsel \u00e7al\u0131\u015fmalar ve ara\u015ft\u0131rmalarda bulunmak bunun yan\u0131nda e\u011fitim ve yay\u0131n faaliyetlerinde bulunmak, Ermenilerin Do\u011fu Anadolu B\u00f6lgesi\u2019nde T\u00fcrklere y\u00f6nelik yapt\u0131klar\u0131 katliamlar\u0131 kaz\u0131 \u00e7al\u0131\u015fmalar\u0131 ile belgelemek, bu konuda yap\u0131lan bilimsel \u00e7al\u0131\u015fmalar\u0131 ulusal ve uluslararas\u0131 kamuoyunun bilgisine sunmakt\u0131r. Ayr\u0131ca Ermenilerin [&hellip;]<\/p>\n","protected":false},"author":1,"featured_media":0,"parent":0,"menu_order":0,"comment_status":"closed","ping_status":"closed","template":"elementor_header_footer","meta":{"footnotes":""},"class_list":["post-5682","page","type-page","status-publish","hentry"],"_links":{"self":[{"href":"https:\/\/atauni.edu.tr\/turk-ermeni-iliskileri-arastirma-merkezi\/wp-json\/wp\/v2\/pages\/5682","targetHints":{"allow":["GET"]}}],"collection":[{"href":"https:\/\/atauni.edu.tr\/turk-ermeni-iliskileri-arastirma-merkezi\/wp-json\/wp\/v2\/pages"}],"about":[{"href":"https:\/\/atauni.edu.tr\/turk-ermeni-iliskileri-arastirma-merkezi\/wp-json\/wp\/v2\/types\/page"}],"author":[{"embeddable":true,"href":"https:\/\/atauni.edu.tr\/turk-ermeni-iliskileri-arastirma-merkezi\/wp-json\/wp\/v2\/users\/1"}],"replies":[{"embeddable":true,"href":"https:\/\/atauni.edu.tr\/turk-ermeni-iliskileri-arastirma-merkezi\/wp-json\/wp\/v2\/comments?post=5682"}],"version-history":[{"count":20,"href":"https:\/\/atauni.edu.tr\/turk-ermeni-iliskileri-arastirma-merkezi\/wp-json\/wp\/v2\/pages\/5682\/revisions"}],"predecessor-version":[{"id":6203,"href":"https:\/\/atauni.edu.tr\/turk-ermeni-iliskileri-arastirma-merkezi\/wp-json\/wp\/v2\/pages\/5682\/revisions\/6203"}],"wp:attachment":[{"href":"https:\/\/atauni.edu.tr\/turk-ermeni-iliskileri-arastirma-merkezi\/wp-json\/wp\/v2\/media?parent=5682"}],"curies":[{"name":"wp","href":"https:\/\/api.w.org\/{rel}","templated":true}]}}