{"id":5682,"date":"2021-07-13T10:10:01","date_gmt":"2021-07-13T07:10:01","guid":{"rendered":"https:\/\/portaltest.atauni.edu.tr\/bilgisayar-muhendisligi\/?page_id=5682"},"modified":"2026-04-10T13:10:35","modified_gmt":"2026-04-10T10:10:35","slug":"misyon-vizyon-ve-temel-degerler","status":"publish","type":"page","link":"https:\/\/atauni.edu.tr\/turk-musikisi-devlet-konservatuvari\/misyon-vizyon-ve-temel-degerler\/","title":{"rendered":"Misyon, Vizyon ve Temel De\u011ferler"},"content":{"rendered":"\t\t<div data-elementor-type=\"wp-page\" data-elementor-id=\"5682\" class=\"elementor elementor-5682\" data-elementor-post-type=\"page\">\n\t\t\t\t\t\t<section class=\"elementor-section elementor-top-section elementor-element elementor-element-0832887 elementor-section-boxed elementor-section-height-default elementor-section-height-default\" data-id=\"0832887\" data-element_type=\"section\">\n\t\t\t\t\t\t<div class=\"elementor-container elementor-column-gap-default\">\n\t\t\t\t\t<div class=\"elementor-column elementor-col-33 elementor-top-column elementor-element elementor-element-29bb9ea\" data-id=\"29bb9ea\" data-element_type=\"column\">\n\t\t\t<div class=\"elementor-widget-wrap elementor-element-populated\">\n\t\t\t\t\t\t<div class=\"elementor-element elementor-element-d8709f7 elementor-widget elementor-widget-image\" data-id=\"d8709f7\" data-element_type=\"widget\" data-widget_type=\"image.default\">\n\t\t\t\t<div class=\"elementor-widget-container\">\n\t\t\t\t\t\t\t\t\t\t\t\t\t\t\t<img decoding=\"async\" width=\"100\" height=\"100\" src=\"https:\/\/atauni.edu.tr\/turk-musikisi-devlet-konservatuvari\/wp-content\/uploads\/sites\/224\/2021\/07\/cropped-logo3-e1771334995525.png\" class=\"attachment-large size-large wp-image-7336\" alt=\"\" \/>\t\t\t\t\t\t\t\t\t\t\t\t\t\t\t<\/div>\n\t\t\t\t<\/div>\n\t\t\t\t\t<\/div>\n\t\t<\/div>\n\t\t\t\t<div class=\"elementor-column elementor-col-33 elementor-top-column elementor-element elementor-element-7fb5ac6\" data-id=\"7fb5ac6\" data-element_type=\"column\">\n\t\t\t<div class=\"elementor-widget-wrap elementor-element-populated\">\n\t\t\t\t\t\t<div class=\"elementor-element elementor-element-4daad0b elementor-widget elementor-widget-heading\" data-id=\"4daad0b\" data-element_type=\"widget\" data-widget_type=\"heading.default\">\n\t\t\t\t<div class=\"elementor-widget-container\">\n\t\t\t\t\t<h5 class=\"elementor-heading-title elementor-size-default\"><br>T\u00fcrk Musikisi <br>Devlet Konservatuvar\u0131<\/h5>\t\t\t\t<\/div>\n\t\t\t\t<\/div>\n\t\t\t\t\t<\/div>\n\t\t<\/div>\n\t\t\t\t<div class=\"elementor-column elementor-col-33 elementor-top-column elementor-element elementor-element-15945d3\" data-id=\"15945d3\" data-element_type=\"column\">\n\t\t\t<div class=\"elementor-widget-wrap elementor-element-populated\">\n\t\t\t\t\t\t<div class=\"elementor-element elementor-element-2ac468c elementor-widget__width-initial elementor-widget elementor-widget-ova_search_all\" data-id=\"2ac468c\" data-element_type=\"widget\" data-widget_type=\"ova_search_all.default\">\n\t\t\t\t<div class=\"elementor-widget-container\">\n\t\t\t\t\t\t\t\t<div class=\"ova_wrap_search_all type3\">\n\n\t\t\t\t<form role=\"search\" method=\"get\" class=\"search-form\" action=\"https:\/\/atauni.edu.tr\/turk-musikisi-devlet-konservatuvari\/\">\n\n\t\t\t\t\t<input type=\"text\" class=\"search-field\" placeholder=\"Search Here...\" value=\"\" aria-label=\"Search Here...\" name=\"s\" \/>\n\n\t\t\t\t    <button class=\"search-submit\" type=\"submit\" title=\"Search\"><i class=\"icon_search\"><\/i><\/button>\n\t\t   \t\t\t \t\n\t\t\t\t<\/form>\t\t\t\t\t\t\t\t\t\n\t\t\t<\/div>\n\t\t\t\t\t\t<\/div>\n\t\t\t\t<\/div>\n\t\t\t\t\t<\/div>\n\t\t<\/div>\n\t\t\t\t\t<\/div>\n\t\t<\/section>\n\t\t\t\t<section class=\"elementor-section elementor-top-section elementor-element elementor-element-0d346bc elementor-section-boxed elementor-section-height-default elementor-section-height-default\" data-id=\"0d346bc\" data-element_type=\"section\">\n\t\t\t\t\t\t<div class=\"elementor-container elementor-column-gap-default\">\n\t\t\t\t\t<div class=\"elementor-column elementor-col-100 elementor-top-column elementor-element elementor-element-07936a2\" data-id=\"07936a2\" data-element_type=\"column\">\n\t\t\t<div class=\"elementor-widget-wrap elementor-element-populated\">\n\t\t\t\t\t\t<div class=\"elementor-element elementor-element-7346b52 elementor-nav-menu__align-end elementor-nav-menu--dropdown-mobile elementor-nav-menu__text-align-aside elementor-nav-menu--toggle elementor-nav-menu--burger elementor-widget elementor-widget-nav-menu\" data-id=\"7346b52\" data-element_type=\"widget\" data-settings=\"{&quot;layout&quot;:&quot;horizontal&quot;,&quot;submenu_icon&quot;:{&quot;value&quot;:&quot;&lt;i class=\\&quot;fas fa-caret-down\\&quot; aria-hidden=\\&quot;true\\&quot;&gt;&lt;\\\/i&gt;&quot;,&quot;library&quot;:&quot;fa-solid&quot;},&quot;toggle&quot;:&quot;burger&quot;}\" data-widget_type=\"nav-menu.default\">\n\t\t\t\t<div class=\"elementor-widget-container\">\n\t\t\t\t\t\t\t\t<nav aria-label=\"Men\u00fc\" class=\"elementor-nav-menu--main elementor-nav-menu__container elementor-nav-menu--layout-horizontal e--pointer-underline e--animation-none\">\n\t\t\t\t<ul id=\"menu-1-7346b52\" class=\"elementor-nav-menu\"><li class=\"menu-item menu-item-type-post_type menu-item-object-page menu-item-home menu-item-8061\"><a href=\"https:\/\/atauni.edu.tr\/turk-musikisi-devlet-konservatuvari\/\" class=\"elementor-item\">Anasayfa<\/a><\/li>\n<li class=\"menu-item menu-item-type-custom menu-item-object-custom menu-item-has-children menu-item-5541\"><a href=\"http:\/\/turk-musikisi-devlet-konservatuvari\" class=\"elementor-item\">Hakk\u0131m\u0131zda<\/a>\n<ul class=\"sub-menu elementor-nav-menu--dropdown\">\n\t<li class=\"menu-item menu-item-type-post_type menu-item-object-page menu-item-5640\"><a href=\"https:\/\/atauni.edu.tr\/turk-musikisi-devlet-konservatuvari\/tarihce\/\" class=\"elementor-sub-item\">Tarih\u00e7e<\/a><\/li>\n\t<li class=\"menu-item menu-item-type-post_type menu-item-object-page menu-item-5684\"><a href=\"https:\/\/atauni.edu.tr\/turk-musikisi-devlet-konservatuvari\/misyon-vizyon-ve-temel-degerler\/\" class=\"elementor-sub-item\">Misyon, Vizyon ve Temel De\u011ferler<\/a><\/li>\n\t<li class=\"menu-item menu-item-type-post_type menu-item-object-page menu-item-5664\"><a href=\"https:\/\/atauni.edu.tr\/turk-musikisi-devlet-konservatuvari\/yonetim\/\" class=\"elementor-sub-item\">Y\u00f6netim<\/a><\/li>\n\t<li class=\"menu-item menu-item-type-post_type menu-item-object-page menu-item-8090\"><a href=\"https:\/\/atauni.edu.tr\/turk-musikisi-devlet-konservatuvari\/birim-yapilanmasi\/\" class=\"elementor-sub-item\">Birim Yap\u0131lanmas\u0131<\/a><\/li>\n\t<li class=\"menu-item menu-item-type-post_type menu-item-object-page menu-item-6985\"><a href=\"https:\/\/atauni.edu.tr\/turk-musikisi-devlet-konservatuvari\/komisyonlar\/\" class=\"elementor-sub-item\">Komisyonlar<\/a><\/li>\n<\/ul>\n<\/li>\n<li class=\"menu-item menu-item-type-custom menu-item-object-custom menu-item-has-children menu-item-5542\"><a href=\"#\" class=\"elementor-item elementor-item-anchor\">Ki\u015filer<\/a>\n<ul class=\"sub-menu elementor-nav-menu--dropdown\">\n\t<li class=\"menu-item menu-item-type-post_type menu-item-object-page menu-item-5690\"><a href=\"https:\/\/atauni.edu.tr\/turk-musikisi-devlet-konservatuvari\/akademik-personel\/\" class=\"elementor-sub-item\">Akademik Personel<\/a><\/li>\n\t<li class=\"menu-item menu-item-type-post_type menu-item-object-page menu-item-5702\"><a href=\"https:\/\/atauni.edu.tr\/turk-musikisi-devlet-konservatuvari\/idari-personel\/\" class=\"elementor-sub-item\">\u0130dari Personel<\/a><\/li>\n<\/ul>\n<\/li>\n<li class=\"menu-item menu-item-type-post_type menu-item-object-page menu-item-has-children menu-item-8555\"><a href=\"https:\/\/atauni.edu.tr\/turk-musikisi-devlet-konservatuvari\/bolumler\/\" class=\"elementor-item\">B\u00f6l\u00fcmler<\/a>\n<ul class=\"sub-menu elementor-nav-menu--dropdown\">\n\t<li class=\"menu-item menu-item-type-post_type menu-item-object-page menu-item-8556\"><a href=\"https:\/\/atauni.edu.tr\/turk-musikisi-devlet-konservatuvari\/turk-halk-muzigi\/\" class=\"elementor-sub-item\">T\u00fcrk Halk M\u00fczi\u011fi<\/a><\/li>\n\t<li class=\"menu-item menu-item-type-post_type menu-item-object-page menu-item-8557\"><a href=\"https:\/\/atauni.edu.tr\/turk-musikisi-devlet-konservatuvari\/turk-sanat-muzigi\/\" class=\"elementor-sub-item\">T\u00fcrk Sanat M\u00fczi\u011fi<\/a><\/li>\n<\/ul>\n<\/li>\n<li class=\"menu-item menu-item-type-post_type menu-item-object-page menu-item-has-children menu-item-8550\"><a href=\"https:\/\/atauni.edu.tr\/turk-musikisi-devlet-konservatuvari\/egitim-ogretim\/\" class=\"elementor-item\">E\u011fitim-\u00d6\u011fretim<\/a>\n<ul class=\"sub-menu elementor-nav-menu--dropdown\">\n\t<li class=\"menu-item menu-item-type-post_type menu-item-object-page menu-item-8566\"><a href=\"https:\/\/atauni.edu.tr\/turk-musikisi-devlet-konservatuvari\/egitim-plani\/\" class=\"elementor-sub-item\">E\u011fitim Plan\u0131<\/a><\/li>\n<\/ul>\n<\/li>\n<li class=\"menu-item menu-item-type-post_type menu-item-object-page menu-item-8431\"><a href=\"https:\/\/atauni.edu.tr\/turk-musikisi-devlet-konservatuvari\/arastirma\/\" class=\"elementor-item\">Ara\u015ft\u0131rma<\/a><\/li>\n<li class=\"menu-item menu-item-type-post_type menu-item-object-page menu-item-8432\"><a href=\"https:\/\/atauni.edu.tr\/turk-musikisi-devlet-konservatuvari\/topluma-katki\/\" class=\"elementor-item\">Topluma Katk\u0131<\/a><\/li>\n<li class=\"menu-item menu-item-type-post_type menu-item-object-page menu-item-5721\"><a href=\"https:\/\/atauni.edu.tr\/turk-musikisi-devlet-konservatuvari\/iletisim\/\" class=\"elementor-item\">\u0130leti\u015fim<\/a><\/li>\n<\/ul>\t\t\t<\/nav>\n\t\t\t\t\t<div class=\"elementor-menu-toggle\" role=\"button\" tabindex=\"0\" aria-label=\"Menu Toggle\" aria-expanded=\"false\">\n\t\t\t<i aria-hidden=\"true\" role=\"presentation\" class=\"elementor-menu-toggle__icon--open eicon-menu-bar\"><\/i><i aria-hidden=\"true\" role=\"presentation\" class=\"elementor-menu-toggle__icon--close eicon-close\"><\/i>\t\t<\/div>\n\t\t\t\t\t<nav class=\"elementor-nav-menu--dropdown elementor-nav-menu__container\" aria-hidden=\"true\">\n\t\t\t\t<ul id=\"menu-2-7346b52\" class=\"elementor-nav-menu\"><li class=\"menu-item menu-item-type-post_type menu-item-object-page menu-item-home menu-item-8061\"><a href=\"https:\/\/atauni.edu.tr\/turk-musikisi-devlet-konservatuvari\/\" class=\"elementor-item\" tabindex=\"-1\">Anasayfa<\/a><\/li>\n<li class=\"menu-item menu-item-type-custom menu-item-object-custom menu-item-has-children menu-item-5541\"><a href=\"http:\/\/turk-musikisi-devlet-konservatuvari\" class=\"elementor-item\" tabindex=\"-1\">Hakk\u0131m\u0131zda<\/a>\n<ul class=\"sub-menu elementor-nav-menu--dropdown\">\n\t<li class=\"menu-item menu-item-type-post_type menu-item-object-page menu-item-5640\"><a href=\"https:\/\/atauni.edu.tr\/turk-musikisi-devlet-konservatuvari\/tarihce\/\" class=\"elementor-sub-item\" tabindex=\"-1\">Tarih\u00e7e<\/a><\/li>\n\t<li class=\"menu-item menu-item-type-post_type menu-item-object-page menu-item-5684\"><a href=\"https:\/\/atauni.edu.tr\/turk-musikisi-devlet-konservatuvari\/misyon-vizyon-ve-temel-degerler\/\" class=\"elementor-sub-item\" tabindex=\"-1\">Misyon, Vizyon ve Temel De\u011ferler<\/a><\/li>\n\t<li class=\"menu-item menu-item-type-post_type menu-item-object-page menu-item-5664\"><a href=\"https:\/\/atauni.edu.tr\/turk-musikisi-devlet-konservatuvari\/yonetim\/\" class=\"elementor-sub-item\" tabindex=\"-1\">Y\u00f6netim<\/a><\/li>\n\t<li class=\"menu-item menu-item-type-post_type menu-item-object-page menu-item-8090\"><a href=\"https:\/\/atauni.edu.tr\/turk-musikisi-devlet-konservatuvari\/birim-yapilanmasi\/\" class=\"elementor-sub-item\" tabindex=\"-1\">Birim Yap\u0131lanmas\u0131<\/a><\/li>\n\t<li class=\"menu-item menu-item-type-post_type menu-item-object-page menu-item-6985\"><a href=\"https:\/\/atauni.edu.tr\/turk-musikisi-devlet-konservatuvari\/komisyonlar\/\" class=\"elementor-sub-item\" tabindex=\"-1\">Komisyonlar<\/a><\/li>\n<\/ul>\n<\/li>\n<li class=\"menu-item menu-item-type-custom menu-item-object-custom menu-item-has-children menu-item-5542\"><a href=\"#\" class=\"elementor-item elementor-item-anchor\" tabindex=\"-1\">Ki\u015filer<\/a>\n<ul class=\"sub-menu elementor-nav-menu--dropdown\">\n\t<li class=\"menu-item menu-item-type-post_type menu-item-object-page menu-item-5690\"><a href=\"https:\/\/atauni.edu.tr\/turk-musikisi-devlet-konservatuvari\/akademik-personel\/\" class=\"elementor-sub-item\" tabindex=\"-1\">Akademik Personel<\/a><\/li>\n\t<li class=\"menu-item menu-item-type-post_type menu-item-object-page menu-item-5702\"><a href=\"https:\/\/atauni.edu.tr\/turk-musikisi-devlet-konservatuvari\/idari-personel\/\" class=\"elementor-sub-item\" tabindex=\"-1\">\u0130dari Personel<\/a><\/li>\n<\/ul>\n<\/li>\n<li class=\"menu-item menu-item-type-post_type menu-item-object-page menu-item-has-children menu-item-8555\"><a href=\"https:\/\/atauni.edu.tr\/turk-musikisi-devlet-konservatuvari\/bolumler\/\" class=\"elementor-item\" tabindex=\"-1\">B\u00f6l\u00fcmler<\/a>\n<ul class=\"sub-menu elementor-nav-menu--dropdown\">\n\t<li class=\"menu-item menu-item-type-post_type menu-item-object-page menu-item-8556\"><a href=\"https:\/\/atauni.edu.tr\/turk-musikisi-devlet-konservatuvari\/turk-halk-muzigi\/\" class=\"elementor-sub-item\" tabindex=\"-1\">T\u00fcrk Halk M\u00fczi\u011fi<\/a><\/li>\n\t<li class=\"menu-item menu-item-type-post_type menu-item-object-page menu-item-8557\"><a href=\"https:\/\/atauni.edu.tr\/turk-musikisi-devlet-konservatuvari\/turk-sanat-muzigi\/\" class=\"elementor-sub-item\" tabindex=\"-1\">T\u00fcrk Sanat M\u00fczi\u011fi<\/a><\/li>\n<\/ul>\n<\/li>\n<li class=\"menu-item menu-item-type-post_type menu-item-object-page menu-item-has-children menu-item-8550\"><a href=\"https:\/\/atauni.edu.tr\/turk-musikisi-devlet-konservatuvari\/egitim-ogretim\/\" class=\"elementor-item\" tabindex=\"-1\">E\u011fitim-\u00d6\u011fretim<\/a>\n<ul class=\"sub-menu elementor-nav-menu--dropdown\">\n\t<li class=\"menu-item menu-item-type-post_type menu-item-object-page menu-item-8566\"><a href=\"https:\/\/atauni.edu.tr\/turk-musikisi-devlet-konservatuvari\/egitim-plani\/\" class=\"elementor-sub-item\" tabindex=\"-1\">E\u011fitim Plan\u0131<\/a><\/li>\n<\/ul>\n<\/li>\n<li class=\"menu-item menu-item-type-post_type menu-item-object-page menu-item-8431\"><a href=\"https:\/\/atauni.edu.tr\/turk-musikisi-devlet-konservatuvari\/arastirma\/\" class=\"elementor-item\" tabindex=\"-1\">Ara\u015ft\u0131rma<\/a><\/li>\n<li class=\"menu-item menu-item-type-post_type menu-item-object-page menu-item-8432\"><a href=\"https:\/\/atauni.edu.tr\/turk-musikisi-devlet-konservatuvari\/topluma-katki\/\" class=\"elementor-item\" tabindex=\"-1\">Topluma Katk\u0131<\/a><\/li>\n<li class=\"menu-item menu-item-type-post_type menu-item-object-page menu-item-5721\"><a href=\"https:\/\/atauni.edu.tr\/turk-musikisi-devlet-konservatuvari\/iletisim\/\" class=\"elementor-item\" tabindex=\"-1\">\u0130leti\u015fim<\/a><\/li>\n<\/ul>\t\t\t<\/nav>\n\t\t\t\t\t\t<\/div>\n\t\t\t\t<\/div>\n\t\t\t\t\t<\/div>\n\t\t<\/div>\n\t\t\t\t\t<\/div>\n\t\t<\/section>\n\t\t\t\t<section class=\"elementor-section elementor-top-section elementor-element elementor-element-9be811a elementor-section-boxed elementor-section-height-default elementor-section-height-default\" data-id=\"9be811a\" data-element_type=\"section\">\n\t\t\t\t\t\t<div class=\"elementor-container elementor-column-gap-default\">\n\t\t\t\t\t<div class=\"elementor-column elementor-col-100 elementor-top-column elementor-element elementor-element-1ed847b7\" data-id=\"1ed847b7\" data-element_type=\"column\">\n\t\t\t<div class=\"elementor-widget-wrap elementor-element-populated\">\n\t\t\t\t\t\t<div class=\"elementor-element elementor-element-4ce0d07f elementor-widget elementor-widget-heading\" data-id=\"4ce0d07f\" data-element_type=\"widget\" data-widget_type=\"heading.default\">\n\t\t\t\t<div class=\"elementor-widget-container\">\n\t\t\t\t\t<h2 class=\"elementor-heading-title elementor-size-default\">Misyon, Vizyon ve Temel De\u011ferler<\/h2>\t\t\t\t<\/div>\n\t\t\t\t<\/div>\n\t\t\t\t<div class=\"elementor-element elementor-element-63260862 elementor-widget-divider--view-line elementor-widget elementor-widget-divider\" data-id=\"63260862\" data-element_type=\"widget\" data-widget_type=\"divider.default\">\n\t\t\t\t<div class=\"elementor-widget-container\">\n\t\t\t\t\t\t\t<div class=\"elementor-divider\">\n\t\t\t<span class=\"elementor-divider-separator\">\n\t\t\t\t\t\t<\/span>\n\t\t<\/div>\n\t\t\t\t\t\t<\/div>\n\t\t\t\t<\/div>\n\t\t\t\t\t<\/div>\n\t\t<\/div>\n\t\t\t\t\t<\/div>\n\t\t<\/section>\n\t\t\t\t<section class=\"elementor-section elementor-top-section elementor-element elementor-element-217d6e6 elementor-section-boxed elementor-section-height-default elementor-section-height-default\" data-id=\"217d6e6\" data-element_type=\"section\">\n\t\t\t\t\t\t<div class=\"elementor-container elementor-column-gap-default\">\n\t\t\t\t\t<div class=\"elementor-column elementor-col-100 elementor-top-column elementor-element elementor-element-a347389\" data-id=\"a347389\" data-element_type=\"column\">\n\t\t\t<div class=\"elementor-widget-wrap elementor-element-populated\">\n\t\t\t\t\t\t<div class=\"elementor-element elementor-element-58cb6d8 elementor-widget elementor-widget-text-editor\" data-id=\"58cb6d8\" data-element_type=\"widget\" data-widget_type=\"text-editor.default\">\n\t\t\t\t<div class=\"elementor-widget-container\">\n\t\t\t\t\t\t\t\t\t<p><strong>Atat\u00fcrk \u00dcniversitesi T\u00fcrk M\u00fbsik\u00eesi Devlet Konservatuvar\u0131 T\u00fcrk Sanat M\u00fczi\u011fi Program\u0131 Misyon ve Vizyonu<\/strong><\/p><p><strong>\u00a0<\/strong><strong>T\u00fcrk Sanat M\u00fczi\u011fi Program\u0131 Misyonu<\/strong><\/p><p><strong>\u00a0<\/strong>T\u00fcrk Sanat M\u00fczi\u011fi\u2019nin k\u00f6kl\u00fc ge\u00e7mi\u015fini ve \u00f6zg\u00fcn yap\u0131s\u0131n\u0131, geleneksel &#8220;\u00fcslup ve tav\u0131r&#8221; \u00f6zelliklerine sad\u0131k kalarak korumak, bu kadim miras\u0131 \u00e7a\u011fda\u015f e\u011fitim metotlar\u0131 ve teknolojik imk\u00e2nlarla harmanlayarak nitelikli icrac\u0131lar ve akademisyenler yeti\u015ftirmektir. Program\u0131m\u0131z, sanatsal etik de\u011ferlere sahip, estetik duyarl\u0131l\u0131\u011f\u0131 y\u00fcksek, ulusal ve uluslararas\u0131 d\u00fczeyde bilimsel ve sanatsal de\u011fer \u00fcreterek toplumun k\u00fclt\u00fcrel d\u00f6n\u00fc\u015f\u00fcm\u00fcne \u00f6nc\u00fcl\u00fck eden sanat\u00e7\u0131lar yeti\u015ftirmeyi temel g\u00f6rev edinir.<\/p><p><strong>T\u00fcrk Sanat M\u00fczi\u011fi Program\u0131 Vizyonu<\/strong><\/p><p>T\u00fcrk Sanat M\u00fczi\u011fi e\u011fitiminde ve icras\u0131nda, gelenekle gelece\u011fi bulu\u015fturan yakla\u015f\u0131m\u0131yla ulusal ve uluslararas\u0131 platformlarda referans kabul edilen, yeti\u015ftirdi\u011fi donan\u0131ml\u0131 sanat\u00e7\u0131lar ve \u00fcretti\u011fi akademik projelerle d\u00fcnya m\u00fczik k\u00fclt\u00fcr\u00fcne y\u00f6n veren, yenilik\u00e7i ve tercih edilen \u00f6nc\u00fc bir program olmakt\u0131r.<\/p><p>\u00a0<\/p>\t\t\t\t\t\t\t\t<\/div>\n\t\t\t\t<\/div>\n\t\t\t\t\t<\/div>\n\t\t<\/div>\n\t\t\t\t\t<\/div>\n\t\t<\/section>\n\t\t\t\t<\/div>\n\t\t","protected":false},"excerpt":{"rendered":"<p>T\u00fcrk Musikisi Devlet Konservatuvar\u0131 Misyon, Vizyon ve Temel De\u011ferler Atat\u00fcrk \u00dcniversitesi T\u00fcrk M\u00fbsik\u00eesi Devlet Konservatuvar\u0131 T\u00fcrk Sanat M\u00fczi\u011fi Program\u0131 Misyon ve Vizyonu \u00a0T\u00fcrk Sanat M\u00fczi\u011fi Program\u0131 Misyonu \u00a0T\u00fcrk Sanat M\u00fczi\u011fi\u2019nin k\u00f6kl\u00fc ge\u00e7mi\u015fini ve \u00f6zg\u00fcn yap\u0131s\u0131n\u0131, geleneksel &#8220;\u00fcslup ve tav\u0131r&#8221; \u00f6zelliklerine sad\u0131k kalarak korumak, bu kadim miras\u0131 \u00e7a\u011fda\u015f e\u011fitim metotlar\u0131 ve teknolojik imk\u00e2nlarla harmanlayarak nitelikli icrac\u0131lar [&hellip;]<\/p>\n","protected":false},"author":1,"featured_media":0,"parent":0,"menu_order":0,"comment_status":"closed","ping_status":"closed","template":"elementor_header_footer","meta":{"footnotes":""},"class_list":["post-5682","page","type-page","status-publish","hentry"],"_links":{"self":[{"href":"https:\/\/atauni.edu.tr\/turk-musikisi-devlet-konservatuvari\/wp-json\/wp\/v2\/pages\/5682","targetHints":{"allow":["GET"]}}],"collection":[{"href":"https:\/\/atauni.edu.tr\/turk-musikisi-devlet-konservatuvari\/wp-json\/wp\/v2\/pages"}],"about":[{"href":"https:\/\/atauni.edu.tr\/turk-musikisi-devlet-konservatuvari\/wp-json\/wp\/v2\/types\/page"}],"author":[{"embeddable":true,"href":"https:\/\/atauni.edu.tr\/turk-musikisi-devlet-konservatuvari\/wp-json\/wp\/v2\/users\/1"}],"replies":[{"embeddable":true,"href":"https:\/\/atauni.edu.tr\/turk-musikisi-devlet-konservatuvari\/wp-json\/wp\/v2\/comments?post=5682"}],"version-history":[{"count":38,"href":"https:\/\/atauni.edu.tr\/turk-musikisi-devlet-konservatuvari\/wp-json\/wp\/v2\/pages\/5682\/revisions"}],"predecessor-version":[{"id":8502,"href":"https:\/\/atauni.edu.tr\/turk-musikisi-devlet-konservatuvari\/wp-json\/wp\/v2\/pages\/5682\/revisions\/8502"}],"wp:attachment":[{"href":"https:\/\/atauni.edu.tr\/turk-musikisi-devlet-konservatuvari\/wp-json\/wp\/v2\/media?parent=5682"}],"curies":[{"name":"wp","href":"https:\/\/api.w.org\/{rel}","templated":true}]}}