{"id":6224,"date":"2021-12-30T08:18:21","date_gmt":"2021-12-30T05:18:21","guid":{"rendered":"https:\/\/birimler.atauni.edu.tr\/turk-musikisi-devlet-konservatuvari\/?page_id=6224"},"modified":"2026-04-02T15:37:59","modified_gmt":"2026-04-02T12:37:59","slug":"turk-halk-muzigi","status":"publish","type":"page","link":"https:\/\/atauni.edu.tr\/turk-musikisi-devlet-konservatuvari\/turk-halk-muzigi\/","title":{"rendered":"T\u00fcrk Halk M\u00fczi\u011fi"},"content":{"rendered":"\t\t<div data-elementor-type=\"wp-page\" data-elementor-id=\"6224\" class=\"elementor elementor-6224\" data-elementor-post-type=\"page\">\n\t\t\t\t\t\t<section class=\"elementor-section elementor-top-section elementor-element elementor-element-cc2d8a9 elementor-section-boxed elementor-section-height-default elementor-section-height-default\" data-id=\"cc2d8a9\" data-element_type=\"section\">\n\t\t\t\t\t\t<div class=\"elementor-container elementor-column-gap-default\">\n\t\t\t\t\t<div class=\"elementor-column elementor-col-100 elementor-top-column elementor-element elementor-element-5a4e763\" data-id=\"5a4e763\" data-element_type=\"column\">\n\t\t\t<div class=\"elementor-widget-wrap elementor-element-populated\">\n\t\t\t\t\t\t<div class=\"elementor-element elementor-element-d759360 elementor-nav-menu__align-end elementor-nav-menu--dropdown-mobile elementor-nav-menu__text-align-aside elementor-nav-menu--toggle elementor-nav-menu--burger elementor-widget elementor-widget-nav-menu\" data-id=\"d759360\" data-element_type=\"widget\" data-settings=\"{&quot;layout&quot;:&quot;horizontal&quot;,&quot;submenu_icon&quot;:{&quot;value&quot;:&quot;&lt;i class=\\&quot;fas fa-caret-down\\&quot; aria-hidden=\\&quot;true\\&quot;&gt;&lt;\\\/i&gt;&quot;,&quot;library&quot;:&quot;fa-solid&quot;},&quot;toggle&quot;:&quot;burger&quot;}\" data-widget_type=\"nav-menu.default\">\n\t\t\t\t<div class=\"elementor-widget-container\">\n\t\t\t\t\t\t\t\t<nav aria-label=\"Men\u00fc\" class=\"elementor-nav-menu--main elementor-nav-menu__container elementor-nav-menu--layout-horizontal e--pointer-underline e--animation-none\">\n\t\t\t\t<ul id=\"menu-1-d759360\" class=\"elementor-nav-menu\"><li class=\"menu-item menu-item-type-post_type menu-item-object-page menu-item-home menu-item-8061\"><a href=\"https:\/\/atauni.edu.tr\/turk-musikisi-devlet-konservatuvari\/\" class=\"elementor-item\">Anasayfa<\/a><\/li>\n<li class=\"menu-item menu-item-type-custom menu-item-object-custom menu-item-has-children menu-item-5541\"><a href=\"http:\/\/turk-musikisi-devlet-konservatuvari\" class=\"elementor-item\">Hakk\u0131m\u0131zda<\/a>\n<ul class=\"sub-menu elementor-nav-menu--dropdown\">\n\t<li class=\"menu-item menu-item-type-post_type menu-item-object-page menu-item-5640\"><a href=\"https:\/\/atauni.edu.tr\/turk-musikisi-devlet-konservatuvari\/tarihce\/\" class=\"elementor-sub-item\">Tarih\u00e7e<\/a><\/li>\n\t<li class=\"menu-item menu-item-type-post_type menu-item-object-page menu-item-5684\"><a href=\"https:\/\/atauni.edu.tr\/turk-musikisi-devlet-konservatuvari\/misyon-vizyon-ve-temel-degerler\/\" class=\"elementor-sub-item\">Misyon, Vizyon ve Temel De\u011ferler<\/a><\/li>\n\t<li class=\"menu-item menu-item-type-post_type menu-item-object-page menu-item-5664\"><a href=\"https:\/\/atauni.edu.tr\/turk-musikisi-devlet-konservatuvari\/yonetim\/\" class=\"elementor-sub-item\">Y\u00f6netim<\/a><\/li>\n\t<li class=\"menu-item menu-item-type-post_type menu-item-object-page menu-item-8090\"><a href=\"https:\/\/atauni.edu.tr\/turk-musikisi-devlet-konservatuvari\/birim-yapilanmasi\/\" class=\"elementor-sub-item\">Birim Yap\u0131lanmas\u0131<\/a><\/li>\n\t<li class=\"menu-item menu-item-type-post_type menu-item-object-page menu-item-6985\"><a href=\"https:\/\/atauni.edu.tr\/turk-musikisi-devlet-konservatuvari\/komisyonlar\/\" class=\"elementor-sub-item\">Komisyonlar<\/a><\/li>\n<\/ul>\n<\/li>\n<li class=\"menu-item menu-item-type-custom menu-item-object-custom menu-item-has-children menu-item-5542\"><a href=\"#\" class=\"elementor-item elementor-item-anchor\">Ki\u015filer<\/a>\n<ul class=\"sub-menu elementor-nav-menu--dropdown\">\n\t<li class=\"menu-item menu-item-type-post_type menu-item-object-page menu-item-5690\"><a href=\"https:\/\/atauni.edu.tr\/turk-musikisi-devlet-konservatuvari\/akademik-personel\/\" class=\"elementor-sub-item\">Akademik Personel<\/a><\/li>\n\t<li class=\"menu-item menu-item-type-post_type menu-item-object-page menu-item-5702\"><a href=\"https:\/\/atauni.edu.tr\/turk-musikisi-devlet-konservatuvari\/idari-personel\/\" class=\"elementor-sub-item\">\u0130dari Personel<\/a><\/li>\n<\/ul>\n<\/li>\n<li class=\"menu-item menu-item-type-post_type menu-item-object-page menu-item-has-children menu-item-8555\"><a href=\"https:\/\/atauni.edu.tr\/turk-musikisi-devlet-konservatuvari\/bolumler\/\" class=\"elementor-item\">B\u00f6l\u00fcmler<\/a>\n<ul class=\"sub-menu elementor-nav-menu--dropdown\">\n\t<li class=\"menu-item menu-item-type-post_type menu-item-object-page menu-item-8556\"><a href=\"https:\/\/atauni.edu.tr\/turk-musikisi-devlet-konservatuvari\/turk-halk-muzigi\/\" class=\"elementor-sub-item\">T\u00fcrk Halk M\u00fczi\u011fi<\/a><\/li>\n\t<li class=\"menu-item menu-item-type-post_type menu-item-object-page menu-item-8557\"><a href=\"https:\/\/atauni.edu.tr\/turk-musikisi-devlet-konservatuvari\/turk-sanat-muzigi\/\" class=\"elementor-sub-item\">T\u00fcrk Sanat M\u00fczi\u011fi<\/a><\/li>\n<\/ul>\n<\/li>\n<li class=\"menu-item menu-item-type-post_type menu-item-object-page menu-item-has-children menu-item-8550\"><a href=\"https:\/\/atauni.edu.tr\/turk-musikisi-devlet-konservatuvari\/egitim-ogretim\/\" class=\"elementor-item\">E\u011fitim-\u00d6\u011fretim<\/a>\n<ul class=\"sub-menu elementor-nav-menu--dropdown\">\n\t<li class=\"menu-item menu-item-type-post_type menu-item-object-page menu-item-8566\"><a href=\"https:\/\/atauni.edu.tr\/turk-musikisi-devlet-konservatuvari\/egitim-plani\/\" class=\"elementor-sub-item\">E\u011fitim Plan\u0131<\/a><\/li>\n<\/ul>\n<\/li>\n<li class=\"menu-item menu-item-type-post_type menu-item-object-page menu-item-8431\"><a href=\"https:\/\/atauni.edu.tr\/turk-musikisi-devlet-konservatuvari\/arastirma\/\" class=\"elementor-item\">Ara\u015ft\u0131rma<\/a><\/li>\n<li class=\"menu-item menu-item-type-post_type menu-item-object-page menu-item-8432\"><a href=\"https:\/\/atauni.edu.tr\/turk-musikisi-devlet-konservatuvari\/topluma-katki\/\" class=\"elementor-item\">Topluma Katk\u0131<\/a><\/li>\n<li class=\"menu-item menu-item-type-post_type menu-item-object-page menu-item-5721\"><a href=\"https:\/\/atauni.edu.tr\/turk-musikisi-devlet-konservatuvari\/iletisim\/\" class=\"elementor-item\">\u0130leti\u015fim<\/a><\/li>\n<\/ul>\t\t\t<\/nav>\n\t\t\t\t\t<div class=\"elementor-menu-toggle\" role=\"button\" tabindex=\"0\" aria-label=\"Menu Toggle\" aria-expanded=\"false\">\n\t\t\t<i aria-hidden=\"true\" role=\"presentation\" class=\"elementor-menu-toggle__icon--open eicon-menu-bar\"><\/i><i aria-hidden=\"true\" role=\"presentation\" class=\"elementor-menu-toggle__icon--close eicon-close\"><\/i>\t\t<\/div>\n\t\t\t\t\t<nav class=\"elementor-nav-menu--dropdown elementor-nav-menu__container\" aria-hidden=\"true\">\n\t\t\t\t<ul id=\"menu-2-d759360\" class=\"elementor-nav-menu\"><li class=\"menu-item menu-item-type-post_type menu-item-object-page menu-item-home menu-item-8061\"><a href=\"https:\/\/atauni.edu.tr\/turk-musikisi-devlet-konservatuvari\/\" class=\"elementor-item\" tabindex=\"-1\">Anasayfa<\/a><\/li>\n<li class=\"menu-item menu-item-type-custom menu-item-object-custom menu-item-has-children menu-item-5541\"><a href=\"http:\/\/turk-musikisi-devlet-konservatuvari\" class=\"elementor-item\" tabindex=\"-1\">Hakk\u0131m\u0131zda<\/a>\n<ul class=\"sub-menu elementor-nav-menu--dropdown\">\n\t<li class=\"menu-item menu-item-type-post_type menu-item-object-page menu-item-5640\"><a href=\"https:\/\/atauni.edu.tr\/turk-musikisi-devlet-konservatuvari\/tarihce\/\" class=\"elementor-sub-item\" tabindex=\"-1\">Tarih\u00e7e<\/a><\/li>\n\t<li class=\"menu-item menu-item-type-post_type menu-item-object-page menu-item-5684\"><a href=\"https:\/\/atauni.edu.tr\/turk-musikisi-devlet-konservatuvari\/misyon-vizyon-ve-temel-degerler\/\" class=\"elementor-sub-item\" tabindex=\"-1\">Misyon, Vizyon ve Temel De\u011ferler<\/a><\/li>\n\t<li class=\"menu-item menu-item-type-post_type menu-item-object-page menu-item-5664\"><a href=\"https:\/\/atauni.edu.tr\/turk-musikisi-devlet-konservatuvari\/yonetim\/\" class=\"elementor-sub-item\" tabindex=\"-1\">Y\u00f6netim<\/a><\/li>\n\t<li class=\"menu-item menu-item-type-post_type menu-item-object-page menu-item-8090\"><a href=\"https:\/\/atauni.edu.tr\/turk-musikisi-devlet-konservatuvari\/birim-yapilanmasi\/\" class=\"elementor-sub-item\" tabindex=\"-1\">Birim Yap\u0131lanmas\u0131<\/a><\/li>\n\t<li class=\"menu-item menu-item-type-post_type menu-item-object-page menu-item-6985\"><a href=\"https:\/\/atauni.edu.tr\/turk-musikisi-devlet-konservatuvari\/komisyonlar\/\" class=\"elementor-sub-item\" tabindex=\"-1\">Komisyonlar<\/a><\/li>\n<\/ul>\n<\/li>\n<li class=\"menu-item menu-item-type-custom menu-item-object-custom menu-item-has-children menu-item-5542\"><a href=\"#\" class=\"elementor-item elementor-item-anchor\" tabindex=\"-1\">Ki\u015filer<\/a>\n<ul class=\"sub-menu elementor-nav-menu--dropdown\">\n\t<li class=\"menu-item menu-item-type-post_type menu-item-object-page menu-item-5690\"><a href=\"https:\/\/atauni.edu.tr\/turk-musikisi-devlet-konservatuvari\/akademik-personel\/\" class=\"elementor-sub-item\" tabindex=\"-1\">Akademik Personel<\/a><\/li>\n\t<li class=\"menu-item menu-item-type-post_type menu-item-object-page menu-item-5702\"><a href=\"https:\/\/atauni.edu.tr\/turk-musikisi-devlet-konservatuvari\/idari-personel\/\" class=\"elementor-sub-item\" tabindex=\"-1\">\u0130dari Personel<\/a><\/li>\n<\/ul>\n<\/li>\n<li class=\"menu-item menu-item-type-post_type menu-item-object-page menu-item-has-children menu-item-8555\"><a href=\"https:\/\/atauni.edu.tr\/turk-musikisi-devlet-konservatuvari\/bolumler\/\" class=\"elementor-item\" tabindex=\"-1\">B\u00f6l\u00fcmler<\/a>\n<ul class=\"sub-menu elementor-nav-menu--dropdown\">\n\t<li class=\"menu-item menu-item-type-post_type menu-item-object-page menu-item-8556\"><a href=\"https:\/\/atauni.edu.tr\/turk-musikisi-devlet-konservatuvari\/turk-halk-muzigi\/\" class=\"elementor-sub-item\" tabindex=\"-1\">T\u00fcrk Halk M\u00fczi\u011fi<\/a><\/li>\n\t<li class=\"menu-item menu-item-type-post_type menu-item-object-page menu-item-8557\"><a href=\"https:\/\/atauni.edu.tr\/turk-musikisi-devlet-konservatuvari\/turk-sanat-muzigi\/\" class=\"elementor-sub-item\" tabindex=\"-1\">T\u00fcrk Sanat M\u00fczi\u011fi<\/a><\/li>\n<\/ul>\n<\/li>\n<li class=\"menu-item menu-item-type-post_type menu-item-object-page menu-item-has-children menu-item-8550\"><a href=\"https:\/\/atauni.edu.tr\/turk-musikisi-devlet-konservatuvari\/egitim-ogretim\/\" class=\"elementor-item\" tabindex=\"-1\">E\u011fitim-\u00d6\u011fretim<\/a>\n<ul class=\"sub-menu elementor-nav-menu--dropdown\">\n\t<li class=\"menu-item menu-item-type-post_type menu-item-object-page menu-item-8566\"><a href=\"https:\/\/atauni.edu.tr\/turk-musikisi-devlet-konservatuvari\/egitim-plani\/\" class=\"elementor-sub-item\" tabindex=\"-1\">E\u011fitim Plan\u0131<\/a><\/li>\n<\/ul>\n<\/li>\n<li class=\"menu-item menu-item-type-post_type menu-item-object-page menu-item-8431\"><a href=\"https:\/\/atauni.edu.tr\/turk-musikisi-devlet-konservatuvari\/arastirma\/\" class=\"elementor-item\" tabindex=\"-1\">Ara\u015ft\u0131rma<\/a><\/li>\n<li class=\"menu-item menu-item-type-post_type menu-item-object-page menu-item-8432\"><a href=\"https:\/\/atauni.edu.tr\/turk-musikisi-devlet-konservatuvari\/topluma-katki\/\" class=\"elementor-item\" tabindex=\"-1\">Topluma Katk\u0131<\/a><\/li>\n<li class=\"menu-item menu-item-type-post_type menu-item-object-page menu-item-5721\"><a href=\"https:\/\/atauni.edu.tr\/turk-musikisi-devlet-konservatuvari\/iletisim\/\" class=\"elementor-item\" tabindex=\"-1\">\u0130leti\u015fim<\/a><\/li>\n<\/ul>\t\t\t<\/nav>\n\t\t\t\t\t\t<\/div>\n\t\t\t\t<\/div>\n\t\t\t\t\t<\/div>\n\t\t<\/div>\n\t\t\t\t\t<\/div>\n\t\t<\/section>\n\t\t\t\t<section class=\"elementor-section elementor-top-section elementor-element elementor-element-58b2b10 elementor-section-boxed elementor-section-height-default elementor-section-height-default\" data-id=\"58b2b10\" data-element_type=\"section\">\n\t\t\t\t\t\t<div class=\"elementor-container elementor-column-gap-default\">\n\t\t\t\t\t<div class=\"elementor-column elementor-col-100 elementor-top-column elementor-element elementor-element-aaf6c6d\" data-id=\"aaf6c6d\" data-element_type=\"column\">\n\t\t\t<div class=\"elementor-widget-wrap elementor-element-populated\">\n\t\t\t\t\t\t<div class=\"elementor-element elementor-element-9146967 elementor-widget elementor-widget-text-editor\" data-id=\"9146967\" data-element_type=\"widget\" data-widget_type=\"text-editor.default\">\n\t\t\t\t<div class=\"elementor-widget-container\">\n\t\t\t\t\t\t\t\t\t<p>Tarih\u00e7e<\/p><p class=\"MsoNormal\" style=\"margin: 0cm 0cm 8pt;line-height: 16.8667px;font-size: 11pt;font-family: Calibri, sans-serif;text-align: justify;text-indent: 35.4pt\"><span style=\"font-size: 12pt;line-height: 18.4px\">Atat\u00fcrk \u00dcniversitesi Devlet T\u00fcrk M\u00fbsik\u00eesi Konservatuvar\u0131 19.09.2011 tarihinde 39873 say\u0131l\u0131 Y\u00fcksek\u00f6\u011fretim Genel Kurul karar\u0131yla devlet konservatuvar\u0131 olarak kurulmu\u015ftur. 06.02.2014 g\u00fcn ve 286.7306 say\u0131l\u0131 y\u00fcksek\u00f6\u011fretim kurulu genel kurul karar\u0131yla Atat\u00fcrk \u00dcniversitesi Devlet Konservatuvar\u0131 ismi ile kurulan konservatuvar \u201cAtat\u00fcrk \u00dcniversitesi Devlet T\u00fcrk M\u00fbsik\u00eesi Konservatuvar\u0131\u201d\u2019na d\u00f6n\u00fc\u015ft\u00fcr\u00fclm\u00fc\u015ft\u00fcr. Program 2016 tarihinde \u00f6\u011frenci kabul etmi\u015ftir.<\/span><\/p><p class=\"MsoNormal\" style=\"margin: 0cm 0cm 8pt;line-height: 16.8667px;font-size: 11pt;font-family: Calibri, sans-serif;text-align: justify;text-indent: 35.4pt\"><span style=\"font-size: 12pt;line-height: 18.4px\">\u00d6z k\u00fclt\u00fcr\u00fcn en \u00f6nemli unsurlar\u0131ndan biri olan halk k\u00fclt\u00fcr\u00fc ve onun estetik bi\u00e7imlerinden birisi olan, halk\u0131n ya\u015fam felsefesini, de\u011fer h\u00fck\u00fcmlerini, k\u00fclt\u00fcr kodlar\u0131n\u0131, estetik zevk, be\u011feni ve kabullerini i\u00e7eren halk m\u00fbsik\u00eemizi \u00e7a\u011f\u0131n zorunlu k\u0131ld\u0131\u011f\u0131 yeni tekniklerle i\u015flemek, ara\u015ft\u0131rmak, yeni nesillere intikalini sa\u011flayarak gelece\u011fe ta\u015f\u0131mak ama\u00e7lar\u0131 ile sanatk\u00e2r yeti\u015ftiren bir program olarak ibda edilmi\u015ftir.<\/span><\/p>\t\t\t\t\t\t\t\t<\/div>\n\t\t\t\t<\/div>\n\t\t\t\t\t<\/div>\n\t\t<\/div>\n\t\t\t\t\t<\/div>\n\t\t<\/section>\n\t\t\t\t<section class=\"elementor-section elementor-top-section elementor-element elementor-element-ede7ca1 elementor-section-boxed elementor-section-height-default elementor-section-height-default\" data-id=\"ede7ca1\" data-element_type=\"section\">\n\t\t\t\t\t\t<div class=\"elementor-container elementor-column-gap-default\">\n\t\t\t\t\t<div class=\"elementor-column elementor-col-100 elementor-top-column elementor-element elementor-element-9410c29\" data-id=\"9410c29\" data-element_type=\"column\">\n\t\t\t<div class=\"elementor-widget-wrap elementor-element-populated\">\n\t\t\t\t\t\t<div class=\"elementor-element elementor-element-b21ae7d elementor-widget elementor-widget-heading\" data-id=\"b21ae7d\" data-element_type=\"widget\" data-widget_type=\"heading.default\">\n\t\t\t\t<div class=\"elementor-widget-container\">\n\t\t\t\t\t<h5 class=\"elementor-heading-title elementor-size-default\">Akademik Personel<\/h5>\t\t\t\t<\/div>\n\t\t\t\t<\/div>\n\t\t\t\t\t<\/div>\n\t\t<\/div>\n\t\t\t\t\t<\/div>\n\t\t<\/section>\n\t\t\t\t<section class=\"elementor-section elementor-top-section elementor-element elementor-element-fc6c051 elementor-section-boxed elementor-section-height-default elementor-section-height-default\" data-id=\"fc6c051\" data-element_type=\"section\">\n\t\t\t\t\t\t<div class=\"elementor-container elementor-column-gap-default\">\n\t\t\t\t\t<div class=\"elementor-column elementor-col-100 elementor-top-column elementor-element elementor-element-5a2767e\" data-id=\"5a2767e\" data-element_type=\"column\">\n\t\t\t<div class=\"elementor-widget-wrap elementor-element-populated\">\n\t\t\t\t\t\t<div class=\"elementor-element elementor-element-24b79b7 elementor-widget elementor-widget-text-editor\" data-id=\"24b79b7\" data-element_type=\"widget\" data-widget_type=\"text-editor.default\">\n\t\t\t\t<div class=\"elementor-widget-container\">\n\t\t\t\t\t\t\t\t\t<p>Do\u00e7.Dr Sinan Ha\u015fha\u015f<\/p><p>\u00d6\u011fr.G\u00f6r.Dr. Recep Ye\u015filyurt<\/p><p>\u00d6\u011fr.G\u00f6r.Dr.Nuh Akmehmeto\u011flu<\/p><p>\u00a0<\/p>\t\t\t\t\t\t\t\t<\/div>\n\t\t\t\t<\/div>\n\t\t\t\t\t<\/div>\n\t\t<\/div>\n\t\t\t\t\t<\/div>\n\t\t<\/section>\n\t\t\t\t<\/div>\n\t\t","protected":false},"excerpt":{"rendered":"<p>Tarih\u00e7e Atat\u00fcrk \u00dcniversitesi Devlet T\u00fcrk M\u00fbsik\u00eesi Konservatuvar\u0131 19.09.2011 tarihinde 39873 say\u0131l\u0131 Y\u00fcksek\u00f6\u011fretim Genel Kurul karar\u0131yla devlet konservatuvar\u0131 olarak kurulmu\u015ftur. 06.02.2014 g\u00fcn ve 286.7306 say\u0131l\u0131 y\u00fcksek\u00f6\u011fretim kurulu genel kurul karar\u0131yla Atat\u00fcrk \u00dcniversitesi Devlet Konservatuvar\u0131 ismi ile kurulan konservatuvar \u201cAtat\u00fcrk \u00dcniversitesi Devlet T\u00fcrk M\u00fbsik\u00eesi Konservatuvar\u0131\u201d\u2019na d\u00f6n\u00fc\u015ft\u00fcr\u00fclm\u00fc\u015ft\u00fcr. Program 2016 tarihinde \u00f6\u011frenci kabul etmi\u015ftir. \u00d6z k\u00fclt\u00fcr\u00fcn en \u00f6nemli unsurlar\u0131ndan [&hellip;]<\/p>\n","protected":false},"author":306,"featured_media":0,"parent":0,"menu_order":0,"comment_status":"closed","ping_status":"closed","template":"","meta":{"footnotes":""},"class_list":["post-6224","page","type-page","status-publish","hentry"],"_links":{"self":[{"href":"https:\/\/atauni.edu.tr\/turk-musikisi-devlet-konservatuvari\/wp-json\/wp\/v2\/pages\/6224","targetHints":{"allow":["GET"]}}],"collection":[{"href":"https:\/\/atauni.edu.tr\/turk-musikisi-devlet-konservatuvari\/wp-json\/wp\/v2\/pages"}],"about":[{"href":"https:\/\/atauni.edu.tr\/turk-musikisi-devlet-konservatuvari\/wp-json\/wp\/v2\/types\/page"}],"author":[{"embeddable":true,"href":"https:\/\/atauni.edu.tr\/turk-musikisi-devlet-konservatuvari\/wp-json\/wp\/v2\/users\/306"}],"replies":[{"embeddable":true,"href":"https:\/\/atauni.edu.tr\/turk-musikisi-devlet-konservatuvari\/wp-json\/wp\/v2\/comments?post=6224"}],"version-history":[{"count":35,"href":"https:\/\/atauni.edu.tr\/turk-musikisi-devlet-konservatuvari\/wp-json\/wp\/v2\/pages\/6224\/revisions"}],"predecessor-version":[{"id":8346,"href":"https:\/\/atauni.edu.tr\/turk-musikisi-devlet-konservatuvari\/wp-json\/wp\/v2\/pages\/6224\/revisions\/8346"}],"wp:attachment":[{"href":"https:\/\/atauni.edu.tr\/turk-musikisi-devlet-konservatuvari\/wp-json\/wp\/v2\/media?parent=6224"}],"curies":[{"name":"wp","href":"https:\/\/api.w.org\/{rel}","templated":true}]}}