{"id":6982,"date":"2025-03-11T14:53:51","date_gmt":"2025-03-11T11:53:51","guid":{"rendered":"https:\/\/birimler.atauni.edu.tr\/turk-musikisi-devlet-konservatuvari\/?page_id=6982"},"modified":"2026-04-02T15:34:51","modified_gmt":"2026-04-02T12:34:51","slug":"komisyonlar","status":"publish","type":"page","link":"https:\/\/atauni.edu.tr\/turk-musikisi-devlet-konservatuvari\/komisyonlar\/","title":{"rendered":"Komisyonlar"},"content":{"rendered":"\t\t<div data-elementor-type=\"wp-page\" data-elementor-id=\"6982\" class=\"elementor elementor-6982\" data-elementor-post-type=\"page\">\n\t\t\t\t\t\t<section class=\"elementor-section elementor-top-section elementor-element elementor-element-659bcd5 elementor-section-boxed elementor-section-height-default elementor-section-height-default\" data-id=\"659bcd5\" data-element_type=\"section\">\n\t\t\t\t\t\t<div class=\"elementor-container elementor-column-gap-default\">\n\t\t\t\t\t<div class=\"elementor-column elementor-col-100 elementor-top-column elementor-element elementor-element-ac7d2be\" data-id=\"ac7d2be\" data-element_type=\"column\">\n\t\t\t<div class=\"elementor-widget-wrap elementor-element-populated\">\n\t\t\t\t\t\t<div class=\"elementor-element elementor-element-5de1db4 elementor-nav-menu__align-end elementor-nav-menu--dropdown-mobile elementor-nav-menu__text-align-aside elementor-nav-menu--toggle elementor-nav-menu--burger elementor-widget elementor-widget-nav-menu\" data-id=\"5de1db4\" data-element_type=\"widget\" data-settings=\"{&quot;layout&quot;:&quot;horizontal&quot;,&quot;submenu_icon&quot;:{&quot;value&quot;:&quot;&lt;i class=\\&quot;fas fa-caret-down\\&quot; aria-hidden=\\&quot;true\\&quot;&gt;&lt;\\\/i&gt;&quot;,&quot;library&quot;:&quot;fa-solid&quot;},&quot;toggle&quot;:&quot;burger&quot;}\" data-widget_type=\"nav-menu.default\">\n\t\t\t\t<div class=\"elementor-widget-container\">\n\t\t\t\t\t\t\t\t<nav aria-label=\"Men\u00fc\" class=\"elementor-nav-menu--main elementor-nav-menu__container elementor-nav-menu--layout-horizontal e--pointer-underline e--animation-none\">\n\t\t\t\t<ul id=\"menu-1-5de1db4\" class=\"elementor-nav-menu\"><li class=\"menu-item menu-item-type-post_type menu-item-object-page menu-item-home menu-item-8061\"><a href=\"https:\/\/atauni.edu.tr\/turk-musikisi-devlet-konservatuvari\/\" class=\"elementor-item\">Anasayfa<\/a><\/li>\n<li class=\"menu-item menu-item-type-custom menu-item-object-custom menu-item-has-children menu-item-5541\"><a href=\"http:\/\/turk-musikisi-devlet-konservatuvari\" class=\"elementor-item\">Hakk\u0131m\u0131zda<\/a>\n<ul class=\"sub-menu elementor-nav-menu--dropdown\">\n\t<li class=\"menu-item menu-item-type-post_type menu-item-object-page menu-item-5640\"><a href=\"https:\/\/atauni.edu.tr\/turk-musikisi-devlet-konservatuvari\/tarihce\/\" class=\"elementor-sub-item\">Tarih\u00e7e<\/a><\/li>\n\t<li class=\"menu-item menu-item-type-post_type menu-item-object-page menu-item-5684\"><a href=\"https:\/\/atauni.edu.tr\/turk-musikisi-devlet-konservatuvari\/misyon-vizyon-ve-temel-degerler\/\" class=\"elementor-sub-item\">Misyon, Vizyon ve Temel De\u011ferler<\/a><\/li>\n\t<li class=\"menu-item menu-item-type-post_type menu-item-object-page menu-item-5664\"><a href=\"https:\/\/atauni.edu.tr\/turk-musikisi-devlet-konservatuvari\/yonetim\/\" class=\"elementor-sub-item\">Y\u00f6netim<\/a><\/li>\n\t<li class=\"menu-item menu-item-type-post_type menu-item-object-page menu-item-8090\"><a href=\"https:\/\/atauni.edu.tr\/turk-musikisi-devlet-konservatuvari\/birim-yapilanmasi\/\" class=\"elementor-sub-item\">Birim Yap\u0131lanmas\u0131<\/a><\/li>\n\t<li class=\"menu-item menu-item-type-post_type menu-item-object-page menu-item-6985\"><a href=\"https:\/\/atauni.edu.tr\/turk-musikisi-devlet-konservatuvari\/komisyonlar\/\" class=\"elementor-sub-item\">Komisyonlar<\/a><\/li>\n<\/ul>\n<\/li>\n<li class=\"menu-item menu-item-type-custom menu-item-object-custom menu-item-has-children menu-item-5542\"><a href=\"#\" class=\"elementor-item elementor-item-anchor\">Ki\u015filer<\/a>\n<ul class=\"sub-menu elementor-nav-menu--dropdown\">\n\t<li class=\"menu-item menu-item-type-post_type menu-item-object-page menu-item-5690\"><a href=\"https:\/\/atauni.edu.tr\/turk-musikisi-devlet-konservatuvari\/akademik-personel\/\" class=\"elementor-sub-item\">Akademik Personel<\/a><\/li>\n\t<li class=\"menu-item menu-item-type-post_type menu-item-object-page menu-item-5702\"><a href=\"https:\/\/atauni.edu.tr\/turk-musikisi-devlet-konservatuvari\/idari-personel\/\" class=\"elementor-sub-item\">\u0130dari Personel<\/a><\/li>\n<\/ul>\n<\/li>\n<li class=\"menu-item menu-item-type-post_type menu-item-object-page menu-item-has-children menu-item-8555\"><a href=\"https:\/\/atauni.edu.tr\/turk-musikisi-devlet-konservatuvari\/bolumler\/\" class=\"elementor-item\">B\u00f6l\u00fcmler<\/a>\n<ul class=\"sub-menu elementor-nav-menu--dropdown\">\n\t<li class=\"menu-item menu-item-type-post_type menu-item-object-page menu-item-8556\"><a href=\"https:\/\/atauni.edu.tr\/turk-musikisi-devlet-konservatuvari\/turk-halk-muzigi\/\" class=\"elementor-sub-item\">T\u00fcrk Halk M\u00fczi\u011fi<\/a><\/li>\n\t<li class=\"menu-item menu-item-type-post_type menu-item-object-page menu-item-8557\"><a href=\"https:\/\/atauni.edu.tr\/turk-musikisi-devlet-konservatuvari\/turk-sanat-muzigi\/\" class=\"elementor-sub-item\">T\u00fcrk Sanat M\u00fczi\u011fi<\/a><\/li>\n<\/ul>\n<\/li>\n<li class=\"menu-item menu-item-type-post_type menu-item-object-page menu-item-has-children menu-item-8550\"><a href=\"https:\/\/atauni.edu.tr\/turk-musikisi-devlet-konservatuvari\/egitim-ogretim\/\" class=\"elementor-item\">E\u011fitim-\u00d6\u011fretim<\/a>\n<ul class=\"sub-menu elementor-nav-menu--dropdown\">\n\t<li class=\"menu-item menu-item-type-post_type menu-item-object-page menu-item-8566\"><a href=\"https:\/\/atauni.edu.tr\/turk-musikisi-devlet-konservatuvari\/egitim-plani\/\" class=\"elementor-sub-item\">E\u011fitim Plan\u0131<\/a><\/li>\n<\/ul>\n<\/li>\n<li class=\"menu-item menu-item-type-post_type menu-item-object-page menu-item-8431\"><a href=\"https:\/\/atauni.edu.tr\/turk-musikisi-devlet-konservatuvari\/arastirma\/\" class=\"elementor-item\">Ara\u015ft\u0131rma<\/a><\/li>\n<li class=\"menu-item menu-item-type-post_type menu-item-object-page menu-item-8432\"><a href=\"https:\/\/atauni.edu.tr\/turk-musikisi-devlet-konservatuvari\/topluma-katki\/\" class=\"elementor-item\">Topluma Katk\u0131<\/a><\/li>\n<li class=\"menu-item menu-item-type-post_type menu-item-object-page menu-item-5721\"><a href=\"https:\/\/atauni.edu.tr\/turk-musikisi-devlet-konservatuvari\/iletisim\/\" class=\"elementor-item\">\u0130leti\u015fim<\/a><\/li>\n<\/ul>\t\t\t<\/nav>\n\t\t\t\t\t<div class=\"elementor-menu-toggle\" role=\"button\" tabindex=\"0\" aria-label=\"Menu Toggle\" aria-expanded=\"false\">\n\t\t\t<i aria-hidden=\"true\" role=\"presentation\" class=\"elementor-menu-toggle__icon--open eicon-menu-bar\"><\/i><i aria-hidden=\"true\" role=\"presentation\" class=\"elementor-menu-toggle__icon--close eicon-close\"><\/i>\t\t<\/div>\n\t\t\t\t\t<nav class=\"elementor-nav-menu--dropdown elementor-nav-menu__container\" aria-hidden=\"true\">\n\t\t\t\t<ul id=\"menu-2-5de1db4\" class=\"elementor-nav-menu\"><li class=\"menu-item menu-item-type-post_type menu-item-object-page menu-item-home menu-item-8061\"><a href=\"https:\/\/atauni.edu.tr\/turk-musikisi-devlet-konservatuvari\/\" class=\"elementor-item\" tabindex=\"-1\">Anasayfa<\/a><\/li>\n<li class=\"menu-item menu-item-type-custom menu-item-object-custom menu-item-has-children menu-item-5541\"><a href=\"http:\/\/turk-musikisi-devlet-konservatuvari\" class=\"elementor-item\" tabindex=\"-1\">Hakk\u0131m\u0131zda<\/a>\n<ul class=\"sub-menu elementor-nav-menu--dropdown\">\n\t<li class=\"menu-item menu-item-type-post_type menu-item-object-page menu-item-5640\"><a href=\"https:\/\/atauni.edu.tr\/turk-musikisi-devlet-konservatuvari\/tarihce\/\" class=\"elementor-sub-item\" tabindex=\"-1\">Tarih\u00e7e<\/a><\/li>\n\t<li class=\"menu-item menu-item-type-post_type menu-item-object-page menu-item-5684\"><a href=\"https:\/\/atauni.edu.tr\/turk-musikisi-devlet-konservatuvari\/misyon-vizyon-ve-temel-degerler\/\" class=\"elementor-sub-item\" tabindex=\"-1\">Misyon, Vizyon ve Temel De\u011ferler<\/a><\/li>\n\t<li class=\"menu-item menu-item-type-post_type menu-item-object-page menu-item-5664\"><a href=\"https:\/\/atauni.edu.tr\/turk-musikisi-devlet-konservatuvari\/yonetim\/\" class=\"elementor-sub-item\" tabindex=\"-1\">Y\u00f6netim<\/a><\/li>\n\t<li class=\"menu-item menu-item-type-post_type menu-item-object-page menu-item-8090\"><a href=\"https:\/\/atauni.edu.tr\/turk-musikisi-devlet-konservatuvari\/birim-yapilanmasi\/\" class=\"elementor-sub-item\" tabindex=\"-1\">Birim Yap\u0131lanmas\u0131<\/a><\/li>\n\t<li class=\"menu-item menu-item-type-post_type menu-item-object-page menu-item-6985\"><a href=\"https:\/\/atauni.edu.tr\/turk-musikisi-devlet-konservatuvari\/komisyonlar\/\" class=\"elementor-sub-item\" tabindex=\"-1\">Komisyonlar<\/a><\/li>\n<\/ul>\n<\/li>\n<li class=\"menu-item menu-item-type-custom menu-item-object-custom menu-item-has-children menu-item-5542\"><a href=\"#\" class=\"elementor-item elementor-item-anchor\" tabindex=\"-1\">Ki\u015filer<\/a>\n<ul class=\"sub-menu elementor-nav-menu--dropdown\">\n\t<li class=\"menu-item menu-item-type-post_type menu-item-object-page menu-item-5690\"><a href=\"https:\/\/atauni.edu.tr\/turk-musikisi-devlet-konservatuvari\/akademik-personel\/\" class=\"elementor-sub-item\" tabindex=\"-1\">Akademik Personel<\/a><\/li>\n\t<li class=\"menu-item menu-item-type-post_type menu-item-object-page menu-item-5702\"><a href=\"https:\/\/atauni.edu.tr\/turk-musikisi-devlet-konservatuvari\/idari-personel\/\" class=\"elementor-sub-item\" tabindex=\"-1\">\u0130dari Personel<\/a><\/li>\n<\/ul>\n<\/li>\n<li class=\"menu-item menu-item-type-post_type menu-item-object-page menu-item-has-children menu-item-8555\"><a href=\"https:\/\/atauni.edu.tr\/turk-musikisi-devlet-konservatuvari\/bolumler\/\" class=\"elementor-item\" tabindex=\"-1\">B\u00f6l\u00fcmler<\/a>\n<ul class=\"sub-menu elementor-nav-menu--dropdown\">\n\t<li class=\"menu-item menu-item-type-post_type menu-item-object-page menu-item-8556\"><a href=\"https:\/\/atauni.edu.tr\/turk-musikisi-devlet-konservatuvari\/turk-halk-muzigi\/\" class=\"elementor-sub-item\" tabindex=\"-1\">T\u00fcrk Halk M\u00fczi\u011fi<\/a><\/li>\n\t<li class=\"menu-item menu-item-type-post_type menu-item-object-page menu-item-8557\"><a href=\"https:\/\/atauni.edu.tr\/turk-musikisi-devlet-konservatuvari\/turk-sanat-muzigi\/\" class=\"elementor-sub-item\" tabindex=\"-1\">T\u00fcrk Sanat M\u00fczi\u011fi<\/a><\/li>\n<\/ul>\n<\/li>\n<li class=\"menu-item menu-item-type-post_type menu-item-object-page menu-item-has-children menu-item-8550\"><a href=\"https:\/\/atauni.edu.tr\/turk-musikisi-devlet-konservatuvari\/egitim-ogretim\/\" class=\"elementor-item\" tabindex=\"-1\">E\u011fitim-\u00d6\u011fretim<\/a>\n<ul class=\"sub-menu elementor-nav-menu--dropdown\">\n\t<li class=\"menu-item menu-item-type-post_type menu-item-object-page menu-item-8566\"><a href=\"https:\/\/atauni.edu.tr\/turk-musikisi-devlet-konservatuvari\/egitim-plani\/\" class=\"elementor-sub-item\" tabindex=\"-1\">E\u011fitim Plan\u0131<\/a><\/li>\n<\/ul>\n<\/li>\n<li class=\"menu-item menu-item-type-post_type menu-item-object-page menu-item-8431\"><a href=\"https:\/\/atauni.edu.tr\/turk-musikisi-devlet-konservatuvari\/arastirma\/\" class=\"elementor-item\" tabindex=\"-1\">Ara\u015ft\u0131rma<\/a><\/li>\n<li class=\"menu-item menu-item-type-post_type menu-item-object-page menu-item-8432\"><a href=\"https:\/\/atauni.edu.tr\/turk-musikisi-devlet-konservatuvari\/topluma-katki\/\" class=\"elementor-item\" tabindex=\"-1\">Topluma Katk\u0131<\/a><\/li>\n<li class=\"menu-item menu-item-type-post_type menu-item-object-page menu-item-5721\"><a href=\"https:\/\/atauni.edu.tr\/turk-musikisi-devlet-konservatuvari\/iletisim\/\" class=\"elementor-item\" tabindex=\"-1\">\u0130leti\u015fim<\/a><\/li>\n<\/ul>\t\t\t<\/nav>\n\t\t\t\t\t\t<\/div>\n\t\t\t\t<\/div>\n\t\t\t\t\t<\/div>\n\t\t<\/div>\n\t\t\t\t\t<\/div>\n\t\t<\/section>\n\t\t\t\t<section class=\"elementor-section elementor-top-section elementor-element elementor-element-39abefb elementor-section-boxed elementor-section-height-default elementor-section-height-default\" data-id=\"39abefb\" data-element_type=\"section\">\n\t\t\t\t\t\t<div class=\"elementor-container elementor-column-gap-default\">\n\t\t\t\t\t<div class=\"elementor-column elementor-col-100 elementor-top-column elementor-element elementor-element-e895ae6\" data-id=\"e895ae6\" data-element_type=\"column\">\n\t\t\t<div class=\"elementor-widget-wrap elementor-element-populated\">\n\t\t\t\t\t\t<div class=\"elementor-element elementor-element-c2dcc52 elementor-widget elementor-widget-pdf_viewer\" data-id=\"c2dcc52\" data-element_type=\"widget\" data-widget_type=\"pdf_viewer.default\">\n\t\t\t\t<div class=\"elementor-widget-container\">\n\t\t\t\t\t<iframe src=\"https:\/\/docs.google.com\/viewer?url=http:\/\/birimler.atauni.edu.tr\/turk-musikisi-devlet-konservatuvari\/wp-content\/uploads\/sites\/224\/2025\/05\/Komisyon-ve-Koordinato\u0308rlu\u0308kler-1.pdf&amp;embedded=true\" style=\"display: block; margin-left: auto; margin-right: auto; width: 640px; height: 1020px;\" frameborder=\"1\" marginheight=\"0px\" marginwidth=\"0px\" allowfullscreen><\/iframe>\t\t\t\t<\/div>\n\t\t\t\t<\/div>\n\t\t\t\t\t<\/div>\n\t\t<\/div>\n\t\t\t\t\t<\/div>\n\t\t<\/section>\n\t\t\t\t<\/div>\n\t\t","protected":false},"excerpt":{"rendered":"","protected":false},"author":306,"featured_media":0,"parent":0,"menu_order":0,"comment_status":"closed","ping_status":"closed","template":"","meta":{"footnotes":""},"class_list":["post-6982","page","type-page","status-publish","hentry"],"_links":{"self":[{"href":"https:\/\/atauni.edu.tr\/turk-musikisi-devlet-konservatuvari\/wp-json\/wp\/v2\/pages\/6982","targetHints":{"allow":["GET"]}}],"collection":[{"href":"https:\/\/atauni.edu.tr\/turk-musikisi-devlet-konservatuvari\/wp-json\/wp\/v2\/pages"}],"about":[{"href":"https:\/\/atauni.edu.tr\/turk-musikisi-devlet-konservatuvari\/wp-json\/wp\/v2\/types\/page"}],"author":[{"embeddable":true,"href":"https:\/\/atauni.edu.tr\/turk-musikisi-devlet-konservatuvari\/wp-json\/wp\/v2\/users\/306"}],"replies":[{"embeddable":true,"href":"https:\/\/atauni.edu.tr\/turk-musikisi-devlet-konservatuvari\/wp-json\/wp\/v2\/comments?post=6982"}],"version-history":[{"count":15,"href":"https:\/\/atauni.edu.tr\/turk-musikisi-devlet-konservatuvari\/wp-json\/wp\/v2\/pages\/6982\/revisions"}],"predecessor-version":[{"id":8340,"href":"https:\/\/atauni.edu.tr\/turk-musikisi-devlet-konservatuvari\/wp-json\/wp\/v2\/pages\/6982\/revisions\/8340"}],"wp:attachment":[{"href":"https:\/\/atauni.edu.tr\/turk-musikisi-devlet-konservatuvari\/wp-json\/wp\/v2\/media?parent=6982"}],"curies":[{"name":"wp","href":"https:\/\/api.w.org\/{rel}","templated":true}]}}