{"id":8080,"date":"2026-03-10T14:38:39","date_gmt":"2026-03-10T11:38:39","guid":{"rendered":"https:\/\/atauni.edu.tr\/turk-musikisi-devlet-konservatuvari\/?page_id=8080"},"modified":"2026-04-15T10:29:24","modified_gmt":"2026-04-15T07:29:24","slug":"birim-yapilanmasi","status":"publish","type":"page","link":"https:\/\/atauni.edu.tr\/turk-musikisi-devlet-konservatuvari\/birim-yapilanmasi\/","title":{"rendered":"Birim Yap\u0131lanmas\u0131"},"content":{"rendered":"\t\t<div data-elementor-type=\"wp-page\" data-elementor-id=\"8080\" class=\"elementor elementor-8080\" data-elementor-post-type=\"page\">\n\t\t\t\t\t\t<section class=\"elementor-section elementor-top-section elementor-element elementor-element-e9bcf41 elementor-section-boxed elementor-section-height-default elementor-section-height-default\" data-id=\"e9bcf41\" data-element_type=\"section\">\n\t\t\t\t\t\t<div class=\"elementor-container elementor-column-gap-default\">\n\t\t\t\t\t<div class=\"elementor-column elementor-col-100 elementor-top-column elementor-element elementor-element-da88b5a\" data-id=\"da88b5a\" data-element_type=\"column\">\n\t\t\t<div class=\"elementor-widget-wrap elementor-element-populated\">\n\t\t\t\t\t\t<div class=\"elementor-element elementor-element-598aaa9 elementor-nav-menu__align-end elementor-nav-menu--dropdown-mobile elementor-nav-menu__text-align-aside elementor-nav-menu--toggle elementor-nav-menu--burger elementor-widget elementor-widget-nav-menu\" data-id=\"598aaa9\" data-element_type=\"widget\" data-settings=\"{&quot;layout&quot;:&quot;horizontal&quot;,&quot;submenu_icon&quot;:{&quot;value&quot;:&quot;&lt;i class=\\&quot;fas fa-caret-down\\&quot; aria-hidden=\\&quot;true\\&quot;&gt;&lt;\\\/i&gt;&quot;,&quot;library&quot;:&quot;fa-solid&quot;},&quot;toggle&quot;:&quot;burger&quot;}\" data-widget_type=\"nav-menu.default\">\n\t\t\t\t<div class=\"elementor-widget-container\">\n\t\t\t\t\t\t\t\t<nav aria-label=\"Men\u00fc\" class=\"elementor-nav-menu--main elementor-nav-menu__container elementor-nav-menu--layout-horizontal e--pointer-underline e--animation-none\">\n\t\t\t\t<ul id=\"menu-1-598aaa9\" class=\"elementor-nav-menu\"><li class=\"menu-item menu-item-type-post_type menu-item-object-page menu-item-home menu-item-8061\"><a href=\"https:\/\/atauni.edu.tr\/turk-musikisi-devlet-konservatuvari\/\" class=\"elementor-item\">Anasayfa<\/a><\/li>\n<li class=\"menu-item menu-item-type-custom menu-item-object-custom menu-item-has-children menu-item-5541\"><a href=\"http:\/\/turk-musikisi-devlet-konservatuvari\" class=\"elementor-item\">Hakk\u0131m\u0131zda<\/a>\n<ul class=\"sub-menu elementor-nav-menu--dropdown\">\n\t<li class=\"menu-item menu-item-type-post_type menu-item-object-page menu-item-5640\"><a href=\"https:\/\/atauni.edu.tr\/turk-musikisi-devlet-konservatuvari\/tarihce\/\" class=\"elementor-sub-item\">Tarih\u00e7e<\/a><\/li>\n\t<li class=\"menu-item menu-item-type-post_type menu-item-object-page menu-item-5684\"><a href=\"https:\/\/atauni.edu.tr\/turk-musikisi-devlet-konservatuvari\/misyon-vizyon-ve-temel-degerler\/\" class=\"elementor-sub-item\">Misyon, Vizyon ve Temel De\u011ferler<\/a><\/li>\n\t<li class=\"menu-item menu-item-type-post_type menu-item-object-page menu-item-5664\"><a href=\"https:\/\/atauni.edu.tr\/turk-musikisi-devlet-konservatuvari\/yonetim\/\" class=\"elementor-sub-item\">Y\u00f6netim<\/a><\/li>\n\t<li class=\"menu-item menu-item-type-post_type menu-item-object-page menu-item-8090\"><a href=\"https:\/\/atauni.edu.tr\/turk-musikisi-devlet-konservatuvari\/birim-yapilanmasi\/\" class=\"elementor-sub-item\">Birim Yap\u0131lanmas\u0131<\/a><\/li>\n\t<li class=\"menu-item menu-item-type-post_type menu-item-object-page menu-item-6985\"><a href=\"https:\/\/atauni.edu.tr\/turk-musikisi-devlet-konservatuvari\/komisyonlar\/\" class=\"elementor-sub-item\">Komisyonlar<\/a><\/li>\n<\/ul>\n<\/li>\n<li class=\"menu-item menu-item-type-custom menu-item-object-custom menu-item-has-children menu-item-5542\"><a href=\"#\" class=\"elementor-item elementor-item-anchor\">Ki\u015filer<\/a>\n<ul class=\"sub-menu elementor-nav-menu--dropdown\">\n\t<li class=\"menu-item menu-item-type-post_type menu-item-object-page menu-item-5690\"><a href=\"https:\/\/atauni.edu.tr\/turk-musikisi-devlet-konservatuvari\/akademik-personel\/\" class=\"elementor-sub-item\">Akademik Personel<\/a><\/li>\n\t<li class=\"menu-item menu-item-type-post_type menu-item-object-page menu-item-5702\"><a href=\"https:\/\/atauni.edu.tr\/turk-musikisi-devlet-konservatuvari\/idari-personel\/\" class=\"elementor-sub-item\">\u0130dari Personel<\/a><\/li>\n<\/ul>\n<\/li>\n<li class=\"menu-item menu-item-type-post_type menu-item-object-page menu-item-has-children menu-item-8555\"><a href=\"https:\/\/atauni.edu.tr\/turk-musikisi-devlet-konservatuvari\/bolumler\/\" class=\"elementor-item\">B\u00f6l\u00fcmler<\/a>\n<ul class=\"sub-menu elementor-nav-menu--dropdown\">\n\t<li class=\"menu-item menu-item-type-post_type menu-item-object-page menu-item-8556\"><a href=\"https:\/\/atauni.edu.tr\/turk-musikisi-devlet-konservatuvari\/turk-halk-muzigi\/\" class=\"elementor-sub-item\">T\u00fcrk Halk M\u00fczi\u011fi<\/a><\/li>\n\t<li class=\"menu-item menu-item-type-post_type menu-item-object-page menu-item-8557\"><a href=\"https:\/\/atauni.edu.tr\/turk-musikisi-devlet-konservatuvari\/turk-sanat-muzigi\/\" class=\"elementor-sub-item\">T\u00fcrk Sanat M\u00fczi\u011fi<\/a><\/li>\n<\/ul>\n<\/li>\n<li class=\"menu-item menu-item-type-post_type menu-item-object-page menu-item-has-children menu-item-8550\"><a href=\"https:\/\/atauni.edu.tr\/turk-musikisi-devlet-konservatuvari\/egitim-ogretim\/\" class=\"elementor-item\">E\u011fitim-\u00d6\u011fretim<\/a>\n<ul class=\"sub-menu elementor-nav-menu--dropdown\">\n\t<li class=\"menu-item menu-item-type-post_type menu-item-object-page menu-item-8566\"><a href=\"https:\/\/atauni.edu.tr\/turk-musikisi-devlet-konservatuvari\/egitim-plani\/\" class=\"elementor-sub-item\">E\u011fitim Plan\u0131<\/a><\/li>\n<\/ul>\n<\/li>\n<li class=\"menu-item menu-item-type-post_type menu-item-object-page menu-item-8431\"><a href=\"https:\/\/atauni.edu.tr\/turk-musikisi-devlet-konservatuvari\/arastirma\/\" class=\"elementor-item\">Ara\u015ft\u0131rma<\/a><\/li>\n<li class=\"menu-item menu-item-type-post_type menu-item-object-page menu-item-8432\"><a href=\"https:\/\/atauni.edu.tr\/turk-musikisi-devlet-konservatuvari\/topluma-katki\/\" class=\"elementor-item\">Topluma Katk\u0131<\/a><\/li>\n<li class=\"menu-item menu-item-type-post_type menu-item-object-page menu-item-5721\"><a href=\"https:\/\/atauni.edu.tr\/turk-musikisi-devlet-konservatuvari\/iletisim\/\" class=\"elementor-item\">\u0130leti\u015fim<\/a><\/li>\n<\/ul>\t\t\t<\/nav>\n\t\t\t\t\t<div class=\"elementor-menu-toggle\" role=\"button\" tabindex=\"0\" aria-label=\"Menu Toggle\" aria-expanded=\"false\">\n\t\t\t<i aria-hidden=\"true\" role=\"presentation\" class=\"elementor-menu-toggle__icon--open eicon-menu-bar\"><\/i><i aria-hidden=\"true\" role=\"presentation\" class=\"elementor-menu-toggle__icon--close eicon-close\"><\/i>\t\t<\/div>\n\t\t\t\t\t<nav class=\"elementor-nav-menu--dropdown elementor-nav-menu__container\" aria-hidden=\"true\">\n\t\t\t\t<ul id=\"menu-2-598aaa9\" class=\"elementor-nav-menu\"><li class=\"menu-item menu-item-type-post_type menu-item-object-page menu-item-home menu-item-8061\"><a href=\"https:\/\/atauni.edu.tr\/turk-musikisi-devlet-konservatuvari\/\" class=\"elementor-item\" tabindex=\"-1\">Anasayfa<\/a><\/li>\n<li class=\"menu-item menu-item-type-custom menu-item-object-custom menu-item-has-children menu-item-5541\"><a href=\"http:\/\/turk-musikisi-devlet-konservatuvari\" class=\"elementor-item\" tabindex=\"-1\">Hakk\u0131m\u0131zda<\/a>\n<ul class=\"sub-menu elementor-nav-menu--dropdown\">\n\t<li class=\"menu-item menu-item-type-post_type menu-item-object-page menu-item-5640\"><a href=\"https:\/\/atauni.edu.tr\/turk-musikisi-devlet-konservatuvari\/tarihce\/\" class=\"elementor-sub-item\" tabindex=\"-1\">Tarih\u00e7e<\/a><\/li>\n\t<li class=\"menu-item menu-item-type-post_type menu-item-object-page menu-item-5684\"><a href=\"https:\/\/atauni.edu.tr\/turk-musikisi-devlet-konservatuvari\/misyon-vizyon-ve-temel-degerler\/\" class=\"elementor-sub-item\" tabindex=\"-1\">Misyon, Vizyon ve Temel De\u011ferler<\/a><\/li>\n\t<li class=\"menu-item menu-item-type-post_type menu-item-object-page menu-item-5664\"><a href=\"https:\/\/atauni.edu.tr\/turk-musikisi-devlet-konservatuvari\/yonetim\/\" class=\"elementor-sub-item\" tabindex=\"-1\">Y\u00f6netim<\/a><\/li>\n\t<li class=\"menu-item menu-item-type-post_type menu-item-object-page menu-item-8090\"><a href=\"https:\/\/atauni.edu.tr\/turk-musikisi-devlet-konservatuvari\/birim-yapilanmasi\/\" class=\"elementor-sub-item\" tabindex=\"-1\">Birim Yap\u0131lanmas\u0131<\/a><\/li>\n\t<li class=\"menu-item menu-item-type-post_type menu-item-object-page menu-item-6985\"><a href=\"https:\/\/atauni.edu.tr\/turk-musikisi-devlet-konservatuvari\/komisyonlar\/\" class=\"elementor-sub-item\" tabindex=\"-1\">Komisyonlar<\/a><\/li>\n<\/ul>\n<\/li>\n<li class=\"menu-item menu-item-type-custom menu-item-object-custom menu-item-has-children menu-item-5542\"><a href=\"#\" class=\"elementor-item elementor-item-anchor\" tabindex=\"-1\">Ki\u015filer<\/a>\n<ul class=\"sub-menu elementor-nav-menu--dropdown\">\n\t<li class=\"menu-item menu-item-type-post_type menu-item-object-page menu-item-5690\"><a href=\"https:\/\/atauni.edu.tr\/turk-musikisi-devlet-konservatuvari\/akademik-personel\/\" class=\"elementor-sub-item\" tabindex=\"-1\">Akademik Personel<\/a><\/li>\n\t<li class=\"menu-item menu-item-type-post_type menu-item-object-page menu-item-5702\"><a href=\"https:\/\/atauni.edu.tr\/turk-musikisi-devlet-konservatuvari\/idari-personel\/\" class=\"elementor-sub-item\" tabindex=\"-1\">\u0130dari Personel<\/a><\/li>\n<\/ul>\n<\/li>\n<li class=\"menu-item menu-item-type-post_type menu-item-object-page menu-item-has-children menu-item-8555\"><a href=\"https:\/\/atauni.edu.tr\/turk-musikisi-devlet-konservatuvari\/bolumler\/\" class=\"elementor-item\" tabindex=\"-1\">B\u00f6l\u00fcmler<\/a>\n<ul class=\"sub-menu elementor-nav-menu--dropdown\">\n\t<li class=\"menu-item menu-item-type-post_type menu-item-object-page menu-item-8556\"><a href=\"https:\/\/atauni.edu.tr\/turk-musikisi-devlet-konservatuvari\/turk-halk-muzigi\/\" class=\"elementor-sub-item\" tabindex=\"-1\">T\u00fcrk Halk M\u00fczi\u011fi<\/a><\/li>\n\t<li class=\"menu-item menu-item-type-post_type menu-item-object-page menu-item-8557\"><a href=\"https:\/\/atauni.edu.tr\/turk-musikisi-devlet-konservatuvari\/turk-sanat-muzigi\/\" class=\"elementor-sub-item\" tabindex=\"-1\">T\u00fcrk Sanat M\u00fczi\u011fi<\/a><\/li>\n<\/ul>\n<\/li>\n<li class=\"menu-item menu-item-type-post_type menu-item-object-page menu-item-has-children menu-item-8550\"><a href=\"https:\/\/atauni.edu.tr\/turk-musikisi-devlet-konservatuvari\/egitim-ogretim\/\" class=\"elementor-item\" tabindex=\"-1\">E\u011fitim-\u00d6\u011fretim<\/a>\n<ul class=\"sub-menu elementor-nav-menu--dropdown\">\n\t<li class=\"menu-item menu-item-type-post_type menu-item-object-page menu-item-8566\"><a href=\"https:\/\/atauni.edu.tr\/turk-musikisi-devlet-konservatuvari\/egitim-plani\/\" class=\"elementor-sub-item\" tabindex=\"-1\">E\u011fitim Plan\u0131<\/a><\/li>\n<\/ul>\n<\/li>\n<li class=\"menu-item menu-item-type-post_type menu-item-object-page menu-item-8431\"><a href=\"https:\/\/atauni.edu.tr\/turk-musikisi-devlet-konservatuvari\/arastirma\/\" class=\"elementor-item\" tabindex=\"-1\">Ara\u015ft\u0131rma<\/a><\/li>\n<li class=\"menu-item menu-item-type-post_type menu-item-object-page menu-item-8432\"><a href=\"https:\/\/atauni.edu.tr\/turk-musikisi-devlet-konservatuvari\/topluma-katki\/\" class=\"elementor-item\" tabindex=\"-1\">Topluma Katk\u0131<\/a><\/li>\n<li class=\"menu-item menu-item-type-post_type menu-item-object-page menu-item-5721\"><a href=\"https:\/\/atauni.edu.tr\/turk-musikisi-devlet-konservatuvari\/iletisim\/\" class=\"elementor-item\" tabindex=\"-1\">\u0130leti\u015fim<\/a><\/li>\n<\/ul>\t\t\t<\/nav>\n\t\t\t\t\t\t<\/div>\n\t\t\t\t<\/div>\n\t\t\t\t\t<\/div>\n\t\t<\/div>\n\t\t\t\t\t<\/div>\n\t\t<\/section>\n\t\t\t\t<section class=\"elementor-section elementor-top-section elementor-element elementor-element-ce02a49 elementor-section-boxed elementor-section-height-default elementor-section-height-default\" data-id=\"ce02a49\" data-element_type=\"section\">\n\t\t\t\t\t\t<div class=\"elementor-container elementor-column-gap-default\">\n\t\t\t\t\t<div class=\"elementor-column elementor-col-100 elementor-top-column elementor-element elementor-element-fe5b975\" data-id=\"fe5b975\" data-element_type=\"column\">\n\t\t\t<div class=\"elementor-widget-wrap elementor-element-populated\">\n\t\t\t\t\t\t<div class=\"elementor-element elementor-element-8466821 elementor-widget elementor-widget-heading\" data-id=\"8466821\" data-element_type=\"widget\" data-widget_type=\"heading.default\">\n\t\t\t\t<div class=\"elementor-widget-container\">\n\t\t\t\t\t<h4 class=\"elementor-heading-title elementor-size-default\">Konservatuvar Yap\u0131lanmas\u0131 ve G\u00f6rev Da\u011f\u0131l\u0131m\u0131<\/h4>\t\t\t\t<\/div>\n\t\t\t\t<\/div>\n\t\t\t\t\t<\/div>\n\t\t<\/div>\n\t\t\t\t\t<\/div>\n\t\t<\/section>\n\t\t\t\t<section class=\"elementor-section elementor-top-section elementor-element elementor-element-902768d elementor-section-boxed elementor-section-height-default elementor-section-height-default\" data-id=\"902768d\" data-element_type=\"section\">\n\t\t\t\t\t\t<div class=\"elementor-container elementor-column-gap-default\">\n\t\t\t\t\t<div class=\"elementor-column elementor-col-100 elementor-top-column elementor-element elementor-element-5026c27\" data-id=\"5026c27\" data-element_type=\"column\">\n\t\t\t<div class=\"elementor-widget-wrap elementor-element-populated\">\n\t\t\t\t\t\t<div class=\"elementor-element elementor-element-0f3a741 elementor-widget elementor-widget-text-editor\" data-id=\"0f3a741\" data-element_type=\"widget\" data-widget_type=\"text-editor.default\">\n\t\t\t\t<div class=\"elementor-widget-container\">\n\t\t\t\t\t\t\t\t\t<h4>M\u00fcd\u00fcr (Prof. Dr. Nesrin FEYZ\u0130O\u011eLU)<\/h4>\n<p><strong>&nbsp;<\/strong><span style=\"font-size: 1rem;letter-spacing: 0px\">Strateji&nbsp;<\/span><\/p>\n<ul>\n<li>Vizyon, Misyon<\/li>\n<li>Stratejik Plan &#8211; Odak Alanlar<\/li>\n<li>Ortakl\u0131klar<\/li>\n<li>Birimin De\u011ferleri B\u00fct\u00e7e ve Mali Planlama<\/li>\n<\/ul>\n<p>D\u00f6ner Sermaye \u0130\u015flemleri<\/p>\n<p>Yat\u0131r\u0131mlar<\/p>\n<p>Varl\u0131k Y\u00f6netimi<\/p>\n<p>Birim Tasar\u0131m ve D\u00f6n\u00fc\u015f\u00fcm Faaliyetleri<\/p>\n<p>BT ve Dijitalle\u015fme<\/p>\n<p>Kalite\/Akreditasyon<\/p>\n<p>\u0130leti\u015fim ve Marka<\/p>\n<p>Performans Y\u00f6netimi<\/p>\n<p>S\u0131ralama Kurulu\u015flar\u0131 Bilimsel Dergiler<\/p>\n<p>Teknokent \u0130le \u0130li\u015fkiler<\/p>\n<p>Kriz Y\u00f6netimi<\/p>\n<p>\u0130nsan Kaynaklar\u0131<\/p>\n<p>Etik<\/p>\n<h4>M\u00fcd\u00fcr Yard\u0131mc\u0131s\u0131 (\u00d6\u011fr. G\u00f6r. Dr. Feyzi Berat KAPLAN)<\/h4>\n<p>E\u011fitim-\u00d6\u011fretim<\/p>\n<p>Uluslararas\u0131la\u015fma<\/p>\n<p>\u00d6\u011frenci \u0130\u015fleri<\/p>\n<p>\u00d6\u011frenci Ya\u015fam\u0131 Burslar<\/p>\n<p>Kariyer Planlama<\/p>\n<p>E\u011fitimde M\u00fckemmeliyet Modeli<\/p>\n<p>Ara\u015ft\u0131rma \u0130\u015fbirlikleri<\/p>\n<p>Kamu-STK ve Giri\u015fimcilerle \u0130li\u015fkiler<\/p>\n<p>Toplumsal Duyarl\u0131l\u0131k Projeleri<\/p>\n<p>Proje Temelli Ara\u015ft\u0131rma-Toplumsal Katk\u0131 Entegrasyonu (ATA-K\u00d6K Y\u00f6netimi)<\/p>\n<p>Kalite\/Akreditasyon<\/p>\n<p>Yabanc\u0131 Dil Y\u00f6netimi<\/p>\n<h4>M\u00fcd\u00fcr Yard\u0131mc\u0131s\u0131 (\u00d6\u011fr. G\u00f6r. Dr. Kadir \u0130NAN)<\/h4>\n<p>\u0130dari ve Mali \u0130\u015fler<\/p>\n<p>K\u00fct\u00fcphane ve Dok\u00fcmantasyon<\/p>\n<p>Yay\u0131nevi<\/p>\n<p>Ar-Ge ve Fon Kaynaklar\u0131n\u0131n \u00c7e\u015fitlendirilmesi<\/p>\n<p>Sanayi \u0130le \u0130li\u015fkiler<\/p>\n<p>Ara\u015ft\u0131rmac\u0131 Geli\u015ftirme SDG Stratejileri<\/p>\n<p>Toplumsal Katk\u0131<\/p>\n<p>K\u00fclt\u00fcrel Faaliyetler \u00d6\u011frenci Kul\u00fcpleri<\/p>\n<p>Spor<\/p>\n<p>B\u00fct\u00fcnle\u015fik Ara\u015ft\u0131rma Modeli<\/p>\n<p>Varl\u0131k Y\u00f6netimi (Ders \u00dccretleri.Sat\u0131nalma)<\/p>\n<p>\u0130SG \u0130\u015fveren Vekili<\/p>\n<p>Mezunlarla \u0130li\u015fkiler<\/p>\n<p>Personel \u0130\u015fleri<\/p>\n<h4>Y\u00fcksekokul Sekreteri (Osman Nuri \u00c7EL\u0130K)<\/h4>\n<p><strong>&nbsp;<\/strong><\/p>\n<p>\u0130dari Birimler<\/p>\n<p>Fak\u00fclte Sekreterlik Mali \u0130\u015fler<\/p>\n<p>Dahili \u0130\u015fler<\/p>\n<p>Teknik Hizmetler \u00c7evre D\u00fczenleme ve Temizlik<\/p>\n<p>Koruma ve G\u00fcvenlik<\/p>\n<p>At\u0131k Y\u00f6netimi<\/p>\n<p>Ula\u015f\u0131m<\/p>\n<p>\u0130n\u015faat<\/p>\n<p><strong>Yeni B\u00f6l\u00fcm Yap\u0131lanmas\u0131 ve G\u00f6rev Da\u011f\u0131l\u0131mlar\u0131 <\/strong><\/p>\n<p><strong>&nbsp;<\/strong>B\u00f6l\u00fcm Ba\u015fkan\u0131<\/p>\n<p>1.Strateji<\/p>\n<ul>\n<li>Vizyon, Misyon<\/li>\n<li>Stratejik Plan &#8211; Odak Alanlar<\/li>\n<li>Ortakl\u0131klar<\/li>\n<li>B\u00f6l\u00fcm Tarihi<\/li>\n<li>B\u00f6l\u00fcm De\u011ferleri 2.Varl\u0131k Y\u00f6netimi<\/li>\n<\/ul>\n<p>3.BT ve Dijitalle\u015fme<\/p>\n<p>4.Kalite\/Akreditasyon<\/p>\n<p>5.\u0130leti\u015fim ve Marka<\/p>\n<p>6.Performans Y\u00f6netimi 7.S\u0131ralama Kurulu\u015flar\u0131<\/p>\n<p>8.Bilimsel Dergiler<\/p>\n<p>9.Teknokent \u0130le \u0130li\u015fkiler<\/p>\n<p>10.Kriz Y\u00f6netimi<\/p>\n<p>11.Etik<\/p>\n<h4>B\u00f6l\u00fcm Ba\u015fkan Yard\u0131mc\u0131s\u0131-1<\/h4>\n<p><strong>&nbsp;<\/strong>E\u011fitim \u00d6\u011fretim Faaliyetleri<\/p>\n<p>Uluslararas\u0131la\u015fma<\/p>\n<p>\u00d6\u011frenci \u0130\u015fleri<\/p>\n<p>\u00d6\u011frenci Ya\u015fam\u0131 Burslar<\/p>\n<p>Mezunlarla \u0130li\u015fkiler<\/p>\n<p>Kariyer Planlama<\/p>\n<h4>B\u00f6l\u00fcm Ba\u015fkan Yard\u0131mc\u0131s\u0131-2<\/h4>\n<p><strong>&nbsp;<\/strong>Ar-Ge ve Fon Kaynaklar\u0131n\u0131n \u00c7e\u015fitlendirilmesi<\/p>\n<p>Ara\u015ft\u0131rma \u0130\u015fbirlikleri<\/p>\n<p>Sanayi \u0130le \u0130li\u015fkiler<\/p>\n<p>Kamu-STK ve Giri\u015fimcilerle \u0130li\u015fkiler<\/p>\n<p>Ara\u015ft\u0131rmac\u0131 Geli\u015ftirme<\/p>\n<p>Toplumsal Duyarl\u0131l\u0131k Projeleri<\/p>\n<p>SDG Stratejileri<\/p>\n<p>Toplumsal Katk\u0131<\/p>\n<p>K\u00fclt\u00fcrel \u0130\u015fler Spor&nbsp;<\/p>\t\t\t\t\t\t\t\t<\/div>\n\t\t\t\t<\/div>\n\t\t\t\t\t<\/div>\n\t\t<\/div>\n\t\t\t\t\t<\/div>\n\t\t<\/section>\n\t\t\t\t<\/div>\n\t\t","protected":false},"excerpt":{"rendered":"<p>Konservatuvar Yap\u0131lanmas\u0131 ve G\u00f6rev Da\u011f\u0131l\u0131m\u0131 M\u00fcd\u00fcr (Prof. Dr. Nesrin FEYZ\u0130O\u011eLU) &nbsp;Strateji&nbsp; Vizyon, Misyon Stratejik Plan &#8211; Odak Alanlar Ortakl\u0131klar Birimin De\u011ferleri B\u00fct\u00e7e ve Mali Planlama D\u00f6ner Sermaye \u0130\u015flemleri Yat\u0131r\u0131mlar Varl\u0131k Y\u00f6netimi Birim Tasar\u0131m ve D\u00f6n\u00fc\u015f\u00fcm Faaliyetleri BT ve Dijitalle\u015fme Kalite\/Akreditasyon \u0130leti\u015fim ve Marka Performans Y\u00f6netimi S\u0131ralama Kurulu\u015flar\u0131 Bilimsel Dergiler Teknokent \u0130le \u0130li\u015fkiler Kriz Y\u00f6netimi \u0130nsan [&hellip;]<\/p>\n","protected":false},"author":653,"featured_media":0,"parent":0,"menu_order":0,"comment_status":"closed","ping_status":"closed","template":"","meta":{"footnotes":""},"class_list":["post-8080","page","type-page","status-publish","hentry"],"_links":{"self":[{"href":"https:\/\/atauni.edu.tr\/turk-musikisi-devlet-konservatuvari\/wp-json\/wp\/v2\/pages\/8080","targetHints":{"allow":["GET"]}}],"collection":[{"href":"https:\/\/atauni.edu.tr\/turk-musikisi-devlet-konservatuvari\/wp-json\/wp\/v2\/pages"}],"about":[{"href":"https:\/\/atauni.edu.tr\/turk-musikisi-devlet-konservatuvari\/wp-json\/wp\/v2\/types\/page"}],"author":[{"embeddable":true,"href":"https:\/\/atauni.edu.tr\/turk-musikisi-devlet-konservatuvari\/wp-json\/wp\/v2\/users\/653"}],"replies":[{"embeddable":true,"href":"https:\/\/atauni.edu.tr\/turk-musikisi-devlet-konservatuvari\/wp-json\/wp\/v2\/comments?post=8080"}],"version-history":[{"count":24,"href":"https:\/\/atauni.edu.tr\/turk-musikisi-devlet-konservatuvari\/wp-json\/wp\/v2\/pages\/8080\/revisions"}],"predecessor-version":[{"id":8572,"href":"https:\/\/atauni.edu.tr\/turk-musikisi-devlet-konservatuvari\/wp-json\/wp\/v2\/pages\/8080\/revisions\/8572"}],"wp:attachment":[{"href":"https:\/\/atauni.edu.tr\/turk-musikisi-devlet-konservatuvari\/wp-json\/wp\/v2\/media?parent=8080"}],"curies":[{"name":"wp","href":"https:\/\/api.w.org\/{rel}","templated":true}]}}