{"id":8422,"date":"2026-04-08T13:58:56","date_gmt":"2026-04-08T10:58:56","guid":{"rendered":"https:\/\/atauni.edu.tr\/turk-musikisi-devlet-konservatuvari\/?page_id=8422"},"modified":"2026-04-08T13:59:05","modified_gmt":"2026-04-08T10:59:05","slug":"egitim-ogretim","status":"publish","type":"page","link":"https:\/\/atauni.edu.tr\/turk-musikisi-devlet-konservatuvari\/egitim-ogretim\/","title":{"rendered":"E\u011fitim-\u00d6\u011fretim"},"content":{"rendered":"","protected":false},"excerpt":{"rendered":"","protected":false},"author":653,"featured_media":0,"parent":0,"menu_order":0,"comment_status":"closed","ping_status":"closed","template":"","meta":{"footnotes":""},"class_list":["post-8422","page","type-page","status-publish","hentry"],"_links":{"self":[{"href":"https:\/\/atauni.edu.tr\/turk-musikisi-devlet-konservatuvari\/wp-json\/wp\/v2\/pages\/8422","targetHints":{"allow":["GET"]}}],"collection":[{"href":"https:\/\/atauni.edu.tr\/turk-musikisi-devlet-konservatuvari\/wp-json\/wp\/v2\/pages"}],"about":[{"href":"https:\/\/atauni.edu.tr\/turk-musikisi-devlet-konservatuvari\/wp-json\/wp\/v2\/types\/page"}],"author":[{"embeddable":true,"href":"https:\/\/atauni.edu.tr\/turk-musikisi-devlet-konservatuvari\/wp-json\/wp\/v2\/users\/653"}],"replies":[{"embeddable":true,"href":"https:\/\/atauni.edu.tr\/turk-musikisi-devlet-konservatuvari\/wp-json\/wp\/v2\/comments?post=8422"}],"version-history":[{"count":1,"href":"https:\/\/atauni.edu.tr\/turk-musikisi-devlet-konservatuvari\/wp-json\/wp\/v2\/pages\/8422\/revisions"}],"predecessor-version":[{"id":8425,"href":"https:\/\/atauni.edu.tr\/turk-musikisi-devlet-konservatuvari\/wp-json\/wp\/v2\/pages\/8422\/revisions\/8425"}],"wp:attachment":[{"href":"https:\/\/atauni.edu.tr\/turk-musikisi-devlet-konservatuvari\/wp-json\/wp\/v2\/media?parent=8422"}],"curies":[{"name":"wp","href":"https:\/\/api.w.org\/{rel}","templated":true}]}}