{"id":5638,"date":"2021-07-13T09:49:25","date_gmt":"2021-07-13T06:49:25","guid":{"rendered":"https:\/\/portaltest.atauni.edu.tr\/bilgisayar-muhendisligi\/?page_id=5638"},"modified":"2022-06-03T01:36:17","modified_gmt":"2022-06-02T22:36:17","slug":"tarihce","status":"publish","type":"page","link":"https:\/\/atauni.edu.tr\/turkce-egitimi-anabilim-dali\/tarihce\/","title":{"rendered":"Tarih\u00e7e"},"content":{"rendered":"\t\t<div data-elementor-type=\"wp-page\" data-elementor-id=\"5638\" class=\"elementor elementor-5638\" data-elementor-post-type=\"page\">\n\t\t\t\t\t\t<section class=\"elementor-section elementor-top-section elementor-element elementor-element-730d320 elementor-section-boxed elementor-section-height-default elementor-section-height-default\" data-id=\"730d320\" data-element_type=\"section\">\n\t\t\t\t\t\t<div class=\"elementor-container elementor-column-gap-default\">\n\t\t\t\t\t<div class=\"elementor-column elementor-col-100 elementor-top-column elementor-element elementor-element-753d0860\" data-id=\"753d0860\" data-element_type=\"column\">\n\t\t\t<div class=\"elementor-widget-wrap\">\n\t\t\t\t\t\t\t<\/div>\n\t\t<\/div>\n\t\t\t\t\t<\/div>\n\t\t<\/section>\n\t\t\t\t<section class=\"elementor-section elementor-top-section elementor-element elementor-element-9be811a elementor-section-boxed elementor-section-height-default elementor-section-height-default\" data-id=\"9be811a\" data-element_type=\"section\">\n\t\t\t\t\t\t<div class=\"elementor-container elementor-column-gap-default\">\n\t\t\t\t\t<div class=\"elementor-column elementor-col-100 elementor-top-column elementor-element elementor-element-1ed847b7\" data-id=\"1ed847b7\" data-element_type=\"column\">\n\t\t\t<div class=\"elementor-widget-wrap elementor-element-populated\">\n\t\t\t\t\t\t<div class=\"elementor-element elementor-element-4ce0d07f elementor-widget elementor-widget-heading\" data-id=\"4ce0d07f\" data-element_type=\"widget\" data-widget_type=\"heading.default\">\n\t\t\t\t<div class=\"elementor-widget-container\">\n\t\t\t\t\t<h2 class=\"elementor-heading-title elementor-size-default\">Tarih\u00e7e<\/h2>\t\t\t\t<\/div>\n\t\t\t\t<\/div>\n\t\t\t\t<div class=\"elementor-element elementor-element-63260862 elementor-widget-divider--view-line elementor-widget elementor-widget-divider\" data-id=\"63260862\" data-element_type=\"widget\" data-widget_type=\"divider.default\">\n\t\t\t\t<div class=\"elementor-widget-container\">\n\t\t\t\t\t\t\t<div class=\"elementor-divider\">\n\t\t\t<span class=\"elementor-divider-separator\">\n\t\t\t\t\t\t<\/span>\n\t\t<\/div>\n\t\t\t\t\t\t<\/div>\n\t\t\t\t<\/div>\n\t\t\t\t\t<\/div>\n\t\t<\/div>\n\t\t\t\t\t<\/div>\n\t\t<\/section>\n\t\t\t\t<section class=\"elementor-section elementor-top-section elementor-element elementor-element-681db8b elementor-section-boxed elementor-section-height-default elementor-section-height-default\" data-id=\"681db8b\" data-element_type=\"section\">\n\t\t\t\t\t\t<div class=\"elementor-container elementor-column-gap-default\">\n\t\t\t\t\t<div class=\"elementor-column elementor-col-100 elementor-top-column elementor-element elementor-element-ad4dac5\" data-id=\"ad4dac5\" data-element_type=\"column\">\n\t\t\t<div class=\"elementor-widget-wrap elementor-element-populated\">\n\t\t\t\t\t\t<div class=\"elementor-element elementor-element-2f96b3d elementor-widget elementor-widget-text-editor\" data-id=\"2f96b3d\" data-element_type=\"widget\" data-widget_type=\"text-editor.default\">\n\t\t\t\t<div class=\"elementor-widget-container\">\n\t\t\t\t\t\t\t\t\t<p>Atat\u00fcrk \u00dcniversitesi K\u00e2z\u0131m Karabekir E\u011fitim Fak\u00fcltesindeki t\u00fcm programlarda oldu\u011fu gibi T\u00fcrk\u00e7e \u00d6\u011fretmenli\u011fi program\u0131nda da 2006 y\u0131l\u0131na kadar Mart 1998\u2019de Y\u00d6K taraf\u0131ndan \u00e7\u0131kar\u0131lan \u201cE\u011fitim Fak\u00fcltesi \u00d6\u011fretmen Yeti\u015ftirme Lisans Program\u0131\u201d uygulanm\u0131\u015ft\u0131r. 21 Temmuz 2006 tarihli Y\u00d6K Genel Kurulu karar\u0131 ile e\u011fitim fak\u00fcltelerinde yer alan programlar\u0131n \u00f6\u011fretim programlar\u0131 de\u011fi\u015ftirilmi\u015ftir. Ard\u0131ndan 2018-2019 e\u011fitim \u00f6\u011fretim y\u0131l\u0131ndan itibaren uygulanmas\u0131 kararla\u015ft\u0131r\u0131lan yeni lisans \u00f6\u011fretim program\u0131 kabul edilmi\u015f ve uygulanmaya ba\u015flanm\u0131\u015ft\u0131r. Bu ba\u011flamda yap\u0131lan de\u011fi\u015fiklikler \u0131\u015f\u0131\u011f\u0131nda, programlarda \u00d6\u011fretmenlik Meslek Bilgisi (MB) dersleri %30-35, Genel K\u00fclt\u00fcr (GK) dersleri %15-20 ve Alan E\u011fitimi (AE) % 45-50 oran\u0131nda yer alm\u0131\u015ft\u0131r.<\/p><p>2018-2019 \u00f6\u011fretim y\u0131l\u0131ndan itibaren Y\u00d6K taraf\u0131ndan g\u00fcncellenen \u201cYeni \u00d6\u011fretmen Yeti\u015ftirme Lisans Program\u0131\u201d uygulanmaya ba\u015flanm\u0131\u015ft\u0131r.<\/p>\t\t\t\t\t\t\t\t<\/div>\n\t\t\t\t<\/div>\n\t\t\t\t\t<\/div>\n\t\t<\/div>\n\t\t\t\t\t<\/div>\n\t\t<\/section>\n\t\t\t\t<\/div>\n\t\t","protected":false},"excerpt":{"rendered":"<p>Tarih\u00e7e Atat\u00fcrk \u00dcniversitesi K\u00e2z\u0131m Karabekir E\u011fitim Fak\u00fcltesindeki t\u00fcm programlarda oldu\u011fu gibi T\u00fcrk\u00e7e \u00d6\u011fretmenli\u011fi program\u0131nda da 2006 y\u0131l\u0131na kadar Mart 1998\u2019de Y\u00d6K taraf\u0131ndan \u00e7\u0131kar\u0131lan \u201cE\u011fitim Fak\u00fcltesi \u00d6\u011fretmen Yeti\u015ftirme Lisans Program\u0131\u201d uygulanm\u0131\u015ft\u0131r. 21 Temmuz 2006 tarihli Y\u00d6K Genel Kurulu karar\u0131 ile e\u011fitim fak\u00fcltelerinde yer alan programlar\u0131n \u00f6\u011fretim programlar\u0131 de\u011fi\u015ftirilmi\u015ftir. Ard\u0131ndan 2018-2019 e\u011fitim \u00f6\u011fretim y\u0131l\u0131ndan itibaren uygulanmas\u0131 kararla\u015ft\u0131r\u0131lan [&hellip;]<\/p>\n","protected":false},"author":1,"featured_media":0,"parent":0,"menu_order":0,"comment_status":"closed","ping_status":"closed","template":"","meta":{"footnotes":""},"class_list":["post-5638","page","type-page","status-publish","hentry"],"_links":{"self":[{"href":"https:\/\/atauni.edu.tr\/turkce-egitimi-anabilim-dali\/wp-json\/wp\/v2\/pages\/5638","targetHints":{"allow":["GET"]}}],"collection":[{"href":"https:\/\/atauni.edu.tr\/turkce-egitimi-anabilim-dali\/wp-json\/wp\/v2\/pages"}],"about":[{"href":"https:\/\/atauni.edu.tr\/turkce-egitimi-anabilim-dali\/wp-json\/wp\/v2\/types\/page"}],"author":[{"embeddable":true,"href":"https:\/\/atauni.edu.tr\/turkce-egitimi-anabilim-dali\/wp-json\/wp\/v2\/users\/1"}],"replies":[{"embeddable":true,"href":"https:\/\/atauni.edu.tr\/turkce-egitimi-anabilim-dali\/wp-json\/wp\/v2\/comments?post=5638"}],"version-history":[{"count":25,"href":"https:\/\/atauni.edu.tr\/turkce-egitimi-anabilim-dali\/wp-json\/wp\/v2\/pages\/5638\/revisions"}],"predecessor-version":[{"id":6192,"href":"https:\/\/atauni.edu.tr\/turkce-egitimi-anabilim-dali\/wp-json\/wp\/v2\/pages\/5638\/revisions\/6192"}],"wp:attachment":[{"href":"https:\/\/atauni.edu.tr\/turkce-egitimi-anabilim-dali\/wp-json\/wp\/v2\/media?parent=5638"}],"curies":[{"name":"wp","href":"https:\/\/api.w.org\/{rel}","templated":true}]}}