{"id":5728,"date":"2021-07-13T11:33:38","date_gmt":"2021-07-13T08:33:38","guid":{"rendered":"https:\/\/portaltest.atauni.edu.tr\/bilgisayar-muhendisligi\/?page_id=5728"},"modified":"2022-06-03T01:43:53","modified_gmt":"2022-06-02T22:43:53","slug":"anabilim-dali-tanitimi","status":"publish","type":"page","link":"https:\/\/atauni.edu.tr\/turkce-egitimi-anabilim-dali\/anabilim-dali-tanitimi\/","title":{"rendered":"Anabilim Dal\u0131 Tan\u0131t\u0131m\u0131"},"content":{"rendered":"\t\t<div data-elementor-type=\"wp-page\" data-elementor-id=\"5728\" class=\"elementor elementor-5728\" data-elementor-post-type=\"page\">\n\t\t\t\t\t\t<section class=\"elementor-section elementor-top-section elementor-element elementor-element-730d320 elementor-section-boxed elementor-section-height-default elementor-section-height-default\" data-id=\"730d320\" data-element_type=\"section\">\n\t\t\t\t\t\t<div class=\"elementor-container elementor-column-gap-default\">\n\t\t\t\t\t<div class=\"elementor-column elementor-col-100 elementor-top-column elementor-element elementor-element-753d0860\" data-id=\"753d0860\" data-element_type=\"column\">\n\t\t\t<div class=\"elementor-widget-wrap\">\n\t\t\t\t\t\t\t<\/div>\n\t\t<\/div>\n\t\t\t\t\t<\/div>\n\t\t<\/section>\n\t\t\t\t<section class=\"elementor-section elementor-top-section elementor-element elementor-element-9be811a elementor-section-boxed elementor-section-height-default elementor-section-height-default\" data-id=\"9be811a\" data-element_type=\"section\">\n\t\t\t\t\t\t<div class=\"elementor-container elementor-column-gap-default\">\n\t\t\t\t\t<div class=\"elementor-column elementor-col-100 elementor-top-column elementor-element elementor-element-1ed847b7\" data-id=\"1ed847b7\" data-element_type=\"column\">\n\t\t\t<div class=\"elementor-widget-wrap elementor-element-populated\">\n\t\t\t\t\t\t<div class=\"elementor-element elementor-element-4ce0d07f elementor-widget elementor-widget-heading\" data-id=\"4ce0d07f\" data-element_type=\"widget\" data-widget_type=\"heading.default\">\n\t\t\t\t<div class=\"elementor-widget-container\">\n\t\t\t\t\t<h2 class=\"elementor-heading-title elementor-size-default\">B\u00f6l\u00fcm Tan\u0131t\u0131m\u0131<\/h2>\t\t\t\t<\/div>\n\t\t\t\t<\/div>\n\t\t\t\t<div class=\"elementor-element elementor-element-63260862 elementor-widget-divider--view-line elementor-widget elementor-widget-divider\" data-id=\"63260862\" data-element_type=\"widget\" data-widget_type=\"divider.default\">\n\t\t\t\t<div class=\"elementor-widget-container\">\n\t\t\t\t\t\t\t<div class=\"elementor-divider\">\n\t\t\t<span class=\"elementor-divider-separator\">\n\t\t\t\t\t\t<\/span>\n\t\t<\/div>\n\t\t\t\t\t\t<\/div>\n\t\t\t\t<\/div>\n\t\t\t\t\t<\/div>\n\t\t<\/div>\n\t\t\t\t\t<\/div>\n\t\t<\/section>\n\t\t\t\t<section class=\"elementor-section elementor-top-section elementor-element elementor-element-681db8b elementor-section-boxed elementor-section-height-default elementor-section-height-default\" data-id=\"681db8b\" data-element_type=\"section\">\n\t\t\t\t\t\t<div class=\"elementor-container elementor-column-gap-default\">\n\t\t\t\t\t<div class=\"elementor-column elementor-col-100 elementor-top-column elementor-element elementor-element-ad4dac5\" data-id=\"ad4dac5\" data-element_type=\"column\">\n\t\t\t<div class=\"elementor-widget-wrap elementor-element-populated\">\n\t\t\t\t\t\t<div class=\"elementor-element elementor-element-2f96b3d elementor-widget elementor-widget-text-editor\" data-id=\"2f96b3d\" data-element_type=\"widget\" data-widget_type=\"text-editor.default\">\n\t\t\t\t<div class=\"elementor-widget-container\">\n\t\t\t\t\t\t\t\t\t<p>Atat\u00fcrk \u00dcniversitesi K\u00e2z\u0131m Karabekir E\u011fitim Fak\u00fcltesi T\u00fcrk\u00e7e \u00d6\u011fretmenli\u011fi Program\u0131nda lisans program\u0131 normal \u00f6\u011fretim olarak y\u00fcr\u00fct\u00fclmektedir. B\u00f6l\u00fcm\u00fcm\u00fcz\u00fcn amac\u0131 nitelikli, ahl\u00e2kl\u0131, \u00f6zverili, idealist T\u00fcrk\u00e7e \u00f6\u011fretmenleri yeti\u015ftirmektir. Yeti\u015ftirdi\u011fimiz T\u00fcrk\u00e7e \u00f6\u011fretmenlerinin hayatlar\u0131 boyunca Atat\u00fcrk ilke ve ink\u0131l\u00e2plar\u0131 do\u011frultusunda hareket etmeleri beklenmektedir. B\u00f6l\u00fcm\u00fcm\u00fcz\u00fcn en temel ama\u00e7lar\u0131ndan biri ana dili e\u011fitimi ve \u00f6\u011fretmenlik sanat\u0131 konusunda iyi yeti\u015fmi\u015f, \u00f6\u011fretime y\u00f6nelik pozitif tutumlar geli\u015ftiren, kendi alan\u0131nda uzman becerilerine sahip \u00f6\u011fretmenler yeti\u015ftirmektir. \u0130yi yeti\u015fmi\u015f T\u00fcrk\u00e7e \u00f6\u011fretmenlerimiz s\u0131n\u0131flar\u0131nda \u00f6\u011frencilerinin ana dillerini en g\u00fczel \u015fekilde \u00f6\u011frenmelerini ve kullanmalar\u0131n\u0131 sa\u011flayacaklard\u0131r. Bu programdan mezun olan \u00f6\u011frencilerin ki\u015fisel ve mesleki ya\u015fam a\u00e7\u0131s\u0131ndan kendi \u00f6\u011frencilerine do\u011fru bir model olmalar\u0131, kendi geli\u015fimleri i\u00e7in alanlar\u0131yla ilgili yenilikleri takip etmeleri, toplumsal sorumluluk alabilmeleri, evrensel de\u011ferlere sayg\u0131l\u0131, vatanda\u015fl\u0131k bilincine sahip \u00f6\u011fretmenler olarak toplumsal sorunlara \u00e7\u00f6z\u00fcmler \u00fcretmeleri ve etkili ileti\u015fim becerilerine sahip olmalar\u0131 beklenmektedir.\u00a0Programda yer alan derslerin t\u00fcm\u00fcn\u00fc (toplam 240 AKTS kar\u015f\u0131l\u0131\u011f\u0131) ba\u015far\u0131yla tamamlayan ve 4,00 \u00fczerinden en az 2,0 a\u011f\u0131rl\u0131kl\u0131 not ortalamas\u0131 elde eden \u00f6\u011frencilere T\u00fcrk\u00e7e \u00d6\u011fretmenli\u011fi alan\u0131nda lisans diplomas\u0131 verilir.<\/p>\t\t\t\t\t\t\t\t<\/div>\n\t\t\t\t<\/div>\n\t\t\t\t\t<\/div>\n\t\t<\/div>\n\t\t\t\t\t<\/div>\n\t\t<\/section>\n\t\t\t\t<\/div>\n\t\t","protected":false},"excerpt":{"rendered":"<p>B\u00f6l\u00fcm Tan\u0131t\u0131m\u0131 Atat\u00fcrk \u00dcniversitesi K\u00e2z\u0131m Karabekir E\u011fitim Fak\u00fcltesi T\u00fcrk\u00e7e \u00d6\u011fretmenli\u011fi Program\u0131nda lisans program\u0131 normal \u00f6\u011fretim olarak y\u00fcr\u00fct\u00fclmektedir. B\u00f6l\u00fcm\u00fcm\u00fcz\u00fcn amac\u0131 nitelikli, ahl\u00e2kl\u0131, \u00f6zverili, idealist T\u00fcrk\u00e7e \u00f6\u011fretmenleri yeti\u015ftirmektir. Yeti\u015ftirdi\u011fimiz T\u00fcrk\u00e7e \u00f6\u011fretmenlerinin hayatlar\u0131 boyunca Atat\u00fcrk ilke ve ink\u0131l\u00e2plar\u0131 do\u011frultusunda hareket etmeleri beklenmektedir. B\u00f6l\u00fcm\u00fcm\u00fcz\u00fcn en temel ama\u00e7lar\u0131ndan biri ana dili e\u011fitimi ve \u00f6\u011fretmenlik sanat\u0131 konusunda iyi yeti\u015fmi\u015f, \u00f6\u011fretime y\u00f6nelik [&hellip;]<\/p>\n","protected":false},"author":1,"featured_media":0,"parent":0,"menu_order":0,"comment_status":"closed","ping_status":"closed","template":"elementor_header_footer","meta":{"footnotes":""},"class_list":["post-5728","page","type-page","status-publish","hentry"],"_links":{"self":[{"href":"https:\/\/atauni.edu.tr\/turkce-egitimi-anabilim-dali\/wp-json\/wp\/v2\/pages\/5728","targetHints":{"allow":["GET"]}}],"collection":[{"href":"https:\/\/atauni.edu.tr\/turkce-egitimi-anabilim-dali\/wp-json\/wp\/v2\/pages"}],"about":[{"href":"https:\/\/atauni.edu.tr\/turkce-egitimi-anabilim-dali\/wp-json\/wp\/v2\/types\/page"}],"author":[{"embeddable":true,"href":"https:\/\/atauni.edu.tr\/turkce-egitimi-anabilim-dali\/wp-json\/wp\/v2\/users\/1"}],"replies":[{"embeddable":true,"href":"https:\/\/atauni.edu.tr\/turkce-egitimi-anabilim-dali\/wp-json\/wp\/v2\/comments?post=5728"}],"version-history":[{"count":12,"href":"https:\/\/atauni.edu.tr\/turkce-egitimi-anabilim-dali\/wp-json\/wp\/v2\/pages\/5728\/revisions"}],"predecessor-version":[{"id":6198,"href":"https:\/\/atauni.edu.tr\/turkce-egitimi-anabilim-dali\/wp-json\/wp\/v2\/pages\/5728\/revisions\/6198"}],"wp:attachment":[{"href":"https:\/\/atauni.edu.tr\/turkce-egitimi-anabilim-dali\/wp-json\/wp\/v2\/media?parent=5728"}],"curies":[{"name":"wp","href":"https:\/\/api.w.org\/{rel}","templated":true}]}}