{"id":5751,"date":"2021-07-13T12:50:27","date_gmt":"2021-07-13T09:50:27","guid":{"rendered":"https:\/\/portaltest.atauni.edu.tr\/bilgisayar-muhendisligi\/?page_id=5751"},"modified":"2024-11-04T17:58:50","modified_gmt":"2024-11-04T14:58:50","slug":"lisansustu-ders-listesi","status":"publish","type":"page","link":"https:\/\/atauni.edu.tr\/turkce-egitimi-anabilim-dali\/lisansustu-ders-listesi\/","title":{"rendered":"Ders Listesi"},"content":{"rendered":"\t\t<div data-elementor-type=\"wp-page\" data-elementor-id=\"5751\" class=\"elementor elementor-5751\" data-elementor-post-type=\"page\">\n\t\t\t\t\t\t<section class=\"elementor-section elementor-top-section elementor-element elementor-element-730d320 elementor-section-boxed elementor-section-height-default elementor-section-height-default\" data-id=\"730d320\" data-element_type=\"section\">\n\t\t\t\t\t\t<div class=\"elementor-container elementor-column-gap-default\">\n\t\t\t\t\t<div class=\"elementor-column elementor-col-100 elementor-top-column elementor-element elementor-element-753d0860\" data-id=\"753d0860\" data-element_type=\"column\">\n\t\t\t<div class=\"elementor-widget-wrap\">\n\t\t\t\t\t\t\t<\/div>\n\t\t<\/div>\n\t\t\t\t\t<\/div>\n\t\t<\/section>\n\t\t\t\t<section class=\"elementor-section elementor-top-section elementor-element elementor-element-9be811a elementor-section-boxed elementor-section-height-default elementor-section-height-default\" data-id=\"9be811a\" data-element_type=\"section\">\n\t\t\t\t\t\t<div class=\"elementor-container elementor-column-gap-default\">\n\t\t\t\t\t<div class=\"elementor-column elementor-col-100 elementor-top-column elementor-element elementor-element-1ed847b7\" data-id=\"1ed847b7\" data-element_type=\"column\">\n\t\t\t<div class=\"elementor-widget-wrap elementor-element-populated\">\n\t\t\t\t\t\t<div class=\"elementor-element elementor-element-4ce0d07f elementor-widget elementor-widget-heading\" data-id=\"4ce0d07f\" data-element_type=\"widget\" data-widget_type=\"heading.default\">\n\t\t\t\t<div class=\"elementor-widget-container\">\n\t\t\t\t\t<h2 class=\"elementor-heading-title elementor-size-default\">Lisans\u00fcst\u00fc Ders Listesi<\/h2>\t\t\t\t<\/div>\n\t\t\t\t<\/div>\n\t\t\t\t<div class=\"elementor-element elementor-element-63260862 elementor-widget-divider--view-line elementor-widget elementor-widget-divider\" data-id=\"63260862\" data-element_type=\"widget\" data-widget_type=\"divider.default\">\n\t\t\t\t<div class=\"elementor-widget-container\">\n\t\t\t\t\t\t\t<div class=\"elementor-divider\">\n\t\t\t<span class=\"elementor-divider-separator\">\n\t\t\t\t\t\t<\/span>\n\t\t<\/div>\n\t\t\t\t\t\t<\/div>\n\t\t\t\t<\/div>\n\t\t\t\t\t<\/div>\n\t\t<\/div>\n\t\t\t\t\t<\/div>\n\t\t<\/section>\n\t\t\t\t<section class=\"elementor-section elementor-top-section elementor-element elementor-element-6a5b7ef elementor-section-boxed elementor-section-height-default elementor-section-height-default\" data-id=\"6a5b7ef\" data-element_type=\"section\">\n\t\t\t\t\t\t<div class=\"elementor-container elementor-column-gap-default\">\n\t\t\t\t\t<div class=\"elementor-column elementor-col-100 elementor-top-column elementor-element elementor-element-ce70762\" data-id=\"ce70762\" data-element_type=\"column\">\n\t\t\t<div class=\"elementor-widget-wrap elementor-element-populated\">\n\t\t\t\t\t\t<div class=\"elementor-element elementor-element-b780842 elementor-widget elementor-widget-text-editor\" data-id=\"b780842\" data-element_type=\"widget\" data-widget_type=\"text-editor.default\">\n\t\t\t\t<div class=\"elementor-widget-container\">\n\t\t\t\t\t\t\t\t\t<div>\n<h2>Y\u00fcksek Lisans Ders Listesi<\/h2>\n<p>Dan\u0131\u015fmanl\u0131k<\/p>\n<p>Uzmanl\u0131k Alan Dersi<\/p>\n<p>Seminer<\/p>\n<p>Y\u00fcksek Lisans Tez \u00d6nerisi&nbsp;<\/p>\n<p>Y\u00fcksek Lisans Tezi<\/p>\n<p>\u00c7ocuklar \u0130\u00e7in Edebiyat E\u011fitimi<\/p>\n<p>Anlama Odakl\u0131 Ders Tasar\u0131m\u0131nda, Temel Soru Sorma Y\u00f6ntemi<\/p>\n<p>Dil E\u011fitiminde Edebiyat Kullan\u0131m\u0131<\/p>\n<p>Temel \u0130statistik<\/p>\n<div><br><\/div>\n<div>T\u00fcrk\u00e7enin G\u00fcncel Sorunlar\u0131<\/div>\n<div><br><\/div>\n<div><br><\/div>\n<div><br><\/div>\n<div><br><\/div>\n<div><br><\/div>\n<div><br><\/div>\n<div><br><\/div>\n<div><br><\/div>\n<div><br><\/div>\n<div><br><\/div>\n<div><br><\/div>\n<div><br><\/div>\n<div><br><\/div>\n<div><br><\/div>\n<div><br><\/div>\n<div><br><\/div>\n<div><br><\/div>\n<div><br><\/div>\n<div><br><\/div>\n<div><br><\/div>\n<div><br><\/div>\n<div><br><\/div>\n<div><br><\/div>\n<div><br><\/div>\n<div><br><\/div>\n<div><br><\/div>\n<p><span style=\"color: var( --e-global-color-text );letter-spacing: 0.3px;font-size: 1rem\">T\u00fcrk\u00e7e E\u011fitiminde Metin \u00c7\u00f6z\u00fcmleme Yakla\u015f\u0131mlar\u0131<\/span><\/p>\n<p>T\u00fcrk\u00e7e E\u011fitiminde Okuma K\u00fclt\u00fcr\u00fc<\/p>\n<p>T\u00fcrk\u00e7e \u00d6\u011fretiminin Dilbilimsel Temelleri<\/p>\n<p>Yabanc\u0131lara T\u00fcrk\u00e7e \u00d6\u011fretimi Metodolojisi<\/p>\n<p><\/p>\n<\/div>\n<div>\n<h2>Doktora Ders Listesi<\/h2>\n<div><br><\/div>\n<div><br><\/div>\n<div><br><\/div>\n<div><br><\/div>\n<div><br><\/div>\n<div><br><\/div>\n<div><br><\/div>\n<div><br><\/div>\n<div>Dan\u0131\u015fmanl\u0131k<\/div>\n<div><br><\/div>\n<div><br><\/div>\n<div><br><\/div>\n<div><br><\/div>\n<div><br><\/div>\n<div><br><\/div>\n<div><br><\/div>\n<div><br><\/div>\n<div><br><\/div>\n<div><br><\/div>\n<div><br><\/div>\n<div><br><\/div>\n<div><br><\/div>\n<div><br><\/div>\n<div><br><\/div>\n<div><br><\/div>\n<div><br><\/div>\n<div><br><\/div>\n<div><br><\/div>\n<div><br><\/div>\n<div><br><\/div>\n<div><br><\/div>\n<div><br><\/div>\n<div><br><\/div>\n<div><br><\/div>\n<div><br><\/div>\n<div><br><\/div>\n<div>Uzmanl\u0131k Alan Dersi<\/div>\n<div><br><\/div>\n<div><br><\/div>\n<div><br><\/div>\n<div><br><\/div>\n<div><br><\/div>\n<div><br><\/div>\n<div><br><\/div>\n<div><br><\/div>\n<div><br><\/div>\n<div><br><\/div>\n<div><br><\/div>\n<div><br><\/div>\n<div><br><\/div>\n<div><br><\/div>\n<div><br><\/div>\n<div><br><\/div>\n<div><br><\/div>\n<div><br><\/div>\n<div><br><\/div>\n<div><br><\/div>\n<div><br><\/div>\n<div><br><\/div>\n<div><br><\/div>\n<div><br><\/div>\n<div><br><\/div>\n<div><br><\/div>\n<div>Seminer<\/div>\n<div><br><\/div>\n<div><br><\/div>\n<div><br><\/div>\n<div><br><\/div>\n<div><br><\/div>\n<div><br><\/div>\n<div><br><\/div>\n<div><br><\/div>\n<div><br><\/div>\n<div><br><\/div>\n<div><br><\/div>\n<div><br><\/div>\n<div><br><\/div>\n<div><br><\/div>\n<div><br><\/div>\n<div><br><\/div>\n<div><br><\/div>\n<div><br><\/div>\n<div><br><\/div>\n<div><br><\/div>\n<div><br><\/div>\n<div><br><\/div>\n<div><br><\/div>\n<div><br><\/div>\n<div>Doktora Tez \u00d6nerisi<\/div>\n<div><br><\/div>\n<div><br><\/div>\n<div><br><\/div>\n<div><br><\/div>\n<div><br><\/div>\n<div><br><\/div>\n<div><br><\/div>\n<div><br><\/div>\n<div><br><\/div>\n<div><br><\/div>\n<div><br><\/div>\n<div><br><\/div>\n<div><br><\/div>\n<div><br><\/div>\n<div><br><\/div>\n<div><br><\/div>\n<div><br><\/div>\n<div><br><\/div>\n<div><br><\/div>\n<div><br><\/div>\n<div><br><\/div>\n<div><br><\/div>\n<div><br><\/div>\n<div><br><\/div>\n<div><br><\/div>\n<div><br><\/div>\n<div><br><\/div>\n<div><br><\/div>\n<div><br><\/div>\n<div>Doktora Tezi<\/div>\n<div><br><\/div>\n<div><br><\/div>\n<div><br><\/div>\n<div><br><\/div>\n<div><br><\/div>\n<div><br><\/div>\n<div><br><\/div>\n<div><br><\/div>\n<div><br><\/div>\n<div><br><\/div>\n<div><br><\/div>\n<div><br><\/div>\n<div><br><\/div>\n<div><br><\/div>\n<div><br><\/div>\n<div><br><\/div>\n<div><br><\/div>\n<div><br><\/div>\n<div><br><\/div>\n<div><br><\/div>\n<div><br><\/div>\n<div><br><\/div>\n<div><br><\/div>\n<div><br><\/div>\n<div><br><\/div>\n<div><br><\/div>\n<div><br><\/div>\n<div>Dil ve Edebiyat \u00d6\u011fretiminde S\u00f6ylem \u00c7\u00f6z\u00fcmlemesi<\/div>\n<div><br><\/div>\n<div><br><\/div>\n<div><br><\/div>\n<div><br><\/div>\n<div><br><\/div>\n<div><br><\/div>\n<div><br><\/div>\n<div><br><\/div>\n<div><br><\/div>\n<div><br><\/div>\n<div><br><\/div>\n<div><br><\/div>\n<div><br><\/div>\n<div><br><\/div>\n<div><br><\/div>\n<div><br><\/div>\n<div><br><\/div>\n<div><br><\/div>\n<div><br><\/div>\n<div><br><\/div>\n<div><br><\/div>\n<div><br><\/div>\n<div><br><\/div>\n<div><br><\/div>\n<div><br><\/div>\n<div><br><\/div>\n<div><br><\/div>\n<div><br><\/div>\n<div><br><\/div>\n<div>\n<p style=\"letter-spacing: 0.3px\">T\u00fcrk\u00e7e E\u011fitiminde \u00c7oklu Ortam Uygulamalar\u0131<\/p>\n<\/div>\n<div><br><\/div>\n<div><br><\/div>\n<div><br><\/div>\n<div><br><\/div>\n<div><br><\/div>\n<div><br><\/div>\n<div><br><\/div>\n<div><br><\/div>\n<div><br><\/div>\n<div><br><\/div>\n<div><br><\/div>\n<div><br><\/div>\n<div><br><\/div>\n<div><br><\/div>\n<div><br><\/div>\n<div><br><\/div>\n<div><br><\/div>\n<div><br><\/div>\n<div><br><\/div>\n<div><br><\/div>\n<div><br><\/div>\n<div><br><\/div>\n<div><br><\/div>\n<div><br><\/div>\n<div><br><\/div>\n<div><br><\/div>\n<div><br><\/div>\n<div><br><\/div>\n<div><br><\/div>\n<div><br><\/div>\n<div><br><\/div>\n<div><br><\/div>\n<div><br><\/div>\n<div><br><\/div>\n<div><br><\/div>\n<div><br><\/div>\n<div><br><\/div>\n<div><br><\/div>\n<div><br><\/div>\n<div><br><\/div>\n<div><br><\/div>\n<div><br><\/div>\n<div><br><\/div>\n<div><br><\/div>\n<div><br><\/div>\n<div><br><\/div>\n<div><br><\/div>\n<div><br><\/div>\n<div><br><\/div>\n<div><br><\/div>\n<div><br><\/div>\n<div><br><\/div>\n<div><br><\/div>\n<div><br><\/div>\n<div><br><\/div>\n<div><br><\/div>\n<div><br><\/div>\n<div><br><\/div>\n<div><br><\/div>\n<div><br><\/div>\n<div><br><\/div>\n<div><br><\/div>\n<div><br><\/div>\n<div><br><\/div>\n<div><br><\/div>\n<div><br><\/div>\n<div><br><\/div>\n<div><br><\/div>\n<div><br><\/div>\n<div><br><\/div>\n<div><br><\/div>\n<div><br><\/div>\n<div><br><\/div>\n<div><br><\/div>\n<div><br><\/div>\n<div><br><\/div>\n<div><br><\/div>\n<div><br><\/div>\n<div><br><\/div>\n<div><br><\/div>\n<div><br><\/div>\n<div><br><\/div>\n<div><br><\/div>\n<div><br><\/div>\n<div><br><\/div>\n<div><br><\/div>\n<div><br><\/div>\n<div><br><\/div>\n<div><br><\/div>\n<div><br><\/div>\n<div><br><\/div>\n<div><br><\/div>\n<div><br><\/div>\n<div><br><\/div>\n<div><br><\/div>\n<div><br><\/div>\n<div><br><\/div>\n<div><br><\/div>\n<div><br><\/div>\n<div><br><\/div>\n<div><br><\/div>\n<div><br><\/div>\n<div><br><\/div>\n<div><br><\/div>\n<div><br><\/div>\n<div><br><\/div>\n<div><br><\/div>\n<div><br><\/div>\n<div><br><\/div>\n<div><br><\/div>\n<div><br><\/div>\n<div><br><\/div>\n<div><br><\/div>\n<div><br><\/div>\n<div><br><\/div>\n<div><br><\/div>\n<div><br><\/div>\n<div><br><\/div>\n<div><br><\/div>\n<div><br><\/div>\n<div><br><\/div>\n<div><br><\/div>\n<div><br><\/div>\n<div><br><\/div>\n<div><br><\/div>\n<div><br><\/div>\n<div><br><\/div>\n<div><br><\/div>\n<div><br><\/div>\n<div><br><\/div>\n<div><br><\/div>\n<div><br><\/div>\n<div><br><\/div>\n<div><br><\/div>\n<div><br><\/div>\n<div><br><\/div>\n<div><br><\/div>\n<div><br><\/div>\n<div><br><\/div>\n<div><br><\/div>\n<div><br><\/div>\n<div><br><\/div>\n<div><br><\/div>\n<div><br><\/div>\n<div><br><\/div>\n<div><br><\/div>\n<div><br><\/div>\n<div><br><\/div>\n<div><br><\/div>\n<div><br><\/div>\n<div><br><\/div>\n<div><br><\/div>\n<div><br><\/div>\n<div><br><\/div>\n<div><br><\/div>\n<div><br><\/div>\n<div><br><\/div>\n<div><br><\/div>\n<div><br><\/div>\n<div><br><\/div>\n<div><br><\/div>\n<div><br><\/div>\n<div><br><\/div>\n<div><br><\/div>\n<div><br><\/div>\n<div><br><\/div>\n<div><br><\/div>\n<div><br><\/div>\n<div><br><\/div>\n<div><br><\/div>\n<div><br><\/div>\n<div><br><\/div>\n<div><br><\/div>\n<div><br><\/div>\n<div><br><\/div>\n<div><br><\/div>\n<div><br><\/div>\n<div><br><\/div>\n<div><br><\/div>\n<div><br><\/div>\n<div><br><\/div>\n<div><br><\/div>\n<div><br><\/div>\n<div><br><\/div>\n<div><br><\/div>\n<div><br><\/div>\n<div><br><\/div>\n<div><br><\/div>\n<div><br><\/div>\n<div><br><\/div>\n<div><br><\/div>\n<div><br><\/div>\n<div><br><\/div>\n<div><br><\/div>\n<div><br><\/div>\n<div><br><\/div>\n<\/div>\t\t\t\t\t\t\t\t<\/div>\n\t\t\t\t<\/div>\n\t\t\t\t\t<\/div>\n\t\t<\/div>\n\t\t\t\t\t<\/div>\n\t\t<\/section>\n\t\t\t\t<\/div>\n\t\t","protected":false},"excerpt":{"rendered":"<p>Lisans\u00fcst\u00fc Ders Listesi Y\u00fcksek Lisans Ders Listesi Dan\u0131\u015fmanl\u0131k Uzmanl\u0131k Alan Dersi Seminer Y\u00fcksek Lisans Tez \u00d6nerisi&nbsp; Y\u00fcksek Lisans Tezi \u00c7ocuklar \u0130\u00e7in Edebiyat E\u011fitimi Anlama Odakl\u0131 Ders Tasar\u0131m\u0131nda, Temel Soru Sorma Y\u00f6ntemi Dil E\u011fitiminde Edebiyat Kullan\u0131m\u0131 Temel \u0130statistik T\u00fcrk\u00e7enin G\u00fcncel Sorunlar\u0131 T\u00fcrk\u00e7e E\u011fitiminde Metin \u00c7\u00f6z\u00fcmleme Yakla\u015f\u0131mlar\u0131 T\u00fcrk\u00e7e E\u011fitiminde Okuma K\u00fclt\u00fcr\u00fc T\u00fcrk\u00e7e \u00d6\u011fretiminin Dilbilimsel Temelleri Yabanc\u0131lara T\u00fcrk\u00e7e [&hellip;]<\/p>\n","protected":false},"author":1,"featured_media":0,"parent":0,"menu_order":0,"comment_status":"closed","ping_status":"closed","template":"elementor_header_footer","meta":{"footnotes":""},"class_list":["post-5751","page","type-page","status-publish","hentry"],"_links":{"self":[{"href":"https:\/\/atauni.edu.tr\/turkce-egitimi-anabilim-dali\/wp-json\/wp\/v2\/pages\/5751","targetHints":{"allow":["GET"]}}],"collection":[{"href":"https:\/\/atauni.edu.tr\/turkce-egitimi-anabilim-dali\/wp-json\/wp\/v2\/pages"}],"about":[{"href":"https:\/\/atauni.edu.tr\/turkce-egitimi-anabilim-dali\/wp-json\/wp\/v2\/types\/page"}],"author":[{"embeddable":true,"href":"https:\/\/atauni.edu.tr\/turkce-egitimi-anabilim-dali\/wp-json\/wp\/v2\/users\/1"}],"replies":[{"embeddable":true,"href":"https:\/\/atauni.edu.tr\/turkce-egitimi-anabilim-dali\/wp-json\/wp\/v2\/comments?post=5751"}],"version-history":[{"count":17,"href":"https:\/\/atauni.edu.tr\/turkce-egitimi-anabilim-dali\/wp-json\/wp\/v2\/pages\/5751\/revisions"}],"predecessor-version":[{"id":6535,"href":"https:\/\/atauni.edu.tr\/turkce-egitimi-anabilim-dali\/wp-json\/wp\/v2\/pages\/5751\/revisions\/6535"}],"wp:attachment":[{"href":"https:\/\/atauni.edu.tr\/turkce-egitimi-anabilim-dali\/wp-json\/wp\/v2\/media?parent=5751"}],"curies":[{"name":"wp","href":"https:\/\/api.w.org\/{rel}","templated":true}]}}