{"id":6733,"date":"2025-08-09T21:55:41","date_gmt":"2025-08-09T18:55:41","guid":{"rendered":"https:\/\/birimler.atauni.edu.tr\/turkce-egitimi-anabilim-dali\/?page_id=6733"},"modified":"2025-08-09T21:55:41","modified_gmt":"2025-08-09T18:55:41","slug":"haberler","status":"publish","type":"page","link":"https:\/\/atauni.edu.tr\/turkce-egitimi-anabilim-dali\/haberler\/","title":{"rendered":"Haberler"},"content":{"rendered":"<form method=\"get\" class=\"row g-3\" style=\"margin-bottom: 20px;\"><div class=\"col-md-3\"><input type=\"text\" name=\"haber_ara\" class=\"form-control\" placeholder=\"Haber ara...\" value=\"\"><\/div><div class=\"col-md-3\"><input type=\"date\" name=\"baslangic_tarihi\" class=\"form-control\" value=\"\"><\/div><div class=\"col-md-3\"><input type=\"date\" name=\"bitis_tarihi\" class=\"form-control\" value=\"\"><\/div><div class=\"col-md-3\"><button type=\"submit\" class=\"btn btn-secondary w-50\">Filtrele<\/button><\/div><\/form><ul class=\"kategori-yazilari-liste\"><li style=\"display: flex; margin-bottom: 10px; align-items: center;\"><div class=\"post-content\" style=\"flex-grow: 1;\"><span class=\"post-date habertarih\" style=\"display: block; font-weight: bold; margin-bottom: 5px;\">31 Aral\u0131k 2025<\/span><a class=\"haberbaslik\" href=\"https:\/\/atauni.edu.tr\/turkce-egitimi-anabilim-dali\/2025\/12\/31\/topluma-hizmet-uygulamalari-dersi-kapsaminda-horasan-asagi-tahir-ilkokulu-ziyareti\/\">Topluma Hizmet Uygulamalar\u0131 Dersi Kapsam\u0131nda Horasan A\u015fa\u011f\u0131 Tahir \u0130lkokuluna Ziyaret<\/a><\/div><\/li><li style=\"display: flex; margin-bottom: 10px; align-items: center;\"><div class=\"post-content\" style=\"flex-grow: 1;\"><span class=\"post-date habertarih\" style=\"display: block; font-weight: bold; margin-bottom: 5px;\">21 Ocak 2023<\/span><a class=\"haberbaslik\" href=\"https:\/\/atauni.edu.tr\/turkce-egitimi-anabilim-dali\/2023\/01\/21\/tiyatro-ve-drama-uygulamalari-dersinde-ogrencilerimiz-oyunlarini-sergiledi\/\">T\u0130YATRO VE DRAMA UYGULAMALARI DERS\u0130NDE \u00d6\u011eRENC\u0130LER\u0130M\u0130Z OYUNLARINI SERG\u0130LED\u0130<\/a><\/div><\/li><li style=\"display: flex; margin-bottom: 10px; align-items: center;\"><div class=\"post-content\" style=\"flex-grow: 1;\"><span class=\"post-date habertarih\" style=\"display: block; font-weight: bold; margin-bottom: 5px;\">21 Ocak 2023<\/span><a class=\"haberbaslik\" href=\"https:\/\/atauni.edu.tr\/turkce-egitimi-anabilim-dali\/2023\/01\/21\/24-kasim-ogretmenler-gunu-programi-coskuyla-kutlandi\/\">24 KASIM \u00d6\u011eRETMENLER G\u00dcN\u00dc PROGRAMI CO\u015eKUYLA KUTLANDI<\/a><\/div><\/li><\/ul>\n\n\n\n<p><\/p>\n","protected":false},"excerpt":{"rendered":"","protected":false},"author":1,"featured_media":0,"parent":0,"menu_order":0,"comment_status":"closed","ping_status":"closed","template":"","meta":{"footnotes":""},"class_list":["post-6733","page","type-page","status-publish","hentry"],"_links":{"self":[{"href":"https:\/\/atauni.edu.tr\/turkce-egitimi-anabilim-dali\/wp-json\/wp\/v2\/pages\/6733","targetHints":{"allow":["GET"]}}],"collection":[{"href":"https:\/\/atauni.edu.tr\/turkce-egitimi-anabilim-dali\/wp-json\/wp\/v2\/pages"}],"about":[{"href":"https:\/\/atauni.edu.tr\/turkce-egitimi-anabilim-dali\/wp-json\/wp\/v2\/types\/page"}],"author":[{"embeddable":true,"href":"https:\/\/atauni.edu.tr\/turkce-egitimi-anabilim-dali\/wp-json\/wp\/v2\/users\/1"}],"replies":[{"embeddable":true,"href":"https:\/\/atauni.edu.tr\/turkce-egitimi-anabilim-dali\/wp-json\/wp\/v2\/comments?post=6733"}],"version-history":[{"count":1,"href":"https:\/\/atauni.edu.tr\/turkce-egitimi-anabilim-dali\/wp-json\/wp\/v2\/pages\/6733\/revisions"}],"predecessor-version":[{"id":6743,"href":"https:\/\/atauni.edu.tr\/turkce-egitimi-anabilim-dali\/wp-json\/wp\/v2\/pages\/6733\/revisions\/6743"}],"wp:attachment":[{"href":"https:\/\/atauni.edu.tr\/turkce-egitimi-anabilim-dali\/wp-json\/wp\/v2\/media?parent=6733"}],"curies":[{"name":"wp","href":"https:\/\/api.w.org\/{rel}","templated":true}]}}