{"id":6735,"date":"2025-08-09T21:56:09","date_gmt":"2025-08-09T18:56:09","guid":{"rendered":"https:\/\/birimler.atauni.edu.tr\/turkce-egitimi-anabilim-dali\/?page_id=6735"},"modified":"2025-08-09T21:56:09","modified_gmt":"2025-08-09T18:56:09","slug":"duyurular","status":"publish","type":"page","link":"https:\/\/atauni.edu.tr\/turkce-egitimi-anabilim-dali\/duyurular\/","title":{"rendered":"Duyurular"},"content":{"rendered":"<form method=\"get\" class=\"row g-3\" style=\"margin-bottom: 20px;\"><div class=\"col-md-3\"><input type=\"text\" name=\"Duyuru_ara\" class=\"form-control\" placeholder=\"Duyuru ara...\" value=\"\"><\/div><div class=\"col-md-3\"><input type=\"date\" name=\"baslangic_tarihi\" class=\"form-control\" value=\"\"><\/div><div class=\"col-md-3\"><input type=\"date\" name=\"bitis_tarihi\" class=\"form-control\" value=\"\"><\/div><div class=\"col-md-3\"><button type=\"submit\" class=\"btn btn-secondary w-50\">Filtrele<\/button><\/div><\/form><ul class=\"kategori-yazilari-liste\"><li style=\"display: flex; margin-bottom: 10px; align-items: center;\"><div class=\"post-content\" style=\"flex-grow: 1;\"><span class=\"post-date Duyurutarih\" style=\"display: block; font-weight: bold; margin-bottom: 5px;\">13 Mart 2026<\/span><a class=\"Duyurubaslik\" href=\"https:\/\/atauni.edu.tr\/turkce-egitimi-anabilim-dali\/2026\/03\/13\/turkce-egitimi-ana-bilim-dali-bahar-donemi-ara-sinav-programi-13-03-2026\/\">T\u00dcRK\u00c7E E\u011e\u0130T\u0130M\u0130 ANA B\u0130L\u0130M DALI BAHAR D\u00d6NEM\u0130 ARA SINAV PROGRAMI (13.03.2026)<\/a><\/div><\/li><li style=\"display: flex; margin-bottom: 10px; align-items: center;\"><div class=\"post-content\" style=\"flex-grow: 1;\"><span class=\"post-date Duyurutarih\" style=\"display: block; font-weight: bold; margin-bottom: 5px;\">31 Aral\u0131k 2025<\/span><a class=\"Duyurubaslik\" href=\"https:\/\/atauni.edu.tr\/turkce-egitimi-anabilim-dali\/2025\/12\/31\/yariyil-sonu-sinav-tu%cc%88rkc%cc%a7e-eg%cc%86i%cc%87ti%cc%87mi%cc%87-ana-bi%cc%87li%cc%87m-dali-gu%cc%88z-do%cc%88nemi%cc%87-yariyil-sonu-sinav-programi-26-12-2025\/\">(YARIYIL SONU SINAV) TU\u0308RKC\u0327E EG\u0306I\u0307TI\u0307MI\u0307 ANA BI\u0307LI\u0307M DALI GU\u0308Z DO\u0308NEMI\u0307 YARIYIL SONU SINAV PROGRAMI (26. 12. 2025)<\/a><\/div><\/li><li style=\"display: flex; margin-bottom: 10px; align-items: center;\"><div class=\"post-content\" style=\"flex-grow: 1;\"><span class=\"post-date Duyurutarih\" style=\"display: block; font-weight: bold; margin-bottom: 5px;\">31 Aral\u0131k 2025<\/span><a class=\"Duyurubaslik\" href=\"https:\/\/atauni.edu.tr\/turkce-egitimi-anabilim-dali\/2025\/12\/31\/butunlemetu%cc%88rkc%cc%a7e-eg%cc%86i%cc%87ti%cc%87mi%cc%87-ana-bi%cc%87li%cc%87m-dali-gu%cc%88z-do%cc%88nemi%cc%87-bu%cc%88tu%cc%88nleme-sinav-programi-26-11-2025\/\">(B\u00dcT\u00dcNLEME)TU\u0308RKC\u0327E EG\u0306I\u0307TI\u0307MI\u0307 ANA BI\u0307LI\u0307M DALI GU\u0308Z DO\u0308NEMI\u0307 BU\u0308TU\u0308NLEME SINAV PROGRAMI (26.11.2025)<\/a><\/div><\/li><li style=\"display: flex; margin-bottom: 10px; align-items: center;\"><div class=\"post-content\" style=\"flex-grow: 1;\"><span class=\"post-date Duyurutarih\" style=\"display: block; font-weight: bold; margin-bottom: 5px;\">20 Aral\u0131k 2025<\/span><a class=\"Duyurubaslik\" href=\"https:\/\/atauni.edu.tr\/turkce-egitimi-anabilim-dali\/2025\/12\/20\/bolumumuz-bu-donemki-yeni-tiyatro-oyununa-davetlisiniz\/\">B\u00f6l\u00fcm\u00fcm\u00fcz\u00fcn Bu D\u00f6nemki Yeni Tiyatro Oyununa Davetlisiniz: Friedrich D\u00fcrrenmatt, &#8220;Fizik\u00e7iler&#8221;<\/a><\/div><\/li><li style=\"display: flex; margin-bottom: 10px; align-items: center;\"><div class=\"post-content\" style=\"flex-grow: 1;\"><span class=\"post-date Duyurutarih\" style=\"display: block; font-weight: bold; margin-bottom: 5px;\">8 Kas\u0131m 2025<\/span><a class=\"Duyurubaslik\" href=\"https:\/\/atauni.edu.tr\/turkce-egitimi-anabilim-dali\/2025\/11\/08\/2025-2026-egitim-ogretim-yili-guz-donemi-turkce-egitimi-ana-bilim-dali-ara-sinav-programi-07-11-2025-2\/\">2025- 2026 E\u011fitim \u00d6\u011fretim Y\u0131l\u0131 G\u00fcz D\u00f6nemi T\u00fcrk\u00e7e E\u011fitimi Ana Bilim Dal\u0131 Ara S\u0131nav Program\u0131 (07.11.2025)<\/a><\/div><\/li><li style=\"display: flex; margin-bottom: 10px; align-items: center;\"><div class=\"post-content\" style=\"flex-grow: 1;\"><span class=\"post-date Duyurutarih\" style=\"display: block; font-weight: bold; margin-bottom: 5px;\">2 Haziran 2025<\/span><a class=\"Duyurubaslik\" href=\"https:\/\/atauni.edu.tr\/turkce-egitimi-anabilim-dali\/2025\/06\/02\/butunleme-turkce-egitimi-ana-bilim-dali-bahar-donemi-butunleme-sinav-programi-30-05-2025\/\">(B\u00fct\u00fcnleme) T\u00dcRK\u00c7E E\u011e\u0130T\u0130M\u0130 ANA B\u0130L\u0130M DALI BAHAR D\u00d6NEM\u0130 B\u00dcT\u00dcNLEME SINAV PROGRAMI (30.05.2025)<\/a><\/div><\/li><li style=\"display: flex; margin-bottom: 10px; align-items: center;\"><div class=\"post-content\" style=\"flex-grow: 1;\"><span class=\"post-date Duyurutarih\" style=\"display: block; font-weight: bold; margin-bottom: 5px;\">2 Haziran 2025<\/span><a class=\"Duyurubaslik\" href=\"https:\/\/atauni.edu.tr\/turkce-egitimi-anabilim-dali\/2025\/06\/02\/yariyil-sonu-turkce-egitimi-ana-bilim-dali-bahar-donemi-yariyil-sonu-sinav-programi-30-05-2025\/\">(Yar\u0131y\u0131l Sonu) T\u00dcRK\u00c7E E\u011e\u0130T\u0130M\u0130 ANA B\u0130L\u0130M DALI BAHAR D\u00d6NEM\u0130 YARIYIL SONU SINAV PROGRAMI (30.05.2025)<\/a><\/div><\/li><li style=\"display: flex; margin-bottom: 10px; align-items: center;\"><div class=\"post-content\" style=\"flex-grow: 1;\"><span class=\"post-date Duyurutarih\" style=\"display: block; font-weight: bold; margin-bottom: 5px;\">25 May\u0131s 2025<\/span><a class=\"Duyurubaslik\" href=\"https:\/\/atauni.edu.tr\/turkce-egitimi-anabilim-dali\/2025\/05\/25\/turkce-ogretmenligi-tiyatro-duyurusu\/\">T\u00fcrk\u00e7e \u00d6\u011fretmenli\u011fi Tiyatro Duyurusu<\/a><\/div><\/li><li style=\"display: flex; margin-bottom: 10px; align-items: center;\"><div class=\"post-content\" style=\"flex-grow: 1;\"><span class=\"post-date Duyurutarih\" style=\"display: block; font-weight: bold; margin-bottom: 5px;\">25 Mart 2025<\/span><a class=\"Duyurubaslik\" href=\"https:\/\/atauni.edu.tr\/turkce-egitimi-anabilim-dali\/2025\/03\/25\/ara-sinav-2024-2025-egitim-ogretim-yili-bahar-donemi-turkce-egitimi-ana-bilim-dali-ara-sinav-programi-14-04-2025\/\">2024- 2025 E\u011fitim \u00d6\u011fretim Y\u0131l\u0131 Bahar D\u00f6nemi T\u00fcrk\u00e7e E\u011fitimi Ana Bilim Dal\u0131 Ara S\u0131nav Program\u0131 (14.04.2025)<\/a><\/div><\/li><li style=\"display: flex; margin-bottom: 10px; align-items: center;\"><div class=\"post-content\" style=\"flex-grow: 1;\"><span class=\"post-date Duyurutarih\" style=\"display: block; font-weight: bold; margin-bottom: 5px;\">27 Aral\u0131k 2024<\/span><a class=\"Duyurubaslik\" href=\"https:\/\/atauni.edu.tr\/turkce-egitimi-anabilim-dali\/2024\/12\/27\/butunleme-sinav-programi-2024-2025-egitim-ogretim-yili-guz-donemi-turkce-egitimi-ana-bilim-dali-butunleme-sinav-programi-27-12-2024\/\">2024- 2025 E\u011fitim \u00d6\u011fretim Y\u0131l\u0131 G\u00fcz D\u00f6nemi T\u00fcrk\u00e7e E\u011fitimi Ana Bilim Dal\u0131 B\u00fct\u00fcnleme S\u0131nav Program\u0131 (27.12.2024)<\/a><\/div><\/li><\/ul><nav class=\"pagination\" style=\"margin-top: 20px;\"><ul class='page-numbers'>\n\t<li><span aria-current=\"page\" class=\"page-numbers current\">1<\/span><\/li>\n\t<li><a class=\"page-numbers\" href=\"https:\/\/atauni.edu.tr\/turkce-egitimi-anabilim-dali\/wp-json\/wp\/v2\/pages\/6735\/page\/2\/\">2<\/a><\/li>\n\t<li><a class=\"next page-numbers\" href=\"https:\/\/atauni.edu.tr\/turkce-egitimi-anabilim-dali\/wp-json\/wp\/v2\/pages\/6735\/page\/2\/\">Sonraki &raquo;<\/a><\/li>\n<\/ul>\n<\/nav>\n\n\n\n<p><\/p>\n","protected":false},"excerpt":{"rendered":"","protected":false},"author":1,"featured_media":0,"parent":0,"menu_order":0,"comment_status":"closed","ping_status":"closed","template":"","meta":{"footnotes":""},"class_list":["post-6735","page","type-page","status-publish","hentry"],"_links":{"self":[{"href":"https:\/\/atauni.edu.tr\/turkce-egitimi-anabilim-dali\/wp-json\/wp\/v2\/pages\/6735","targetHints":{"allow":["GET"]}}],"collection":[{"href":"https:\/\/atauni.edu.tr\/turkce-egitimi-anabilim-dali\/wp-json\/wp\/v2\/pages"}],"about":[{"href":"https:\/\/atauni.edu.tr\/turkce-egitimi-anabilim-dali\/wp-json\/wp\/v2\/types\/page"}],"author":[{"embeddable":true,"href":"https:\/\/atauni.edu.tr\/turkce-egitimi-anabilim-dali\/wp-json\/wp\/v2\/users\/1"}],"replies":[{"embeddable":true,"href":"https:\/\/atauni.edu.tr\/turkce-egitimi-anabilim-dali\/wp-json\/wp\/v2\/comments?post=6735"}],"version-history":[{"count":1,"href":"https:\/\/atauni.edu.tr\/turkce-egitimi-anabilim-dali\/wp-json\/wp\/v2\/pages\/6735\/revisions"}],"predecessor-version":[{"id":6745,"href":"https:\/\/atauni.edu.tr\/turkce-egitimi-anabilim-dali\/wp-json\/wp\/v2\/pages\/6735\/revisions\/6745"}],"wp:attachment":[{"href":"https:\/\/atauni.edu.tr\/turkce-egitimi-anabilim-dali\/wp-json\/wp\/v2\/media?parent=6735"}],"curies":[{"name":"wp","href":"https:\/\/api.w.org\/{rel}","templated":true}]}}