{"id":5682,"date":"2021-07-13T10:10:01","date_gmt":"2021-07-13T07:10:01","guid":{"rendered":"https:\/\/portaltest.atauni.edu.tr\/sosyal-bilimler-enstitusu\/?page_id=5682"},"modified":"2025-06-10T10:54:20","modified_gmt":"2025-06-10T07:54:20","slug":"misyon-vizyon-ve-temel-degerler","status":"publish","type":"page","link":"https:\/\/atauni.edu.tr\/turkiyat-arastirmalari-enstitusu\/misyon-vizyon-ve-temel-degerler\/","title":{"rendered":"Misyon, Vizyon ve Temel De\u011ferler"},"content":{"rendered":"\t\t<div data-elementor-type=\"wp-page\" data-elementor-id=\"5682\" class=\"elementor elementor-5682\" data-elementor-post-type=\"page\">\n\t\t\t\t\t\t<section class=\"elementor-section elementor-top-section elementor-element elementor-element-730d320 elementor-section-boxed elementor-section-height-default elementor-section-height-default\" data-id=\"730d320\" data-element_type=\"section\">\n\t\t\t\t\t\t<div class=\"elementor-container elementor-column-gap-default\">\n\t\t\t\t\t<div class=\"elementor-column elementor-col-100 elementor-top-column elementor-element elementor-element-753d0860\" data-id=\"753d0860\" data-element_type=\"column\">\n\t\t\t<div class=\"elementor-widget-wrap elementor-element-populated\">\n\t\t\t\t\t\t<div class=\"elementor-element elementor-element-4f90419 elementor-widget elementor-widget-spacer\" data-id=\"4f90419\" data-element_type=\"widget\" data-widget_type=\"spacer.default\">\n\t\t\t\t<div class=\"elementor-widget-container\">\n\t\t\t\t\t\t\t<div class=\"elementor-spacer\">\n\t\t\t<div class=\"elementor-spacer-inner\"><\/div>\n\t\t<\/div>\n\t\t\t\t\t\t<\/div>\n\t\t\t\t<\/div>\n\t\t\t\t\t<\/div>\n\t\t<\/div>\n\t\t\t\t\t<\/div>\n\t\t<\/section>\n\t\t\t\t<section class=\"elementor-section elementor-top-section elementor-element elementor-element-e6cbc43 elementor-section-boxed elementor-section-height-default elementor-section-height-default\" data-id=\"e6cbc43\" data-element_type=\"section\">\n\t\t\t\t\t\t<div class=\"elementor-container elementor-column-gap-default\">\n\t\t\t\t\t<div class=\"elementor-column elementor-col-100 elementor-top-column elementor-element elementor-element-04e9918\" data-id=\"04e9918\" data-element_type=\"column\">\n\t\t\t<div class=\"elementor-widget-wrap elementor-element-populated\">\n\t\t\t\t\t\t<div class=\"elementor-element elementor-element-e3538a0 elementor-widget elementor-widget-heading\" data-id=\"e3538a0\" data-element_type=\"widget\" data-widget_type=\"heading.default\">\n\t\t\t\t<div class=\"elementor-widget-container\">\n\t\t\t\t\t<h2 class=\"elementor-heading-title elementor-size-default\">\u00d6z G\u00f6rev (Misyon)<\/h2>\t\t\t\t<\/div>\n\t\t\t\t<\/div>\n\t\t\t\t<div class=\"elementor-element elementor-element-8abb1ad elementor-widget-divider--view-line elementor-widget elementor-widget-divider\" data-id=\"8abb1ad\" data-element_type=\"widget\" data-widget_type=\"divider.default\">\n\t\t\t\t<div class=\"elementor-widget-container\">\n\t\t\t\t\t\t\t<div class=\"elementor-divider\">\n\t\t\t<span class=\"elementor-divider-separator\">\n\t\t\t\t\t\t<\/span>\n\t\t<\/div>\n\t\t\t\t\t\t<\/div>\n\t\t\t\t<\/div>\n\t\t\t\t\t<\/div>\n\t\t<\/div>\n\t\t\t\t\t<\/div>\n\t\t<\/section>\n\t\t\t\t<section class=\"elementor-section elementor-top-section elementor-element elementor-element-9f16735 elementor-section-boxed elementor-section-height-default elementor-section-height-default\" data-id=\"9f16735\" data-element_type=\"section\">\n\t\t\t\t\t\t<div class=\"elementor-container elementor-column-gap-default\">\n\t\t\t\t\t<div class=\"elementor-column elementor-col-100 elementor-top-column elementor-element elementor-element-cec90c5\" data-id=\"cec90c5\" data-element_type=\"column\">\n\t\t\t<div class=\"elementor-widget-wrap elementor-element-populated\">\n\t\t\t\t\t\t<div class=\"elementor-element elementor-element-75a3244 elementor-widget elementor-widget-text-editor\" data-id=\"75a3244\" data-element_type=\"widget\" data-widget_type=\"text-editor.default\">\n\t\t\t\t<div class=\"elementor-widget-container\">\n\t\t\t\t\t\t\t\t\t<p>T\u00fcrkiyat Ara\u015ft\u0131rmalar\u0131 Enstit\u00fcs\u00fc\u2019n\u00fcn temel misyonu; Atat\u00fcrk \u00dcniversitesi\u2019nin \u201c\u00f6rg\u00fcn ve uzaktan e\u011fitim yoluyla nitelikli bireyler yeti\u015ftirmek, bilime ve sanata evrensel d\u00fczeyde de\u011fer katan ara\u015ft\u0131rmalar yapmak, b\u00f6lgenin ve \u00fclkenin s\u00fcrd\u00fcr\u00fclebilir kalk\u0131nmas\u0131na katk\u0131 sa\u011flamak\u201d \u00f6z g\u00f6revine (misyon) ba\u011fl\u0131 kalarak \u00fclkemizin ve b\u00f6lgemizin ihtiya\u00e7lar\u0131n\u0131 belirleyen ve bu ihtiya\u00e7lar\u0131 kar\u015f\u0131layan, uygulama ve proje odakl\u0131, b\u00f6lgesel kalk\u0131nmaya katk\u0131 sa\u011flayan, ulusal ve uluslararas\u0131 d\u00fczeyde ara\u015ft\u0131rma yapabilme yetene\u011fine sahip bilim insanlar\u0131 yeti\u015ftirmektir. Bilimsel y\u00f6ntem ve yakla\u015f\u0131mlar \u00e7er\u00e7evesinde T\u00fcrkiye ve T\u00fcrk D\u00fcnyas\u0131 ile ilgili siyasi, sosyal ve k\u00fclt\u00fcrel yap\u0131 ve durumlar\u0131 ara\u015ft\u0131rmak ve incelemek; geni\u015f bir co\u011frafyaya yay\u0131lan T\u00fcrk k\u00fclt\u00fcr\u00fcn\u00fcn; dil, edebiyat, tarih, folklor, sanat tarihi, musiki gibi unsurlar\u0131n\u0131 inceleyerek elde edilen sonu\u00e7lar\u0131 bilim d\u00fcnyas\u0131 ile payla\u015fmak enstit\u00fcm\u00fcz\u00fcn temel misyonlar\u0131 aras\u0131ndad\u0131r.<\/p>\t\t\t\t\t\t\t\t<\/div>\n\t\t\t\t<\/div>\n\t\t\t\t\t<\/div>\n\t\t<\/div>\n\t\t\t\t\t<\/div>\n\t\t<\/section>\n\t\t\t\t<section class=\"elementor-section elementor-top-section elementor-element elementor-element-3da2fd0 elementor-section-boxed elementor-section-height-default elementor-section-height-default\" data-id=\"3da2fd0\" data-element_type=\"section\">\n\t\t\t\t\t\t<div class=\"elementor-container elementor-column-gap-default\">\n\t\t\t\t\t<div class=\"elementor-column elementor-col-100 elementor-top-column elementor-element elementor-element-8d78c3e\" data-id=\"8d78c3e\" data-element_type=\"column\">\n\t\t\t<div class=\"elementor-widget-wrap elementor-element-populated\">\n\t\t\t\t\t\t<div class=\"elementor-element elementor-element-010ba56 elementor-widget elementor-widget-spacer\" data-id=\"010ba56\" data-element_type=\"widget\" data-widget_type=\"spacer.default\">\n\t\t\t\t<div class=\"elementor-widget-container\">\n\t\t\t\t\t\t\t<div class=\"elementor-spacer\">\n\t\t\t<div class=\"elementor-spacer-inner\"><\/div>\n\t\t<\/div>\n\t\t\t\t\t\t<\/div>\n\t\t\t\t<\/div>\n\t\t\t\t\t<\/div>\n\t\t<\/div>\n\t\t\t\t\t<\/div>\n\t\t<\/section>\n\t\t\t\t<section class=\"elementor-section elementor-top-section elementor-element elementor-element-734cf7c elementor-section-boxed elementor-section-height-default elementor-section-height-default\" data-id=\"734cf7c\" data-element_type=\"section\">\n\t\t\t\t\t\t<div class=\"elementor-container elementor-column-gap-default\">\n\t\t\t\t\t<div class=\"elementor-column elementor-col-100 elementor-top-column elementor-element elementor-element-2a7bc39\" data-id=\"2a7bc39\" data-element_type=\"column\">\n\t\t\t<div class=\"elementor-widget-wrap elementor-element-populated\">\n\t\t\t\t\t\t<div class=\"elementor-element elementor-element-0f99cea elementor-widget elementor-widget-heading\" data-id=\"0f99cea\" data-element_type=\"widget\" data-widget_type=\"heading.default\">\n\t\t\t\t<div class=\"elementor-widget-container\">\n\t\t\t\t\t<h2 class=\"elementor-heading-title elementor-size-default\">\u00d6z \u00dclk\u00fc (Vizyon)<\/h2>\t\t\t\t<\/div>\n\t\t\t\t<\/div>\n\t\t\t\t<div class=\"elementor-element elementor-element-4d909ad elementor-widget-divider--view-line elementor-widget elementor-widget-divider\" data-id=\"4d909ad\" data-element_type=\"widget\" data-widget_type=\"divider.default\">\n\t\t\t\t<div class=\"elementor-widget-container\">\n\t\t\t\t\t\t\t<div class=\"elementor-divider\">\n\t\t\t<span class=\"elementor-divider-separator\">\n\t\t\t\t\t\t<\/span>\n\t\t<\/div>\n\t\t\t\t\t\t<\/div>\n\t\t\t\t<\/div>\n\t\t\t\t\t<\/div>\n\t\t<\/div>\n\t\t\t\t\t<\/div>\n\t\t<\/section>\n\t\t\t\t<section class=\"elementor-section elementor-top-section elementor-element elementor-element-092f433 elementor-section-boxed elementor-section-height-default elementor-section-height-default\" data-id=\"092f433\" data-element_type=\"section\">\n\t\t\t\t\t\t<div class=\"elementor-container elementor-column-gap-default\">\n\t\t\t\t\t<div class=\"elementor-column elementor-col-100 elementor-top-column elementor-element elementor-element-2a9c018\" data-id=\"2a9c018\" data-element_type=\"column\">\n\t\t\t<div class=\"elementor-widget-wrap elementor-element-populated\">\n\t\t\t\t\t\t<div class=\"elementor-element elementor-element-fb1353b elementor-widget elementor-widget-text-editor\" data-id=\"fb1353b\" data-element_type=\"widget\" data-widget_type=\"text-editor.default\">\n\t\t\t\t<div class=\"elementor-widget-container\">\n\t\t\t\t\t\t\t\t\t<p>T\u00fcrkiyat Ara\u015ft\u0131rmalar\u0131 Enstit\u00fcs\u00fc\u2019n\u00fcn vizyonu; T\u00fcrk Dili ve Edebiyat\u0131, T\u00fcrk Tarihi, T\u00fcrk K\u00fclt\u00fcr\u00fc ve Leh\u00e7eleri \u00fczerinde lisans\u00fcst\u00fc e\u011fitim vermek; T\u00fcrk D\u00fcnyas\u0131n\u0131 birle\u015ftiren bilimsel, teknolojik, sanatsal ve k\u00fclt\u00fcrel ili\u015fkilerin g\u00fc\u00e7lenmesine katk\u0131 sa\u011flamak amac\u0131yla proje ve ara\u015ft\u0131rmalar\u0131 planlay\u0131p koordine etmek, T\u00fcrk D\u00fcnyas\u0131 ile T\u00fcrkiye aras\u0131nda sa\u011flam temellere dayal\u0131 dostluk, karde\u015flik ve i\u015f birli\u011finin geli\u015ftirilmesine katk\u0131da bulunmakt\u0131r.<\/p>\t\t\t\t\t\t\t\t<\/div>\n\t\t\t\t<\/div>\n\t\t\t\t\t<\/div>\n\t\t<\/div>\n\t\t\t\t\t<\/div>\n\t\t<\/section>\n\t\t\t\t<section class=\"elementor-section elementor-top-section elementor-element elementor-element-4340d74 elementor-section-boxed elementor-section-height-default elementor-section-height-default\" data-id=\"4340d74\" data-element_type=\"section\">\n\t\t\t\t\t\t<div class=\"elementor-container elementor-column-gap-default\">\n\t\t\t\t\t<div class=\"elementor-column elementor-col-100 elementor-top-column elementor-element elementor-element-993cdce\" data-id=\"993cdce\" data-element_type=\"column\">\n\t\t\t<div class=\"elementor-widget-wrap elementor-element-populated\">\n\t\t\t\t\t\t<div class=\"elementor-element elementor-element-d913900 elementor-widget elementor-widget-spacer\" data-id=\"d913900\" data-element_type=\"widget\" data-widget_type=\"spacer.default\">\n\t\t\t\t<div class=\"elementor-widget-container\">\n\t\t\t\t\t\t\t<div class=\"elementor-spacer\">\n\t\t\t<div class=\"elementor-spacer-inner\"><\/div>\n\t\t<\/div>\n\t\t\t\t\t\t<\/div>\n\t\t\t\t<\/div>\n\t\t\t\t\t<\/div>\n\t\t<\/div>\n\t\t\t\t\t<\/div>\n\t\t<\/section>\n\t\t\t\t<section class=\"elementor-section elementor-top-section elementor-element elementor-element-5d78843 elementor-section-boxed elementor-section-height-default elementor-section-height-default\" data-id=\"5d78843\" data-element_type=\"section\">\n\t\t\t\t\t\t<div class=\"elementor-container elementor-column-gap-default\">\n\t\t\t\t\t<div class=\"elementor-column elementor-col-100 elementor-top-column elementor-element elementor-element-d97e018\" data-id=\"d97e018\" data-element_type=\"column\">\n\t\t\t<div class=\"elementor-widget-wrap elementor-element-populated\">\n\t\t\t\t\t\t<div class=\"elementor-element elementor-element-fe9b1ef elementor-widget elementor-widget-heading\" data-id=\"fe9b1ef\" data-element_type=\"widget\" data-widget_type=\"heading.default\">\n\t\t\t\t<div class=\"elementor-widget-container\">\n\t\t\t\t\t<h2 class=\"elementor-heading-title elementor-size-default\">Temel De\u011ferler<\/h2>\t\t\t\t<\/div>\n\t\t\t\t<\/div>\n\t\t\t\t<div class=\"elementor-element elementor-element-796ceeb elementor-widget-divider--view-line elementor-widget elementor-widget-divider\" data-id=\"796ceeb\" data-element_type=\"widget\" data-widget_type=\"divider.default\">\n\t\t\t\t<div class=\"elementor-widget-container\">\n\t\t\t\t\t\t\t<div class=\"elementor-divider\">\n\t\t\t<span class=\"elementor-divider-separator\">\n\t\t\t\t\t\t<\/span>\n\t\t<\/div>\n\t\t\t\t\t\t<\/div>\n\t\t\t\t<\/div>\n\t\t\t\t\t<\/div>\n\t\t<\/div>\n\t\t\t\t\t<\/div>\n\t\t<\/section>\n\t\t\t\t<section class=\"elementor-section elementor-top-section elementor-element elementor-element-38893a0 elementor-section-boxed elementor-section-height-default elementor-section-height-default\" data-id=\"38893a0\" data-element_type=\"section\">\n\t\t\t\t\t\t<div class=\"elementor-container elementor-column-gap-default\">\n\t\t\t\t\t<div class=\"elementor-column elementor-col-100 elementor-top-column elementor-element elementor-element-d113201\" data-id=\"d113201\" data-element_type=\"column\">\n\t\t\t<div class=\"elementor-widget-wrap elementor-element-populated\">\n\t\t\t\t\t\t<div class=\"elementor-element elementor-element-c307305 elementor-widget elementor-widget-text-editor\" data-id=\"c307305\" data-element_type=\"widget\" data-widget_type=\"text-editor.default\">\n\t\t\t\t<div class=\"elementor-widget-container\">\n\t\t\t\t\t\t\t\t\t<ul><li>Bilimsellik\u00a0<\/li><li>Yenilik\u00e7ilik ve giri\u015fimcilik\u00a0<\/li><li>Ulusal ve evrensel de\u011ferlere ba\u011fl\u0131l\u0131k\u00a0<\/li><li>\u00d6\u011frenci odakl\u0131l\u0131k\u00a0<\/li><li>Ho\u015fg\u00f6r\u00fc, nezaket, sayg\u0131\u00a0<\/li><li>Kat\u0131l\u0131mc\u0131l\u0131k ve payla\u015f\u0131mc\u0131l\u0131k\u00a0<\/li><li>S\u00fcrd\u00fcrebilirlik\u00a0<\/li><li>Uluslararas\u0131l\u0131k\u00a0<\/li><li>Topluma, k\u00fclt\u00fcre, \u00e7evreye ve sanata duyarl\u0131l\u0131k\u00a0<\/li><li>Eme\u011fe sayg\u0131 ve ba\u015far\u0131y\u0131 takdir<\/li><\/ul>\t\t\t\t\t\t\t\t<\/div>\n\t\t\t\t<\/div>\n\t\t\t\t\t<\/div>\n\t\t<\/div>\n\t\t\t\t\t<\/div>\n\t\t<\/section>\n\t\t\t\t<section class=\"elementor-section elementor-top-section elementor-element elementor-element-e59ccb3 elementor-section-boxed elementor-section-height-default elementor-section-height-default\" data-id=\"e59ccb3\" data-element_type=\"section\">\n\t\t\t\t\t\t<div class=\"elementor-container elementor-column-gap-default\">\n\t\t\t\t\t<div class=\"elementor-column elementor-col-100 elementor-top-column elementor-element elementor-element-6587e69\" data-id=\"6587e69\" data-element_type=\"column\">\n\t\t\t<div class=\"elementor-widget-wrap elementor-element-populated\">\n\t\t\t\t\t\t<div class=\"elementor-element elementor-element-4cc95bc elementor-widget elementor-widget-spacer\" data-id=\"4cc95bc\" data-element_type=\"widget\" data-widget_type=\"spacer.default\">\n\t\t\t\t<div class=\"elementor-widget-container\">\n\t\t\t\t\t\t\t<div class=\"elementor-spacer\">\n\t\t\t<div class=\"elementor-spacer-inner\"><\/div>\n\t\t<\/div>\n\t\t\t\t\t\t<\/div>\n\t\t\t\t<\/div>\n\t\t\t\t\t<\/div>\n\t\t<\/div>\n\t\t\t\t\t<\/div>\n\t\t<\/section>\n\t\t\t\t<\/div>\n\t\t","protected":false},"excerpt":{"rendered":"<p>\u00d6z G\u00f6rev (Misyon) T\u00fcrkiyat Ara\u015ft\u0131rmalar\u0131 Enstit\u00fcs\u00fc\u2019n\u00fcn temel misyonu; Atat\u00fcrk \u00dcniversitesi\u2019nin \u201c\u00f6rg\u00fcn ve uzaktan e\u011fitim yoluyla nitelikli bireyler yeti\u015ftirmek, bilime ve sanata evrensel d\u00fczeyde de\u011fer katan ara\u015ft\u0131rmalar yapmak, b\u00f6lgenin ve \u00fclkenin s\u00fcrd\u00fcr\u00fclebilir kalk\u0131nmas\u0131na katk\u0131 sa\u011flamak\u201d \u00f6z g\u00f6revine (misyon) ba\u011fl\u0131 kalarak \u00fclkemizin ve b\u00f6lgemizin ihtiya\u00e7lar\u0131n\u0131 belirleyen ve bu ihtiya\u00e7lar\u0131 kar\u015f\u0131layan, uygulama ve proje odakl\u0131, b\u00f6lgesel kalk\u0131nmaya katk\u0131 [&hellip;]<\/p>\n","protected":false},"author":1,"featured_media":0,"parent":0,"menu_order":0,"comment_status":"closed","ping_status":"closed","template":"elementor_header_footer","meta":{"footnotes":""},"class_list":["post-5682","page","type-page","status-publish","hentry"],"_links":{"self":[{"href":"https:\/\/atauni.edu.tr\/turkiyat-arastirmalari-enstitusu\/wp-json\/wp\/v2\/pages\/5682","targetHints":{"allow":["GET"]}}],"collection":[{"href":"https:\/\/atauni.edu.tr\/turkiyat-arastirmalari-enstitusu\/wp-json\/wp\/v2\/pages"}],"about":[{"href":"https:\/\/atauni.edu.tr\/turkiyat-arastirmalari-enstitusu\/wp-json\/wp\/v2\/types\/page"}],"author":[{"embeddable":true,"href":"https:\/\/atauni.edu.tr\/turkiyat-arastirmalari-enstitusu\/wp-json\/wp\/v2\/users\/1"}],"replies":[{"embeddable":true,"href":"https:\/\/atauni.edu.tr\/turkiyat-arastirmalari-enstitusu\/wp-json\/wp\/v2\/comments?post=5682"}],"version-history":[{"count":32,"href":"https:\/\/atauni.edu.tr\/turkiyat-arastirmalari-enstitusu\/wp-json\/wp\/v2\/pages\/5682\/revisions"}],"predecessor-version":[{"id":8928,"href":"https:\/\/atauni.edu.tr\/turkiyat-arastirmalari-enstitusu\/wp-json\/wp\/v2\/pages\/5682\/revisions\/8928"}],"wp:attachment":[{"href":"https:\/\/atauni.edu.tr\/turkiyat-arastirmalari-enstitusu\/wp-json\/wp\/v2\/media?parent=5682"}],"curies":[{"name":"wp","href":"https:\/\/api.w.org\/{rel}","templated":true}]}}