{"id":5997,"date":"2021-07-29T08:09:54","date_gmt":"2021-07-29T05:09:54","guid":{"rendered":"https:\/\/portaltest.atauni.edu.tr\/sosyal-bilimler-enstitusu\/?page_id=5997"},"modified":"2025-02-19T08:55:46","modified_gmt":"2025-02-19T05:55:46","slug":"mevzuat","status":"publish","type":"page","link":"https:\/\/atauni.edu.tr\/turkiyat-arastirmalari-enstitusu\/mevzuat\/","title":{"rendered":"Mevzuat"},"content":{"rendered":"\t\t<div data-elementor-type=\"wp-page\" data-elementor-id=\"5997\" class=\"elementor elementor-5997\" data-elementor-post-type=\"page\">\n\t\t\t\t\t\t<section class=\"elementor-section elementor-top-section elementor-element elementor-element-730d320 elementor-section-boxed elementor-section-height-default elementor-section-height-default\" data-id=\"730d320\" data-element_type=\"section\">\n\t\t\t\t\t\t<div class=\"elementor-container elementor-column-gap-default\">\n\t\t\t\t\t<div class=\"elementor-column elementor-col-100 elementor-top-column elementor-element elementor-element-753d0860\" data-id=\"753d0860\" data-element_type=\"column\">\n\t\t\t<div class=\"elementor-widget-wrap elementor-element-populated\">\n\t\t\t\t\t\t<div class=\"elementor-element elementor-element-f8fc273 elementor-widget elementor-widget-spacer\" data-id=\"f8fc273\" data-element_type=\"widget\" data-widget_type=\"spacer.default\">\n\t\t\t\t<div class=\"elementor-widget-container\">\n\t\t\t\t\t\t\t<div class=\"elementor-spacer\">\n\t\t\t<div class=\"elementor-spacer-inner\"><\/div>\n\t\t<\/div>\n\t\t\t\t\t\t<\/div>\n\t\t\t\t<\/div>\n\t\t\t\t\t<\/div>\n\t\t<\/div>\n\t\t\t\t\t<\/div>\n\t\t<\/section>\n\t\t\t\t<section class=\"elementor-section elementor-top-section elementor-element elementor-element-144904c elementor-section-boxed elementor-section-height-default elementor-section-height-default\" data-id=\"144904c\" data-element_type=\"section\">\n\t\t\t\t\t\t<div class=\"elementor-container elementor-column-gap-default\">\n\t\t\t\t\t<div class=\"elementor-column elementor-col-100 elementor-top-column elementor-element elementor-element-56aa761\" data-id=\"56aa761\" data-element_type=\"column\">\n\t\t\t<div class=\"elementor-widget-wrap elementor-element-populated\">\n\t\t\t\t\t\t<div class=\"elementor-element elementor-element-b12eade elementor-widget elementor-widget-heading\" data-id=\"b12eade\" data-element_type=\"widget\" data-widget_type=\"heading.default\">\n\t\t\t\t<div class=\"elementor-widget-container\">\n\t\t\t\t\t<h2 class=\"elementor-heading-title elementor-size-default\">Mevzuat<\/h2>\t\t\t\t<\/div>\n\t\t\t\t<\/div>\n\t\t\t\t<div class=\"elementor-element elementor-element-ae3a8e9 elementor-widget-divider--view-line elementor-widget elementor-widget-divider\" data-id=\"ae3a8e9\" data-element_type=\"widget\" data-widget_type=\"divider.default\">\n\t\t\t\t<div class=\"elementor-widget-container\">\n\t\t\t\t\t\t\t<div class=\"elementor-divider\">\n\t\t\t<span class=\"elementor-divider-separator\">\n\t\t\t\t\t\t<\/span>\n\t\t<\/div>\n\t\t\t\t\t\t<\/div>\n\t\t\t\t<\/div>\n\t\t\t\t\t<\/div>\n\t\t<\/div>\n\t\t\t\t\t<\/div>\n\t\t<\/section>\n\t\t\t\t<section class=\"elementor-section elementor-top-section elementor-element elementor-element-05f510c elementor-section-boxed elementor-section-height-default elementor-section-height-default\" data-id=\"05f510c\" data-element_type=\"section\">\n\t\t\t\t\t\t<div class=\"elementor-container elementor-column-gap-default\">\n\t\t\t\t\t<div class=\"elementor-column elementor-col-100 elementor-top-column elementor-element elementor-element-56a051a\" data-id=\"56a051a\" data-element_type=\"column\">\n\t\t\t<div class=\"elementor-widget-wrap elementor-element-populated\">\n\t\t\t\t\t\t<div class=\"elementor-element elementor-element-d29ce70 elementor-widget elementor-widget-text-editor\" data-id=\"d29ce70\" data-element_type=\"widget\" data-widget_type=\"text-editor.default\">\n\t\t\t\t<div class=\"elementor-widget-container\">\n\t\t\t\t\t\t\t\t\t<p>Lisans\u00fcst\u00fc e\u011fitim lisans e\u011fitiminden farkl\u0131 y\u00f6netmeliklere tabidir. Lisans\u00fcst\u00fc \u00f6\u011frencilerimizin e\u011fitim ve \u00f6\u011fretim s\u00fcre\u00e7lerinin planlanmas\u0131 ve y\u00fcr\u00fct\u00fclmesini d\u00fczenleyen g\u00fcncel y\u00f6netmelik ve uygulama esaslar\u0131na \u00dcniversitemiz \u00d6\u011frenci \u0130\u015fleri Daire Ba\u015fkanl\u0131\u011f\u0131 web sayfas\u0131nda\u00a0Mevzuat\u00a0ba\u015fl\u0131\u011f\u0131 alt\u0131nda yer alan\u00a0<a href=\"https:\/\/atauni.edu.tr\/egitim-ogretim-mevzuati-9\">https:\/\/atauni.edu.tr\/egitim-ogretim-mevzuati-9<\/a>\u00a0linkinden eri\u015filebilmektedir. \u0130leride her hangi bir olumsuz durumla kar\u015f\u0131la\u015fmamak, \u00f6\u011frencilik hak ve sorumluluklar\u0131n\u0131zdan haberdar olmak i\u00e7in \u00f6zellikle \u201cY\u00d6K\u00a0<a href=\"http:\/\/www.mevzuat.gov.tr\/Metin.Aspx?MevzuatKod=7.5.21510&amp;MevzuatIliski=0&amp;sourceXmlSearch=L%C4%B0SANS%C3%9CST%C3%9C%20E%C4%9E%C4%B0T%C4%B0M%20VE%20%C3%96%C4%9ERET%C4%B0M%20Y%C3%96NETMEL%C4%B0%C4%9E%C4%B0\">Lisans\u00fcst\u00fc E\u011fitim ve \u00d6\u011fretim Y\u00f6netmeli\u011fi<\/a>\u201d, \u201c<a href=\"http:\/\/www.mevzuat.gov.tr\/Metin.Aspx?MevzuatKod=8.5.22673&amp;MevzuatIliski=0&amp;sourceXmlSearch=\">Atat\u00fcrk \u00dcniversitesi Lisans\u00fcst\u00fc E\u011fitim ve \u00d6\u011fretim Y\u00f6netmeli\u011fi<\/a>\u201d ve \u201c<a href=\"https:\/\/atauni.edu.tr\/yuklemeler\/e1a18de9277fb4d8756109ed3b705991.pdf\">Atat\u00fcrk \u00dcniversitesi Lisans\u00fcst\u00fc E\u011fitim ve \u00d6\u011fretim Uygulama Esaslar\u0131<\/a>\u201d dikkatle incelemeniz yarar\u0131n\u0131za olacakt\u0131r.\u00a0<\/p>\t\t\t\t\t\t\t\t<\/div>\n\t\t\t\t<\/div>\n\t\t\t\t\t<\/div>\n\t\t<\/div>\n\t\t\t\t\t<\/div>\n\t\t<\/section>\n\t\t\t\t<section class=\"elementor-section elementor-top-section elementor-element elementor-element-8adf968 elementor-section-boxed elementor-section-height-default elementor-section-height-default\" data-id=\"8adf968\" data-element_type=\"section\">\n\t\t\t\t\t\t<div class=\"elementor-container elementor-column-gap-default\">\n\t\t\t\t\t<div class=\"elementor-column elementor-col-100 elementor-top-column elementor-element elementor-element-166d4af\" data-id=\"166d4af\" data-element_type=\"column\">\n\t\t\t<div class=\"elementor-widget-wrap elementor-element-populated\">\n\t\t\t\t\t\t<div class=\"elementor-element elementor-element-d0b20e9 elementor-widget elementor-widget-heading\" data-id=\"d0b20e9\" data-element_type=\"widget\" data-widget_type=\"heading.default\">\n\t\t\t\t<div class=\"elementor-widget-container\">\n\t\t\t\t\t<h2 class=\"elementor-heading-title elementor-size-default\">Lisans\u00fcst\u00fc Program A\u00e7ma \u00d6l\u00e7\u00fctleri<\/h2>\t\t\t\t<\/div>\n\t\t\t\t<\/div>\n\t\t\t\t<div class=\"elementor-element elementor-element-ef5bd25 elementor-widget-divider--view-line elementor-widget elementor-widget-divider\" data-id=\"ef5bd25\" data-element_type=\"widget\" data-widget_type=\"divider.default\">\n\t\t\t\t<div class=\"elementor-widget-container\">\n\t\t\t\t\t\t\t<div class=\"elementor-divider\">\n\t\t\t<span class=\"elementor-divider-separator\">\n\t\t\t\t\t\t<\/span>\n\t\t<\/div>\n\t\t\t\t\t\t<\/div>\n\t\t\t\t<\/div>\n\t\t\t\t\t<\/div>\n\t\t<\/div>\n\t\t\t\t\t<\/div>\n\t\t<\/section>\n\t\t\t\t<section class=\"elementor-section elementor-top-section elementor-element elementor-element-5634215 elementor-section-boxed elementor-section-height-default elementor-section-height-default\" data-id=\"5634215\" data-element_type=\"section\">\n\t\t\t\t\t\t<div class=\"elementor-container elementor-column-gap-default\">\n\t\t\t\t\t<div class=\"elementor-column elementor-col-100 elementor-top-column elementor-element elementor-element-45504f8\" data-id=\"45504f8\" data-element_type=\"column\">\n\t\t\t<div class=\"elementor-widget-wrap elementor-element-populated\">\n\t\t\t\t\t\t<div class=\"elementor-element elementor-element-8f39973 elementor-icon-list--layout-traditional elementor-list-item-link-full_width elementor-widget elementor-widget-icon-list\" data-id=\"8f39973\" data-element_type=\"widget\" data-widget_type=\"icon-list.default\">\n\t\t\t\t<div class=\"elementor-widget-container\">\n\t\t\t\t\t\t\t<ul class=\"elementor-icon-list-items\">\n\t\t\t\t\t\t\t<li class=\"elementor-icon-list-item\">\n\t\t\t\t\t\t\t\t\t\t\t<a href=\"https:\/\/www.yok.gov.tr\/kurumsal\/idari-birimler\/egitim-ogretim-dairesi\/doktora-programi-acma-olcutleri\">\n\n\t\t\t\t\t\t\t\t\t\t\t\t<span class=\"elementor-icon-list-icon\">\n\t\t\t\t\t\t\t<svg aria-hidden=\"true\" class=\"e-font-icon-svg e-fas-link\" viewBox=\"0 0 512 512\" xmlns=\"http:\/\/www.w3.org\/2000\/svg\"><path d=\"M326.612 185.391c59.747 59.809 58.927 155.698.36 214.59-.11.12-.24.25-.36.37l-67.2 67.2c-59.27 59.27-155.699 59.262-214.96 0-59.27-59.26-59.27-155.7 0-214.96l37.106-37.106c9.84-9.84 26.786-3.3 27.294 10.606.648 17.722 3.826 35.527 9.69 52.721 1.986 5.822.567 12.262-3.783 16.612l-13.087 13.087c-28.026 28.026-28.905 73.66-1.155 101.96 28.024 28.579 74.086 28.749 102.325.51l67.2-67.19c28.191-28.191 28.073-73.757 0-101.83-3.701-3.694-7.429-6.564-10.341-8.569a16.037 16.037 0 0 1-6.947-12.606c-.396-10.567 3.348-21.456 11.698-29.806l21.054-21.055c5.521-5.521 14.182-6.199 20.584-1.731a152.482 152.482 0 0 1 20.522 17.197zM467.547 44.449c-59.261-59.262-155.69-59.27-214.96 0l-67.2 67.2c-.12.12-.25.25-.36.37-58.566 58.892-59.387 154.781.36 214.59a152.454 152.454 0 0 0 20.521 17.196c6.402 4.468 15.064 3.789 20.584-1.731l21.054-21.055c8.35-8.35 12.094-19.239 11.698-29.806a16.037 16.037 0 0 0-6.947-12.606c-2.912-2.005-6.64-4.875-10.341-8.569-28.073-28.073-28.191-73.639 0-101.83l67.2-67.19c28.239-28.239 74.3-28.069 102.325.51 27.75 28.3 26.872 73.934-1.155 101.96l-13.087 13.087c-4.35 4.35-5.769 10.79-3.783 16.612 5.864 17.194 9.042 34.999 9.69 52.721.509 13.906 17.454 20.446 27.294 10.606l37.106-37.106c59.271-59.259 59.271-155.699.001-214.959z\"><\/path><\/svg>\t\t\t\t\t\t<\/span>\n\t\t\t\t\t\t\t\t\t\t<span class=\"elementor-icon-list-text\">Doktora Program\u0131 A\u00e7ma \u00d6l\u00e7\u00fctleri<\/span>\n\t\t\t\t\t\t\t\t\t\t\t<\/a>\n\t\t\t\t\t\t\t\t\t<\/li>\n\t\t\t\t\t\t\t\t<li class=\"elementor-icon-list-item\">\n\t\t\t\t\t\t\t\t\t\t\t<a href=\"https:\/\/www.yok.gov.tr\/kurumsal\/idari-birimler\/egitim-ogretim-dairesi\/yuksek-lisans\">\n\n\t\t\t\t\t\t\t\t\t\t\t\t<span class=\"elementor-icon-list-icon\">\n\t\t\t\t\t\t\t<svg aria-hidden=\"true\" class=\"e-font-icon-svg e-fas-link\" viewBox=\"0 0 512 512\" xmlns=\"http:\/\/www.w3.org\/2000\/svg\"><path d=\"M326.612 185.391c59.747 59.809 58.927 155.698.36 214.59-.11.12-.24.25-.36.37l-67.2 67.2c-59.27 59.27-155.699 59.262-214.96 0-59.27-59.26-59.27-155.7 0-214.96l37.106-37.106c9.84-9.84 26.786-3.3 27.294 10.606.648 17.722 3.826 35.527 9.69 52.721 1.986 5.822.567 12.262-3.783 16.612l-13.087 13.087c-28.026 28.026-28.905 73.66-1.155 101.96 28.024 28.579 74.086 28.749 102.325.51l67.2-67.19c28.191-28.191 28.073-73.757 0-101.83-3.701-3.694-7.429-6.564-10.341-8.569a16.037 16.037 0 0 1-6.947-12.606c-.396-10.567 3.348-21.456 11.698-29.806l21.054-21.055c5.521-5.521 14.182-6.199 20.584-1.731a152.482 152.482 0 0 1 20.522 17.197zM467.547 44.449c-59.261-59.262-155.69-59.27-214.96 0l-67.2 67.2c-.12.12-.25.25-.36.37-58.566 58.892-59.387 154.781.36 214.59a152.454 152.454 0 0 0 20.521 17.196c6.402 4.468 15.064 3.789 20.584-1.731l21.054-21.055c8.35-8.35 12.094-19.239 11.698-29.806a16.037 16.037 0 0 0-6.947-12.606c-2.912-2.005-6.64-4.875-10.341-8.569-28.073-28.073-28.191-73.639 0-101.83l67.2-67.19c28.239-28.239 74.3-28.069 102.325.51 27.75 28.3 26.872 73.934-1.155 101.96l-13.087 13.087c-4.35 4.35-5.769 10.79-3.783 16.612 5.864 17.194 9.042 34.999 9.69 52.721.509 13.906 17.454 20.446 27.294 10.606l37.106-37.106c59.271-59.259 59.271-155.699.001-214.959z\"><\/path><\/svg>\t\t\t\t\t\t<\/span>\n\t\t\t\t\t\t\t\t\t\t<span class=\"elementor-icon-list-text\">Y\u00fcksek Lisans Program\u0131 A\u00e7ma \u00d6l\u00e7\u00fctleri<\/span>\n\t\t\t\t\t\t\t\t\t\t\t<\/a>\n\t\t\t\t\t\t\t\t\t<\/li>\n\t\t\t\t\t\t\t\t<li class=\"elementor-icon-list-item\">\n\t\t\t\t\t\t\t\t\t\t\t<a href=\"https:\/\/www.yok.gov.tr\/kurumsal\/idari-birimler\/egitim-ogretim-dairesi\/uluslararasi-ortak-egitim-ogretim-programlari\">\n\n\t\t\t\t\t\t\t\t\t\t\t\t<span class=\"elementor-icon-list-icon\">\n\t\t\t\t\t\t\t<svg aria-hidden=\"true\" class=\"e-font-icon-svg e-fas-link\" viewBox=\"0 0 512 512\" xmlns=\"http:\/\/www.w3.org\/2000\/svg\"><path d=\"M326.612 185.391c59.747 59.809 58.927 155.698.36 214.59-.11.12-.24.25-.36.37l-67.2 67.2c-59.27 59.27-155.699 59.262-214.96 0-59.27-59.26-59.27-155.7 0-214.96l37.106-37.106c9.84-9.84 26.786-3.3 27.294 10.606.648 17.722 3.826 35.527 9.69 52.721 1.986 5.822.567 12.262-3.783 16.612l-13.087 13.087c-28.026 28.026-28.905 73.66-1.155 101.96 28.024 28.579 74.086 28.749 102.325.51l67.2-67.19c28.191-28.191 28.073-73.757 0-101.83-3.701-3.694-7.429-6.564-10.341-8.569a16.037 16.037 0 0 1-6.947-12.606c-.396-10.567 3.348-21.456 11.698-29.806l21.054-21.055c5.521-5.521 14.182-6.199 20.584-1.731a152.482 152.482 0 0 1 20.522 17.197zM467.547 44.449c-59.261-59.262-155.69-59.27-214.96 0l-67.2 67.2c-.12.12-.25.25-.36.37-58.566 58.892-59.387 154.781.36 214.59a152.454 152.454 0 0 0 20.521 17.196c6.402 4.468 15.064 3.789 20.584-1.731l21.054-21.055c8.35-8.35 12.094-19.239 11.698-29.806a16.037 16.037 0 0 0-6.947-12.606c-2.912-2.005-6.64-4.875-10.341-8.569-28.073-28.073-28.191-73.639 0-101.83l67.2-67.19c28.239-28.239 74.3-28.069 102.325.51 27.75 28.3 26.872 73.934-1.155 101.96l-13.087 13.087c-4.35 4.35-5.769 10.79-3.783 16.612 5.864 17.194 9.042 34.999 9.69 52.721.509 13.906 17.454 20.446 27.294 10.606l37.106-37.106c59.271-59.259 59.271-155.699.001-214.959z\"><\/path><\/svg>\t\t\t\t\t\t<\/span>\n\t\t\t\t\t\t\t\t\t\t<span class=\"elementor-icon-list-text\">Uluslararas\u0131 Ortak E\u011fitim \u00d6\u011fretim Programlar\u0131<\/span>\n\t\t\t\t\t\t\t\t\t\t\t<\/a>\n\t\t\t\t\t\t\t\t\t<\/li>\n\t\t\t\t\t\t<\/ul>\n\t\t\t\t\t\t<\/div>\n\t\t\t\t<\/div>\n\t\t\t\t\t<\/div>\n\t\t<\/div>\n\t\t\t\t\t<\/div>\n\t\t<\/section>\n\t\t\t\t<section class=\"elementor-section elementor-top-section elementor-element elementor-element-05fb20d elementor-section-boxed elementor-section-height-default elementor-section-height-default\" data-id=\"05fb20d\" data-element_type=\"section\">\n\t\t\t\t\t\t<div class=\"elementor-container elementor-column-gap-default\">\n\t\t\t\t\t<div class=\"elementor-column elementor-col-100 elementor-top-column elementor-element elementor-element-89ddac5\" data-id=\"89ddac5\" data-element_type=\"column\">\n\t\t\t<div class=\"elementor-widget-wrap elementor-element-populated\">\n\t\t\t\t\t\t<div class=\"elementor-element elementor-element-0736f71 elementor-widget elementor-widget-spacer\" data-id=\"0736f71\" data-element_type=\"widget\" data-widget_type=\"spacer.default\">\n\t\t\t\t<div class=\"elementor-widget-container\">\n\t\t\t\t\t\t\t<div class=\"elementor-spacer\">\n\t\t\t<div class=\"elementor-spacer-inner\"><\/div>\n\t\t<\/div>\n\t\t\t\t\t\t<\/div>\n\t\t\t\t<\/div>\n\t\t\t\t\t<\/div>\n\t\t<\/div>\n\t\t\t\t\t<\/div>\n\t\t<\/section>\n\t\t\t\t<section class=\"elementor-section elementor-top-section elementor-element elementor-element-c87f2ee elementor-section-boxed elementor-section-height-default elementor-section-height-default\" data-id=\"c87f2ee\" data-element_type=\"section\">\n\t\t\t\t\t\t<div class=\"elementor-container elementor-column-gap-default\">\n\t\t\t\t\t<div class=\"elementor-column elementor-col-100 elementor-top-column elementor-element elementor-element-7947467\" data-id=\"7947467\" data-element_type=\"column\">\n\t\t\t<div class=\"elementor-widget-wrap elementor-element-populated\">\n\t\t\t\t\t\t<div class=\"elementor-element elementor-element-61128fa elementor-widget elementor-widget-heading\" data-id=\"61128fa\" data-element_type=\"widget\" data-widget_type=\"heading.default\">\n\t\t\t\t<div class=\"elementor-widget-container\">\n\t\t\t\t\t<h2 class=\"elementor-heading-title elementor-size-default\">Eski Y\u00f6netmelikler<\/h2>\t\t\t\t<\/div>\n\t\t\t\t<\/div>\n\t\t\t\t<div class=\"elementor-element elementor-element-c84391a elementor-widget-divider--view-line elementor-widget elementor-widget-divider\" data-id=\"c84391a\" data-element_type=\"widget\" data-widget_type=\"divider.default\">\n\t\t\t\t<div class=\"elementor-widget-container\">\n\t\t\t\t\t\t\t<div class=\"elementor-divider\">\n\t\t\t<span class=\"elementor-divider-separator\">\n\t\t\t\t\t\t<\/span>\n\t\t<\/div>\n\t\t\t\t\t\t<\/div>\n\t\t\t\t<\/div>\n\t\t\t\t\t<\/div>\n\t\t<\/div>\n\t\t\t\t\t<\/div>\n\t\t<\/section>\n\t\t\t\t<section class=\"elementor-section elementor-top-section elementor-element elementor-element-4eefe32 elementor-section-boxed elementor-section-height-default elementor-section-height-default\" data-id=\"4eefe32\" data-element_type=\"section\">\n\t\t\t\t\t\t<div class=\"elementor-container elementor-column-gap-default\">\n\t\t\t\t\t<div class=\"elementor-column elementor-col-100 elementor-top-column elementor-element elementor-element-b93914c\" data-id=\"b93914c\" data-element_type=\"column\">\n\t\t\t<div class=\"elementor-widget-wrap elementor-element-populated\">\n\t\t\t\t\t\t<div class=\"elementor-element elementor-element-d89a7e4 elementor-widget elementor-widget-text-editor\" data-id=\"d89a7e4\" data-element_type=\"widget\" data-widget_type=\"text-editor.default\">\n\t\t\t\t<div class=\"elementor-widget-container\">\n\t\t\t\t\t\t\t\t\t<p>Eski Y\u00f6netmelikler i\u00e7in a\u015fa\u011f\u0131daki linkleri inceleyebilirsiniz.<br \/>8 Haziran 2010 Tarihli ve 27605 tarihli Resmi Gazete&#8217;de yay\u0131mlanan\u00a0<a href=\"https:\/\/www.resmigazete.gov.tr\/eskiler\/2010\/06\/20100608-7.htm\">ATAT\u00dcRK \u00dcN\u0130VERS\u0130TES\u0130 L\u0130SANS\u00dcST\u00dc E\u011e\u0130T\u0130M VE\u00a0\u00d6\u011eRET\u0130M Y\u00d6NETMEL\u0130\u011e\u0130<\/a>\u00a0<br \/>11 Temmuz 2013 Tarihli ve 28704 tarihli Resmi Gazete&#8217;de yay\u0131mlanan\u00a0<a href=\"http:\/\/www.resmigazete.gov.tr\/eskiler\/2013\/07\/20130711-15.htm\">ATAT\u00dcRK \u00dcN\u0130VERS\u0130TES\u0130 L\u0130SANS\u00dcST\u00dc E\u011e\u0130T\u0130M VE\u00a0\u00d6\u011eRET\u0130M Y\u00d6NETMEL\u0130\u011e\u0130<\/a><\/p>\t\t\t\t\t\t\t\t<\/div>\n\t\t\t\t<\/div>\n\t\t\t\t\t<\/div>\n\t\t<\/div>\n\t\t\t\t\t<\/div>\n\t\t<\/section>\n\t\t\t\t<section class=\"elementor-section elementor-top-section elementor-element elementor-element-f2af23a elementor-section-boxed elementor-section-height-default elementor-section-height-default\" data-id=\"f2af23a\" data-element_type=\"section\">\n\t\t\t\t\t\t<div class=\"elementor-container elementor-column-gap-default\">\n\t\t\t\t\t<div class=\"elementor-column elementor-col-100 elementor-top-column elementor-element elementor-element-89e33f1\" data-id=\"89e33f1\" data-element_type=\"column\">\n\t\t\t<div class=\"elementor-widget-wrap elementor-element-populated\">\n\t\t\t\t\t\t<div class=\"elementor-element elementor-element-d4638e1 elementor-widget elementor-widget-spacer\" data-id=\"d4638e1\" data-element_type=\"widget\" data-widget_type=\"spacer.default\">\n\t\t\t\t<div class=\"elementor-widget-container\">\n\t\t\t\t\t\t\t<div class=\"elementor-spacer\">\n\t\t\t<div class=\"elementor-spacer-inner\"><\/div>\n\t\t<\/div>\n\t\t\t\t\t\t<\/div>\n\t\t\t\t<\/div>\n\t\t\t\t\t<\/div>\n\t\t<\/div>\n\t\t\t\t\t<\/div>\n\t\t<\/section>\n\t\t\t\t<\/div>\n\t\t","protected":false},"excerpt":{"rendered":"<p>Mevzuat Lisans\u00fcst\u00fc e\u011fitim lisans e\u011fitiminden farkl\u0131 y\u00f6netmeliklere tabidir. Lisans\u00fcst\u00fc \u00f6\u011frencilerimizin e\u011fitim ve \u00f6\u011fretim s\u00fcre\u00e7lerinin planlanmas\u0131 ve y\u00fcr\u00fct\u00fclmesini d\u00fczenleyen g\u00fcncel y\u00f6netmelik ve uygulama esaslar\u0131na \u00dcniversitemiz \u00d6\u011frenci \u0130\u015fleri Daire Ba\u015fkanl\u0131\u011f\u0131 web sayfas\u0131nda\u00a0Mevzuat\u00a0ba\u015fl\u0131\u011f\u0131 alt\u0131nda yer alan\u00a0https:\/\/atauni.edu.tr\/egitim-ogretim-mevzuati-9\u00a0linkinden eri\u015filebilmektedir. \u0130leride her hangi bir olumsuz durumla kar\u015f\u0131la\u015fmamak, \u00f6\u011frencilik hak ve sorumluluklar\u0131n\u0131zdan haberdar olmak i\u00e7in \u00f6zellikle \u201cY\u00d6K\u00a0Lisans\u00fcst\u00fc E\u011fitim ve \u00d6\u011fretim Y\u00f6netmeli\u011fi\u201d, \u201cAtat\u00fcrk [&hellip;]<\/p>\n","protected":false},"author":1,"featured_media":0,"parent":0,"menu_order":0,"comment_status":"closed","ping_status":"closed","template":"","meta":{"footnotes":""},"class_list":["post-5997","page","type-page","status-publish","hentry"],"_links":{"self":[{"href":"https:\/\/atauni.edu.tr\/turkiyat-arastirmalari-enstitusu\/wp-json\/wp\/v2\/pages\/5997","targetHints":{"allow":["GET"]}}],"collection":[{"href":"https:\/\/atauni.edu.tr\/turkiyat-arastirmalari-enstitusu\/wp-json\/wp\/v2\/pages"}],"about":[{"href":"https:\/\/atauni.edu.tr\/turkiyat-arastirmalari-enstitusu\/wp-json\/wp\/v2\/types\/page"}],"author":[{"embeddable":true,"href":"https:\/\/atauni.edu.tr\/turkiyat-arastirmalari-enstitusu\/wp-json\/wp\/v2\/users\/1"}],"replies":[{"embeddable":true,"href":"https:\/\/atauni.edu.tr\/turkiyat-arastirmalari-enstitusu\/wp-json\/wp\/v2\/comments?post=5997"}],"version-history":[{"count":44,"href":"https:\/\/atauni.edu.tr\/turkiyat-arastirmalari-enstitusu\/wp-json\/wp\/v2\/pages\/5997\/revisions"}],"predecessor-version":[{"id":8257,"href":"https:\/\/atauni.edu.tr\/turkiyat-arastirmalari-enstitusu\/wp-json\/wp\/v2\/pages\/5997\/revisions\/8257"}],"wp:attachment":[{"href":"https:\/\/atauni.edu.tr\/turkiyat-arastirmalari-enstitusu\/wp-json\/wp\/v2\/media?parent=5997"}],"curies":[{"name":"wp","href":"https:\/\/api.w.org\/{rel}","templated":true}]}}