{"id":6444,"date":"2024-12-05T10:53:58","date_gmt":"2024-12-05T07:53:58","guid":{"rendered":"https:\/\/birimler.atauni.edu.tr\/turkiyat-arastirmalari-enstitusu\/?page_id=6444"},"modified":"2025-02-11T08:37:39","modified_gmt":"2025-02-11T05:37:39","slug":"yabanci-uyruklu-ogrenciler","status":"publish","type":"page","link":"https:\/\/atauni.edu.tr\/turkiyat-arastirmalari-enstitusu\/yabanci-uyruklu-ogrenciler\/","title":{"rendered":"Uluslararas\u0131 \u00d6\u011frenciler"},"content":{"rendered":"\t\t<div data-elementor-type=\"wp-page\" data-elementor-id=\"6444\" class=\"elementor elementor-6444\" data-elementor-post-type=\"page\">\n\t\t\t\t\t\t<section class=\"elementor-section elementor-top-section elementor-element elementor-element-b27474d elementor-section-boxed elementor-section-height-default elementor-section-height-default\" data-id=\"b27474d\" data-element_type=\"section\">\n\t\t\t\t\t\t<div class=\"elementor-container elementor-column-gap-default\">\n\t\t\t\t\t<div class=\"elementor-column elementor-col-100 elementor-top-column elementor-element elementor-element-096de4c\" data-id=\"096de4c\" data-element_type=\"column\">\n\t\t\t<div class=\"elementor-widget-wrap elementor-element-populated\">\n\t\t\t\t\t\t<div class=\"elementor-element elementor-element-53c063e elementor-widget elementor-widget-text-editor\" data-id=\"53c063e\" data-element_type=\"widget\" data-widget_type=\"text-editor.default\">\n\t\t\t\t<div class=\"elementor-widget-container\">\n\t\t\t\t\t\t\t\t\t<p><span style=\"color: #800000\">Uluslararas\u0131 \u00f6\u011frenciler i\u00e7in haz\u0131rlanm\u0131\u015f detayl\u0131 bilgilere ula\u015fmak i\u00e7in<\/span> <a href=\"https:\/\/admission.atauni.edu.tr\/atayos\/\" target=\"_blank\" rel=\"noopener\">t\u0131klay\u0131n\u0131z&#8230;<\/a><\/p>\t\t\t\t\t\t\t\t<\/div>\n\t\t\t\t<\/div>\n\t\t\t\t\t<\/div>\n\t\t<\/div>\n\t\t\t\t\t<\/div>\n\t\t<\/section>\n\t\t\t\t<section class=\"elementor-section elementor-top-section elementor-element elementor-element-cd08863 elementor-section-boxed elementor-section-height-default elementor-section-height-default\" data-id=\"cd08863\" data-element_type=\"section\">\n\t\t\t\t\t\t<div class=\"elementor-container elementor-column-gap-default\">\n\t\t\t\t\t<div class=\"elementor-column elementor-col-100 elementor-top-column elementor-element elementor-element-a3cd146\" data-id=\"a3cd146\" data-element_type=\"column\">\n\t\t\t<div class=\"elementor-widget-wrap elementor-element-populated\">\n\t\t\t\t\t\t<div class=\"elementor-element elementor-element-e84fa80 elementor-widget elementor-widget-text-editor\" data-id=\"e84fa80\" data-element_type=\"widget\" data-widget_type=\"text-editor.default\">\n\t\t\t\t<div class=\"elementor-widget-container\">\n\t\t\t\t\t\t\t\t\t<div style=\"font-family: Ubuntu;font-size: 12px;text-align: justify\"><span style=\"font-size: 14px;color: var( --e-global-color-text );font-weight: var( --e-global-typography-text-font-weight );letter-spacing: 0px\">\u00dcniversitemizde lisans\u00fcst\u00fc d\u00fczeyde yabanc\u0131 uyruklu adaylarla lisans e\u011fitiminin tamam\u0131n\u0131 yurt d\u0131\u015f\u0131nda tamamlayan T\u00fcrkiye Cumhuriyeti vatanda\u015f\u0131 adaylar\u0131n lisans\u00fcst\u00fc programlara kabul \u015fartlar\u0131 Atat\u00fcrk \u00dcniversitesi\u00a0<\/span><a style=\"font-size: 14px;font-weight: var( --e-global-typography-text-font-weight );background-color: #ffffff;letter-spacing: 0px\" href=\"https:\/\/atauni.edu.tr\/yuklemeler\/508c05f0a37933d37ec1ed10971d9c0d.pdf\" target=\"_blank\" rel=\"noopener\">Lisans\u00fcst\u00fc E\u011fitim ve \u00d6\u011fretim Uygulama Esaslar\u0131<\/a><span style=\"font-size: 14px;color: var( --e-global-color-text );font-weight: var( --e-global-typography-text-font-weight );letter-spacing: 0px\">\u00a0<\/span><span style=\"font-size: 14px;color: var( --e-global-color-text );letter-spacing: 0px;font-weight: bolder\">Madde 36<\/span><span style=\"font-size: 14px;color: var( --e-global-color-text );font-weight: var( --e-global-typography-text-font-weight );letter-spacing: 0px\">&#8216;da d\u00fczenlenmi\u015ftir. \u0130lgili h\u00fck\u00fcmler a\u015fa\u011f\u0131da verilmi\u015ftir.<\/span><\/div><div style=\"font-family: Ubuntu;font-size: 12px;text-align: justify\" data-empty=\"true\"><span style=\"font-size: 14px\">\u00a0<\/span><\/div><div style=\"font-family: Ubuntu;font-size: 12px;text-align: justify\"><span style=\"font-size: 14px\">Yurtd\u0131\u015f\u0131 \u00dcniversitelerin tan\u0131n\u0131rl\u0131\u011f\u0131 ve denklik i\u015flemleri i\u00e7in Y\u00d6K Tan\u0131ma ve Denklik Hizmetleri Daire Ba\u015fkanl\u0131\u011f\u0131\u00a0<a href=\"https:\/\/denklik.yok.gov.tr\/ana-sayfa\" target=\"_blank\" rel=\"noopener\">web sayfas\u0131<\/a>\u00a0incelenebilir.<\/span><\/div><div style=\"font-family: Ubuntu;font-size: 12px;text-align: justify\" data-empty=\"true\">\u00a0<\/div><div style=\"font-family: Ubuntu;font-size: 12px;text-align: justify\"><span style=\"font-weight: bolder\">ATAT\u00dcRK \u00dcN\u0130VERS\u0130TES\u0130 L\u0130SANS\u00dcST\u00dc E\u011e\u0130T\u0130M VE \u00d6\u011eRET\u0130M UYGULAMA ESASLARI<\/span><\/div><div style=\"font-family: Ubuntu;font-size: 12px;text-align: justify\"><span style=\"font-weight: bolder\">MADDE 36<\/span>\u2013 (1) Yabanc\u0131 uyruklu adaylarla lisans e\u011fitiminin tamam\u0131n\u0131 yurt d\u0131\u015f\u0131nda tamamlayan T\u00fcrkiye Cumhuriyeti vatanda\u015f\u0131 adaylar, Y\u00d6K kararlar\u0131nda belirtilen esaslar \u00e7er\u00e7evesinde, lisans\u00fcst\u00fc programlara kabul edilirler.Adaylar\u0131n ba\u015fvuru i\u015flemleri ilgili enstit\u00fc m\u00fcd\u00fcrl\u00fc\u011f\u00fc taraf\u0131ndan y\u00fcr\u00fct\u00fcl\u00fcr.<\/div><div style=\"font-family: Ubuntu;font-size: 12px;text-align: justify\">(2) Yabanc\u0131 uyruklu adaylarla lisans e\u011fitiminin tamam\u0131n\u0131 yurt d\u0131\u015f\u0131nda tamamlayan T\u00fcrkiye Cumhuriyeti vatanda\u015f\u0131 adaylar\u0131n lisans\u00fcst\u00fc programlara ba\u015fvurular\u0131nda;<\/div><div style=\"font-family: Ubuntu;font-size: 12px;text-align: justify\">a) Y\u00fcksek lisans programlar\u0131na ba\u015fvuracak adaylar\u0131n, ilgili veya yak\u0131n ana bilim\/ana sanat dal\u0131nda Y\u00d6K taraf\u0131ndan denkli\u011fi tan\u0131nan bir lisans diplomas\u0131na sahip olmalar\u0131; ana dilleri d\u0131\u015f\u0131nda \u0130ngilizce, Almanca, Frans\u0131zca, \u0130talyanca,\u0130spanyolca, Rus\u00e7a, Arap\u00e7a, \u00c7ince, Japonca, Fars\u00e7a dillerinin birinden merkez\u00ee yabanc\u0131 dil s\u0131nav\u0131ndan en az 50 puan veya \u00d6SYM Y\u00f6netim Kurulu taraf\u0131ndan e\u015f de\u011ferli\u011fi kabul edilen uluslararas\u0131 bir yabanc\u0131 dil s\u0131nav\u0131ndan bu puan muadili bir puanalmalar\u0131 gerekir.<\/div><div style=\"font-family: Ubuntu;font-size: 12px;text-align: justify\">b) Doktora programlar\u0131na ba\u015fvuracak adaylar\u0131n, ilgili veya yak\u0131n ana bilim\/ana sanat dal\u0131nda Y\u00d6K taraf\u0131ndan denkli\u011fi tan\u0131nan bir y\u00fcksek lisans diplomas\u0131na veya T\u00fcrkiye\u2019deki y\u00fcksek\u00f6\u011fretim kurumlar\u0131ndan birinden y\u00fcksek lisans diplomas\u0131na sahip olmalar\u0131; ana dilleri d\u0131\u015f\u0131nda \u0130ngilizce, Almanca, Frans\u0131zca, \u0130talyanca, \u0130spanyolca, Rus\u00e7a, Arap\u00e7a, \u00c7ince, Japonca,Fars\u00e7a dillerinin birinden merkez\u00ee yabanc\u0131 dil s\u0131nav\u0131ndan en az 55 puan veya \u00d6SYM Y\u00f6netim Kurulu taraf\u0131ndan e\u015f de\u011ferli\u011fi kabul edilen uluslararas\u0131 bir yabanc\u0131 dil s\u0131nav\u0131ndan bu puan muadili bir puan almalar\u0131 gerekir.<\/div><div style=\"font-family: Ubuntu;font-size: 12px;text-align: justify\">c) Yurtd\u0131\u015f\u0131nda ikamet eden T\u00fcrk uyruklu adaylarda ilgili ALES puan\u0131n\u0131n en az 55 puan olmas\u0131 \u015fart\u0131 aran\u0131r.<\/div><div style=\"font-family: Ubuntu;font-size: 12px;text-align: justify\">\u00e7) Yabanc\u0131 uyruklu \u00f6\u011frencilerin lisans\u00fcst\u00fc programlara kabul\u00fcnde ALES puan\u0131 \u015fart\u0131 aranmaz.<\/div><div style=\"font-family: Ubuntu;font-size: 12px;text-align: justify\">(3) Yabanc\u0131 dille veya yabanc\u0131 dilde e\u011fitim yapan lisans\u00fcst\u00fc programlar hari\u00e7, yabanc\u0131 uyruklu \u00f6\u011frencilerin programa kesin kay\u0131t hakk\u0131 kazanabilmeleri i\u00e7in, ilgili enstit\u00fc y\u00f6netim kurulunun belirledi\u011fi \u00fc\u00e7 ki\u015filik j\u00fcri veya Rekt\u00f6rl\u00fc\u011f\u00fcn uygun g\u00f6rece\u011fi birim taraf\u0131ndan yap\u0131lacak T\u00fcrk\u00e7e dil s\u0131nav\u0131ndan 100 \u00fczerinden en az 70 veya B2 d\u00fczeyinde puan al\u0131nmas\u0131 gerekir.S\u0131navda ba\u015far\u0131s\u0131z olan \u00f6\u011frenciler, T\u00fcrk\u00e7e \u00f6\u011frenmek i\u00e7in bir y\u0131l izinli say\u0131l\u0131r. Bir y\u0131l i\u00e7inde ayn\u0131 \u015fekilde yap\u0131lacak T\u00fcrk\u00e7e dil s\u0131nav\u0131nda da ba\u015far\u0131l\u0131 olamayan \u00f6\u011frencilerin y\u00fcksek lisans ve doktora programlar\u0131na kayd\u0131 yap\u0131lmaz. \u0130lgili enstit\u00fc y\u00f6netim kurulu taraf\u0131ndan kabul edilen T\u00fcrk\u00e7e ba\u015far\u0131 belgesine sahip adaylar T\u00fcrk\u00e7e dil s\u0131nav\u0131ndan muaf say\u0131l\u0131r.<\/div><div style=\"font-family: Ubuntu;font-size: 12px;text-align: justify\">(4) Lisans veya y\u00fcksek lisans diplomalar\u0131n\u0131n denkli\u011finde Y\u00d6K taraf\u0131ndan al\u0131nan kararlar uygulan\u0131r. Bu kararlara ayk\u0131r\u0131 bir durumun belirlenmesi h\u00e2linde programa devam eden \u00f6\u011frencilerin ili\u015fikleri kesilir, mezun olanlar\u0131n da diplomalar\u0131 iptal edilir.<\/div><div style=\"font-family: Ubuntu;font-size: 12px;text-align: justify\">(5) Bu \u00f6\u011frenciler, ilgili ana bilim\/ana sanat dal\u0131n\u0131n g\u00f6r\u00fc\u015f\u00fc do\u011frultusunda bilimsel haz\u0131rl\u0131k program\u0131na tabi tutulabilir.<\/div><div style=\"font-family: Ubuntu;font-size: 12px;text-align: justify\">(6) Kay\u0131t hakk\u0131 kazanan \u00f6\u011frencilerin ge\u00e7ici kay\u0131tlar\u0131 ilgili enstit\u00fcye yap\u0131l\u0131r ve \u00f6\u011frencilik i\u015flemleri ba\u015flat\u0131l\u0131r. Bu \u00f6\u011frencilerin mezun olduklar\u0131 y\u00fcksek\u00f6\u011fretim kurumunun Y\u00d6K taraf\u0131ndan denkli\u011fi kabul edildikten sonra kesin kay\u0131tlar\u0131 yap\u0131l\u0131r, aksi takdirde adaylar\u0131n ilgili enstit\u00fc ile ili\u015fikleri kesilir.<\/div><div style=\"font-family: Ubuntu;font-size: 12px;text-align: justify\">(7) E\u011fitim dili T\u00fcrk\u00e7e olan lisans\u00fcst\u00fc programlara \u00f6\u011frenci kabul\u00fcnde;<\/div><div style=\"font-family: Ubuntu;font-size: 12px;text-align: justify\">a) Y\u00fcksek lisans programlar\u0131 i\u00e7in adaylar\u0131n lisans mezuniyet notu, sunacaklar\u0131 ara\u015ft\u0131rma \u00f6nerisi, ara\u015ft\u0131rma niyet mektubu ve aday hakk\u0131nda daha \u00f6nce ders ald\u0131\u011f\u0131 \u00f6\u011fretim \u00fcyeleri taraf\u0131ndan yaz\u0131lan en az iki referans mektubu g\u00f6z \u00f6n\u00fcnde bulundurularak,<\/div><div style=\"font-family: Ubuntu;font-size: 12px;text-align: justify\">b) Doktora programlar\u0131 i\u00e7in adaylar\u0131n lisans ve y\u00fcksek lisans mezuniyet notlar\u0131, sunacaklar\u0131 ara\u015ft\u0131rma \u00f6nerisi,ara\u015ft\u0131rma niyet mektubu ve aday hakk\u0131nda daha \u00f6nce ders ald\u0131\u011f\u0131 \u00f6\u011fretim \u00fcyeleri taraf\u0131ndan yaz\u0131lan en az iki referans mektubu g\u00f6z \u00f6n\u00fcnde bulundurularak,ana bilim\/ana sanat ve\/veya bilim\/sanat dal\u0131n\u0131n g\u00f6r\u00fc\u015f\u00fc al\u0131narak ilgili enstit\u00fc y\u00f6netim kurulu taraf\u0131ndan karar verilir.<\/div><div style=\"font-family: Ubuntu;font-size: 12px;text-align: justify\">c)K\u0131\u015f Sporlar\u0131 ve Spor Bilimleri Enstit\u00fcs\u00fc ile G\u00fczel Sanatlar Enstit\u00fcs\u00fc programlar\u0131na ba\u015fvurular\u0131n de\u011ferlendirmesinde bu maddenin (a) ve (b) f\u0131kralar\u0131nda ifade edilen hususlara ek olarak dosya incelenmesi veya uygulamal\u0131 s\u0131nav notu da dikkate al\u0131n\u0131r.<\/div><div style=\"font-family: Ubuntu;font-size: 12px;text-align: justify\">(8) E\u011fitim dili yabanc\u0131 dilde olan lisans\u00fcst\u00fc programlara \u00f6\u011frenci kabul\u00fcne;<\/div><div style=\"font-family: Ubuntu;font-size: 12px;text-align: justify\">a) Y\u00fcksek lisans programlar\u0131 i\u00e7in adaylar\u0131n lisans mezuniyet notu, sunacaklar\u0131 ara\u015ft\u0131rma \u00f6nerisi, ara\u015ft\u0131rma niyet mektubu ve aday hakk\u0131nda daha \u00f6nce ders ald\u0131\u011f\u0131 \u00f6\u011fretim \u00fcyeleri taraf\u0131ndan yaz\u0131lan en az iki referans mektubu g\u00f6z \u00f6n\u00fcnde bulundurularak,<\/div><div style=\"font-family: Ubuntu;font-size: 12px;text-align: justify\">b) Doktora programlar\u0131 i\u00e7in ise adaylar\u0131n lisans ve y\u00fcksek lisans mezuniyet notlar\u0131, sunacaklar\u0131 ara\u015ft\u0131rma \u00f6nerisi,ara\u015ft\u0131rma niyet mektubu ve aday hakk\u0131nda daha \u00f6nce ders ald\u0131\u011f\u0131 \u00f6\u011fretim \u00fcyeleri taraf\u0131ndan yaz\u0131lan en az iki referans mektubu g\u00f6z \u00f6n\u00fcnde bulundurularak,ana bilim\/ana sanat ve\/veya bilim\/sanat dal\u0131n\u0131n g\u00f6r\u00fc\u015f\u00fc al\u0131narak ilgili enstit\u00fc y\u00f6netim kurulu taraf\u0131ndan karar verilir.<\/div><div style=\"font-family: Ubuntu;font-size: 12px;text-align: justify\">c)K\u0131\u015f Sporlar\u0131 ve Spor Bilimleri Enstit\u00fcs\u00fc ile G\u00fczel Sanatlar Enstit\u00fcs\u00fc programlar\u0131na ba\u015fvurular\u0131n de\u011ferlendirmesinde bu maddenin (a) ve (b) f\u0131kralar\u0131nda ifade edilen hususlara ek olarak dosya incelenmesi veya uygulamal\u0131 s\u0131nav notu da dikkate al\u0131n\u0131r.<\/div><div style=\"font-family: Ubuntu;font-size: 12px;text-align: justify\">\u00e7) Yabanc\u0131 dilde e\u011fitim veren programlara ba\u015fvuran adaylar\u0131n program\u0131n y\u00fcr\u00fct\u00fcld\u00fc\u011f\u00fc dilde yabanc\u0131 dil s\u0131navlar\u0131ndan en az 70 veya \u00d6SYM taraf\u0131ndan e\u015f de\u011ferli\u011fi kabul edilen uluslararas\u0131 bir yabanc\u0131 dil s\u0131nav\u0131ndan bu puan muadili bir puana sahip olmas\u0131 \u015fart\u0131 aran\u0131r.<\/div>\t\t\t\t\t\t\t\t<\/div>\n\t\t\t\t<\/div>\n\t\t\t\t\t<\/div>\n\t\t<\/div>\n\t\t\t\t\t<\/div>\n\t\t<\/section>\n\t\t\t\t<\/div>\n\t\t","protected":false},"excerpt":{"rendered":"<p>Uluslararas\u0131 \u00f6\u011frenciler i\u00e7in haz\u0131rlanm\u0131\u015f detayl\u0131 bilgilere ula\u015fmak i\u00e7in t\u0131klay\u0131n\u0131z&#8230; \u00dcniversitemizde lisans\u00fcst\u00fc d\u00fczeyde yabanc\u0131 uyruklu adaylarla lisans e\u011fitiminin tamam\u0131n\u0131 yurt d\u0131\u015f\u0131nda tamamlayan T\u00fcrkiye Cumhuriyeti vatanda\u015f\u0131 adaylar\u0131n lisans\u00fcst\u00fc programlara kabul \u015fartlar\u0131 Atat\u00fcrk \u00dcniversitesi\u00a0Lisans\u00fcst\u00fc E\u011fitim ve \u00d6\u011fretim Uygulama Esaslar\u0131\u00a0Madde 36&#8217;da d\u00fczenlenmi\u015ftir. \u0130lgili h\u00fck\u00fcmler a\u015fa\u011f\u0131da verilmi\u015ftir.\u00a0Yurtd\u0131\u015f\u0131 \u00dcniversitelerin tan\u0131n\u0131rl\u0131\u011f\u0131 ve denklik i\u015flemleri i\u00e7in Y\u00d6K Tan\u0131ma ve Denklik Hizmetleri Daire Ba\u015fkanl\u0131\u011f\u0131\u00a0web [&hellip;]<\/p>\n","protected":false},"author":632,"featured_media":0,"parent":0,"menu_order":0,"comment_status":"closed","ping_status":"closed","template":"","meta":{"footnotes":""},"class_list":["post-6444","page","type-page","status-publish","hentry"],"_links":{"self":[{"href":"https:\/\/atauni.edu.tr\/turkiyat-arastirmalari-enstitusu\/wp-json\/wp\/v2\/pages\/6444","targetHints":{"allow":["GET"]}}],"collection":[{"href":"https:\/\/atauni.edu.tr\/turkiyat-arastirmalari-enstitusu\/wp-json\/wp\/v2\/pages"}],"about":[{"href":"https:\/\/atauni.edu.tr\/turkiyat-arastirmalari-enstitusu\/wp-json\/wp\/v2\/types\/page"}],"author":[{"embeddable":true,"href":"https:\/\/atauni.edu.tr\/turkiyat-arastirmalari-enstitusu\/wp-json\/wp\/v2\/users\/632"}],"replies":[{"embeddable":true,"href":"https:\/\/atauni.edu.tr\/turkiyat-arastirmalari-enstitusu\/wp-json\/wp\/v2\/comments?post=6444"}],"version-history":[{"count":20,"href":"https:\/\/atauni.edu.tr\/turkiyat-arastirmalari-enstitusu\/wp-json\/wp\/v2\/pages\/6444\/revisions"}],"predecessor-version":[{"id":7492,"href":"https:\/\/atauni.edu.tr\/turkiyat-arastirmalari-enstitusu\/wp-json\/wp\/v2\/pages\/6444\/revisions\/7492"}],"wp:attachment":[{"href":"https:\/\/atauni.edu.tr\/turkiyat-arastirmalari-enstitusu\/wp-json\/wp\/v2\/media?parent=6444"}],"curies":[{"name":"wp","href":"https:\/\/api.w.org\/{rel}","templated":true}]}}