{"id":6714,"date":"2024-12-17T14:17:18","date_gmt":"2024-12-17T11:17:18","guid":{"rendered":"https:\/\/birimler.atauni.edu.tr\/turkiyat-arastirmalari-enstitusu\/?page_id=6714"},"modified":"2025-12-25T12:30:24","modified_gmt":"2025-12-25T09:30:24","slug":"enstitu-yonetim-kurulu","status":"publish","type":"page","link":"https:\/\/atauni.edu.tr\/turkiyat-arastirmalari-enstitusu\/enstitu-yonetim-kurulu\/","title":{"rendered":"Enstit\u00fc Y\u00f6netim Kurulu"},"content":{"rendered":"\t\t<div data-elementor-type=\"wp-page\" data-elementor-id=\"6714\" class=\"elementor elementor-6714\" data-elementor-post-type=\"page\">\n\t\t\t\t\t\t<section class=\"elementor-section elementor-top-section elementor-element elementor-element-e276fc6 elementor-section-boxed elementor-section-height-default elementor-section-height-default\" data-id=\"e276fc6\" data-element_type=\"section\">\n\t\t\t\t\t\t<div class=\"elementor-container elementor-column-gap-default\">\n\t\t\t\t\t<div class=\"elementor-column elementor-col-100 elementor-top-column elementor-element elementor-element-46753a0\" data-id=\"46753a0\" data-element_type=\"column\">\n\t\t\t<div class=\"elementor-widget-wrap elementor-element-populated\">\n\t\t\t\t\t\t<div class=\"elementor-element elementor-element-c4b954d elementor-widget elementor-widget-heading\" data-id=\"c4b954d\" data-element_type=\"widget\" data-widget_type=\"heading.default\">\n\t\t\t\t<div class=\"elementor-widget-container\">\n\t\t\t\t\t<h3 class=\"elementor-heading-title elementor-size-default\"><b><u>Enstit\u00fc Y\u00f6netim Kurulu<\/u><\/b><\/h3>\t\t\t\t<\/div>\n\t\t\t\t<\/div>\n\t\t\t\t\t<\/div>\n\t\t<\/div>\n\t\t\t\t\t<\/div>\n\t\t<\/section>\n\t\t\t\t<section class=\"elementor-section elementor-top-section elementor-element elementor-element-546f3235 elementor-section-boxed elementor-section-height-default elementor-section-height-default\" data-id=\"546f3235\" data-element_type=\"section\">\n\t\t\t\t\t\t<div class=\"elementor-container elementor-column-gap-default\">\n\t\t\t\t\t<div class=\"elementor-column elementor-col-100 elementor-top-column elementor-element elementor-element-7ca8ec03\" data-id=\"7ca8ec03\" data-element_type=\"column\">\n\t\t\t<div class=\"elementor-widget-wrap elementor-element-populated\">\n\t\t\t\t\t\t<div class=\"elementor-element elementor-element-628f3410 elementor-widget elementor-widget-text-editor\" data-id=\"628f3410\" data-element_type=\"widget\" data-widget_type=\"text-editor.default\">\n\t\t\t\t<div class=\"elementor-widget-container\">\n\t\t\t\t\t\t\t\t\t<h2>\u00a0<\/h2>\n<p><a style=\"color: #000000\" href=\"http:\/\/avesis.atauni.edu.tr\/hbaydemir\" target=\"_blank\" rel=\"noopener\"><strong>Prof. Dr.\u00a0 H\u00fcseyin BAYDEM\u0130R<\/strong><\/a>\u00a0\u2013 Enstit\u00fc M\u00fcd\u00fcr\u00fc<\/p>\n<p><a style=\"color: #000000\" href=\"https:\/\/avesis.atauni.edu.tr\/mmelis.yardimci\" target=\"_blank\" rel=\"noopener\"><strong>Do\u00e7. Dr. Mutlu Melis \u00d6ZGER\u0130\u015e<\/strong><\/a> \u2013 Enstit\u00fc M\u00fcd\u00fcr Yard\u0131mc\u0131s\u0131<\/p>\n<p><a style=\"color: #000000\" href=\"https:\/\/avesis.atauni.edu.tr\/selcuk.demir\" target=\"_blank\" rel=\"noopener\"><strong>Dr. \u00d6\u011fr. \u00dcyesi Sel\u00e7uk DEM\u0130R<\/strong><\/a>\u00a0\u2013 Enstit\u00fc M\u00fcd\u00fcr Yard\u0131mc\u0131s\u0131<\/p>\n<p><a style=\"color: #000000\" href=\"https:\/\/avesis.atauni.edu.tr\/tyasin\" target=\"_blank\" rel=\"noopener\"><strong>Prof. Dr. Yasin TOPALO\u011eLU<\/strong><\/a>\u00a0&#8211; \u00dcye<\/p>\n<p><a style=\"color: #000000\" href=\"http:\/\/avesis.atauni.edu.tr\/recai.kiziltunc\" target=\"_blank\" rel=\"noopener\"><strong>Do\u00e7. Dr. Recai KIZILTUN\u00c7<\/strong><\/a>\u00a0&#8211; \u00dcye<\/p>\n<p><a style=\"color: #000000\" href=\"https:\/\/avesis.atauni.edu.tr\/husna\" target=\"_blank\" rel=\"noopener\"><strong>Do\u00e7. Dr.\u00a0 H\u00fcsna KOTAN<\/strong><\/a> &#8211; \u00dcye<\/p>\n<p><strong>Arzuhan ARSLAN<\/strong>\u00a0 &#8211; Raport\u00f6r \u2013 Enstit\u00fc Sekreteri<\/p>\n<p><\/p>\n<p><\/p>\t\t\t\t\t\t\t\t<\/div>\n\t\t\t\t<\/div>\n\t\t\t\t\t<\/div>\n\t\t<\/div>\n\t\t\t\t\t<\/div>\n\t\t<\/section>\n\t\t\t\t<\/div>\n\t\t","protected":false},"excerpt":{"rendered":"<p>Enstit\u00fc Y\u00f6netim Kurulu \u00a0 Prof. Dr.\u00a0 H\u00fcseyin BAYDEM\u0130R\u00a0\u2013 Enstit\u00fc M\u00fcd\u00fcr\u00fc Do\u00e7. Dr. Mutlu Melis \u00d6ZGER\u0130\u015e \u2013 Enstit\u00fc M\u00fcd\u00fcr Yard\u0131mc\u0131s\u0131 Dr. \u00d6\u011fr. \u00dcyesi Sel\u00e7uk DEM\u0130R\u00a0\u2013 Enstit\u00fc M\u00fcd\u00fcr Yard\u0131mc\u0131s\u0131 Prof. Dr. Yasin TOPALO\u011eLU\u00a0&#8211; \u00dcye Do\u00e7. Dr. Recai KIZILTUN\u00c7\u00a0&#8211; \u00dcye Do\u00e7. Dr.\u00a0 H\u00fcsna KOTAN &#8211; \u00dcye Arzuhan ARSLAN\u00a0 &#8211; Raport\u00f6r \u2013 Enstit\u00fc Sekreteri<\/p>\n","protected":false},"author":632,"featured_media":0,"parent":0,"menu_order":0,"comment_status":"closed","ping_status":"closed","template":"elementor_header_footer","meta":{"footnotes":""},"class_list":["post-6714","page","type-page","status-publish","hentry"],"_links":{"self":[{"href":"https:\/\/atauni.edu.tr\/turkiyat-arastirmalari-enstitusu\/wp-json\/wp\/v2\/pages\/6714","targetHints":{"allow":["GET"]}}],"collection":[{"href":"https:\/\/atauni.edu.tr\/turkiyat-arastirmalari-enstitusu\/wp-json\/wp\/v2\/pages"}],"about":[{"href":"https:\/\/atauni.edu.tr\/turkiyat-arastirmalari-enstitusu\/wp-json\/wp\/v2\/types\/page"}],"author":[{"embeddable":true,"href":"https:\/\/atauni.edu.tr\/turkiyat-arastirmalari-enstitusu\/wp-json\/wp\/v2\/users\/632"}],"replies":[{"embeddable":true,"href":"https:\/\/atauni.edu.tr\/turkiyat-arastirmalari-enstitusu\/wp-json\/wp\/v2\/comments?post=6714"}],"version-history":[{"count":69,"href":"https:\/\/atauni.edu.tr\/turkiyat-arastirmalari-enstitusu\/wp-json\/wp\/v2\/pages\/6714\/revisions"}],"predecessor-version":[{"id":9228,"href":"https:\/\/atauni.edu.tr\/turkiyat-arastirmalari-enstitusu\/wp-json\/wp\/v2\/pages\/6714\/revisions\/9228"}],"wp:attachment":[{"href":"https:\/\/atauni.edu.tr\/turkiyat-arastirmalari-enstitusu\/wp-json\/wp\/v2\/media?parent=6714"}],"curies":[{"name":"wp","href":"https:\/\/api.w.org\/{rel}","templated":true}]}}