{"id":6740,"date":"2025-02-20T15:46:25","date_gmt":"2025-02-20T12:46:25","guid":{"rendered":"https:\/\/birimler.atauni.edu.tr\/turkiyat-arastirmalari-enstitusu\/?page_id=6740"},"modified":"2025-12-17T15:39:06","modified_gmt":"2025-12-17T12:39:06","slug":"egitim-arastirmalari-komisyonu","status":"publish","type":"page","link":"https:\/\/atauni.edu.tr\/turkiyat-arastirmalari-enstitusu\/egitim-arastirmalari-komisyonu\/","title":{"rendered":"E\u011fitim Komisyonu"},"content":{"rendered":"\t\t<div data-elementor-type=\"wp-page\" data-elementor-id=\"6740\" class=\"elementor elementor-6740\" data-elementor-post-type=\"page\">\n\t\t\t\t\t\t<section class=\"elementor-section elementor-top-section elementor-element elementor-element-d2586e7 elementor-section-boxed elementor-section-height-default elementor-section-height-default\" data-id=\"d2586e7\" data-element_type=\"section\">\n\t\t\t\t\t\t<div class=\"elementor-container elementor-column-gap-default\">\n\t\t\t\t\t<div class=\"elementor-column elementor-col-100 elementor-top-column elementor-element elementor-element-0169f1b\" data-id=\"0169f1b\" data-element_type=\"column\">\n\t\t\t<div class=\"elementor-widget-wrap elementor-element-populated\">\n\t\t\t\t\t\t<div class=\"elementor-element elementor-element-ab9ee4f elementor-widget elementor-widget-spacer\" data-id=\"ab9ee4f\" data-element_type=\"widget\" data-widget_type=\"spacer.default\">\n\t\t\t\t<div class=\"elementor-widget-container\">\n\t\t\t\t\t\t\t<div class=\"elementor-spacer\">\n\t\t\t<div class=\"elementor-spacer-inner\"><\/div>\n\t\t<\/div>\n\t\t\t\t\t\t<\/div>\n\t\t\t\t<\/div>\n\t\t\t\t\t<\/div>\n\t\t<\/div>\n\t\t\t\t\t<\/div>\n\t\t<\/section>\n\t\t\t\t<section class=\"elementor-section elementor-top-section elementor-element elementor-element-57f3b05 elementor-section-boxed elementor-section-height-default elementor-section-height-default\" data-id=\"57f3b05\" data-element_type=\"section\">\n\t\t\t\t\t\t<div class=\"elementor-container elementor-column-gap-default\">\n\t\t\t\t\t<div class=\"elementor-column elementor-col-100 elementor-top-column elementor-element elementor-element-874271a\" data-id=\"874271a\" data-element_type=\"column\">\n\t\t\t<div class=\"elementor-widget-wrap elementor-element-populated\">\n\t\t\t\t\t\t<div class=\"elementor-element elementor-element-f0f89c4 elementor-widget elementor-widget-heading\" data-id=\"f0f89c4\" data-element_type=\"widget\" data-widget_type=\"heading.default\">\n\t\t\t\t<div class=\"elementor-widget-container\">\n\t\t\t\t\t<h2 class=\"elementor-heading-title elementor-size-default\">E\u011fitim Ara\u015ft\u0131rmalar\u0131 Komisyonu<\/h2>\t\t\t\t<\/div>\n\t\t\t\t<\/div>\n\t\t\t\t<div class=\"elementor-element elementor-element-3671aa8 elementor-widget-divider--view-line elementor-widget elementor-widget-divider\" data-id=\"3671aa8\" data-element_type=\"widget\" data-widget_type=\"divider.default\">\n\t\t\t\t<div class=\"elementor-widget-container\">\n\t\t\t\t\t\t\t<div class=\"elementor-divider\">\n\t\t\t<span class=\"elementor-divider-separator\">\n\t\t\t\t\t\t<\/span>\n\t\t<\/div>\n\t\t\t\t\t\t<\/div>\n\t\t\t\t<\/div>\n\t\t\t\t\t<\/div>\n\t\t<\/div>\n\t\t\t\t\t<\/div>\n\t\t<\/section>\n\t\t\t\t<section class=\"elementor-section elementor-top-section elementor-element elementor-element-8e9ec54 elementor-section-boxed elementor-section-height-default elementor-section-height-default\" data-id=\"8e9ec54\" data-element_type=\"section\">\n\t\t\t\t\t\t<div class=\"elementor-container elementor-column-gap-default\">\n\t\t\t\t\t<div class=\"elementor-column elementor-col-100 elementor-top-column elementor-element elementor-element-18426a7\" data-id=\"18426a7\" data-element_type=\"column\">\n\t\t\t<div class=\"elementor-widget-wrap elementor-element-populated\">\n\t\t\t\t\t\t<div class=\"elementor-element elementor-element-8073efe elementor-widget elementor-widget-text-editor\" data-id=\"8073efe\" data-element_type=\"widget\" data-widget_type=\"text-editor.default\">\n\t\t\t\t<div class=\"elementor-widget-container\">\n\t\t\t\t\t\t\t\t\t<p><strong>Prof. Dr. H\u00fcseyin BAYDEM\u0130R<\/strong> (Komisyon Ba\u015fkan\u0131)<br \/><strong>Do\u00e7. Dr. Mutlu Melis \u00d6ZGER\u0130\u015e<\/strong> (Ba\u015fkan Yard\u0131mc\u0131s\u0131)<br \/><strong>Do\u00e7. Dr. Servet T\u0130KEN<\/strong> (\u00dcye)<br \/><strong>Dr. \u00d6\u011fr. \u00dcyesi SEL\u00c7UK DEM\u0130R<\/strong>\u00a0(\u00dcye)<br \/><strong>Dr. \u00d6\u011fr. \u00dcyesi<\/strong> <strong>G\u00f6khan C\u0130VELEK<\/strong> (\u00dcye)<br \/><strong>Bar\u0131\u015f \u00d6K\u00c7\u0130N<\/strong> (\u00dcye \u00f6\u011frenci)<br \/><strong>Arzuhan ARSLAN<\/strong>\u00a0(Raport\u00f6r)<\/p>\t\t\t\t\t\t\t\t<\/div>\n\t\t\t\t<\/div>\n\t\t\t\t\t<\/div>\n\t\t<\/div>\n\t\t\t\t\t<\/div>\n\t\t<\/section>\n\t\t\t\t<\/div>\n\t\t","protected":false},"excerpt":{"rendered":"<p>E\u011fitim Ara\u015ft\u0131rmalar\u0131 Komisyonu Prof. Dr. H\u00fcseyin BAYDEM\u0130R (Komisyon Ba\u015fkan\u0131)Do\u00e7. Dr. Mutlu Melis \u00d6ZGER\u0130\u015e (Ba\u015fkan Yard\u0131mc\u0131s\u0131)Do\u00e7. Dr. Servet T\u0130KEN (\u00dcye)Dr. \u00d6\u011fr. \u00dcyesi SEL\u00c7UK DEM\u0130R\u00a0(\u00dcye)Dr. \u00d6\u011fr. \u00dcyesi G\u00f6khan C\u0130VELEK (\u00dcye)Bar\u0131\u015f \u00d6K\u00c7\u0130N (\u00dcye \u00f6\u011frenci)Arzuhan ARSLAN\u00a0(Raport\u00f6r)<\/p>\n","protected":false},"author":641,"featured_media":0,"parent":0,"menu_order":0,"comment_status":"closed","ping_status":"closed","template":"elementor_header_footer","meta":{"footnotes":""},"class_list":["post-6740","page","type-page","status-publish","hentry"],"_links":{"self":[{"href":"https:\/\/atauni.edu.tr\/turkiyat-arastirmalari-enstitusu\/wp-json\/wp\/v2\/pages\/6740","targetHints":{"allow":["GET"]}}],"collection":[{"href":"https:\/\/atauni.edu.tr\/turkiyat-arastirmalari-enstitusu\/wp-json\/wp\/v2\/pages"}],"about":[{"href":"https:\/\/atauni.edu.tr\/turkiyat-arastirmalari-enstitusu\/wp-json\/wp\/v2\/types\/page"}],"author":[{"embeddable":true,"href":"https:\/\/atauni.edu.tr\/turkiyat-arastirmalari-enstitusu\/wp-json\/wp\/v2\/users\/641"}],"replies":[{"embeddable":true,"href":"https:\/\/atauni.edu.tr\/turkiyat-arastirmalari-enstitusu\/wp-json\/wp\/v2\/comments?post=6740"}],"version-history":[{"count":32,"href":"https:\/\/atauni.edu.tr\/turkiyat-arastirmalari-enstitusu\/wp-json\/wp\/v2\/pages\/6740\/revisions"}],"predecessor-version":[{"id":9177,"href":"https:\/\/atauni.edu.tr\/turkiyat-arastirmalari-enstitusu\/wp-json\/wp\/v2\/pages\/6740\/revisions\/9177"}],"wp:attachment":[{"href":"https:\/\/atauni.edu.tr\/turkiyat-arastirmalari-enstitusu\/wp-json\/wp\/v2\/media?parent=6740"}],"curies":[{"name":"wp","href":"https:\/\/api.w.org\/{rel}","templated":true}]}}