{"id":6749,"date":"2025-02-20T15:47:24","date_gmt":"2025-02-20T12:47:24","guid":{"rendered":"https:\/\/birimler.atauni.edu.tr\/turkiyat-arastirmalari-enstitusu\/?page_id=6749"},"modified":"2025-12-17T15:31:51","modified_gmt":"2025-12-17T12:31:51","slug":"ic-degerlendirme-komisyonu","status":"publish","type":"page","link":"https:\/\/atauni.edu.tr\/turkiyat-arastirmalari-enstitusu\/ic-degerlendirme-komisyonu\/","title":{"rendered":"\u0130\u00e7 De\u011ferlendirme Komisyonu"},"content":{"rendered":"\t\t<div data-elementor-type=\"wp-page\" data-elementor-id=\"6749\" class=\"elementor elementor-6749\" data-elementor-post-type=\"page\">\n\t\t\t\t\t\t<section class=\"elementor-section elementor-top-section elementor-element elementor-element-65fdf50 elementor-section-boxed elementor-section-height-default elementor-section-height-default\" data-id=\"65fdf50\" data-element_type=\"section\">\n\t\t\t\t\t\t<div class=\"elementor-container elementor-column-gap-default\">\n\t\t\t\t\t<div class=\"elementor-column elementor-col-100 elementor-top-column elementor-element elementor-element-ba4789d\" data-id=\"ba4789d\" data-element_type=\"column\">\n\t\t\t<div class=\"elementor-widget-wrap elementor-element-populated\">\n\t\t\t\t\t\t<div class=\"elementor-element elementor-element-f75be3c elementor-widget elementor-widget-spacer\" data-id=\"f75be3c\" data-element_type=\"widget\" data-widget_type=\"spacer.default\">\n\t\t\t\t<div class=\"elementor-widget-container\">\n\t\t\t\t\t\t\t<div class=\"elementor-spacer\">\n\t\t\t<div class=\"elementor-spacer-inner\"><\/div>\n\t\t<\/div>\n\t\t\t\t\t\t<\/div>\n\t\t\t\t<\/div>\n\t\t\t\t\t<\/div>\n\t\t<\/div>\n\t\t\t\t\t<\/div>\n\t\t<\/section>\n\t\t\t\t<section class=\"elementor-section elementor-top-section elementor-element elementor-element-2eca562 elementor-section-boxed elementor-section-height-default elementor-section-height-default\" data-id=\"2eca562\" data-element_type=\"section\">\n\t\t\t\t\t\t<div class=\"elementor-container elementor-column-gap-default\">\n\t\t\t\t\t<div class=\"elementor-column elementor-col-100 elementor-top-column elementor-element elementor-element-eedc01a\" data-id=\"eedc01a\" data-element_type=\"column\">\n\t\t\t<div class=\"elementor-widget-wrap elementor-element-populated\">\n\t\t\t\t\t\t<div class=\"elementor-element elementor-element-d2e29c2 elementor-widget elementor-widget-heading\" data-id=\"d2e29c2\" data-element_type=\"widget\" data-widget_type=\"heading.default\">\n\t\t\t\t<div class=\"elementor-widget-container\">\n\t\t\t\t\t<h2 class=\"elementor-heading-title elementor-size-default\">\u0130\u00e7 De\u011ferlendirme Komisyonu<\/h2>\t\t\t\t<\/div>\n\t\t\t\t<\/div>\n\t\t\t\t<div class=\"elementor-element elementor-element-31282a1 elementor-widget-divider--view-line elementor-widget elementor-widget-divider\" data-id=\"31282a1\" data-element_type=\"widget\" data-widget_type=\"divider.default\">\n\t\t\t\t<div class=\"elementor-widget-container\">\n\t\t\t\t\t\t\t<div class=\"elementor-divider\">\n\t\t\t<span class=\"elementor-divider-separator\">\n\t\t\t\t\t\t<\/span>\n\t\t<\/div>\n\t\t\t\t\t\t<\/div>\n\t\t\t\t<\/div>\n\t\t\t\t\t<\/div>\n\t\t<\/div>\n\t\t\t\t\t<\/div>\n\t\t<\/section>\n\t\t\t\t<section class=\"elementor-section elementor-top-section elementor-element elementor-element-c09b1ce elementor-section-boxed elementor-section-height-default elementor-section-height-default\" data-id=\"c09b1ce\" data-element_type=\"section\">\n\t\t\t\t\t\t<div class=\"elementor-container elementor-column-gap-default\">\n\t\t\t\t\t<div class=\"elementor-column elementor-col-100 elementor-top-column elementor-element elementor-element-be7c969\" data-id=\"be7c969\" data-element_type=\"column\">\n\t\t\t<div class=\"elementor-widget-wrap elementor-element-populated\">\n\t\t\t\t\t\t<div class=\"elementor-element elementor-element-df491a9 elementor-widget elementor-widget-text-editor\" data-id=\"df491a9\" data-element_type=\"widget\" data-widget_type=\"text-editor.default\">\n\t\t\t\t<div class=\"elementor-widget-container\">\n\t\t\t\t\t\t\t\t\t<p><strong>Dr. \u00d6\u011fr. \u00dcyesi Sel\u00e7uk DEM\u0130R<\/strong> (Komisyon Ba\u015fkan\u0131)<br \/><strong>Do\u00e7. Dr. Ensar MAC\u0130T<\/strong>\u00a0(Ba\u015fkan Yard\u0131mc\u0131s\u0131)<br \/><strong>Dr. \u00d6\u011fr. \u00dcyesi Veli KILI\u00c7ARASLAN<\/strong> (\u00dcye)<br \/><strong>Dr. \u00d6\u011fr. \u00dcyesi Fatih EK\u0130C\u0130<\/strong> (\u00dcye)<br \/><strong>Ar\u015f. G\u00f6r. Dr. Elif KO\u00c7<\/strong> (\u00dcye)<br \/><strong>Mehmet Zeki KARAAHMETO\u011eLU<\/strong> (\u00dcye \u00f6\u011frenci)<br \/><strong>Arzuhan ARSLAN<\/strong> (Raport\u00f6r)<\/p>\t\t\t\t\t\t\t\t<\/div>\n\t\t\t\t<\/div>\n\t\t\t\t\t<\/div>\n\t\t<\/div>\n\t\t\t\t\t<\/div>\n\t\t<\/section>\n\t\t\t\t<section class=\"elementor-section elementor-top-section elementor-element elementor-element-d80ca9b elementor-section-boxed elementor-section-height-default elementor-section-height-default\" data-id=\"d80ca9b\" data-element_type=\"section\">\n\t\t\t\t\t\t<div class=\"elementor-container elementor-column-gap-default\">\n\t\t\t\t\t<div class=\"elementor-column elementor-col-100 elementor-top-column elementor-element elementor-element-ca3f055\" data-id=\"ca3f055\" data-element_type=\"column\">\n\t\t\t<div class=\"elementor-widget-wrap elementor-element-populated\">\n\t\t\t\t\t\t<div class=\"elementor-element elementor-element-b7c615e elementor-widget elementor-widget-spacer\" data-id=\"b7c615e\" data-element_type=\"widget\" data-widget_type=\"spacer.default\">\n\t\t\t\t<div class=\"elementor-widget-container\">\n\t\t\t\t\t\t\t<div class=\"elementor-spacer\">\n\t\t\t<div class=\"elementor-spacer-inner\"><\/div>\n\t\t<\/div>\n\t\t\t\t\t\t<\/div>\n\t\t\t\t<\/div>\n\t\t\t\t\t<\/div>\n\t\t<\/div>\n\t\t\t\t\t<\/div>\n\t\t<\/section>\n\t\t\t\t<\/div>\n\t\t","protected":false},"excerpt":{"rendered":"<p>\u0130\u00e7 De\u011ferlendirme Komisyonu Dr. \u00d6\u011fr. \u00dcyesi Sel\u00e7uk DEM\u0130R (Komisyon Ba\u015fkan\u0131)Do\u00e7. Dr. Ensar MAC\u0130T\u00a0(Ba\u015fkan Yard\u0131mc\u0131s\u0131)Dr. \u00d6\u011fr. \u00dcyesi Veli KILI\u00c7ARASLAN (\u00dcye)Dr. \u00d6\u011fr. \u00dcyesi Fatih EK\u0130C\u0130 (\u00dcye)Ar\u015f. G\u00f6r. Dr. Elif KO\u00c7 (\u00dcye)Mehmet Zeki KARAAHMETO\u011eLU (\u00dcye \u00f6\u011frenci)Arzuhan ARSLAN (Raport\u00f6r)<\/p>\n","protected":false},"author":641,"featured_media":0,"parent":0,"menu_order":0,"comment_status":"closed","ping_status":"closed","template":"elementor_header_footer","meta":{"footnotes":""},"class_list":["post-6749","page","type-page","status-publish","hentry"],"_links":{"self":[{"href":"https:\/\/atauni.edu.tr\/turkiyat-arastirmalari-enstitusu\/wp-json\/wp\/v2\/pages\/6749","targetHints":{"allow":["GET"]}}],"collection":[{"href":"https:\/\/atauni.edu.tr\/turkiyat-arastirmalari-enstitusu\/wp-json\/wp\/v2\/pages"}],"about":[{"href":"https:\/\/atauni.edu.tr\/turkiyat-arastirmalari-enstitusu\/wp-json\/wp\/v2\/types\/page"}],"author":[{"embeddable":true,"href":"https:\/\/atauni.edu.tr\/turkiyat-arastirmalari-enstitusu\/wp-json\/wp\/v2\/users\/641"}],"replies":[{"embeddable":true,"href":"https:\/\/atauni.edu.tr\/turkiyat-arastirmalari-enstitusu\/wp-json\/wp\/v2\/comments?post=6749"}],"version-history":[{"count":28,"href":"https:\/\/atauni.edu.tr\/turkiyat-arastirmalari-enstitusu\/wp-json\/wp\/v2\/pages\/6749\/revisions"}],"predecessor-version":[{"id":9171,"href":"https:\/\/atauni.edu.tr\/turkiyat-arastirmalari-enstitusu\/wp-json\/wp\/v2\/pages\/6749\/revisions\/9171"}],"wp:attachment":[{"href":"https:\/\/atauni.edu.tr\/turkiyat-arastirmalari-enstitusu\/wp-json\/wp\/v2\/media?parent=6749"}],"curies":[{"name":"wp","href":"https:\/\/api.w.org\/{rel}","templated":true}]}}