{"id":6752,"date":"2025-02-20T15:47:42","date_gmt":"2025-02-20T12:47:42","guid":{"rendered":"https:\/\/birimler.atauni.edu.tr\/turkiyat-arastirmalari-enstitusu\/?page_id=6752"},"modified":"2025-12-17T15:35:11","modified_gmt":"2025-12-17T12:35:11","slug":"toplumsal-katki-komisyonu","status":"publish","type":"page","link":"https:\/\/atauni.edu.tr\/turkiyat-arastirmalari-enstitusu\/toplumsal-katki-komisyonu\/","title":{"rendered":"Toplumsal Katk\u0131 Komisyonu"},"content":{"rendered":"\t\t<div data-elementor-type=\"wp-page\" data-elementor-id=\"6752\" class=\"elementor elementor-6752\" data-elementor-post-type=\"page\">\n\t\t\t\t\t\t<section class=\"elementor-section elementor-top-section elementor-element elementor-element-9f75870 elementor-section-boxed elementor-section-height-default elementor-section-height-default\" data-id=\"9f75870\" data-element_type=\"section\">\n\t\t\t\t\t\t<div class=\"elementor-container elementor-column-gap-default\">\n\t\t\t\t\t<div class=\"elementor-column elementor-col-100 elementor-top-column elementor-element elementor-element-8022d96\" data-id=\"8022d96\" data-element_type=\"column\">\n\t\t\t<div class=\"elementor-widget-wrap elementor-element-populated\">\n\t\t\t\t\t\t<div class=\"elementor-element elementor-element-e21be7f elementor-widget elementor-widget-spacer\" data-id=\"e21be7f\" data-element_type=\"widget\" data-widget_type=\"spacer.default\">\n\t\t\t\t<div class=\"elementor-widget-container\">\n\t\t\t\t\t\t\t<div class=\"elementor-spacer\">\n\t\t\t<div class=\"elementor-spacer-inner\"><\/div>\n\t\t<\/div>\n\t\t\t\t\t\t<\/div>\n\t\t\t\t<\/div>\n\t\t\t\t\t<\/div>\n\t\t<\/div>\n\t\t\t\t\t<\/div>\n\t\t<\/section>\n\t\t\t\t<section class=\"elementor-section elementor-top-section elementor-element elementor-element-069dd50 elementor-section-boxed elementor-section-height-default elementor-section-height-default\" data-id=\"069dd50\" data-element_type=\"section\">\n\t\t\t\t\t\t<div class=\"elementor-container elementor-column-gap-default\">\n\t\t\t\t\t<div class=\"elementor-column elementor-col-100 elementor-top-column elementor-element elementor-element-86f567a\" data-id=\"86f567a\" data-element_type=\"column\">\n\t\t\t<div class=\"elementor-widget-wrap elementor-element-populated\">\n\t\t\t\t\t\t<div class=\"elementor-element elementor-element-97d0562 elementor-widget elementor-widget-heading\" data-id=\"97d0562\" data-element_type=\"widget\" data-widget_type=\"heading.default\">\n\t\t\t\t<div class=\"elementor-widget-container\">\n\t\t\t\t\t<h2 class=\"elementor-heading-title elementor-size-default\">Toplumsal Katk\u0131 Komisyonu<\/h2>\t\t\t\t<\/div>\n\t\t\t\t<\/div>\n\t\t\t\t<div class=\"elementor-element elementor-element-b7fe974 elementor-widget-divider--view-line elementor-widget elementor-widget-divider\" data-id=\"b7fe974\" data-element_type=\"widget\" data-widget_type=\"divider.default\">\n\t\t\t\t<div class=\"elementor-widget-container\">\n\t\t\t\t\t\t\t<div class=\"elementor-divider\">\n\t\t\t<span class=\"elementor-divider-separator\">\n\t\t\t\t\t\t<\/span>\n\t\t<\/div>\n\t\t\t\t\t\t<\/div>\n\t\t\t\t<\/div>\n\t\t\t\t\t<\/div>\n\t\t<\/div>\n\t\t\t\t\t<\/div>\n\t\t<\/section>\n\t\t\t\t<section class=\"elementor-section elementor-top-section elementor-element elementor-element-ca2ef33 elementor-section-boxed elementor-section-height-default elementor-section-height-default\" data-id=\"ca2ef33\" data-element_type=\"section\">\n\t\t\t\t\t\t<div class=\"elementor-container elementor-column-gap-default\">\n\t\t\t\t\t<div class=\"elementor-column elementor-col-100 elementor-top-column elementor-element elementor-element-ecda2ff\" data-id=\"ecda2ff\" data-element_type=\"column\">\n\t\t\t<div class=\"elementor-widget-wrap elementor-element-populated\">\n\t\t\t\t\t\t<div class=\"elementor-element elementor-element-b862abe elementor-widget elementor-widget-text-editor\" data-id=\"b862abe\" data-element_type=\"widget\" data-widget_type=\"text-editor.default\">\n\t\t\t\t<div class=\"elementor-widget-container\">\n\t\t\t\t\t\t\t\t\t<p><strong>Do\u00e7. Dr. Sava\u015f E\u011e\u0130LMEZ<\/strong> (Komisyon Ba\u015fkan\u0131)<br \/><strong>Dr. \u00d6\u011fr. \u00dcyesi Ahmet Safa YILDIRIM<\/strong> (Ba\u015fkan Yard\u0131mc\u0131s\u0131)<br \/><strong>Dr. \u00d6\u011fr. \u00dcyesi \u0130lyas AK<\/strong> (\u00dcye)<br \/><strong>Dr. \u00d6\u011fr. \u00dcyesi Reyhan KARKINLI<\/strong> (\u00dcye)<br \/><strong>Ar\u015f. G\u00f6r. Ay\u015fenur KAPLAN<\/strong> (\u00dcye)<br \/><strong>\u00d6zlem KA\u00c7MAZ<\/strong> (\u00dcye \u00f6\u011frenci)<br \/><strong>Arzuhan ARSLAN<\/strong> (Raport\u00f6r)<\/p>\t\t\t\t\t\t\t\t<\/div>\n\t\t\t\t<\/div>\n\t\t\t\t\t<\/div>\n\t\t<\/div>\n\t\t\t\t\t<\/div>\n\t\t<\/section>\n\t\t\t\t<section class=\"elementor-section elementor-top-section elementor-element elementor-element-9c1aaa7 elementor-section-boxed elementor-section-height-default elementor-section-height-default\" data-id=\"9c1aaa7\" data-element_type=\"section\">\n\t\t\t\t\t\t<div class=\"elementor-container elementor-column-gap-default\">\n\t\t\t\t\t<div class=\"elementor-column elementor-col-100 elementor-top-column elementor-element elementor-element-96824e6\" data-id=\"96824e6\" data-element_type=\"column\">\n\t\t\t<div class=\"elementor-widget-wrap elementor-element-populated\">\n\t\t\t\t\t\t<div class=\"elementor-element elementor-element-acb987f elementor-widget elementor-widget-spacer\" data-id=\"acb987f\" data-element_type=\"widget\" data-widget_type=\"spacer.default\">\n\t\t\t\t<div class=\"elementor-widget-container\">\n\t\t\t\t\t\t\t<div class=\"elementor-spacer\">\n\t\t\t<div class=\"elementor-spacer-inner\"><\/div>\n\t\t<\/div>\n\t\t\t\t\t\t<\/div>\n\t\t\t\t<\/div>\n\t\t\t\t\t<\/div>\n\t\t<\/div>\n\t\t\t\t\t<\/div>\n\t\t<\/section>\n\t\t\t\t<\/div>\n\t\t","protected":false},"excerpt":{"rendered":"<p>Toplumsal Katk\u0131 Komisyonu Do\u00e7. Dr. Sava\u015f E\u011e\u0130LMEZ (Komisyon Ba\u015fkan\u0131)Dr. \u00d6\u011fr. \u00dcyesi Ahmet Safa YILDIRIM (Ba\u015fkan Yard\u0131mc\u0131s\u0131)Dr. \u00d6\u011fr. \u00dcyesi \u0130lyas AK (\u00dcye)Dr. \u00d6\u011fr. \u00dcyesi Reyhan KARKINLI (\u00dcye)Ar\u015f. G\u00f6r. Ay\u015fenur KAPLAN (\u00dcye)\u00d6zlem KA\u00c7MAZ (\u00dcye \u00f6\u011frenci)Arzuhan ARSLAN (Raport\u00f6r)<\/p>\n","protected":false},"author":641,"featured_media":0,"parent":0,"menu_order":0,"comment_status":"closed","ping_status":"closed","template":"elementor_header_footer","meta":{"footnotes":""},"class_list":["post-6752","page","type-page","status-publish","hentry"],"_links":{"self":[{"href":"https:\/\/atauni.edu.tr\/turkiyat-arastirmalari-enstitusu\/wp-json\/wp\/v2\/pages\/6752","targetHints":{"allow":["GET"]}}],"collection":[{"href":"https:\/\/atauni.edu.tr\/turkiyat-arastirmalari-enstitusu\/wp-json\/wp\/v2\/pages"}],"about":[{"href":"https:\/\/atauni.edu.tr\/turkiyat-arastirmalari-enstitusu\/wp-json\/wp\/v2\/types\/page"}],"author":[{"embeddable":true,"href":"https:\/\/atauni.edu.tr\/turkiyat-arastirmalari-enstitusu\/wp-json\/wp\/v2\/users\/641"}],"replies":[{"embeddable":true,"href":"https:\/\/atauni.edu.tr\/turkiyat-arastirmalari-enstitusu\/wp-json\/wp\/v2\/comments?post=6752"}],"version-history":[{"count":22,"href":"https:\/\/atauni.edu.tr\/turkiyat-arastirmalari-enstitusu\/wp-json\/wp\/v2\/pages\/6752\/revisions"}],"predecessor-version":[{"id":9174,"href":"https:\/\/atauni.edu.tr\/turkiyat-arastirmalari-enstitusu\/wp-json\/wp\/v2\/pages\/6752\/revisions\/9174"}],"wp:attachment":[{"href":"https:\/\/atauni.edu.tr\/turkiyat-arastirmalari-enstitusu\/wp-json\/wp\/v2\/media?parent=6752"}],"curies":[{"name":"wp","href":"https:\/\/api.w.org\/{rel}","templated":true}]}}