{"id":6902,"date":"2024-12-25T15:14:43","date_gmt":"2024-12-25T12:14:43","guid":{"rendered":"https:\/\/birimler.atauni.edu.tr\/turkiyat-arastirmalari-enstitusu\/?page_id=6902"},"modified":"2024-12-26T15:48:40","modified_gmt":"2024-12-26T12:48:40","slug":"duyurular","status":"publish","type":"page","link":"https:\/\/atauni.edu.tr\/turkiyat-arastirmalari-enstitusu\/duyurular\/","title":{"rendered":"Duyurular"},"content":{"rendered":"\t\t<div data-elementor-type=\"wp-page\" data-elementor-id=\"6902\" class=\"elementor elementor-6902\" data-elementor-post-type=\"page\">\n\t\t\t\t\t\t<section class=\"elementor-section elementor-top-section elementor-element elementor-element-eeb908d elementor-section-boxed elementor-section-height-default elementor-section-height-default\" data-id=\"eeb908d\" data-element_type=\"section\">\n\t\t\t\t\t\t<div class=\"elementor-container elementor-column-gap-default\">\n\t\t\t\t\t<div class=\"elementor-column elementor-col-100 elementor-top-column elementor-element elementor-element-9f08b5f\" data-id=\"9f08b5f\" data-element_type=\"column\">\n\t\t\t<div class=\"elementor-widget-wrap elementor-element-populated\">\n\t\t\t\t\t\t<div class=\"elementor-element elementor-element-52fc9b5 elementor-widget elementor-widget-shortcode\" data-id=\"52fc9b5\" data-element_type=\"widget\" data-widget_type=\"shortcode.default\">\n\t\t\t\t<div class=\"elementor-widget-container\">\n\t\t\t\t\t\t\t<div class=\"elementor-shortcode\"><form method=\"get\" class=\"row g-3\" style=\"margin-bottom: 20px;\"><div class=\"col-md-3\"><input type=\"text\" name=\"Duyuru_ara\" class=\"form-control\" placeholder=\"Duyuru ara...\" value=\"\"><\/div><div class=\"col-md-3\"><input type=\"date\" name=\"baslangic_tarihi\" class=\"form-control\" value=\"\"><\/div><div class=\"col-md-3\"><input type=\"date\" name=\"bitis_tarihi\" class=\"form-control\" value=\"\"><\/div><div class=\"col-md-3\"><button type=\"submit\" class=\"btn btn-secondary w-50\">Filtrele<\/button><\/div><\/form><ul class=\"kategori-yazilari-liste\"><li style=\"display: flex; margin-bottom: 10px; align-items: center;\"><div class=\"post-content\" style=\"flex-grow: 1;\"><span class=\"post-date Duyurutarih\" style=\"display: block; font-weight: bold; margin-bottom: 5px;\">5 \u015eubat 2026<\/span><a class=\"Duyurubaslik\" href=\"https:\/\/atauni.edu.tr\/turkiyat-arastirmalari-enstitusu\/cagdas-turk-lehceleri-ve-edebiyatlari-anabilim-dali-ders-programi\/\">\u00c7A\u011eDA\u015e T\u00dcRK LEH\u00c7ELER\u0130 VE EDEB\u0130YATLARI ANAB\u0130L\u0130M DALI DERS PROGRAMI<\/a><\/div><\/li><li style=\"display: flex; margin-bottom: 10px; align-items: center;\"><div class=\"post-content\" style=\"flex-grow: 1;\"><span class=\"post-date Duyurutarih\" style=\"display: block; font-weight: bold; margin-bottom: 5px;\">5 \u015eubat 2026<\/span><a class=\"Duyurubaslik\" href=\"https:\/\/atauni.edu.tr\/turkiyat-arastirmalari-enstitusu\/tarih-anabilim-dali-ders-programi-2\/\">TAR\u0130H ANAB\u0130L\u0130M DALI DERS PROGRAMI<\/a><\/div><\/li><li style=\"display: flex; margin-bottom: 10px; align-items: center;\"><div class=\"post-content\" style=\"flex-grow: 1;\"><span class=\"post-date Duyurutarih\" style=\"display: block; font-weight: bold; margin-bottom: 5px;\">5 \u015eubat 2026<\/span><a class=\"Duyurubaslik\" href=\"https:\/\/atauni.edu.tr\/turkiyat-arastirmalari-enstitusu\/turk-dili-ve-edebiyati-anabilim-dali-ders-programi\/\">T\u00dcRK D\u0130L\u0130 VE EDEB\u0130YATI ANAB\u0130L\u0130M DALI DERS PROGRAMI<\/a><\/div><\/li><li style=\"display: flex; margin-bottom: 10px; align-items: center;\"><div class=\"post-content\" style=\"flex-grow: 1;\"><span class=\"post-date Duyurutarih\" style=\"display: block; font-weight: bold; margin-bottom: 5px;\">12 Ocak 2026<\/span><a class=\"Duyurubaslik\" href=\"https:\/\/atauni.edu.tr\/turkiyat-arastirmalari-enstitusu\/butunlesik-yuksek-lisans-programi-basvurulari\/\">B\u00dcT\u00dcNLE\u015e\u0130K Y\u00dcKSEK L\u0130SANS PROGRAMI BA\u015eVURULARI BA\u015eLADI<\/a><\/div><\/li><li style=\"display: flex; margin-bottom: 10px; align-items: center;\"><div class=\"post-content\" style=\"flex-grow: 1;\"><span class=\"post-date Duyurutarih\" style=\"display: block; font-weight: bold; margin-bottom: 5px;\">7 Ocak 2026<\/span><a class=\"Duyurubaslik\" href=\"https:\/\/atauni.edu.tr\/turkiyat-arastirmalari-enstitusu\/ataturk-universitesi-uluslararasi-dil-sinavlari-subat-ayi-takvimi\/\">Atat\u00fcrk \u00dcniversitesi Uluslararas\u0131 Dil S\u0131navlar\u0131 \u015eubat Ay\u0131 Takvimi<\/a><\/div><\/li><li style=\"display: flex; margin-bottom: 10px; align-items: center;\"><div class=\"post-content\" style=\"flex-grow: 1;\"><span class=\"post-date Duyurutarih\" style=\"display: block; font-weight: bold; margin-bottom: 5px;\">5 Ocak 2026<\/span><a class=\"Duyurubaslik\" href=\"https:\/\/atauni.edu.tr\/turkiyat-arastirmalari-enstitusu\/2025-2026-yili-bahar-donemi-lisansustu-program-basvurulari\/\">2025-2026 YILI BAHAR D\u00d6NEM\u0130 L\u0130SANS\u00dcST\u00dc PROGRAM BA\u015eVURULARI BA\u015eLADI<\/a><\/div><\/li><li style=\"display: flex; margin-bottom: 10px; align-items: center;\"><div class=\"post-content\" style=\"flex-grow: 1;\"><span class=\"post-date Duyurutarih\" style=\"display: block; font-weight: bold; margin-bottom: 5px;\">6 Kas\u0131m 2025<\/span><a class=\"Duyurubaslik\" href=\"https:\/\/atauni.edu.tr\/turkiyat-arastirmalari-enstitusu\/doktora-mezuniyet-ve-en-iyi-tez-odul-toreni\/\">DOKTORA MEZUN\u0130YET VE EN \u0130Y\u0130 TEZ \u00d6D\u00dcL T\u00d6REN\u0130<\/a><\/div><\/li><li style=\"display: flex; margin-bottom: 10px; align-items: center;\"><div class=\"post-content\" style=\"flex-grow: 1;\"><span class=\"post-date Duyurutarih\" style=\"display: block; font-weight: bold; margin-bottom: 5px;\">27 Ekim 2025<\/span><a class=\"Duyurubaslik\" href=\"https:\/\/atauni.edu.tr\/turkiyat-arastirmalari-enstitusu\/doktora-mezuniyet-toreni\/\">Doktora Mezuniyet ve Tez \u00d6d\u00fcl\u00fc Ba\u015fvuru S\u00fcreleri Uzat\u0131ld\u0131<\/a><\/div><\/li><li style=\"display: flex; margin-bottom: 10px; align-items: center;\"><div class=\"post-content\" style=\"flex-grow: 1;\"><span class=\"post-date Duyurutarih\" style=\"display: block; font-weight: bold; margin-bottom: 5px;\">6 Ekim 2025<\/span><a class=\"Duyurubaslik\" href=\"https:\/\/atauni.edu.tr\/turkiyat-arastirmalari-enstitusu\/doktora-mezuniyet-toreni-ve-en-iyi-tez-odulu\/\">TEZ \u00d6D\u00dcL VE BA\u015eVURU Y\u00d6NERGES\u0130<\/a><\/div><\/li><li style=\"display: flex; margin-bottom: 10px; align-items: center;\"><div class=\"post-content\" style=\"flex-grow: 1;\"><span class=\"post-date Duyurutarih\" style=\"display: block; font-weight: bold; margin-bottom: 5px;\">2 Ekim 2025<\/span><a class=\"Duyurubaslik\" href=\"https:\/\/atauni.edu.tr\/turkiyat-arastirmalari-enstitusu\/enstitumuz-oryantasyon-programi-hakkinda\/\">Enstit\u00fcm\u00fcz Oryantasyon Program\u0131 Hakk\u0131nda<\/a><\/div><\/li><\/ul><nav class=\"pagination\" style=\"margin-top: 20px;\"><ul class='page-numbers'>\n\t<li><span aria-current=\"page\" class=\"page-numbers current\">1<\/span><\/li>\n\t<li><a class=\"page-numbers\" href=\"https:\/\/atauni.edu.tr\/turkiyat-arastirmalari-enstitusu\/wp-json\/wp\/v2\/pages\/6902\/page\/2\/\">2<\/a><\/li>\n\t<li><a class=\"next page-numbers\" href=\"https:\/\/atauni.edu.tr\/turkiyat-arastirmalari-enstitusu\/wp-json\/wp\/v2\/pages\/6902\/page\/2\/\">Sonraki &raquo;<\/a><\/li>\n<\/ul>\n<\/nav><\/div>\n\t\t\t\t\t\t<\/div>\n\t\t\t\t<\/div>\n\t\t\t\t\t<\/div>\n\t\t<\/div>\n\t\t\t\t\t<\/div>\n\t\t<\/section>\n\t\t\t\t<\/div>\n\t\t","protected":false},"excerpt":{"rendered":"","protected":false},"author":8,"featured_media":0,"parent":0,"menu_order":0,"comment_status":"closed","ping_status":"closed","template":"","meta":{"footnotes":""},"class_list":["post-6902","page","type-page","status-publish","hentry"],"_links":{"self":[{"href":"https:\/\/atauni.edu.tr\/turkiyat-arastirmalari-enstitusu\/wp-json\/wp\/v2\/pages\/6902","targetHints":{"allow":["GET"]}}],"collection":[{"href":"https:\/\/atauni.edu.tr\/turkiyat-arastirmalari-enstitusu\/wp-json\/wp\/v2\/pages"}],"about":[{"href":"https:\/\/atauni.edu.tr\/turkiyat-arastirmalari-enstitusu\/wp-json\/wp\/v2\/types\/page"}],"author":[{"embeddable":true,"href":"https:\/\/atauni.edu.tr\/turkiyat-arastirmalari-enstitusu\/wp-json\/wp\/v2\/users\/8"}],"replies":[{"embeddable":true,"href":"https:\/\/atauni.edu.tr\/turkiyat-arastirmalari-enstitusu\/wp-json\/wp\/v2\/comments?post=6902"}],"version-history":[{"count":10,"href":"https:\/\/atauni.edu.tr\/turkiyat-arastirmalari-enstitusu\/wp-json\/wp\/v2\/pages\/6902\/revisions"}],"predecessor-version":[{"id":6968,"href":"https:\/\/atauni.edu.tr\/turkiyat-arastirmalari-enstitusu\/wp-json\/wp\/v2\/pages\/6902\/revisions\/6968"}],"wp:attachment":[{"href":"https:\/\/atauni.edu.tr\/turkiyat-arastirmalari-enstitusu\/wp-json\/wp\/v2\/media?parent=6902"}],"curies":[{"name":"wp","href":"https:\/\/api.w.org\/{rel}","templated":true}]}}