{"id":8435,"date":"2025-02-20T19:53:24","date_gmt":"2025-02-20T16:53:24","guid":{"rendered":"https:\/\/birimler.atauni.edu.tr\/turkiyat-arastirmalari-enstitusu\/?page_id=8435"},"modified":"2025-02-22T01:15:03","modified_gmt":"2025-02-21T22:15:03","slug":"tez-yazim-kilavuzu","status":"publish","type":"page","link":"https:\/\/atauni.edu.tr\/turkiyat-arastirmalari-enstitusu\/tez-yazim-kilavuzu\/","title":{"rendered":"Tez Yaz\u0131m K\u0131lavuzu Komisyonlar\u0131"},"content":{"rendered":"\t\t<div data-elementor-type=\"wp-page\" data-elementor-id=\"8435\" class=\"elementor elementor-8435\" data-elementor-post-type=\"page\">\n\t\t\t\t\t\t<section class=\"elementor-section elementor-top-section elementor-element elementor-element-ed72639 elementor-section-boxed elementor-section-height-default elementor-section-height-default\" data-id=\"ed72639\" data-element_type=\"section\">\n\t\t\t\t\t\t<div class=\"elementor-container elementor-column-gap-default\">\n\t\t\t\t\t<div class=\"elementor-column elementor-col-100 elementor-top-column elementor-element elementor-element-c736782\" data-id=\"c736782\" data-element_type=\"column\">\n\t\t\t<div class=\"elementor-widget-wrap\">\n\t\t\t\t\t\t\t<\/div>\n\t\t<\/div>\n\t\t\t\t\t<\/div>\n\t\t<\/section>\n\t\t\t\t<section class=\"elementor-section elementor-top-section elementor-element elementor-element-0b71910 elementor-section-boxed elementor-section-height-default elementor-section-height-default\" data-id=\"0b71910\" data-element_type=\"section\">\n\t\t\t\t\t\t<div class=\"elementor-container elementor-column-gap-default\">\n\t\t\t\t\t<div class=\"elementor-column elementor-col-100 elementor-top-column elementor-element elementor-element-7e9e797\" data-id=\"7e9e797\" data-element_type=\"column\">\n\t\t\t<div class=\"elementor-widget-wrap elementor-element-populated\">\n\t\t\t\t\t\t<div class=\"elementor-element elementor-element-0867c30 elementor-widget elementor-widget-heading\" data-id=\"0867c30\" data-element_type=\"widget\" data-widget_type=\"heading.default\">\n\t\t\t\t<div class=\"elementor-widget-container\">\n\t\t\t\t\t<h2 class=\"elementor-heading-title elementor-size-default\">Tez Yaz\u0131m K\u0131lavuzu Komisyonlar\u0131<\/h2>\t\t\t\t<\/div>\n\t\t\t\t<\/div>\n\t\t\t\t\t<\/div>\n\t\t<\/div>\n\t\t\t\t\t<\/div>\n\t\t<\/section>\n\t\t\t\t<section class=\"elementor-section elementor-top-section elementor-element elementor-element-1de5fb9 elementor-section-boxed elementor-section-height-default elementor-section-height-default\" data-id=\"1de5fb9\" data-element_type=\"section\">\n\t\t\t\t\t\t<div class=\"elementor-container elementor-column-gap-default\">\n\t\t\t\t\t<div class=\"elementor-column elementor-col-100 elementor-top-column elementor-element elementor-element-4e7f949\" data-id=\"4e7f949\" data-element_type=\"column\">\n\t\t\t<div class=\"elementor-widget-wrap elementor-element-populated\">\n\t\t\t\t\t\t<div class=\"elementor-element elementor-element-a26cf3a elementor-widget elementor-widget-accordion\" data-id=\"a26cf3a\" data-element_type=\"widget\" data-widget_type=\"accordion.default\">\n\t\t\t\t<div class=\"elementor-widget-container\">\n\t\t\t\t\t\t\t<div class=\"elementor-accordion\">\n\t\t\t\t\t\t\t<div class=\"elementor-accordion-item\">\n\t\t\t\t\t<div id=\"elementor-tab-title-1701\" class=\"elementor-tab-title\" data-tab=\"1\" role=\"button\" aria-controls=\"elementor-tab-content-1701\" aria-expanded=\"false\">\n\t\t\t\t\t\t\t\t\t\t\t\t\t<span class=\"elementor-accordion-icon elementor-accordion-icon-left\" aria-hidden=\"true\">\n\t\t\t\t\t\t\t\t\t\t\t\t\t\t\t<span class=\"elementor-accordion-icon-closed\"><svg class=\"e-font-icon-svg e-fas-plus\" viewBox=\"0 0 448 512\" xmlns=\"http:\/\/www.w3.org\/2000\/svg\"><path d=\"M416 208H272V64c0-17.67-14.33-32-32-32h-32c-17.67 0-32 14.33-32 32v144H32c-17.67 0-32 14.33-32 32v32c0 17.67 14.33 32 32 32h144v144c0 17.67 14.33 32 32 32h32c17.67 0 32-14.33 32-32V304h144c17.67 0 32-14.33 32-32v-32c0-17.67-14.33-32-32-32z\"><\/path><\/svg><\/span>\n\t\t\t\t\t\t\t\t<span class=\"elementor-accordion-icon-opened\"><svg class=\"e-font-icon-svg e-fas-minus\" viewBox=\"0 0 448 512\" xmlns=\"http:\/\/www.w3.org\/2000\/svg\"><path d=\"M416 208H32c-17.67 0-32 14.33-32 32v32c0 17.67 14.33 32 32 32h384c17.67 0 32-14.33 32-32v-32c0-17.67-14.33-32-32-32z\"><\/path><\/svg><\/span>\n\t\t\t\t\t\t\t\t\t\t\t\t\t\t<\/span>\n\t\t\t\t\t\t\t\t\t\t\t\t<a class=\"elementor-accordion-title\" tabindex=\"0\">\u00c7a\u011fda\u015f T\u00fcrk Leh\u00e7eleri ve Edebiyatlar\u0131 Ana Bilim Dal\u0131<\/a>\n\t\t\t\t\t<\/div>\n\t\t\t\t\t<div id=\"elementor-tab-content-1701\" class=\"elementor-tab-content elementor-clearfix\" data-tab=\"1\" role=\"region\" aria-labelledby=\"elementor-tab-title-1701\"><p><strong>Dr. \u00d6\u011fr. \u00dcyesi Fatih EK\u0130C\u0130<\/strong>\u00a0(Komisyon Ba\u015fkan\u0131)<br \/><strong>Dr. \u00d6\u011fr. \u00dcyesi Nursan ILDIRI\u00a0<\/strong>(Ba\u015fkan Yard\u0131mc\u0131s\u0131)<br \/><strong>Dr. \u00d6\u011fr. \u00dcyesi Sinan D\u0130N\u00c7<\/strong>\u00a0(\u00dcye)<br \/><strong>Dr. \u00d6\u011fr. \u00dcyesi\u00a0Mold\u0131r ILGISHEVA<\/strong> (\u00dcye)<br \/><strong>Ar\u015f. G\u00f6r. Dr. Elif KO\u00c7<\/strong> (\u00dcye)<br \/><strong>Cansu KARADA\u015e<\/strong> (\u00dcye \u00f6\u011frenci)<br \/><strong>Fikret Y\u00dcCELER<\/strong> (Raport\u00f6r)<\/p><\/div>\n\t\t\t\t<\/div>\n\t\t\t\t\t\t\t<div class=\"elementor-accordion-item\">\n\t\t\t\t\t<div id=\"elementor-tab-title-1702\" class=\"elementor-tab-title\" data-tab=\"2\" role=\"button\" aria-controls=\"elementor-tab-content-1702\" aria-expanded=\"false\">\n\t\t\t\t\t\t\t\t\t\t\t\t\t<span class=\"elementor-accordion-icon elementor-accordion-icon-left\" aria-hidden=\"true\">\n\t\t\t\t\t\t\t\t\t\t\t\t\t\t\t<span class=\"elementor-accordion-icon-closed\"><svg class=\"e-font-icon-svg e-fas-plus\" viewBox=\"0 0 448 512\" xmlns=\"http:\/\/www.w3.org\/2000\/svg\"><path d=\"M416 208H272V64c0-17.67-14.33-32-32-32h-32c-17.67 0-32 14.33-32 32v144H32c-17.67 0-32 14.33-32 32v32c0 17.67 14.33 32 32 32h144v144c0 17.67 14.33 32 32 32h32c17.67 0 32-14.33 32-32V304h144c17.67 0 32-14.33 32-32v-32c0-17.67-14.33-32-32-32z\"><\/path><\/svg><\/span>\n\t\t\t\t\t\t\t\t<span class=\"elementor-accordion-icon-opened\"><svg class=\"e-font-icon-svg e-fas-minus\" viewBox=\"0 0 448 512\" xmlns=\"http:\/\/www.w3.org\/2000\/svg\"><path d=\"M416 208H32c-17.67 0-32 14.33-32 32v32c0 17.67 14.33 32 32 32h384c17.67 0 32-14.33 32-32v-32c0-17.67-14.33-32-32-32z\"><\/path><\/svg><\/span>\n\t\t\t\t\t\t\t\t\t\t\t\t\t\t<\/span>\n\t\t\t\t\t\t\t\t\t\t\t\t<a class=\"elementor-accordion-title\" tabindex=\"0\">Tarih Anabilim Dal\u0131<\/a>\n\t\t\t\t\t<\/div>\n\t\t\t\t\t<div id=\"elementor-tab-content-1702\" class=\"elementor-tab-content elementor-clearfix\" data-tab=\"2\" role=\"region\" aria-labelledby=\"elementor-tab-title-1702\"><p><strong>Dr. \u00d6\u011fr. \u00dcyesi Ahmet Safa YILDIRIM<\/strong> (Komisyon Ba\u015fkan\u0131)<br \/><strong>Do\u00e7. Dr. Sava\u015f E\u011e\u0130LMEZ<\/strong> (Ba\u015fkan Yard\u0131mc\u0131s\u0131)<br \/><strong>Do\u00e7. Dr. Ensar MAC\u0130T<\/strong> (\u00dcye)<br \/><strong>Do\u00e7. Dr. Yasin TOPALO\u011eLU<\/strong> (\u00dcye)<br \/><strong>\u00d6\u011fr. G\u00f6r. Fatih KORKMAZ<\/strong> (\u00dcye)<br \/><strong>B\u00fc\u015fra YILDIZ<\/strong> (\u00dcye \u00f6\u011frenci)<br \/><strong>Fikret Y\u00dcCELER<\/strong> (Raport\u00f6r)<\/p><\/div>\n\t\t\t\t<\/div>\n\t\t\t\t\t\t\t<div class=\"elementor-accordion-item\">\n\t\t\t\t\t<div id=\"elementor-tab-title-1703\" class=\"elementor-tab-title\" data-tab=\"3\" role=\"button\" aria-controls=\"elementor-tab-content-1703\" aria-expanded=\"false\">\n\t\t\t\t\t\t\t\t\t\t\t\t\t<span class=\"elementor-accordion-icon elementor-accordion-icon-left\" aria-hidden=\"true\">\n\t\t\t\t\t\t\t\t\t\t\t\t\t\t\t<span class=\"elementor-accordion-icon-closed\"><svg class=\"e-font-icon-svg e-fas-plus\" viewBox=\"0 0 448 512\" xmlns=\"http:\/\/www.w3.org\/2000\/svg\"><path d=\"M416 208H272V64c0-17.67-14.33-32-32-32h-32c-17.67 0-32 14.33-32 32v144H32c-17.67 0-32 14.33-32 32v32c0 17.67 14.33 32 32 32h144v144c0 17.67 14.33 32 32 32h32c17.67 0 32-14.33 32-32V304h144c17.67 0 32-14.33 32-32v-32c0-17.67-14.33-32-32-32z\"><\/path><\/svg><\/span>\n\t\t\t\t\t\t\t\t<span class=\"elementor-accordion-icon-opened\"><svg class=\"e-font-icon-svg e-fas-minus\" viewBox=\"0 0 448 512\" xmlns=\"http:\/\/www.w3.org\/2000\/svg\"><path d=\"M416 208H32c-17.67 0-32 14.33-32 32v32c0 17.67 14.33 32 32 32h384c17.67 0 32-14.33 32-32v-32c0-17.67-14.33-32-32-32z\"><\/path><\/svg><\/span>\n\t\t\t\t\t\t\t\t\t\t\t\t\t\t<\/span>\n\t\t\t\t\t\t\t\t\t\t\t\t<a class=\"elementor-accordion-title\" tabindex=\"0\">T\u00fcrk Dili ve Edebiyat\u0131 Anabilim Dal\u0131<\/a>\n\t\t\t\t\t<\/div>\n\t\t\t\t\t<div id=\"elementor-tab-content-1703\" class=\"elementor-tab-content elementor-clearfix\" data-tab=\"3\" role=\"region\" aria-labelledby=\"elementor-tab-title-1703\"><p><strong>Dr. \u00d6\u011fr. \u00dcyesi Veli KILI\u00c7ARSLAN<\/strong>\u00a0(Komisyon Ba\u015fkan\u0131)<br \/><strong>Do\u00e7. Dr. Servet T\u0130KEN<\/strong> (Ba\u015fkan Yard\u0131mc\u0131s\u0131)<br \/><strong>Do\u00e7. Dr. Ahmet TOPAL<\/strong> (\u00dcye)<br \/><strong>Ar\u015f. G\u00f6r. Dr. \u00d6zlem S\u00dcR\u00dcC\u00dc<\/strong> (\u00dcye)<br \/><strong>Ar\u015f. G\u00f6r. Dr. Asl\u0131han S\u00dcMB\u00dcLL\u00dc<\/strong> (\u00dcye)<br \/><strong>Bilge G\u00dcCEY\u0130R<\/strong> (\u00dcye \u00f6\u011frenci)<br \/><strong>Fikret Y\u00dcCELER<\/strong> (Raport\u00f6r)<\/p><\/div>\n\t\t\t\t<\/div>\n\t\t\t\t\t\t\t\t<\/div>\n\t\t\t\t\t\t<\/div>\n\t\t\t\t<\/div>\n\t\t\t\t\t<\/div>\n\t\t<\/div>\n\t\t\t\t\t<\/div>\n\t\t<\/section>\n\t\t\t\t<\/div>\n\t\t","protected":false},"excerpt":{"rendered":"<p>Tez Yaz\u0131m K\u0131lavuzu Komisyonlar\u0131 \u00c7a\u011fda\u015f T\u00fcrk Leh\u00e7eleri ve Edebiyatlar\u0131 Ana Bilim Dal\u0131 Dr. \u00d6\u011fr. \u00dcyesi Fatih EK\u0130C\u0130\u00a0(Komisyon Ba\u015fkan\u0131)Dr. \u00d6\u011fr. \u00dcyesi Nursan ILDIRI\u00a0(Ba\u015fkan Yard\u0131mc\u0131s\u0131)Dr. \u00d6\u011fr. \u00dcyesi Sinan D\u0130N\u00c7\u00a0(\u00dcye)Dr. \u00d6\u011fr. \u00dcyesi\u00a0Mold\u0131r ILGISHEVA (\u00dcye)Ar\u015f. G\u00f6r. Dr. Elif KO\u00c7 (\u00dcye)Cansu KARADA\u015e (\u00dcye \u00f6\u011frenci)Fikret Y\u00dcCELER (Raport\u00f6r) Tarih Anabilim Dal\u0131 Dr. \u00d6\u011fr. \u00dcyesi Ahmet Safa YILDIRIM (Komisyon Ba\u015fkan\u0131)Do\u00e7. Dr. Sava\u015f E\u011e\u0130LMEZ [&hellip;]<\/p>\n","protected":false},"author":641,"featured_media":0,"parent":0,"menu_order":0,"comment_status":"closed","ping_status":"closed","template":"elementor_header_footer","meta":{"footnotes":""},"class_list":["post-8435","page","type-page","status-publish","hentry"],"_links":{"self":[{"href":"https:\/\/atauni.edu.tr\/turkiyat-arastirmalari-enstitusu\/wp-json\/wp\/v2\/pages\/8435","targetHints":{"allow":["GET"]}}],"collection":[{"href":"https:\/\/atauni.edu.tr\/turkiyat-arastirmalari-enstitusu\/wp-json\/wp\/v2\/pages"}],"about":[{"href":"https:\/\/atauni.edu.tr\/turkiyat-arastirmalari-enstitusu\/wp-json\/wp\/v2\/types\/page"}],"author":[{"embeddable":true,"href":"https:\/\/atauni.edu.tr\/turkiyat-arastirmalari-enstitusu\/wp-json\/wp\/v2\/users\/641"}],"replies":[{"embeddable":true,"href":"https:\/\/atauni.edu.tr\/turkiyat-arastirmalari-enstitusu\/wp-json\/wp\/v2\/comments?post=8435"}],"version-history":[{"count":7,"href":"https:\/\/atauni.edu.tr\/turkiyat-arastirmalari-enstitusu\/wp-json\/wp\/v2\/pages\/8435\/revisions"}],"predecessor-version":[{"id":8729,"href":"https:\/\/atauni.edu.tr\/turkiyat-arastirmalari-enstitusu\/wp-json\/wp\/v2\/pages\/8435\/revisions\/8729"}],"wp:attachment":[{"href":"https:\/\/atauni.edu.tr\/turkiyat-arastirmalari-enstitusu\/wp-json\/wp\/v2\/media?parent=8435"}],"curies":[{"name":"wp","href":"https:\/\/api.w.org\/{rel}","templated":true}]}}