{"id":5638,"date":"2021-07-13T09:49:25","date_gmt":"2021-07-13T06:49:25","guid":{"rendered":"https:\/\/portaltest.atauni.edu.tr\/bilgisayar-muhendisligi\/?page_id=5638"},"modified":"2021-09-13T13:54:39","modified_gmt":"2021-09-13T10:54:39","slug":"tarihce","status":"publish","type":"page","link":"https:\/\/atauni.edu.tr\/uluslararasi-dil-sinavlari-koordinatorlugu\/tarihce\/","title":{"rendered":"Tarih\u00e7e"},"content":{"rendered":"\t\t<div data-elementor-type=\"wp-page\" data-elementor-id=\"5638\" class=\"elementor elementor-5638\" data-elementor-post-type=\"page\">\n\t\t\t\t\t\t<section class=\"elementor-section elementor-top-section elementor-element elementor-element-730d320 elementor-section-boxed elementor-section-height-default elementor-section-height-default\" data-id=\"730d320\" data-element_type=\"section\">\n\t\t\t\t\t\t<div class=\"elementor-container elementor-column-gap-default\">\n\t\t\t\t\t<div class=\"elementor-column elementor-col-100 elementor-top-column elementor-element elementor-element-753d0860\" data-id=\"753d0860\" data-element_type=\"column\">\n\t\t\t<div class=\"elementor-widget-wrap\">\n\t\t\t\t\t\t\t<\/div>\n\t\t<\/div>\n\t\t\t\t\t<\/div>\n\t\t<\/section>\n\t\t\t\t<section class=\"elementor-section elementor-top-section elementor-element elementor-element-9be811a elementor-section-boxed elementor-section-height-default elementor-section-height-default\" data-id=\"9be811a\" data-element_type=\"section\">\n\t\t\t\t\t\t<div class=\"elementor-container elementor-column-gap-default\">\n\t\t\t\t\t<div class=\"elementor-column elementor-col-100 elementor-top-column elementor-element elementor-element-1ed847b7\" data-id=\"1ed847b7\" data-element_type=\"column\">\n\t\t\t<div class=\"elementor-widget-wrap elementor-element-populated\">\n\t\t\t\t\t\t<div class=\"elementor-element elementor-element-4ce0d07f elementor-widget elementor-widget-heading\" data-id=\"4ce0d07f\" data-element_type=\"widget\" data-widget_type=\"heading.default\">\n\t\t\t\t<div class=\"elementor-widget-container\">\n\t\t\t\t\t<h2 class=\"elementor-heading-title elementor-size-default\">Tarih\u00e7e<\/h2>\t\t\t\t<\/div>\n\t\t\t\t<\/div>\n\t\t\t\t<div class=\"elementor-element elementor-element-63260862 elementor-widget-divider--view-line elementor-widget elementor-widget-divider\" data-id=\"63260862\" data-element_type=\"widget\" data-widget_type=\"divider.default\">\n\t\t\t\t<div class=\"elementor-widget-container\">\n\t\t\t\t\t\t\t<div class=\"elementor-divider\">\n\t\t\t<span class=\"elementor-divider-separator\">\n\t\t\t\t\t\t<\/span>\n\t\t<\/div>\n\t\t\t\t\t\t<\/div>\n\t\t\t\t<\/div>\n\t\t\t\t\t<\/div>\n\t\t<\/div>\n\t\t\t\t\t<\/div>\n\t\t<\/section>\n\t\t\t\t<section class=\"elementor-section elementor-top-section elementor-element elementor-element-681db8b elementor-section-boxed elementor-section-height-default elementor-section-height-default\" data-id=\"681db8b\" data-element_type=\"section\">\n\t\t\t\t\t\t<div class=\"elementor-container elementor-column-gap-default\">\n\t\t\t\t\t<div class=\"elementor-column elementor-col-100 elementor-top-column elementor-element elementor-element-ad4dac5\" data-id=\"ad4dac5\" data-element_type=\"column\">\n\t\t\t<div class=\"elementor-widget-wrap elementor-element-populated\">\n\t\t\t\t\t\t<div class=\"elementor-element elementor-element-2f96b3d elementor-widget elementor-widget-text-editor\" data-id=\"2f96b3d\" data-element_type=\"widget\" data-widget_type=\"text-editor.default\">\n\t\t\t\t<div class=\"elementor-widget-container\">\n\t\t\t\t\t\t\t\t\t<p>Atat\u00fcrk \u00dcniversitesi Uluslararas\u0131 Dil S\u0131navlar\u0131 Koordinat\u00f6rl\u00fc\u011f\u00fc, dil s\u0131navlar\u0131n\u0131n y\u00fcr\u00fct\u00fclmesi ve koordinasyonunu sa\u011flamak amac\u0131yla kurulmu\u015ftur. Bu birim, \u00fcniversitenin uluslararas\u0131 alanda temsil edilmesine katk\u0131da bulunmay\u0131 ama\u00e7lar.<\/p>\n<p>Dil s\u0131navlar\u0131, \u00f6\u011frencilerin ve akademik personelin yabanc\u0131 dil becerilerini \u00f6l\u00e7mek i\u00e7in \u00f6nemli bir ara\u00e7t\u0131r. Atat\u00fcrk \u00dcniversitesi Uluslararas\u0131 Dil S\u0131navlar\u0131 Koordinat\u00f6rl\u00fc\u011f\u00fc, bu s\u0131navlar\u0131n d\u00fczenli olarak yap\u0131lmas\u0131 ve sonu\u00e7lar\u0131n\u0131n de\u011ferlendirilmesi i\u00e7in gerekli \u00e7al\u0131\u015fmalar\u0131 y\u00fcr\u00fct\u00fcr.<\/p>\n<p>Koordinat\u00f6rl\u00fck, dil s\u0131navlar\u0131na ili\u015fkin t\u00fcm i\u015flemlerin y\u00fcr\u00fct\u00fclmesini sa\u011flar. Bu kapsamda, s\u0131nav tarihlerinin belirlenmesi, s\u0131nav sorular\u0131n\u0131n haz\u0131rlanmas\u0131, s\u0131nav\u0131n uygulanmas\u0131 ve sonu\u00e7lar\u0131n de\u011ferlendirilmesi gibi s\u00fcre\u00e7ler yer al\u0131r.<\/p>\n<p>Ayr\u0131ca, Koordinat\u00f6rl\u00fck, dil e\u011fitimine ili\u015fkin faaliyetlerde de bulunur. Bu \u00e7er\u00e7evede, \u00f6\u011frencilere ve akademik personele y\u00f6nelik yabanc\u0131 dil kurslar\u0131 ve.workshop&#8217;lar d\u00fczenlenebilir.<\/p>\n<p>Atat\u00fcrk \u00dcniversitesi Uluslararas\u0131 Dil S\u0131navlar\u0131 Koordinat\u00f6rl\u00fc\u011f\u00fc, \u00fcniversitenin uluslararas\u0131la\u015fma stratejisinin \u00f6nemli bir par\u00e7as\u0131d\u0131r. Dil s\u0131navlar\u0131n\u0131n d\u00fczenli olarak yap\u0131lmas\u0131 ve ba\u015far\u0131l\u0131 sonu\u00e7lar\u0131n elde edilmesi, \u00fcniversitenin d\u00fcnya \u00e7ap\u0131nda tan\u0131nmas\u0131na katk\u0131da bulunur.<\/p>\t\t\t\t\t\t\t\t<\/div>\n\t\t\t\t<\/div>\n\t\t\t\t\t<\/div>\n\t\t<\/div>\n\t\t\t\t\t<\/div>\n\t\t<\/section>\n\t\t\t\t<\/div>\n\t\t","protected":false},"excerpt":{"rendered":"<p>Tarih\u00e7e Lorem Ipsum Nedir? Lorem Ipsum, dizgi ve bask\u0131 end\u00fcstrisinde kullan\u0131lan m\u0131g\u0131r metinlerdir. Lorem Ipsum, ad\u0131 bilinmeyen bir matbaac\u0131n\u0131n bir hurufat numune kitab\u0131 olu\u015fturmak \u00fczere bir yaz\u0131 galerisini alarak kar\u0131\u015ft\u0131rd\u0131\u011f\u0131 1500&#8217;lerden beri end\u00fcstri standard\u0131 sahte metinler olarak kullan\u0131lm\u0131\u015ft\u0131r. Be\u015fy\u00fcz y\u0131l boyunca varl\u0131\u011f\u0131n\u0131 s\u00fcrd\u00fcrmekle kalmam\u0131\u015f, ayn\u0131 zamanda pek de\u011fi\u015fmeden elektronik dizgiye de s\u0131\u00e7ram\u0131\u015ft\u0131r. 1960&#8217;larda Lorem Ipsum [&hellip;]<\/p>\n","protected":false},"author":1,"featured_media":0,"parent":0,"menu_order":0,"comment_status":"closed","ping_status":"closed","template":"","meta":{"footnotes":""},"class_list":["post-5638","page","type-page","status-publish","hentry"],"_links":{"self":[{"href":"https:\/\/atauni.edu.tr\/uluslararasi-dil-sinavlari-koordinatorlugu\/wp-json\/wp\/v2\/pages\/5638","targetHints":{"allow":["GET"]}}],"collection":[{"href":"https:\/\/atauni.edu.tr\/uluslararasi-dil-sinavlari-koordinatorlugu\/wp-json\/wp\/v2\/pages"}],"about":[{"href":"https:\/\/atauni.edu.tr\/uluslararasi-dil-sinavlari-koordinatorlugu\/wp-json\/wp\/v2\/types\/page"}],"author":[{"embeddable":true,"href":"https:\/\/atauni.edu.tr\/uluslararasi-dil-sinavlari-koordinatorlugu\/wp-json\/wp\/v2\/users\/1"}],"replies":[{"embeddable":true,"href":"https:\/\/atauni.edu.tr\/uluslararasi-dil-sinavlari-koordinatorlugu\/wp-json\/wp\/v2\/comments?post=5638"}],"version-history":[{"count":22,"href":"https:\/\/atauni.edu.tr\/uluslararasi-dil-sinavlari-koordinatorlugu\/wp-json\/wp\/v2\/pages\/5638\/revisions"}],"predecessor-version":[{"id":6127,"href":"https:\/\/atauni.edu.tr\/uluslararasi-dil-sinavlari-koordinatorlugu\/wp-json\/wp\/v2\/pages\/5638\/revisions\/6127"}],"wp:attachment":[{"href":"https:\/\/atauni.edu.tr\/uluslararasi-dil-sinavlari-koordinatorlugu\/wp-json\/wp\/v2\/media?parent=5638"}],"curies":[{"name":"wp","href":"https:\/\/api.w.org\/{rel}","templated":true}]}}