{"id":5638,"date":"2021-07-13T09:49:25","date_gmt":"2021-07-13T06:49:25","guid":{"rendered":"https:\/\/portaltest.atauni.edu.tr\/bilgisayar-muhendisligi\/?page_id=5638"},"modified":"2026-02-18T15:34:50","modified_gmt":"2026-02-18T12:34:50","slug":"tarihce","status":"publish","type":"page","link":"https:\/\/atauni.edu.tr\/uluslararasi-iliskiler-bolumu\/tarihce\/","title":{"rendered":"Tarih\u00e7e"},"content":{"rendered":"\t\t<div data-elementor-type=\"wp-page\" data-elementor-id=\"5638\" class=\"elementor elementor-5638\" data-elementor-post-type=\"page\">\n\t\t\t\t\t\t<section class=\"elementor-section elementor-top-section elementor-element elementor-element-730d320 elementor-section-boxed elementor-section-height-default elementor-section-height-default\" data-id=\"730d320\" data-element_type=\"section\">\n\t\t\t\t\t\t<div class=\"elementor-container elementor-column-gap-default\">\n\t\t\t\t\t<div class=\"elementor-column elementor-col-100 elementor-top-column elementor-element elementor-element-753d0860\" data-id=\"753d0860\" data-element_type=\"column\">\n\t\t\t<div class=\"elementor-widget-wrap\">\n\t\t\t\t\t\t\t<\/div>\n\t\t<\/div>\n\t\t\t\t\t<\/div>\n\t\t<\/section>\n\t\t\t\t<section class=\"elementor-section elementor-top-section elementor-element elementor-element-9be811a elementor-section-boxed elementor-section-height-default elementor-section-height-default\" data-id=\"9be811a\" data-element_type=\"section\">\n\t\t\t\t\t\t<div class=\"elementor-container elementor-column-gap-default\">\n\t\t\t\t\t<div class=\"elementor-column elementor-col-100 elementor-top-column elementor-element elementor-element-1ed847b7\" data-id=\"1ed847b7\" data-element_type=\"column\">\n\t\t\t<div class=\"elementor-widget-wrap elementor-element-populated\">\n\t\t\t\t\t\t<div class=\"elementor-element elementor-element-4ce0d07f elementor-widget elementor-widget-heading\" data-id=\"4ce0d07f\" data-element_type=\"widget\" data-widget_type=\"heading.default\">\n\t\t\t\t<div class=\"elementor-widget-container\">\n\t\t\t\t\t<h2 class=\"elementor-heading-title elementor-size-default\">Tarih\u00e7e<\/h2>\t\t\t\t<\/div>\n\t\t\t\t<\/div>\n\t\t\t\t<div class=\"elementor-element elementor-element-63260862 elementor-widget-divider--view-line elementor-widget elementor-widget-divider\" data-id=\"63260862\" data-element_type=\"widget\" data-widget_type=\"divider.default\">\n\t\t\t\t<div class=\"elementor-widget-container\">\n\t\t\t\t\t\t\t<div class=\"elementor-divider\">\n\t\t\t<span class=\"elementor-divider-separator\">\n\t\t\t\t\t\t<\/span>\n\t\t<\/div>\n\t\t\t\t\t\t<\/div>\n\t\t\t\t<\/div>\n\t\t\t\t\t<\/div>\n\t\t<\/div>\n\t\t\t\t\t<\/div>\n\t\t<\/section>\n\t\t\t\t<section class=\"elementor-section elementor-top-section elementor-element elementor-element-681db8b elementor-section-boxed elementor-section-height-default elementor-section-height-default\" data-id=\"681db8b\" data-element_type=\"section\">\n\t\t\t\t\t\t<div class=\"elementor-container elementor-column-gap-default\">\n\t\t\t\t\t<div class=\"elementor-column elementor-col-100 elementor-top-column elementor-element elementor-element-ad4dac5\" data-id=\"ad4dac5\" data-element_type=\"column\">\n\t\t\t<div class=\"elementor-widget-wrap elementor-element-populated\">\n\t\t\t\t\t\t<div class=\"elementor-element elementor-element-2f96b3d elementor-widget elementor-widget-text-editor\" data-id=\"2f96b3d\" data-element_type=\"widget\" data-widget_type=\"text-editor.default\">\n\t\t\t\t<div class=\"elementor-widget-container\">\n\t\t\t\t\t\t\t\t\t<div class=\"page\" title=\"Page 2\"><div class=\"layoutArea\"><div class=\"column\"><p style=\"line-height: 115%;background-image: initial;background-position: initial;background-size: initial;background-attachment: initial\"><span style=\"font-size: 11.0pt;line-height: 115%;color: black\">Atatu\u0308rk<br \/>U\u0308niversitesi Uluslararas\u0131 I\u0307lis\u0327kiler Lisans program\u0131 uluslararas\u0131 ili\u015fkiler<br \/>alan\u0131na uzman yeti\u015ftiren bir birim olarak YO\u0308K\u2019u\u0308n 23\/09\/2009 tarih ve 4778-30670<br \/>say\u0131l\u0131 karar\u0131 ile kurulmu\u015f, ilk mezunlar\u0131n\u0131 ise 2012-2013 \u00f6\u011fretim y\u0131l\u0131nda<br \/>vermi\u015ftir. Uluslararas\u0131 Siyaset, Siyasi Tarih ve Devletler Hukuku anabilim<br \/>dallar\u0131ndan olu\u015fan Uluslararas\u0131 \u0130li\u015fkiler B\u00f6l\u00fcm\u00fc b\u00fcnyesinde cari usul, YLSY ve<br \/>\u00d6YP programlar\u0131 kapsam\u0131nda istihdam edilen 2 profes\u00f6r, 4 do\u00e7ent, 7 doktor<br \/>\u00f6\u011fretim \u00fcyesi, 3 \u00f6\u011fretim g\u00f6revlisi doktor, 1 ara\u015ft\u0131rma g\u00f6revlisi doktor, 3<br \/>\u00f6\u011fretim g\u00f6revlisi ve 3 ara\u015ft\u0131rma g\u00f6revlisi bulunmaktad\u0131r.<\/span><\/p><p style=\"line-height: 115%;background-image: initial;background-position: initial;background-size: initial;background-attachment: initial\"><span style=\"font-size: 11.0pt;line-height: 115%;color: black\">D\u00f6rt<br \/>y\u0131ll\u0131k uluslararas\u0131 ili\u015fkiler lisans program\u0131n\u0131 bitirenlere \u201cAtat\u00fcrk<br \/>\u00dcniversitesi \u0130ktisadi ve \u0130dari Bilimler Fak\u00fcltesi Uluslararas\u0131 \u0130li\u015fkiler B\u00f6l\u00fcm\u00fc<br \/>Diplomas\u0131\u201d verilir. Lisans program\u0131n\u0131n ilk d\u00f6rt d\u00f6neminde, di\u011fer b\u00f6l\u00fcmlerle<br \/>ortak al\u0131nan dersler \u00e7o\u011funluktayken, son d\u00f6rt d\u00f6neminde meslek dersleri a\u011f\u0131rl\u0131ktad\u0131r.<br \/>Mesleki derslerde \u00f6\u011frencilere uluslararas\u0131 sistemin tarihi, yap\u0131s\u0131, i\u015fleyi\u015fi,<br \/>d\u00f6n\u00fc\u015f\u00fcm\u00fc, akt\u00f6rleri, hukuksal \u00e7er\u00e7evesine ek olarak b\u00f6lge \u00e7al\u0131\u015fmalar\u0131 ve<br \/>T\u00fcrkiye\u2019nin uluslararas\u0131 sistemdeki yeriyle ili\u015fkili genel bir formasyon<br \/>kazand\u0131r\u0131lmas\u0131 hedeflenmektedir. Ayr\u0131ca, Atat\u00fcrk \u00dcniversitesi Sosyal Bilimler<br \/>Enstit\u00fcs\u00fcn\u00fcn Uluslararas\u0131 \u0130li\u015fkiler Anabilim Dal\u0131 YO\u0308K\u2019u\u0308n 11\/01\/2022 tarihli<br \/>ve E-75850160-104.01.03.01-2073 say\u0131l\u0131 yaz\u0131s\u0131 \u00e7er\u00e7evesinde kurularak ile<br \/>2021-2022 o\u0308g\u0306retim y\u0131l\u0131 Bahar do\u0308neminde Tezli Yu\u0308ksek Lisans program\u0131 ic\u0327in<br \/>o\u0308g\u0306renci al\u0131m\u0131na ba\u015flanm\u0131\u015ft\u0131r. <\/span><\/p><p class=\"MsoNormal\" style=\"line-height: 115%\"><span style=\", serif;color: black;background-image: initial;background-position: initial;background-size: initial;background-attachment: initial\">B\u00f6l\u00fcm taraf\u0131ndan<br \/>Uluslararas\u0131 \u0130li\u015fkiler \u00c7al\u0131\u015fmalar\u0131 Dergisi; ba\u011f\u0131ms\u0131z, tarafs\u0131z ve \u00e7ift-k\u00f6r<br \/>hakem de\u011ferlendirme ilkelerine ba\u011fl\u0131 yay\u0131n yapan, Atat\u00fcrk \u00dcniversitesi \u0130ktisadi<br \/>ve \u0130dari Bilimler Fak\u00fcltesi\u2019nin a\u00e7\u0131k eri\u015fimli bilimsel elektronik yay\u0131n organ\u0131<br \/>olarak Haziran ve Aral\u0131k aylar\u0131nda olmak \u00fczere y\u0131lda iki say\u0131 olarak<br \/>yay\u0131nlanmaktad\u0131r. Yay\u0131n dili T\u00fcrk\u00e7e ve \u0130ngilizce olan Uluslararas\u0131 \u0130li\u015fkiler<br \/>\u00c7al\u0131\u015fmalar\u0131 Dergisi, siyaset ve uluslararas\u0131 ili\u015fkiler \u00e7al\u0131\u015fmalar\u0131 alanlar\u0131nda<br \/>y\u00fcksek bilimsel kaliteye sahip \u00f6zg\u00fcn ara\u015ft\u0131rma, edit\u00f6re mektup, kitap<br \/>incelemesi ve ele\u015ftirisi t\u00fcr\u00fcndeki makalelerle literat\u00fcre katk\u0131 sunmay\u0131<br \/>ama\u00e7lamaktad\u0131r.<\/span><\/p><p class=\"MsoNormal\" style=\"line-height: 115%\"><span style=\",serif;color: black\">Ayr\u0131ca, b\u00f6l\u00fcm \u00f6\u011fretim elemanlar\u0131, Atat\u00fcrk<br \/>\u00dcniversitesi\u2019ne ba\u011fl\u0131 T\u00fcrk-Ermeni \u0130li\u015fkileri Ara\u015ft\u0131rma Merkezi, \u0130nsan Haklar\u0131<br \/>ve \u015eiddetle M\u00fccadele Bilincini G\u00fc\u00e7lendirme Uygulama ve Ara\u015ft\u0131rma Merkezi ve Kud\u00fcs<br \/>\u00c7al\u0131\u015fmalar\u0131 Uygulama ve Ara\u015ft\u0131rma Merkezi\u2019nde \u00e7e\u015fitli akademik ve idari<br \/>g\u00f6revler \u00fcstlenmektedirler. 2018 y\u0131l\u0131ndan itibaren ise Atat\u00fcrk \u00dcniversitesi\u2019nin<br \/>kabul etti\u011fi Yeni Nesil \u00dcniversite Tasar\u0131m ve D\u00f6n\u00fc\u015f\u00fcm Projesi kapsam\u0131nda<br \/>olu\u015fturulmu\u015f olan \u00e7e\u015fitli koordinat\u00f6rl\u00fck, ofisler ve komisyonlarda b\u00f6l\u00fcm<br \/>\u00f6\u011fretim \u00fcyeleri ve elamanlar\u0131 aktif olarak katk\u0131lar sunarken, \u00fcniversitenin<br \/>yeni vizyon ve misyonunun ba\u015far\u0131ya ula\u015fmas\u0131 i\u00e7in \u00e7al\u0131\u015fmalar\u0131n\u0131 s\u00fcrd\u00fcrmektedirler.<br \/><\/span><\/p><p class=\"MsoNormal\" style=\"line-height: 115%\"><span style=\",serif;color: black\">\u0130stihdam alan\u0131 \u00e7ok geni\u015f olan b\u00f6l\u00fcm<br \/>mezunlar\u0131m\u0131z kamu kurum ve kurulu\u015flar\u0131nda; \u00f6zel sekt\u00f6rde, medya, bankalar,<br \/>sivil toplum \u00f6rg\u00fctleri ve uluslararas\u0131 \u00f6rg\u00fctlerde uluslararas\u0131 ili\u015fkiler uzman\u0131<br \/>olarak g\u00f6rev yapabilmektedir.<\/span><\/p><\/div><\/div><\/div>\t\t\t\t\t\t\t\t<\/div>\n\t\t\t\t<\/div>\n\t\t\t\t\t<\/div>\n\t\t<\/div>\n\t\t\t\t\t<\/div>\n\t\t<\/section>\n\t\t\t\t<\/div>\n\t\t","protected":false},"excerpt":{"rendered":"<p>Tarih\u00e7e Atatu\u0308rkU\u0308niversitesi Uluslararas\u0131 I\u0307lis\u0327kiler Lisans program\u0131 uluslararas\u0131 ili\u015fkileralan\u0131na uzman yeti\u015ftiren bir birim olarak YO\u0308K\u2019u\u0308n 23\/09\/2009 tarih ve 4778-30670say\u0131l\u0131 karar\u0131 ile kurulmu\u015f, ilk mezunlar\u0131n\u0131 ise 2012-2013 \u00f6\u011fretim y\u0131l\u0131ndavermi\u015ftir. Uluslararas\u0131 Siyaset, Siyasi Tarih ve Devletler Hukuku anabilimdallar\u0131ndan olu\u015fan Uluslararas\u0131 \u0130li\u015fkiler B\u00f6l\u00fcm\u00fc b\u00fcnyesinde cari usul, YLSY ve\u00d6YP programlar\u0131 kapsam\u0131nda istihdam edilen 2 profes\u00f6r, 4 do\u00e7ent, 7 doktor\u00f6\u011fretim \u00fcyesi, [&hellip;]<\/p>\n","protected":false},"author":1,"featured_media":0,"parent":0,"menu_order":0,"comment_status":"closed","ping_status":"closed","template":"","meta":{"footnotes":""},"class_list":["post-5638","page","type-page","status-publish","hentry"],"_links":{"self":[{"href":"https:\/\/atauni.edu.tr\/uluslararasi-iliskiler-bolumu\/wp-json\/wp\/v2\/pages\/5638","targetHints":{"allow":["GET"]}}],"collection":[{"href":"https:\/\/atauni.edu.tr\/uluslararasi-iliskiler-bolumu\/wp-json\/wp\/v2\/pages"}],"about":[{"href":"https:\/\/atauni.edu.tr\/uluslararasi-iliskiler-bolumu\/wp-json\/wp\/v2\/types\/page"}],"author":[{"embeddable":true,"href":"https:\/\/atauni.edu.tr\/uluslararasi-iliskiler-bolumu\/wp-json\/wp\/v2\/users\/1"}],"replies":[{"embeddable":true,"href":"https:\/\/atauni.edu.tr\/uluslararasi-iliskiler-bolumu\/wp-json\/wp\/v2\/comments?post=5638"}],"version-history":[{"count":58,"href":"https:\/\/atauni.edu.tr\/uluslararasi-iliskiler-bolumu\/wp-json\/wp\/v2\/pages\/5638\/revisions"}],"predecessor-version":[{"id":7166,"href":"https:\/\/atauni.edu.tr\/uluslararasi-iliskiler-bolumu\/wp-json\/wp\/v2\/pages\/5638\/revisions\/7166"}],"wp:attachment":[{"href":"https:\/\/atauni.edu.tr\/uluslararasi-iliskiler-bolumu\/wp-json\/wp\/v2\/media?parent=5638"}],"curies":[{"name":"wp","href":"https:\/\/api.w.org\/{rel}","templated":true}]}}